{"id":1324,"date":"2018-11-06T13:15:01","date_gmt":"2018-11-06T12:15:01","guid":{"rendered":"http:\/\/uwo.kult-kunden.de\/?page_id=1324"},"modified":"2023-01-05T12:00:30","modified_gmt":"2023-01-05T11:00:30","slug":"regenwasserfilter","status":"publish","type":"page","link":"https:\/\/www.uwo-water.de\/en\/regenwasserfilter\/","title":{"rendered":"Regenwasserfilter"},"content":{"rendered":"<p>[et_pb_section fb_built=&#8221;1&#8243; fullwidth=&#8221;on&#8221; _builder_version=&#8221;3.22&#8243; custom_padding=&#8221;0|0px|0px|0px|false|false&#8221;][et_pb_fullwidth_header title=&#8221;Regenwasserfilter&#8221; header_scroll_down=&#8221;on&#8221; background_overlay_color=&#8221;rgba(0,0,0,0)&#8221; _builder_version=&#8221;3.17.6&#8243; background_image=&#8221;https:\/\/www.uwo-water.de\/wp-content\/uploads\/2018\/11\/20181113_143108.jpg&#8221; parallax=&#8221;on&#8221; text_shadow_style=&#8221;preset1&#8243; custom_css_main_element=&#8221;padding: 250px 0 250px&#8221; custom_css_title=&#8221;background: rgb(29,29,29,0.6)!important; padding:20px; max-width:450px; color:#3cd2fd!important; font-size:49px!important;&#8221; button_one_text_size__hover_enabled=&#8221;off&#8221; button_two_text_size__hover_enabled=&#8221;off&#8221; button_one_text_color__hover_enabled=&#8221;off&#8221; button_two_text_color__hover_enabled=&#8221;off&#8221; button_one_border_width__hover_enabled=&#8221;off&#8221; button_two_border_width__hover_enabled=&#8221;off&#8221; button_one_border_color__hover_enabled=&#8221;off&#8221; button_two_border_color__hover_enabled=&#8221;off&#8221; button_one_border_radius__hover_enabled=&#8221;off&#8221; button_two_border_radius__hover_enabled=&#8221;off&#8221; button_one_letter_spacing__hover_enabled=&#8221;off&#8221; button_two_letter_spacing__hover_enabled=&#8221;off&#8221; button_one_bg_color__hover_enabled=&#8221;off&#8221; button_two_bg_color__hover_enabled=&#8221;off&#8221;][\/et_pb_fullwidth_header][\/et_pb_section][et_pb_section fb_built=&#8221;1&#8243; _builder_version=&#8221;3.22&#8243; background_color=&#8221;#e8e8e8&#8243; custom_padding=&#8221;0|0px|54px|0px|false|false&#8221;][et_pb_row custom_padding=&#8221;98px|0px|27px|0px|false|false&#8221; _builder_version=&#8221;3.22&#8243;][et_pb_column type=&#8221;1_2&#8243; _builder_version=&#8221;3.11.1&#8243;][et_pb_image src=&#8221;https:\/\/www.uwo-water.de\/wp-content\/uploads\/2018\/12\/Filter_Nova_freisteller.png&#8221; _builder_version=&#8221;3.17.6&#8243; custom_css_main_element=&#8221;padding-left:20px;&#8221;][\/et_pb_image][\/et_pb_column][et_pb_column type=&#8221;1_2&#8243; _builder_version=&#8221;3.11.1&#8243;][et_pb_text _builder_version=&#8221;3.17.6&#8243; custom_css_main_element=&#8221;padding-right:20px;&#8221;]<\/p>\n<h1 style=\"color: #0c71c3;\">UWO Zentrifugen Filter NOVA<\/h1>\n<h2 style=\"padding-bottom: 30px;\">ZFFN 100\/150<\/h2>\n<p>Vorfilter f\u00fcr Regenwasserspeicher. Einbau unterirdisch, bis 440 m\u00b2 Auffangfl\u00e4che anschlie\u00dfbar, wartungsarm, feinste Filtrierung (0,2mm), begehbar, Wasserausbeute 95 %.<br \/>Edelstahl-Filtereinsatz, unbegrenzt haltbar.<br \/>H\u00f6henversatz 210 mm zwischen Zulauf und Ablauf zum Regenwasserspeicher.<br \/>Entspricht DIN 1986. Zulauf um 360\u00b0 drehbar.<br \/>Zulauf DN 150, Ablauf zum Regenwasserspeicher DN 100,<br \/>Ablauf Restwasser\/Schmutz DN 100\/150<\/p>\n<p>Typ: UWO-ZFFN 100\/150<br \/>Hersteller: UWO-Water GmbH, Art.-Nr. 1020500 A<\/p>\n<p>&nbsp;<\/p>\n<p><strong><\/strong><\/p>\n<p>[\/et_pb_text][\/et_pb_column][\/et_pb_row][\/et_pb_section][et_pb_section fb_built=&#8221;1&#8243; _builder_version=&#8221;3.22&#8243; background_color=&#8221;#ffffff&#8221; custom_padding=&#8221;0|0px|54px|0px|false|false&#8221;][et_pb_row custom_padding=&#8221;98px|0px|27px|0px|false|false&#8221; _builder_version=&#8221;3.22&#8243;][et_pb_column type=&#8221;1_2&#8243; _builder_version=&#8221;3.11.1&#8243;][et_pb_text _builder_version=&#8221;3.17.6&#8243; custom_css_main_element=&#8221;padding-right:20px;&#8221;]<\/p>\n<h1 style=\"color: #0c71c3;\">UWO Intank Filter<\/h1>\n<h2 style=\"padding-bottom: 30px; color: #000;\">IT250<\/h2>\n<p>D 250\/DN 100 L: 508 mm, H: 461 mm, ECO-IF Edelstahlsieb, inkl. Siphon, Skimmerkammer und Einlaufberuhigungstopf.<br \/>\nMaschenweite 0,2 mm, Schnellmontage-Verbinder.<br \/>\nWeitere Informationen als PDF Datei Download<br \/>\nHersteller: UWO-Water GmbH<br \/>\nArt.-Nr.:1020200 A<\/p>\n<p>[\/et_pb_text][\/et_pb_column][et_pb_column type=&#8221;1_2&#8243; _builder_version=&#8221;3.11.1&#8243;][et_pb_image src=&#8221;https:\/\/www.uwo-water.de\/wp-content\/uploads\/2018\/12\/Filter-IT-1.jpg&#8221; _builder_version=&#8221;3.17.6&#8243; custom_css_main_element=&#8221;padding-left:20px;&#8221;][\/et_pb_image][\/et_pb_column][\/et_pb_row][\/et_pb_section][et_pb_section fb_built=&#8221;1&#8243; _builder_version=&#8221;3.22&#8243; background_color=&#8221;#e8e8e8&#8243; custom_padding=&#8221;0|0px|54px|0px|false|false&#8221;][et_pb_row custom_padding=&#8221;98px|0px|27px|0px|false|false&#8221; _builder_version=&#8221;3.22.1&#8243;][et_pb_column type=&#8221;1_2&#8243; _builder_version=&#8221;3.11.1&#8243;][et_pb_image src=&#8221;https:\/\/www.uwo-water.de\/wp-content\/uploads\/2023\/01\/Aquatum_capture-005-klein.jpg&#8221; _builder_version=&#8221;3.22.1&#8243; custom_css_main_element=&#8221;padding-left:20px;&#8221;][\/et_pb_image][\/et_pb_column][et_pb_column type=&#8221;1_2&#8243; _builder_version=&#8221;3.11.1&#8243;][et_pb_text _builder_version=&#8221;3.22.1&#8243; width=&#8221;100%&#8221; custom_css_main_element=&#8221;padding-right:20px;&#8221;]<\/p>\n<h1 style=\"color: #0c71c3; text-align: justify;\">Aquatum Regenwasserfilter bei Dachbegr\u00fcnung<\/h1>\n<h2 style=\"padding-bottom: 30px;\">1020750 N Aquatum 300<br \/> 1020750 N Aquatum 400<\/h2>\n<p style=\"text-align: justify;\">\u00c4hnlich wie der nat\u00fcrliche Filterprozess des Grundwassers, s\u00e4ubert dieser<br \/> ZWEISCHICHTSANDFILTER das Regenwasser durch eine Schicht KOHLE und eine<br \/> Schicht SAND. Dadurch werden Schwebepartikel bis zu einer Gr\u00f6\u00dfe von 0,001mm<br \/> gefiltert, w\u00e4hrend herk\u00f6mmliche Siebfilter maximal Partikel bis zu 0,5mm Gr\u00f6\u00dfe filtern<br \/> k\u00f6nnen. So l\u00e4sst sich Regenwasserselbst von BEGR\u00dcNTEN D\u00c4CHERN vollkommen klar<br \/> filtern.Dabei reinigen sich die Sandfilter durch ein international patentiertes Verfahren regelm\u00e4\u00dfigselbst.<\/p>\n<p>Typ: Aquatum 300\/400<br \/> Hersteller: UWO-Water GmbH,<\/p>\n<p>Aquatum 300 Art.-Nr. 1020750<\/p>\n<p>Aquatum 400 Art.-Nr. 1020760<\/p>\n<p>&nbsp;<\/p>\n<p><strong><\/strong><\/p>\n<p>[\/et_pb_text][\/et_pb_column][\/et_pb_row][\/et_pb_section][et_pb_section fb_built=&#8221;1&#8243; _builder_version=&#8221;3.22&#8243; background_color=&#8221;#f4f4f4&#8243;][et_pb_row custom_padding=&#8221;27px|0px|26px|0px|false|false&#8221; _builder_version=&#8221;3.22&#8243;][et_pb_column type=&#8221;1_2&#8243; _builder_version=&#8221;3.11.1&#8243;][et_pb_text _builder_version=&#8221;3.17.6&#8243; custom_css_main_element=&#8221;padding-left:20px;&#8221;]<\/p>\n<h1><span style=\"color: #0c71c3;\">UWO Fallrohrfilter <\/span><\/h1>\n<h2 style=\"padding-bottom:30px;\">Durchmessser 100mm<\/h2>\n<p><strong>Kupfer \/ Titanzink Fallrohrfilter<\/strong><\/p>\n<p>Filtert und sammelt Regenwasser f\u00fcr Regentonnen und kleinere Regenspeicher. F\u00fcr Dachfl\u00e4chen bis 150 m\u00b2.<br \/> Aus Kupfer. Passend f\u00fcr Fallrohre \u00d8 100 mm. Kann bei Bedarf auf DN 80 \/ 87 mit speziellem Reduktions-Set reduziert werden<br \/> Hoher Wirkungsgrad, Geringer Wartungsaufwand. Mit \u00dcberlauffunktion, wenn Filterstutzen und Wasserspiegel des Regenspeichers miteinander korrespondieren.<\/p>\n<p><strong><\/strong><\/p>\n<p>[\/et_pb_text][\/et_pb_column][et_pb_column type=&#8221;1_2&#8243; _builder_version=&#8221;3.11.1&#8243;][et_pb_image src=&#8221;https:\/\/www.uwo-water.de\/wp-content\/uploads\/2018\/12\/Fallrohrfilter-ganz.jpg&#8221; _builder_version=&#8221;3.17.6&#8243; custom_css_main_element=&#8221;padding-right:20px;&#8221;][\/et_pb_image][\/et_pb_column][\/et_pb_row][\/et_pb_section][et_pb_section fb_built=&#8221;1&#8243; _builder_version=&#8221;3.22&#8243; background_color=&#8221;#e8e8e8&#8243; custom_padding=&#8221;0|0px|54px|0px|false|false&#8221;][et_pb_row custom_padding=&#8221;98px|0px|27px|0px|false|false&#8221; _builder_version=&#8221;3.22&#8243;][et_pb_column type=&#8221;1_2&#8243; _builder_version=&#8221;3.11.1&#8243;][et_pb_image src=&#8221;https:\/\/www.uwo-water.de\/wp-content\/uploads\/2018\/11\/asp-rueckspuelfilter.png&#8221; _builder_version=&#8221;3.17.6&#8243; custom_css_main_element=&#8221;padding-left:20px;&#8221;][\/et_pb_image][\/et_pb_column][et_pb_column type=&#8221;1_2&#8243; _builder_version=&#8221;3.11.1&#8243;][et_pb_text _builder_version=&#8221;3.17.6&#8243; custom_css_main_element=&#8221;padding-right:20px;&#8221;]<\/p>\n<h1><span style=\"color: #0c71c3;\">UWO Water R\u00fccksp\u00fclfilter\u00a0 <\/span><\/h1>\n<h2 style=\"padding-bottom: 30px;\">INOX 1&#8243; -2&#8243;<\/h2>\n<p>Der <span class=\"caps\">UWO<\/span>-Water-R\u00fccksp\u00fclfilter ist manuell bedienbar. Der Drehgriff und die Anordnung des <br \/> Filters erm\u00f6glichen eine optimale R\u00fccksp\u00fclung.<br \/> Maximaler Wasserdruck 16 bar. <br \/> Die Reinigung erfolgt durch sp\u00fclen des Filtereinsatzes.<br \/> Durch diesen R\u00fccksp\u00fclfilter werden Pumpen, Sp\u00fclk\u00e4sten und Brauchwasserleitungen vor Schmutzablagerungen weitgehend gesch\u00fctzt. <br \/> Zu.- und Ablauf 1\u201d IG, Ausf\u00fchrung mit und ohne Manometer. Der Edelstahl Filtereinsatz ist robust und erst nach Jahren zu wechseln.<br \/> Maschenweite Edelstahl: 400 Micron (0,4 mm).<\/p>\n<p><strong><\/strong><\/p>\n<p><strong><\/strong><\/p>\n<p>[\/et_pb_text][\/et_pb_column][\/et_pb_row][\/et_pb_section][et_pb_section fb_built=&#8221;1&#8243; _builder_version=&#8221;3.22&#8243; background_color=&#8221;#f4f4f4&#8243;][et_pb_row custom_padding=&#8221;27px|0px|26px|0px|false|false&#8221; _builder_version=&#8221;3.22&#8243;][et_pb_column type=&#8221;1_2&#8243; _builder_version=&#8221;3.11.1&#8243;][et_pb_text _builder_version=&#8221;3.17.6&#8243; custom_css_main_element=&#8221;padding-left:20px;&#8221;]<\/p>\n<h1><span style=\"color: #0c71c3;\">UWO LAUBABSCHEIDER\u00a0 <\/span><\/h1>\n<h2 style=\"padding-bottom:30px;\">Durchmessser 100mm<\/h1>\n<p><strong>Kupfer \/ Titanzink Fallrohrfilter<\/strong><\/p>\n<p>19213265 B Laubabscheider braun DN 80\/87-DN 100<br \/>19213266 B Laubabscheider grau DN 80\/87-DN 100<\/p>\n<p>Der Laubabscheider ist nicht direkt als Regenfilter zu definieren.<br \/>Sein Einsatzgebiet ist eher als Vorfilter f\u00fcr Fein- oder Korbfilter zu betrachten.<br \/>\u00dcber eine Rutsche wird Grobschmutz wieLaub einfach nach vorne \u00fcber die \u00d6ffnung bef\u00f6rdert.<\/p>\n<p>&nbsp;<\/p>\n<p><strong><\/strong><\/p>\n<p>[\/et_pb_text][\/et_pb_column][et_pb_column type=&#8221;1_2&#8243; _builder_version=&#8221;3.11.1&#8243;][et_pb_image src=&#8221;https:\/\/www.uwo-water.de\/wp-content\/uploads\/2019\/02\/IMG_0493.jpg&#8221; _builder_version=&#8221;3.19.9&#8243; custom_css_main_element=&#8221;padding-right:20px;&#8221;][\/et_pb_image][\/et_pb_column][\/et_pb_row][\/et_pb_section][et_pb_section fb_built=&#8221;1&#8243; fullwidth=&#8221;on&#8221; _builder_version=&#8221;3.22&#8243; custom_padding=&#8221;0|0px|0|0px|false|false&#8221;][et_pb_fullwidth_header title=&#8221;Mit UWO Water Ressourcen erhalten &#8221; button_one_text=&#8221;Hier mehr erfahren&#8221; _builder_version=&#8221;3.17.6&#8243; background_image=&#8221;https:\/\/www.uwo-water.de\/wp-content\/uploads\/2018\/11\/240_F_108484814_2KxkIuX2WhghfQBvYg5dJYQjSsAWTByM.jpg&#8221; parallax=&#8221;on&#8221; custom_css_main_element=&#8221;padding: 250px 0 250px&#8221; button_one_text_size__hover_enabled=&#8221;off&#8221; button_two_text_size__hover_enabled=&#8221;off&#8221; button_one_text_color__hover_enabled=&#8221;off&#8221; button_two_text_color__hover_enabled=&#8221;off&#8221; button_one_border_width__hover_enabled=&#8221;off&#8221; button_two_border_width__hover_enabled=&#8221;off&#8221; button_one_border_color__hover_enabled=&#8221;off&#8221; button_two_border_color__hover_enabled=&#8221;off&#8221; button_one_border_radius__hover_enabled=&#8221;off&#8221; button_two_border_radius__hover_enabled=&#8221;off&#8221; button_one_letter_spacing__hover_enabled=&#8221;off&#8221; button_two_letter_spacing__hover_enabled=&#8221;off&#8221; button_one_bg_color__hover_enabled=&#8221;off&#8221; button_two_bg_color__hover_enabled=&#8221;off&#8221;][\/et_pb_fullwidth_header][\/et_pb_section][et_pb_section fb_built=&#8221;1&#8243; _builder_version=&#8221;3.22&#8243; background_color=&#8221;#f4f4f4&#8243; custom_padding=&#8221;54px|0px|0|0px|false|false&#8221;][\/et_pb_section]<\/p>\n","protected":false},"excerpt":{"rendered":"<p>UWO Zentrifugen Filter NOVA ZFFN 100\/150 Vorfilter f\u00fcr Regenwasserspeicher. Einbau unterirdisch, bis 440 m\u00b2 Auffangfl\u00e4che anschlie\u00dfbar, wartungsarm, feinste Filtrierung (0,2mm), begehbar, Wasserausbeute 95 %.Edelstahl-Filtereinsatz, unbegrenzt haltbar.H\u00f6henversatz 210 mm zwischen Zulauf und Ablauf zum Regenwasserspeicher.Entspricht DIN 1986. Zulauf um 360\u00b0 drehbar.Zulauf DN 150, Ablauf zum Regenwasserspeicher DN 100,Ablauf Restwasser\/Schmutz DN 100\/150 Typ: UWO-ZFFN 100\/150Hersteller: UWO-Water GmbH, [&hellip;]<\/p>\n","protected":false},"author":1,"featured_media":0,"parent":0,"menu_order":0,"comment_status":"closed","ping_status":"closed","template":"","meta":{"_et_pb_use_builder":"on","_et_pb_old_content":"Regenwasserfilter","_et_gb_content_width":""},"yoast_head":"<!-- This site is optimized with the Yoast SEO plugin v19.14 - https:\/\/yoast.com\/wordpress\/plugins\/seo\/ -->\n<title>Regenwasserfilter - Uwo Water GmbH Regenwassernutzung<\/title>\n<meta name=\"description\" content=\"Regenwasserfilter von UWO Water: Filtert und sammelt Regenwasser f\u00fcr Regentonnen und Regenspeicher oder als R\u00fccksp\u00fclfilter f\u00fcr Gebrauchswasser.\" \/>\n<meta name=\"robots\" content=\"index, follow, max-snippet:-1, max-image-preview:large, max-video-preview:-1\" \/>\n<link rel=\"canonical\" href=\"https:\/\/www.uwo-water.de\/regenwasserfilter\/\" \/>\n<meta property=\"og:locale\" content=\"en_GB\" \/>\n<meta property=\"og:type\" content=\"article\" \/>\n<meta property=\"og:title\" content=\"Regenwasserfilter\" \/>\n<meta property=\"og:description\" content=\"Regenwasserfilter von UWO Water: Filtert und sammelt Regenwasser f\u00fcr Regentonnen und Regenspeicher oder als R\u00fccksp\u00fclfilter f\u00fcr Gebrauchswasser.\" \/>\n<meta property=\"og:url\" content=\"https:\/\/www.uwo-water.de\/regenwasserfilter\/\" \/>\n<meta property=\"og:site_name\" content=\"Uwo Water GmbH\" \/>\n<meta property=\"article:modified_time\" content=\"2023-01-05T11:00:30+00:00\" \/>\n<meta name=\"twitter:card\" content=\"summary_large_image\" \/>\n<meta name=\"twitter:label1\" content=\"Estimated reading time\" \/>\n\t<meta name=\"twitter:data1\" content=\"6 minutes\" \/>\n<script type=\"application\/ld+json\" class=\"yoast-schema-graph\">{\"@context\":\"https:\/\/schema.org\",\"@graph\":[{\"@type\":\"WebPage\",\"@id\":\"https:\/\/www.uwo-water.de\/regenwasserfilter\/\",\"url\":\"https:\/\/www.uwo-water.de\/regenwasserfilter\/\",\"name\":\"[:de]Regenwasserfilter[:] - Uwo Water GmbH Regenwassernutzung\",\"isPartOf\":{\"@id\":\"https:\/\/www.uwo-water.de\/#website\"},\"datePublished\":\"2018-11-06T12:15:01+00:00\",\"dateModified\":\"2023-01-05T11:00:30+00:00\",\"description\":\"Regenwasserfilter von UWO Water: Filtert und sammelt Regenwasser f\u00fcr Regentonnen und Regenspeicher oder als R\u00fccksp\u00fclfilter f\u00fcr Gebrauchswasser.\",\"breadcrumb\":{\"@id\":\"https:\/\/www.uwo-water.de\/regenwasserfilter\/#breadcrumb\"},\"inLanguage\":\"en-GB\",\"potentialAction\":[{\"@type\":\"ReadAction\",\"target\":[\"https:\/\/www.uwo-water.de\/regenwasserfilter\/\"]}]},{\"@type\":\"BreadcrumbList\",\"@id\":\"https:\/\/www.uwo-water.de\/regenwasserfilter\/#breadcrumb\",\"itemListElement\":[{\"@type\":\"ListItem\",\"position\":1,\"name\":\"Startseite\",\"item\":\"https:\/\/www.uwo-water.de\/\"},{\"@type\":\"ListItem\",\"position\":2,\"name\":\"Regenwasserfilter\"}]},{\"@type\":\"WebSite\",\"@id\":\"https:\/\/www.uwo-water.de\/#website\",\"url\":\"https:\/\/www.uwo-water.de\/\",\"name\":\"Uwo Water GmbH\",\"description\":\"Wassersysteme Regenwassernutzung Trennsysteme\",\"potentialAction\":[{\"@type\":\"SearchAction\",\"target\":{\"@type\":\"EntryPoint\",\"urlTemplate\":\"https:\/\/www.uwo-water.de\/?s={search_term_string}\"},\"query-input\":\"required name=search_term_string\"}],\"inLanguage\":\"en-GB\"}]}<\/script>\n<!-- \/ Yoast SEO plugin. -->","yoast_head_json":{"title":"Regenwasserfilter - Uwo Water GmbH Regenwassernutzung","description":"Regenwasserfilter von UWO Water: Filtert und sammelt Regenwasser f\u00fcr Regentonnen und Regenspeicher oder als R\u00fccksp\u00fclfilter f\u00fcr Gebrauchswasser.","robots":{"index":"index","follow":"follow","max-snippet":"max-snippet:-1","max-image-preview":"max-image-preview:large","max-video-preview":"max-video-preview:-1"},"canonical":"https:\/\/www.uwo-water.de\/regenwasserfilter\/","og_locale":"en_GB","og_type":"article","og_title":"[:de]Regenwasserfilter[:] - Uwo Water GmbH Regenwassernutzung","og_description":"Regenwasserfilter von UWO Water: Filtert und sammelt Regenwasser f\u00fcr Regentonnen und Regenspeicher oder als R\u00fccksp\u00fclfilter f\u00fcr Gebrauchswasser.","og_url":"https:\/\/www.uwo-water.de\/regenwasserfilter\/","og_site_name":"Uwo Water GmbH","article_modified_time":"2023-01-05T11:00:30+00:00","twitter_card":"summary_large_image","twitter_misc":{"Estimated reading time":"6 minutes"},"schema":{"@context":"https:\/\/schema.org","@graph":[{"@type":"WebPage","@id":"https:\/\/www.uwo-water.de\/regenwasserfilter\/","url":"https:\/\/www.uwo-water.de\/regenwasserfilter\/","name":"[:de]Regenwasserfilter[:] - Uwo Water GmbH Regenwassernutzung","isPartOf":{"@id":"https:\/\/www.uwo-water.de\/#website"},"datePublished":"2018-11-06T12:15:01+00:00","dateModified":"2023-01-05T11:00:30+00:00","description":"Regenwasserfilter von UWO Water: Filtert und sammelt Regenwasser f\u00fcr Regentonnen und Regenspeicher oder als R\u00fccksp\u00fclfilter f\u00fcr Gebrauchswasser.","breadcrumb":{"@id":"https:\/\/www.uwo-water.de\/regenwasserfilter\/#breadcrumb"},"inLanguage":"en-GB","potentialAction":[{"@type":"ReadAction","target":["https:\/\/www.uwo-water.de\/regenwasserfilter\/"]}]},{"@type":"BreadcrumbList","@id":"https:\/\/www.uwo-water.de\/regenwasserfilter\/#breadcrumb","itemListElement":[{"@type":"ListItem","position":1,"name":"Startseite","item":"https:\/\/www.uwo-water.de\/"},{"@type":"ListItem","position":2,"name":"Regenwasserfilter"}]},{"@type":"WebSite","@id":"https:\/\/www.uwo-water.de\/#website","url":"https:\/\/www.uwo-water.de\/","name":"Uwo Water GmbH","description":"Wassersysteme Regenwassernutzung Trennsysteme","potentialAction":[{"@type":"SearchAction","target":{"@type":"EntryPoint","urlTemplate":"https:\/\/www.uwo-water.de\/?s={search_term_string}"},"query-input":"required name=search_term_string"}],"inLanguage":"en-GB"}]}},"_links":{"self":[{"href":"https:\/\/www.uwo-water.de\/en\/wp-json\/wp\/v2\/pages\/1324"}],"collection":[{"href":"https:\/\/www.uwo-water.de\/en\/wp-json\/wp\/v2\/pages"}],"about":[{"href":"https:\/\/www.uwo-water.de\/en\/wp-json\/wp\/v2\/types\/page"}],"author":[{"embeddable":true,"href":"https:\/\/www.uwo-water.de\/en\/wp-json\/wp\/v2\/users\/1"}],"replies":[{"embeddable":true,"href":"https:\/\/www.uwo-water.de\/en\/wp-json\/wp\/v2\/comments?post=1324"}],"version-history":[{"count":31,"href":"https:\/\/www.uwo-water.de\/en\/wp-json\/wp\/v2\/pages\/1324\/revisions"}],"predecessor-version":[{"id":5391,"href":"https:\/\/www.uwo-water.de\/en\/wp-json\/wp\/v2\/pages\/1324\/revisions\/5391"}],"wp:attachment":[{"href":"https:\/\/www.uwo-water.de\/en\/wp-json\/wp\/v2\/media?parent=1324"}],"curies":[{"name":"wp","href":"https:\/\/api.w.org\/{rel}","templated":true}]}}