{"id":1329,"date":"2018-11-06T13:15:35","date_gmt":"2018-11-06T12:15:35","guid":{"rendered":"http:\/\/uwo.kult-kunden.de\/?page_id=1329"},"modified":"2019-10-23T09:36:24","modified_gmt":"2019-10-23T07:36:24","slug":"beregnungstechnik-4","status":"publish","type":"page","link":"https:\/\/www.uwo-water.de\/en\/beregnungstechnik-4\/","title":{"rendered":"Beregnungstechnik"},"content":{"rendered":"<p>[et_pb_section fb_built=&#8221;1&#8243; fullwidth=&#8221;on&#8221; _builder_version=&#8221;3.22&#8243; custom_padding=&#8221;0|0px|0px|0px|false|false&#8221;][et_pb_fullwidth_header title=&#8221;Beregnungstechnik&#8221; header_scroll_down=&#8221;on&#8221; background_overlay_color=&#8221;rgba(0,0,0,0)&#8221; _builder_version=&#8221;3.17.6&#8243; background_image=&#8221;https:\/\/www.uwo-water.de\/wp-content\/uploads\/2018\/11\/pd-discontinued_srv.jpg&#8221; parallax=&#8221;on&#8221; text_shadow_style=&#8221;preset1&#8243; custom_css_main_element=&#8221;padding: 250px 0 250px&#8221; custom_css_title=&#8221;background: rgb(29,29,29,0.6)!important; padding:20px; max-width:470px; color:#3cd2fd!important; font-size:49px!important;&#8221; button_one_text_size__hover_enabled=&#8221;off&#8221; button_two_text_size__hover_enabled=&#8221;off&#8221; button_one_text_color__hover_enabled=&#8221;off&#8221; button_two_text_color__hover_enabled=&#8221;off&#8221; button_one_border_width__hover_enabled=&#8221;off&#8221; button_two_border_width__hover_enabled=&#8221;off&#8221; button_one_border_color__hover_enabled=&#8221;off&#8221; button_two_border_color__hover_enabled=&#8221;off&#8221; button_one_border_radius__hover_enabled=&#8221;off&#8221; button_two_border_radius__hover_enabled=&#8221;off&#8221; button_one_letter_spacing__hover_enabled=&#8221;off&#8221; button_two_letter_spacing__hover_enabled=&#8221;off&#8221; button_one_bg_color__hover_enabled=&#8221;off&#8221; button_two_bg_color__hover_enabled=&#8221;off&#8221;][\/et_pb_fullwidth_header][\/et_pb_section][et_pb_section fb_built=&#8221;1&#8243; _builder_version=&#8221;3.22&#8243; background_color=&#8221;#f4f4f4&#8243;][et_pb_row custom_padding=&#8221;27px|0px|26px|0px|false|false&#8221; _builder_version=&#8221;3.22&#8243;][et_pb_column type=&#8221;1_2&#8243; _builder_version=&#8221;3.11.1&#8243;][et_pb_image src=&#8221;https:\/\/www.uwo-water.de\/wp-content\/uploads\/2018\/11\/pd-discontinued_srv.jpg&#8221; _builder_version=&#8221;3.17.6&#8243; custom_css_main_element=&#8221;padding-right:20px;&#8221;][\/et_pb_image][\/et_pb_column][et_pb_column type=&#8221;1_2&#8243; _builder_version=&#8221;3.11.1&#8243;][et_pb_text _builder_version=&#8221;3.17.6&#8243; custom_css_main_element=&#8221;padding-left:20px;&#8221;]<\/p>\n<h1 style=\"padding-bottom: 30px; color: #0c71c3;\">HUNTER STEUERVENTILE<\/h1>\n<p>Steuerventile sind das Herz eines jeden Bew\u00e4sserungssystems und Hunter stellt f\u00fcr Sie eines der umfassendsten Ventilsortimente der Branche bereit: Von Niederfluss zu h\u00f6chsten Durchflussraten, von Trinkwasserqualit\u00e4ten zu Brauchwasserqualit\u00e4t, von Niederdruck- zu Hochdruckapplikationen bietet Ihnen Hunter das f\u00fcr den jeweiligen Einsatzzweck optimal geeignete Ventil, ausgelegt f\u00fcr zuverl\u00e4ssigen Betrieb \u00fcber Jahre hinweg.<\/p>\n<p>[\/et_pb_text][\/et_pb_column][\/et_pb_row][\/et_pb_section][et_pb_section fb_built=&#8221;1&#8243; fullwidth=&#8221;on&#8221; _builder_version=&#8221;3.22&#8243; custom_padding=&#8221;0|0px|0px|0px|false|false&#8221;][et_pb_fullwidth_header title=&#8221;Getrieberegner  &#8221; header_scroll_down=&#8221;on&#8221; background_overlay_color=&#8221;rgba(0,0,0,0)&#8221; _builder_version=&#8221;3.17.6&#8243; background_image=&#8221;https:\/\/www.uwo-water.de\/wp-content\/uploads\/2018\/11\/pd-rotors-i-20.jpg&#8221; parallax=&#8221;on&#8221; text_shadow_style=&#8221;preset1&#8243; custom_css_main_element=&#8221;padding: 250px 0 250px&#8221; custom_css_title=&#8221;background: rgb(29,29,29,0.6)!important; padding:20px; max-width:750px; color:#3cd2fd!important; font-size:49px!important;&#8221; button_one_text_size__hover_enabled=&#8221;off&#8221; button_two_text_size__hover_enabled=&#8221;off&#8221; button_one_text_color__hover_enabled=&#8221;off&#8221; button_two_text_color__hover_enabled=&#8221;off&#8221; button_one_border_width__hover_enabled=&#8221;off&#8221; button_two_border_width__hover_enabled=&#8221;off&#8221; button_one_border_color__hover_enabled=&#8221;off&#8221; button_two_border_color__hover_enabled=&#8221;off&#8221; button_one_border_radius__hover_enabled=&#8221;off&#8221; button_two_border_radius__hover_enabled=&#8221;off&#8221; button_one_letter_spacing__hover_enabled=&#8221;off&#8221; button_two_letter_spacing__hover_enabled=&#8221;off&#8221; button_one_bg_color__hover_enabled=&#8221;off&#8221; button_two_bg_color__hover_enabled=&#8221;off&#8221;][\/et_pb_fullwidth_header][\/et_pb_section][et_pb_section fb_built=&#8221;1&#8243; _builder_version=&#8221;3.22&#8243; background_color=&#8221;#ffffff&#8221; custom_padding=&#8221;0|0px|54px|0px|false|false&#8221;][et_pb_row custom_padding=&#8221;98px|0px|27px|0px|false|false&#8221; _builder_version=&#8221;3.22&#8243;][et_pb_column type=&#8221;1_2&#8243; _builder_version=&#8221;3.11.1&#8243;][et_pb_text _builder_version=&#8221;3.17.6&#8243; custom_css_main_element=&#8221;padding-right:20px;&#8221;]<\/p>\n<h1 style=\"color: #0c71c3;\">Getrieberegner von HUNTER<\/h1>\n<h2 style=\"padding-bottom: 30px;\">Effizient bew\u00e4ssern<\/h2>\n<p style=\"font-size: medium;\">Hunter`s exzellente Reputation in Hinblick auf Qualit\u00e4t, Zuverl\u00e4ssigkeit und Innovation wurde durch unsere Getrieberegnerlinien begr\u00fcndet. Sie setzen den Ma\u00dfstab f\u00fcr die Entwicklungen unseres Wettbewerbs. F\u00fcr Regnerabst\u00e4nde von 4,50 m bis 29 m. finden Sie immer den richtigen Regner.<\/p>\n<p>[\/et_pb_text][et_pb_button button_text=&#8221;Jetzt mehr erfahren&#8221; _builder_version=&#8221;3.17.6&#8243;][\/et_pb_button][\/et_pb_column][et_pb_column type=&#8221;1_2&#8243; _builder_version=&#8221;3.11.1&#8243;][et_pb_image src=&#8221;https:\/\/www.uwo-water.de\/wp-content\/uploads\/2018\/10\/regner.jpg&#8221; _builder_version=&#8221;3.17.6&#8243; custom_css_main_element=&#8221;padding-left:20px;&#8221;][\/et_pb_image][\/et_pb_column][\/et_pb_row][\/et_pb_section][et_pb_section fb_built=&#8221;1&#8243; _builder_version=&#8221;3.22&#8243; background_color=&#8221;#f4f4f4&#8243;][et_pb_row custom_padding=&#8221;27px|0px|26px|0px|false|false&#8221; _builder_version=&#8221;3.22&#8243;][et_pb_column type=&#8221;1_2&#8243; _builder_version=&#8221;3.11.1&#8243;][et_pb_image src=&#8221;https:\/\/www.uwo-water.de\/wp-content\/uploads\/2018\/11\/i-20-06_hi_111114-251_rt.jpg&#8221; _builder_version=&#8221;3.17.6&#8243; custom_css_main_element=&#8221;padding-right:20px;&#8221;][\/et_pb_image][\/et_pb_column][et_pb_column type=&#8221;1_2&#8243; _builder_version=&#8221;3.11.1&#8243;][et_pb_text _builder_version=&#8221;3.17.6&#8243; custom_css_main_element=&#8221;padding-left:20px;&#8221;]<\/p>\n<h1><span style=\"color: #0c71c3;\">I-20 Getrieberegner<br \/><\/span><\/h1>\n<p><span style=\"color: #0c71c3;\">\u00a0<\/span><\/p>\n<div style=\"font-size: medium;\">\n<ul>\n<li><strong><span style=\"color: #0c71c3;\">Vielseitig:<\/span><\/strong> Auswahl an 34 Spr\u00fchd\u00fcsen und 6 Geh\u00e4usen<\/li>\n<li><strong><span style=\"color: #0c71c3;\">Haltbar: <\/span><\/strong>Werkseitig montierte strapazierf\u00e4hige Gummiabdeckung<\/li>\n<li><strong><span style=\"color: #0c71c3;\">Einstellbar:<\/span><\/strong> 50\u00ba\u2013360\u00ba Sektoreinstellung\n<div style=\"left: 682.927px; top: 507.925px; font-size: 15.8333px; font-family: sans-serif; transform: scaleX(0.995663);\">mit einfacher Regulierung durch das<\/div>\n<div style=\"left: 682.927px; top: 529.173px; font-size: 15.8333px; font-family: sans-serif; transform: scaleX(1.02426);\">\u00a0Oberteil<\/div>\n<\/li>\n<\/ul>\n<\/div>\n<p>[\/et_pb_text][\/et_pb_column][\/et_pb_row][\/et_pb_section][et_pb_section fb_built=&#8221;1&#8243; _builder_version=&#8221;3.22&#8243; background_color=&#8221;#ffffff&#8221; custom_padding=&#8221;0|0px|54px|0px|false|false&#8221;][et_pb_row custom_padding=&#8221;98px|0px|27px|0px|false|false&#8221; _builder_version=&#8221;3.22&#8243;][et_pb_column type=&#8221;1_2&#8243; _builder_version=&#8221;3.11.1&#8243;][et_pb_text _builder_version=&#8221;3.17.6&#8243; custom_css_main_element=&#8221;padding-right:20px;&#8221;]<\/p>\n<h1 style=\"color: #0c71c3;\">HUNTER GETRIEBEREGNER<\/h1>\n<h2 style=\"padding-bottom: 30px;\">Mit Vielseitigkeit und Effizienz<\/h2>\n<p style=\"font-size: medium;\">Mit einer Auswahl von 22 D\u00fcsen, Wurfweiten von 4,9 bis 14,0 m und 6 Geh\u00e4useoptionen ist der I-20 ein unentbehrlicher Getrieberegner. Unabh\u00e4ngig davon, ob nur ein kleiner Bereich, sandiger Boden oder eine Mischung aus Str\u00e4uchern und Gr\u00e4sern versorgt werden soll, der I-20 bew\u00e4ssert effektiv und zuverl\u00e4ssig. Zu den letzten Verbesserungen z\u00e4hlen der automatische Sektorr\u00fccklauf, der durchlaufende 360\u00b0 Vollkreismechanismus mit einstellbarem Teilkreis von 50 bis 360\u00b0 in einem Modell, sowie ein vor Vandalismus sch\u00fctzender entkoppelter Antriebsmechanismus, der Besch\u00e4digungen am Regnergetriebe verhindert und Folgekosten f\u00fcr Wartung und Reparaturen minimiert. Erg\u00e4nzende Auststattungsmerkmale wie FloStop\u00ae-Steuerung, einfache Sektoreinstellung durch das Oberteil und Auslaufsperrventil machen aus dem I-20 einen Getrieberegner, der eindeutig an der Spitze seiner Klasse steht.<\/p>\n<p>[\/et_pb_text][\/et_pb_column][et_pb_column type=&#8221;1_2&#8243; _builder_version=&#8221;3.11.1&#8243;][et_pb_image src=&#8221;https:\/\/www.uwo-water.de\/wp-content\/uploads\/2019\/02\/kl_01_magal_09_01_ele_02_Seite_15_Bild_0004.jpg&#8221; _builder_version=&#8221;3.19.9&#8243; custom_css_main_element=&#8221;padding-left:20px;&#8221;][\/et_pb_image][\/et_pb_column][\/et_pb_row][\/et_pb_section][et_pb_section fb_built=&#8221;1&#8243; _builder_version=&#8221;3.22&#8243; background_color=&#8221;#ffffff&#8221;][et_pb_row _builder_version=&#8221;3.22&#8243;][et_pb_column type=&#8221;2_3&#8243; _builder_version=&#8221;3.17.6&#8243;][et_pb_text _builder_version=&#8221;3.17.6&#8243;]<\/p>\n<h1><span style=\"color: #0c71c3;\">Aufsteiger in Edelstahl\u00a0<\/span> <\/h1>\n<p style=\"font-size: medium;\">Bei schwierigen Bodenbedingungen, unvorhersehbaren Klimabedingungen oder starker Inanspruchnahme ist Edelstahl die optimale Wahl..<\/p>\n<p>&nbsp;<\/p>\n<h2><\/h2>\n<p>[\/et_pb_text][\/et_pb_column][et_pb_column type=&#8221;1_3&#8243; _builder_version=&#8221;3.17.6&#8243;][et_pb_image src=&#8221;https:\/\/www.uwo-water.de\/wp-content\/uploads\/2018\/11\/av_rotor_stainless_steel_riser_00.png&#8221; _builder_version=&#8221;3.17.6&#8243;][\/et_pb_image][\/et_pb_column][\/et_pb_row][\/et_pb_section][et_pb_section fb_built=&#8221;1&#8243; _builder_version=&#8221;3.22&#8243; background_color=&#8221;#f4f4f4&#8243; custom_padding=&#8221;54px|0px|0|0px|false|false&#8221;][et_pb_row _builder_version=&#8221;3.22&#8243;][et_pb_column type=&#8221;2_5&#8243; _builder_version=&#8221;3.0.47&#8243;][et_pb_image src=&#8221;https:\/\/www.uwo-water.de\/wp-content\/uploads\/2018\/11\/av_rotor_head_slotted_set_screw.png&#8221; _builder_version=&#8221;3.17.6&#8243;][\/et_pb_image][\/et_pb_column][et_pb_column type=&#8221;3_5&#8243; _builder_version=&#8221;3.0.47&#8243;][et_pb_text _builder_version=&#8221;3.17.6&#8243; custom_css_main_element=&#8221;padding-left:40px;&#8221;]<\/p>\n<h1 style=\"color: #0c71c3;\">Kopf und Schlitzfestellschraube<\/h1>\n<p style=\"font-size: medium;\">\n<p style=\"font-size: medium;\">Mit einem Schlitzschraubendreher oder dem Hunter Einstellschl\u00fcssel k\u00f6nnen Sie bei Bedarf leicht und bequem Einstellungen vornehmen.<\/p>\n<p>&nbsp;<\/p>\n<p>[\/et_pb_text][\/et_pb_column][\/et_pb_row][\/et_pb_section][et_pb_section fb_built=&#8221;1&#8243; fullwidth=&#8221;on&#8221; _builder_version=&#8221;3.22&#8243; custom_padding=&#8221;0|0px|0px|0px|false|false&#8221;][et_pb_fullwidth_header title=&#8221;Getrieberegner f\u00fcr jeden Bedarf &#8221; header_scroll_down=&#8221;on&#8221; background_overlay_color=&#8221;rgba(0,0,0,0)&#8221; _builder_version=&#8221;3.17.6&#8243; background_image=&#8221;https:\/\/www.uwo-water.de\/wp-content\/uploads\/2018\/11\/i-20-06_hi_111114-251_rt.jpg&#8221; parallax=&#8221;on&#8221; text_shadow_style=&#8221;preset1&#8243; custom_css_main_element=&#8221;padding: 250px 0 450px&#8221; custom_css_title=&#8221;background: rgb(29,29,29,0.6)!important; padding:20px; max-width:750px; color:#3cd2fd!important; font-size:49px!important;&#8221; button_one_text_size__hover_enabled=&#8221;off&#8221; button_two_text_size__hover_enabled=&#8221;off&#8221; button_one_text_color__hover_enabled=&#8221;off&#8221; button_two_text_color__hover_enabled=&#8221;off&#8221; button_one_border_width__hover_enabled=&#8221;off&#8221; button_two_border_width__hover_enabled=&#8221;off&#8221; button_one_border_color__hover_enabled=&#8221;off&#8221; button_two_border_color__hover_enabled=&#8221;off&#8221; button_one_border_radius__hover_enabled=&#8221;off&#8221; button_two_border_radius__hover_enabled=&#8221;off&#8221; button_one_letter_spacing__hover_enabled=&#8221;off&#8221; button_two_letter_spacing__hover_enabled=&#8221;off&#8221; button_one_bg_color__hover_enabled=&#8221;off&#8221; button_two_bg_color__hover_enabled=&#8221;off&#8221;][\/et_pb_fullwidth_header][\/et_pb_section][et_pb_section fb_built=&#8221;1&#8243; _builder_version=&#8221;3.22&#8243; background_color=&#8221;#ffffff&#8221; custom_padding=&#8221;0|0px|54px|0px|false|false&#8221;][et_pb_row custom_padding=&#8221;98px|0px|27px|0px|false|false&#8221; _builder_version=&#8221;3.22&#8243;][et_pb_column type=&#8221;1_2&#8243; _builder_version=&#8221;3.11.1&#8243;][et_pb_text _builder_version=&#8221;3.17.6&#8243; custom_css_main_element=&#8221;padding-right:20px;&#8221;]<\/p>\n<h1 style=\"padding-bottom:30px; color:#0c71c3\">Steuerungen und Sensoren von HUNTER<\/h1>\n<p>Hunter bietet eine Vielzahl von Steuerungen und die entsprechenden Sensoren f\u00fcr eine innovative Bew\u00e4sserung. Nutzen Sie unser Kontaktformular f\u00fcr Ihr Projekt.<\/p>\n<p>[\/et_pb_text][\/et_pb_column][et_pb_column type=&#8221;1_2&#8243; _builder_version=&#8221;3.11.1&#8243;][et_pb_image src=&#8221;https:\/\/www.uwo-water.de\/wp-content\/uploads\/2018\/11\/Beregnung_Steuerungen-Kopie.jpg&#8221; _builder_version=&#8221;3.17.6&#8243; custom_css_main_element=&#8221;padding-left:20px;&#8221;][\/et_pb_image][\/et_pb_column][\/et_pb_row][\/et_pb_section][et_pb_section fb_built=&#8221;1&#8243; fullwidth=&#8221;on&#8221; _builder_version=&#8221;3.22&#8243; custom_padding=&#8221;0|0px|0|0px|false|false&#8221;][et_pb_fullwidth_header title=&#8221;Der neue Beregungskatalog &#8221; button_one_text=&#8221;Zum Katalog&#8221; button_one_url=&#8221;https:\/\/www.uwo-water.de\/wp-content\/uploads\/2019\/04\/UWO-Water-Beregnung-2018-2019.pdf&#8221; _builder_version=&#8221;3.22.1&#8243; background_image=&#8221;https:\/\/www.uwo-water.de\/wp-content\/uploads\/2018\/11\/pgp_running_large-1.jpg&#8221; parallax=&#8221;on&#8221; custom_css_main_element=&#8221;padding: 250px 0 250px&#8221; button_one_text_size__hover_enabled=&#8221;off&#8221; button_two_text_size__hover_enabled=&#8221;off&#8221; button_one_text_color__hover_enabled=&#8221;off&#8221; button_two_text_color__hover_enabled=&#8221;off&#8221; button_one_border_width__hover_enabled=&#8221;off&#8221; button_two_border_width__hover_enabled=&#8221;off&#8221; button_one_border_color__hover_enabled=&#8221;off&#8221; button_two_border_color__hover_enabled=&#8221;off&#8221; button_one_border_radius__hover_enabled=&#8221;off&#8221; button_two_border_radius__hover_enabled=&#8221;off&#8221; button_one_letter_spacing__hover_enabled=&#8221;off&#8221; button_two_letter_spacing__hover_enabled=&#8221;off&#8221; button_one_bg_color__hover_enabled=&#8221;off&#8221; button_two_bg_color__hover_enabled=&#8221;off&#8221;]<\/p>\n<h2><span style=\"font-size: large;\"><a href=\"https:\/\/www.uwo-water.de\/downloads\/\" target=\"_blank\" rel=\"noopener noreferrer\" title=\"Zu Downloads\">Zum Download in unserem Servicebereich<\/a><\/span><\/h2>\n<p>[\/et_pb_fullwidth_header][\/et_pb_section][et_pb_section fb_built=&#8221;1&#8243; _builder_version=&#8221;3.22&#8243; background_color=&#8221;#ffffff&#8221;][et_pb_row _builder_version=&#8221;3.22&#8243;][et_pb_column type=&#8221;2_3&#8243; _builder_version=&#8221;3.17.6&#8243;][et_pb_text _builder_version=&#8221;3.17.6&#8243;]<\/p>\n<h1 style=\"color:#0c71c3\">Steuerger\u00e4te<\/h1>\n<h2 style=\"padding-bottom:30px; color:#000\">Die Bew\u00e4sserung im Hausgarten<\/strong><\/h2>\n<p>Das Einstiegsmodell, die \u201eintelligente\u201c Wahl f\u00fcr Hausg\u00e4rten<\/p>\n<p>Dieses Einstiegsmodell f\u00fcr Hausg\u00e4rten\u00a0ist\u00a0komfortabel zu bedienen und kompatibel mit dem \u201eintelligenten\u201c Solar Sync. Mit leicht konfigurierbarer Steuerung von bis zu 8 Stationen, einschlie\u00dflich 3 Programmen mit jeweils 4 Startzeiten, ist der X Core die perfekte L\u00f6sung f\u00fcr private Anwendungen. Schlie\u00dfen Sie dazu den revolution\u00e4ren Solar Sync Sensor an und der X-Core verwandelt sich in ein \u201eintelligentes\u201c Steuerger\u00e4t, das die Beregnungszeiten entsprechend der lokal gemessenen Wetterdaten anpasst.\u00a0Der X-Core ist dar\u00fcber hinaus mit Hunter Fernbedienungen kompatibel, die eine schnelle, drahtlose Aktivierung der Beregnung erm\u00f6glichen. Installation, Betrieb und Wartung sind einfach und liefern dennoch optimale Effizienz und Zuverl\u00e4ssigkeit.<\/p>\n<p>[\/et_pb_text][\/et_pb_column][et_pb_column type=&#8221;1_3&#8243; _builder_version=&#8221;3.17.6&#8243;][et_pb_image src=&#8221;https:\/\/www.uwo-water.de\/wp-content\/uploads\/2018\/11\/pd-controllers-x-core_pcc-with-roam.jpg&#8221; _builder_version=&#8221;3.17.6&#8243;][\/et_pb_image][\/et_pb_column][\/et_pb_row][\/et_pb_section][et_pb_section fb_built=&#8221;1&#8243; _builder_version=&#8221;3.22&#8243; background_color=&#8221;#f4f4f4&#8243; custom_padding=&#8221;54px|0px|0|0px|false|false&#8221;][et_pb_row _builder_version=&#8221;3.22&#8243;][et_pb_column type=&#8221;2_5&#8243; _builder_version=&#8221;3.0.47&#8243;][et_pb_image src=&#8221;https:\/\/www.uwo-water.de\/wp-content\/uploads\/2018\/10\/sprinkler-irrigation-0075274001512038417.jpg&#8221; _builder_version=&#8221;3.17.6&#8243;][\/et_pb_image][\/et_pb_column][et_pb_column type=&#8221;3_5&#8243; _builder_version=&#8221;3.0.47&#8243;][et_pb_text _builder_version=&#8221;3.17.6&#8243; custom_css_main_element=&#8221;padding-left:40px;&#8221;]<\/p>\n<h1 style=\"padding-bottom: 30px; color: #0c71c3;\">Beregnungssteuerung<\/h1>\n<h2>Hydrawise<\/h2>\n<h2 style=\"padding-bottom: 30px;\">Vom Hausgarten bis zum Sportanlage<\/h2>\n<ul>\n<li>Wi-Fi-f\u00e4hig f\u00fcr eine schnelle Verbindung mit der Hydrawise Software<\/li>\n<li>Anzahl an Stationen: 8 bis 38 (Kunststoff), 8 bis 54 (Metall und Sockel)<\/li>\n<li>Geh\u00e4use: Kunststoff, Metall und Edelstahl f\u00fcr den Au\u00dfenbereich, Optionen f\u00fcr Wandmontage und Sockel<\/li>\n<li>Gleichzeitiger Stationsbetrieb: 2<\/li>\n<li>Vorverdrahteter SmartPort f\u00fcr Kompatibilit\u00e4t mit ROAM\/ROAM XL Fernbedienungen<\/li>\n<li>Integrierter Milliampere-Sensor zur Erkennung und Warnung von Verkabelungsfehlern<\/li>\n<li>HC-Durchflussmessger\u00e4t kompatibel f\u00fcr \u00dcberwachung und Warnmeldungen<\/li>\n<li>8 cm farbiges Touchscreen-Display<\/li>\n<li>Gew\u00e4hrleistungszeitraum: 5 Jahre<\/li>\n<\/ul>\n<p>[\/et_pb_text][\/et_pb_column][\/et_pb_row][\/et_pb_section]<\/p>\n","protected":false},"excerpt":{"rendered":"<p>HUNTER STEUERVENTILE Steuerventile sind das Herz eines jeden Bew\u00e4sserungssystems und Hunter stellt f\u00fcr Sie eines der umfassendsten Ventilsortimente der Branche bereit: Von Niederfluss zu h\u00f6chsten Durchflussraten, von Trinkwasserqualit\u00e4ten zu Brauchwasserqualit\u00e4t, von Niederdruck- zu Hochdruckapplikationen bietet Ihnen Hunter das f\u00fcr den jeweiligen Einsatzzweck optimal geeignete Ventil, ausgelegt f\u00fcr zuverl\u00e4ssigen Betrieb \u00fcber Jahre hinweg.Getrieberegner von HUNTER Effizient [&hellip;]<\/p>\n","protected":false},"author":1,"featured_media":0,"parent":0,"menu_order":0,"comment_status":"closed","ping_status":"closed","template":"","meta":{"_et_pb_use_builder":"on","_et_pb_old_content":"Beregnungstechnik","_et_gb_content_width":""},"yoast_head":"<!-- This site is optimized with the Yoast SEO plugin v19.14 - https:\/\/yoast.com\/wordpress\/plugins\/seo\/ -->\n<title>Beregnungstechnik - Uwo Water GmbH Regenwassernutzung<\/title>\n<meta name=\"description\" content=\"Beregnungstechnik der UWO Water GmbH: Automatische Bew\u00e4sserung f\u00fcr Hausg\u00e4rten, \u00f6ffentliche Gr\u00fcnfl\u00e4chen und Sportanlagen. Wassersparend und Vollautomatisch.\" \/>\n<meta name=\"robots\" content=\"index, follow, max-snippet:-1, max-image-preview:large, max-video-preview:-1\" \/>\n<link rel=\"canonical\" href=\"https:\/\/www.uwo-water.de\/beregnungstechnik-4\/\" \/>\n<meta property=\"og:locale\" content=\"en_GB\" \/>\n<meta property=\"og:type\" content=\"article\" \/>\n<meta property=\"og:title\" content=\"Beregnungstechnik\" \/>\n<meta property=\"og:description\" content=\"Beregnungstechnik der UWO Water GmbH: Automatische Bew\u00e4sserung f\u00fcr Hausg\u00e4rten, \u00f6ffentliche Gr\u00fcnfl\u00e4chen und Sportanlagen. Wassersparend und Vollautomatisch.\" \/>\n<meta property=\"og:url\" content=\"https:\/\/www.uwo-water.de\/beregnungstechnik-4\/\" \/>\n<meta property=\"og:site_name\" content=\"Uwo Water GmbH\" \/>\n<meta property=\"article:modified_time\" content=\"2019-10-23T07:36:24+00:00\" \/>\n<meta name=\"twitter:card\" content=\"summary_large_image\" \/>\n<meta name=\"twitter:label1\" content=\"Estimated reading time\" \/>\n\t<meta name=\"twitter:data1\" content=\"10 minutes\" \/>\n<script type=\"application\/ld+json\" class=\"yoast-schema-graph\">{\"@context\":\"https:\/\/schema.org\",\"@graph\":[{\"@type\":\"WebPage\",\"@id\":\"https:\/\/www.uwo-water.de\/beregnungstechnik-4\/\",\"url\":\"https:\/\/www.uwo-water.de\/beregnungstechnik-4\/\",\"name\":\"[:de]Beregnungstechnik[:] - Uwo Water GmbH Regenwassernutzung\",\"isPartOf\":{\"@id\":\"https:\/\/www.uwo-water.de\/#website\"},\"datePublished\":\"2018-11-06T12:15:35+00:00\",\"dateModified\":\"2019-10-23T07:36:24+00:00\",\"description\":\"Beregnungstechnik der UWO Water GmbH: Automatische Bew\u00e4sserung f\u00fcr Hausg\u00e4rten, \u00f6ffentliche Gr\u00fcnfl\u00e4chen und Sportanlagen. Wassersparend und Vollautomatisch.\",\"breadcrumb\":{\"@id\":\"https:\/\/www.uwo-water.de\/beregnungstechnik-4\/#breadcrumb\"},\"inLanguage\":\"en-GB\",\"potentialAction\":[{\"@type\":\"ReadAction\",\"target\":[\"https:\/\/www.uwo-water.de\/beregnungstechnik-4\/\"]}]},{\"@type\":\"BreadcrumbList\",\"@id\":\"https:\/\/www.uwo-water.de\/beregnungstechnik-4\/#breadcrumb\",\"itemListElement\":[{\"@type\":\"ListItem\",\"position\":1,\"name\":\"Startseite\",\"item\":\"https:\/\/www.uwo-water.de\/\"},{\"@type\":\"ListItem\",\"position\":2,\"name\":\"Beregnungstechnik\"}]},{\"@type\":\"WebSite\",\"@id\":\"https:\/\/www.uwo-water.de\/#website\",\"url\":\"https:\/\/www.uwo-water.de\/\",\"name\":\"Uwo Water GmbH\",\"description\":\"Wassersysteme Regenwassernutzung Trennsysteme\",\"potentialAction\":[{\"@type\":\"SearchAction\",\"target\":{\"@type\":\"EntryPoint\",\"urlTemplate\":\"https:\/\/www.uwo-water.de\/?s={search_term_string}\"},\"query-input\":\"required name=search_term_string\"}],\"inLanguage\":\"en-GB\"}]}<\/script>\n<!-- \/ Yoast SEO plugin. -->","yoast_head_json":{"title":"Beregnungstechnik - Uwo Water GmbH Regenwassernutzung","description":"Beregnungstechnik der UWO Water GmbH: Automatische Bew\u00e4sserung f\u00fcr Hausg\u00e4rten, \u00f6ffentliche Gr\u00fcnfl\u00e4chen und Sportanlagen. Wassersparend und Vollautomatisch.","robots":{"index":"index","follow":"follow","max-snippet":"max-snippet:-1","max-image-preview":"max-image-preview:large","max-video-preview":"max-video-preview:-1"},"canonical":"https:\/\/www.uwo-water.de\/beregnungstechnik-4\/","og_locale":"en_GB","og_type":"article","og_title":"[:de]Beregnungstechnik[:] - Uwo Water GmbH Regenwassernutzung","og_description":"Beregnungstechnik der UWO Water GmbH: Automatische Bew\u00e4sserung f\u00fcr Hausg\u00e4rten, \u00f6ffentliche Gr\u00fcnfl\u00e4chen und Sportanlagen. Wassersparend und Vollautomatisch.","og_url":"https:\/\/www.uwo-water.de\/beregnungstechnik-4\/","og_site_name":"Uwo Water GmbH","article_modified_time":"2019-10-23T07:36:24+00:00","twitter_card":"summary_large_image","twitter_misc":{"Estimated reading time":"10 minutes"},"schema":{"@context":"https:\/\/schema.org","@graph":[{"@type":"WebPage","@id":"https:\/\/www.uwo-water.de\/beregnungstechnik-4\/","url":"https:\/\/www.uwo-water.de\/beregnungstechnik-4\/","name":"[:de]Beregnungstechnik[:] - Uwo Water GmbH Regenwassernutzung","isPartOf":{"@id":"https:\/\/www.uwo-water.de\/#website"},"datePublished":"2018-11-06T12:15:35+00:00","dateModified":"2019-10-23T07:36:24+00:00","description":"Beregnungstechnik der UWO Water GmbH: Automatische Bew\u00e4sserung f\u00fcr Hausg\u00e4rten, \u00f6ffentliche Gr\u00fcnfl\u00e4chen und Sportanlagen. Wassersparend und Vollautomatisch.","breadcrumb":{"@id":"https:\/\/www.uwo-water.de\/beregnungstechnik-4\/#breadcrumb"},"inLanguage":"en-GB","potentialAction":[{"@type":"ReadAction","target":["https:\/\/www.uwo-water.de\/beregnungstechnik-4\/"]}]},{"@type":"BreadcrumbList","@id":"https:\/\/www.uwo-water.de\/beregnungstechnik-4\/#breadcrumb","itemListElement":[{"@type":"ListItem","position":1,"name":"Startseite","item":"https:\/\/www.uwo-water.de\/"},{"@type":"ListItem","position":2,"name":"Beregnungstechnik"}]},{"@type":"WebSite","@id":"https:\/\/www.uwo-water.de\/#website","url":"https:\/\/www.uwo-water.de\/","name":"Uwo Water GmbH","description":"Wassersysteme Regenwassernutzung Trennsysteme","potentialAction":[{"@type":"SearchAction","target":{"@type":"EntryPoint","urlTemplate":"https:\/\/www.uwo-water.de\/?s={search_term_string}"},"query-input":"required name=search_term_string"}],"inLanguage":"en-GB"}]}},"_links":{"self":[{"href":"https:\/\/www.uwo-water.de\/en\/wp-json\/wp\/v2\/pages\/1329"}],"collection":[{"href":"https:\/\/www.uwo-water.de\/en\/wp-json\/wp\/v2\/pages"}],"about":[{"href":"https:\/\/www.uwo-water.de\/en\/wp-json\/wp\/v2\/types\/page"}],"author":[{"embeddable":true,"href":"https:\/\/www.uwo-water.de\/en\/wp-json\/wp\/v2\/users\/1"}],"replies":[{"embeddable":true,"href":"https:\/\/www.uwo-water.de\/en\/wp-json\/wp\/v2\/comments?post=1329"}],"version-history":[{"count":33,"href":"https:\/\/www.uwo-water.de\/en\/wp-json\/wp\/v2\/pages\/1329\/revisions"}],"predecessor-version":[{"id":4294,"href":"https:\/\/www.uwo-water.de\/en\/wp-json\/wp\/v2\/pages\/1329\/revisions\/4294"}],"wp:attachment":[{"href":"https:\/\/www.uwo-water.de\/en\/wp-json\/wp\/v2\/media?parent=1329"}],"curies":[{"name":"wp","href":"https:\/\/api.w.org\/{rel}","templated":true}]}}