{"id":1346,"date":"2018-11-06T13:19:21","date_gmt":"2018-11-06T12:19:21","guid":{"rendered":"http:\/\/uwo.kult-kunden.de\/?page_id=1346"},"modified":"2019-10-23T09:50:37","modified_gmt":"2019-10-23T07:50:37","slug":"steuerungstechnik-2","status":"publish","type":"page","link":"https:\/\/www.uwo-water.de\/en\/steuerungstechnik-2\/","title":{"rendered":"Steuerungstechnik"},"content":{"rendered":"<p>[et_pb_section fb_built=&#8221;1&#8243; fullwidth=&#8221;on&#8221; _builder_version=&#8221;3.22&#8243; custom_padding=&#8221;0|0px|0px|0px|false|false&#8221;][et_pb_fullwidth_header title=&#8221;Steuerungstechnik&#8221; header_scroll_down=&#8221;on&#8221; background_overlay_color=&#8221;rgba(0,0,0,0)&#8221; _builder_version=&#8221;3.17.6&#8243; background_image=&#8221;https:\/\/www.uwo-water.de\/wp-content\/uploads\/2018\/11\/IMG_4527.jpg&#8221; parallax=&#8221;on&#8221; text_shadow_style=&#8221;preset1&#8243; custom_css_main_element=&#8221;padding: 250px 0 250px&#8221; custom_css_title=&#8221;background: rgb(29,29,29,0.6)!important; padding:20px; max-width:460px; color:#3cd2fd!important; font-size:49px!important;&#8221; button_one_text_size__hover_enabled=&#8221;off&#8221; button_two_text_size__hover_enabled=&#8221;off&#8221; button_one_text_color__hover_enabled=&#8221;off&#8221; button_two_text_color__hover_enabled=&#8221;off&#8221; button_one_border_width__hover_enabled=&#8221;off&#8221; button_two_border_width__hover_enabled=&#8221;off&#8221; button_one_border_color__hover_enabled=&#8221;off&#8221; button_two_border_color__hover_enabled=&#8221;off&#8221; button_one_border_radius__hover_enabled=&#8221;off&#8221; button_two_border_radius__hover_enabled=&#8221;off&#8221; button_one_letter_spacing__hover_enabled=&#8221;off&#8221; button_two_letter_spacing__hover_enabled=&#8221;off&#8221; button_one_bg_color__hover_enabled=&#8221;off&#8221; button_two_bg_color__hover_enabled=&#8221;off&#8221;][\/et_pb_fullwidth_header][\/et_pb_section][et_pb_section fb_built=&#8221;1&#8243; _builder_version=&#8221;3.22&#8243; background_color=&#8221;#ffffff&#8221; custom_padding=&#8221;0|0px|54px|0px|false|false&#8221;][et_pb_row custom_padding=&#8221;98px|0px|27px|0px|false|false&#8221; _builder_version=&#8221;3.22&#8243;][et_pb_column type=&#8221;1_2&#8243; _builder_version=&#8221;3.11.1&#8243;][et_pb_text _builder_version=&#8221;3.21.1&#8243; custom_css_main_element=&#8221;padding-right:20px;&#8221;]<\/p>\n<h1 style=\"color: #0c71c3;\">UWO-Rewamatic radio (NSB V)<\/h1>\n<h2 style=\"padding-bottom: 30px;\">optional \u2013 Digitale Steuerung mit Funksensor f\u00fcr alle Hausstationen.<\/h2>\n<p>Steuerung<br \/> UWO-Rewamat Funk (NSB V)<br \/> Digitale Steuerung mit Funksensor f\u00fcr alle Hausstationen.<br \/> Sendeleistung: max. 100 m<br \/> Typ: UWO-Rewamat Funk<br \/> Hersteller:UWO-Water GmbH<br \/> Art.-Nr. 1040142 A<\/p>\n<p>[\/et_pb_text][\/et_pb_column][et_pb_column type=&#8221;1_2&#8243; _builder_version=&#8221;3.11.1&#8243;][et_pb_image src=&#8221;https:\/\/www.uwo-water.de\/wp-content\/uploads\/2019\/02\/UWO-Funksteuerung.jpg&#8221; _builder_version=&#8221;3.19.9&#8243; custom_css_main_element=&#8221;padding-left:20px;&#8221;][\/et_pb_image][\/et_pb_column][\/et_pb_row][\/et_pb_section][et_pb_section fb_built=&#8221;1&#8243; _builder_version=&#8221;3.22&#8243; background_color=&#8221;#f4f4f4&#8243;][et_pb_row custom_padding=&#8221;27px|0px|26px|0px|false|false&#8221; _builder_version=&#8221;3.22&#8243;][et_pb_column type=&#8221;1_2&#8243; _builder_version=&#8221;3.11.1&#8243;][et_pb_image src=&#8221;https:\/\/www.uwo-water.de\/wp-content\/uploads\/2019\/02\/UWO-Rewamatik-blue.jpg&#8221; _builder_version=&#8221;3.19.9&#8243; custom_css_main_element=&#8221;padding-right:20px;&#8221;][\/et_pb_image][\/et_pb_column][et_pb_column type=&#8221;1_2&#8243; _builder_version=&#8221;3.11.1&#8243;][et_pb_text _builder_version=&#8221;3.21.1&#8243; custom_css_main_element=&#8221;padding-left:20px;&#8221;]<\/p>\n<h1 style=\"color: #0c71c3;\">UWO Rewamatic blue \u00a0 \u00a0 \u00a0 \u00a0 \u00a0 \u00a0 \u00a0 \u00a0 \u00a0 \u00a0 \u00a0\u00a0 <a href=\"https:\/\/www.uwo-water.de\/wp-content\/uploads\/2019\/04\/Be-smart_safe.pdf\" target=\"_blank\" rel=\"noopener noreferrer\">&#8220;uwo-smart control&#8221;<\/a><\/h1>\n<h2 style=\"padding-bottom: 30px;\">Wlan\/WPS Steuerung<\/h2>\n<p>F\u00fcr 230 V Pumpen mit integriertem Drucksensor, Flussschalter und R\u00fcckschlagventil Potenzialfreier Ausgang, Leckerkennung Pumpenregelung uvm.<br \/> Hersteller: UWO-Water GmbH<br \/> Art.-Nr. 1830106 A<\/p>\n<p>[\/et_pb_text][\/et_pb_column][\/et_pb_row][\/et_pb_section][et_pb_section fb_built=&#8221;1&#8243; _builder_version=&#8221;3.22&#8243; background_color=&#8221;#ffffff&#8221; custom_padding=&#8221;0|0px|54px|0px|false|false&#8221;][et_pb_row custom_padding=&#8221;98px|0px|27px|0px|false|false&#8221; _builder_version=&#8221;3.22&#8243;][et_pb_column type=&#8221;1_2&#8243; _builder_version=&#8221;3.11.1&#8243;][et_pb_text _builder_version=&#8221;3.21.1&#8243; custom_css_main_element=&#8221;padding-right:20px;&#8221;]<\/p>\n<h1 style=\"color: #0c71c3;\">UWO-Rewamatic (NSB V)<\/h1>\n<h2 style=\"padding-bottom: 30px;\">Digitale Steuerung f\u00fcr alle Hausstationen.<\/h2>\n<p>Steuerung<br \/> UWO-Rewamatic (NSB V)<br \/> Digitale Steuerung mit Funksensor f\u00fcr alle Hausstationen.<br \/>Anzuwenden mit F\u00fcllstandsensor 20m.\/40m. oder digitaler F\u00fcllstandanzeige.<br \/> Die Rewamatic steuert Nachspeisung, Filtersp\u00fclung, Feuchtsensor\/R\u00fcckstau, F\u00fcllstand, \u00dcberhitzungsschutz.<\/p>\n<p>Typ: UWO-Rewamatic V<br \/> Hersteller:UWO-Water GmbH<br \/> Art.-Nr. 1830101 A<\/p>\n<p>[\/et_pb_text][\/et_pb_column][et_pb_column type=&#8221;1_2&#8243; _builder_version=&#8221;3.11.1&#8243;][et_pb_image src=&#8221;https:\/\/www.uwo-water.de\/wp-content\/uploads\/2019\/02\/Rewamatik-V.jpg&#8221; _builder_version=&#8221;3.19.9&#8243; custom_css_main_element=&#8221;padding-left:20px;&#8221;][\/et_pb_image][\/et_pb_column][\/et_pb_row][\/et_pb_section][et_pb_section fb_built=&#8221;1&#8243; _builder_version=&#8221;3.22&#8243; background_color=&#8221;#f4f4f4&#8243;][et_pb_row custom_padding=&#8221;27px|0px|26px|0px|false|false&#8221; _builder_version=&#8221;3.22&#8243;][et_pb_column type=&#8221;1_2&#8243; _builder_version=&#8221;3.11.1&#8243;][et_pb_image src=&#8221;https:\/\/www.uwo-water.de\/wp-content\/uploads\/2019\/02\/UWO-Aquamatik.jpg&#8221; _builder_version=&#8221;3.19.9&#8243; custom_css_main_element=&#8221;padding-right:20px;&#8221;][\/et_pb_image][\/et_pb_column][et_pb_column type=&#8221;1_2&#8243; _builder_version=&#8221;3.11.1&#8243;][et_pb_text _builder_version=&#8221;3.21.1&#8243; custom_css_main_element=&#8221;padding-left:20px;&#8221;]<\/p>\n<h1 style=\"color: #0c71c3;\">F\u00fcllstandsanzeige<\/h1>\n<h2 style=\"padding-bottom: 30px;\">UWO-Aquamatik FSAZ D<\/h2>\n<p>Digitale F\u00fcllstandsanzeige mit 20 m Steuerleitung und Befestigungsmaterial. F\u00fcr alle Tankformen geeignet. Keine Schaltfunktion.<br \/> Typ: UWO-FSAZ D<br \/> Hersteller: UWO-Water GmbH<br \/> Art.-Nr. 1040140 A<\/p>\n<p>[\/et_pb_text][\/et_pb_column][\/et_pb_row][\/et_pb_section][et_pb_section fb_built=&#8221;1&#8243; fullwidth=&#8221;on&#8221; _builder_version=&#8221;3.22&#8243; custom_padding=&#8221;0|0px|0|0px|false|false&#8221;][et_pb_fullwidth_header title=&#8221;PUBLIC DISPLAY &#8221; button_one_text=&#8221;mehr erfahren&#8221; _builder_version=&#8221;3.22.1&#8243; background_image=&#8221;https:\/\/www.uwo-water.de\/wp-content\/uploads\/2018\/11\/collage_public_display_1.png&#8221; parallax=&#8221;on&#8221; custom_css_main_element=&#8221;padding: 250px 0 250px&#8221; button_one_text_size__hover_enabled=&#8221;off&#8221; button_two_text_size__hover_enabled=&#8221;off&#8221; button_one_text_color__hover_enabled=&#8221;off&#8221; button_two_text_color__hover_enabled=&#8221;off&#8221; button_one_border_width__hover_enabled=&#8221;off&#8221; button_two_border_width__hover_enabled=&#8221;off&#8221; button_one_border_color__hover_enabled=&#8221;off&#8221; button_two_border_color__hover_enabled=&#8221;off&#8221; button_one_border_radius__hover_enabled=&#8221;off&#8221; button_two_border_radius__hover_enabled=&#8221;off&#8221; button_one_letter_spacing__hover_enabled=&#8221;off&#8221; button_two_letter_spacing__hover_enabled=&#8221;off&#8221; button_one_bg_color__hover_enabled=&#8221;off&#8221; button_two_bg_color__hover_enabled=&#8221;off&#8221;][\/et_pb_fullwidth_header][\/et_pb_section]<\/p>\n","protected":false},"excerpt":{"rendered":"<p>UWO-Rewamatic radio (NSB V) optional \u2013 Digitale Steuerung mit Funksensor f\u00fcr alle Hausstationen. Steuerung UWO-Rewamat Funk (NSB V) Digitale Steuerung mit Funksensor f\u00fcr alle Hausstationen. Sendeleistung: max. 100 m Typ: UWO-Rewamat Funk Hersteller:UWO-Water GmbH Art.-Nr. 1040142 AUWO Rewamatic blue \u00a0 \u00a0 \u00a0 \u00a0 \u00a0 \u00a0 \u00a0 \u00a0 \u00a0 \u00a0 \u00a0\u00a0 &#8220;uwo-smart control&#8221; Wlan\/WPS Steuerung F\u00fcr [&hellip;]<\/p>\n","protected":false},"author":1,"featured_media":0,"parent":0,"menu_order":0,"comment_status":"closed","ping_status":"closed","template":"","meta":{"_et_pb_use_builder":"on","_et_pb_old_content":"Steuerungstechnik","_et_gb_content_width":""},"yoast_head":"<!-- This site is optimized with the Yoast SEO plugin v19.14 - https:\/\/yoast.com\/wordpress\/plugins\/seo\/ -->\n<title>Steuerungstechnik - Uwo Water GmbH Regenwassernutzung<\/title>\n<meta name=\"description\" content=\"Steuerungstechnik UWO Water GmbH: Mit UWO-Rewamatic Systemen alle Hausstationen zur Regenwassernutzung mit digitaler Steuerung und Funksensor.\" \/>\n<meta name=\"robots\" content=\"index, follow, max-snippet:-1, max-image-preview:large, max-video-preview:-1\" \/>\n<link rel=\"canonical\" href=\"https:\/\/www.uwo-water.de\/steuerungstechnik-2\/\" \/>\n<meta property=\"og:locale\" content=\"en_GB\" \/>\n<meta property=\"og:type\" content=\"article\" \/>\n<meta property=\"og:title\" content=\"Steuerungstechnik\" \/>\n<meta property=\"og:description\" content=\"Steuerungstechnik UWO Water GmbH: Mit UWO-Rewamatic Systemen alle Hausstationen zur Regenwassernutzung mit digitaler Steuerung und Funksensor.\" \/>\n<meta property=\"og:url\" content=\"https:\/\/www.uwo-water.de\/steuerungstechnik-2\/\" \/>\n<meta property=\"og:site_name\" content=\"Uwo Water GmbH\" \/>\n<meta property=\"article:modified_time\" content=\"2019-10-23T07:50:37+00:00\" \/>\n<meta name=\"twitter:card\" content=\"summary_large_image\" \/>\n<meta name=\"twitter:label1\" content=\"Estimated reading time\" \/>\n\t<meta name=\"twitter:data1\" content=\"4 minutes\" \/>\n<script type=\"application\/ld+json\" class=\"yoast-schema-graph\">{\"@context\":\"https:\/\/schema.org\",\"@graph\":[{\"@type\":\"WebPage\",\"@id\":\"https:\/\/www.uwo-water.de\/steuerungstechnik-2\/\",\"url\":\"https:\/\/www.uwo-water.de\/steuerungstechnik-2\/\",\"name\":\"[:de]Steuerungstechnik[:] - Uwo Water GmbH Regenwassernutzung\",\"isPartOf\":{\"@id\":\"https:\/\/www.uwo-water.de\/#website\"},\"datePublished\":\"2018-11-06T12:19:21+00:00\",\"dateModified\":\"2019-10-23T07:50:37+00:00\",\"description\":\"Steuerungstechnik UWO Water GmbH: Mit UWO-Rewamatic Systemen alle Hausstationen zur Regenwassernutzung mit digitaler Steuerung und Funksensor.\",\"breadcrumb\":{\"@id\":\"https:\/\/www.uwo-water.de\/steuerungstechnik-2\/#breadcrumb\"},\"inLanguage\":\"en-GB\",\"potentialAction\":[{\"@type\":\"ReadAction\",\"target\":[\"https:\/\/www.uwo-water.de\/steuerungstechnik-2\/\"]}]},{\"@type\":\"BreadcrumbList\",\"@id\":\"https:\/\/www.uwo-water.de\/steuerungstechnik-2\/#breadcrumb\",\"itemListElement\":[{\"@type\":\"ListItem\",\"position\":1,\"name\":\"Startseite\",\"item\":\"https:\/\/www.uwo-water.de\/\"},{\"@type\":\"ListItem\",\"position\":2,\"name\":\"Steuerungstechnik\"}]},{\"@type\":\"WebSite\",\"@id\":\"https:\/\/www.uwo-water.de\/#website\",\"url\":\"https:\/\/www.uwo-water.de\/\",\"name\":\"Uwo Water GmbH\",\"description\":\"Wassersysteme Regenwassernutzung Trennsysteme\",\"potentialAction\":[{\"@type\":\"SearchAction\",\"target\":{\"@type\":\"EntryPoint\",\"urlTemplate\":\"https:\/\/www.uwo-water.de\/?s={search_term_string}\"},\"query-input\":\"required name=search_term_string\"}],\"inLanguage\":\"en-GB\"}]}<\/script>\n<!-- \/ Yoast SEO plugin. -->","yoast_head_json":{"title":"Steuerungstechnik - Uwo Water GmbH Regenwassernutzung","description":"Steuerungstechnik UWO Water GmbH: Mit UWO-Rewamatic Systemen alle Hausstationen zur Regenwassernutzung mit digitaler Steuerung und Funksensor.","robots":{"index":"index","follow":"follow","max-snippet":"max-snippet:-1","max-image-preview":"max-image-preview:large","max-video-preview":"max-video-preview:-1"},"canonical":"https:\/\/www.uwo-water.de\/steuerungstechnik-2\/","og_locale":"en_GB","og_type":"article","og_title":"[:de]Steuerungstechnik[:] - Uwo Water GmbH Regenwassernutzung","og_description":"Steuerungstechnik UWO Water GmbH: Mit UWO-Rewamatic Systemen alle Hausstationen zur Regenwassernutzung mit digitaler Steuerung und Funksensor.","og_url":"https:\/\/www.uwo-water.de\/steuerungstechnik-2\/","og_site_name":"Uwo Water GmbH","article_modified_time":"2019-10-23T07:50:37+00:00","twitter_card":"summary_large_image","twitter_misc":{"Estimated reading time":"4 minutes"},"schema":{"@context":"https:\/\/schema.org","@graph":[{"@type":"WebPage","@id":"https:\/\/www.uwo-water.de\/steuerungstechnik-2\/","url":"https:\/\/www.uwo-water.de\/steuerungstechnik-2\/","name":"[:de]Steuerungstechnik[:] - Uwo Water GmbH Regenwassernutzung","isPartOf":{"@id":"https:\/\/www.uwo-water.de\/#website"},"datePublished":"2018-11-06T12:19:21+00:00","dateModified":"2019-10-23T07:50:37+00:00","description":"Steuerungstechnik UWO Water GmbH: Mit UWO-Rewamatic Systemen alle Hausstationen zur Regenwassernutzung mit digitaler Steuerung und Funksensor.","breadcrumb":{"@id":"https:\/\/www.uwo-water.de\/steuerungstechnik-2\/#breadcrumb"},"inLanguage":"en-GB","potentialAction":[{"@type":"ReadAction","target":["https:\/\/www.uwo-water.de\/steuerungstechnik-2\/"]}]},{"@type":"BreadcrumbList","@id":"https:\/\/www.uwo-water.de\/steuerungstechnik-2\/#breadcrumb","itemListElement":[{"@type":"ListItem","position":1,"name":"Startseite","item":"https:\/\/www.uwo-water.de\/"},{"@type":"ListItem","position":2,"name":"Steuerungstechnik"}]},{"@type":"WebSite","@id":"https:\/\/www.uwo-water.de\/#website","url":"https:\/\/www.uwo-water.de\/","name":"Uwo Water GmbH","description":"Wassersysteme Regenwassernutzung Trennsysteme","potentialAction":[{"@type":"SearchAction","target":{"@type":"EntryPoint","urlTemplate":"https:\/\/www.uwo-water.de\/?s={search_term_string}"},"query-input":"required name=search_term_string"}],"inLanguage":"en-GB"}]}},"_links":{"self":[{"href":"https:\/\/www.uwo-water.de\/en\/wp-json\/wp\/v2\/pages\/1346"}],"collection":[{"href":"https:\/\/www.uwo-water.de\/en\/wp-json\/wp\/v2\/pages"}],"about":[{"href":"https:\/\/www.uwo-water.de\/en\/wp-json\/wp\/v2\/types\/page"}],"author":[{"embeddable":true,"href":"https:\/\/www.uwo-water.de\/en\/wp-json\/wp\/v2\/users\/1"}],"replies":[{"embeddable":true,"href":"https:\/\/www.uwo-water.de\/en\/wp-json\/wp\/v2\/comments?post=1346"}],"version-history":[{"count":24,"href":"https:\/\/www.uwo-water.de\/en\/wp-json\/wp\/v2\/pages\/1346\/revisions"}],"predecessor-version":[{"id":4845,"href":"https:\/\/www.uwo-water.de\/en\/wp-json\/wp\/v2\/pages\/1346\/revisions\/4845"}],"wp:attachment":[{"href":"https:\/\/www.uwo-water.de\/en\/wp-json\/wp\/v2\/media?parent=1346"}],"curies":[{"name":"wp","href":"https:\/\/api.w.org\/{rel}","templated":true}]}}