{"id":1350,"date":"2018-11-06T13:19:58","date_gmt":"2018-11-06T12:19:58","guid":{"rendered":"http:\/\/uwo.kult-kunden.de\/?page_id=1350"},"modified":"2020-01-07T11:01:50","modified_gmt":"2020-01-07T10:01:50","slug":"trennsysteme","status":"publish","type":"page","link":"https:\/\/www.uwo-water.de\/en\/trennsysteme\/","title":{"rendered":"Trennsysteme"},"content":{"rendered":"<p>[et_pb_section fb_built=&#8221;1&#8243; fullwidth=&#8221;on&#8221; _builder_version=&#8221;3.22&#8243; custom_padding=&#8221;0|0px|0px|0px|false|false&#8221;][et_pb_fullwidth_header title=&#8221;Systemtrenner &#8211; zum Schutz des Trinkwassers &#8221; header_scroll_down=&#8221;on&#8221; background_overlay_color=&#8221;rgba(0,0,0,0)&#8221; _builder_version=&#8221;3.19.9&#8243; background_image=&#8221;https:\/\/www.uwo-water.de\/wp-content\/uploads\/2018\/11\/240_F_87979491_UxVbkAQ49Rqf1BRxNxmmgT42nPbTgG01.jpg&#8221; parallax=&#8221;on&#8221; min_height=&#8221;793px&#8221; custom_padding=&#8221;||264px|||&#8221; text_shadow_style=&#8221;preset1&#8243; custom_css_main_element=&#8221;padding: 250px 0 250px&#8221; custom_css_title=&#8221;background: rgb(29,29,29,0.6)!important; padding:20px; max-width:750px; color:#3cd2fd!important; font-size:49px!important;&#8221; button_one_text_size__hover_enabled=&#8221;off&#8221; button_two_text_size__hover_enabled=&#8221;off&#8221; button_one_text_color__hover_enabled=&#8221;off&#8221; button_two_text_color__hover_enabled=&#8221;off&#8221; button_one_border_width__hover_enabled=&#8221;off&#8221; button_two_border_width__hover_enabled=&#8221;off&#8221; button_one_border_color__hover_enabled=&#8221;off&#8221; button_two_border_color__hover_enabled=&#8221;off&#8221; button_one_border_radius__hover_enabled=&#8221;off&#8221; button_two_border_radius__hover_enabled=&#8221;off&#8221; button_one_letter_spacing__hover_enabled=&#8221;off&#8221; button_two_letter_spacing__hover_enabled=&#8221;off&#8221; button_one_bg_color__hover_enabled=&#8221;off&#8221; button_two_bg_color__hover_enabled=&#8221;off&#8221;][\/et_pb_fullwidth_header][\/et_pb_section][et_pb_section fb_built=&#8221;1&#8243; _builder_version=&#8221;3.22.1&#8243; background_color=&#8221;#ffffff&#8221; min_height=&#8221;740px&#8221; custom_margin=&#8221;99px|||||&#8221;][et_pb_row custom_padding=&#8221;27px|0px|26px|0px|false|false&#8221; _builder_version=&#8221;3.22&#8243;][et_pb_column type=&#8221;1_2&#8243; _builder_version=&#8221;3.11.1&#8243;][et_pb_image src=&#8221;https:\/\/www.uwo-water.de\/wp-content\/uploads\/2019\/02\/Kpress-max.jpg&#8221; _builder_version=&#8221;3.22.1&#8243; custom_css_main_element=&#8221;padding-right:20px;&#8221;][\/et_pb_image][\/et_pb_column][et_pb_column type=&#8221;1_2&#8243; _builder_version=&#8221;3.11.1&#8243;][et_pb_text _builder_version=&#8221;3.22.1&#8243; text_font=&#8221;||||||||&#8221; custom_css_main_element=&#8221;padding-left:20px;&#8221;]<\/p>\n<h1><span style=\"color: #0c71c3;\">UWO Kpress A EVO maX<br \/> <\/span><\/h1>\n<p>Trennsystem, Systemtrenner zum Schutz vor R\u00fcckverkeimungen in das Trinkwassernetz. Nachspeisebox mit Einlaufventil, Druckerh\u00f6hungsanlage mit Trockenlaufschutz. Durchflussmenge: 60 l\/min bei 4,5 bar. Trinkwasserschutz f\u00fcr Betriebswasser der Kategorie 5 AA\/AB.<\/p>\n<p><span style=\"color: #000000;\"><strong>UWO-Kpress A EVO maX**<\/strong><\/span> mit &#8220;<strong>uwo-smart control&#8221;<\/strong> \u00a0\u00a0\u00a0 \u00a0 \u00a0 \u00a0 \u00a0 \u00a0 \u00a0 \u00a0 \u00a0 Zulaufsperre bei St\u00f6rung\/Rohrbruch oder Ventilversagen.<br \/> Druckerh\u00f6hungsanlage mit Trockenlaufschutz und Druckschalter.<br \/> H max. 45 m, Q max. 4,0 m3\/h; Betriebspunkt: 2,4 m3\/h bei 4,0 bar<\/p>\n<h3><strong>Be smart &#038; safe<\/strong><\/h3>\n<p>R\u00fcckstaumelder,<br \/> Verbrauchs und Fehlerprotokoll,<br \/> Fernabfrage, Zulaufsperre bei St\u00f6rung,<br \/> mehrere Anlagen mit \u201euwo smart-control\u201c steuerbar!<\/p>\n<p>E-Mail Benachrichtigung bei St\u00f6rung oder Status\u00e4nderung.<\/p>\n<p><span style=\"color: #0c71c3;\">DVGW Cert. \/ DIN EN 1717 \/ DIN 1988-2 \/ DIN EN 13077 <\/span><\/p>\n<p><span style=\"color: #0c71c3;\">Datenblatt: UWO-Kpress<br \/> <\/span><\/p>\n<p><span style=\"color: #0c71c3;\"><\/span><\/p>\n<p><span style=\"color: #0c71c3;\"><\/span><\/p>\n<p>[\/et_pb_text][et_pb_button button_url=&#8221;https:\/\/www.uwo-water.de\/wp-content\/uploads\/2020\/01\/Kpress-A-EVO-maX-Datenblatt-2020.pdf&#8221; button_text=&#8221;Click Here&#8221; _builder_version=&#8221;3.22.1&#8243;][\/et_pb_button][\/et_pb_column][\/et_pb_row][\/et_pb_section][et_pb_section fb_built=&#8221;1&#8243; _builder_version=&#8221;3.22&#8243; background_color=&#8221;#f4f4f4&#8243;][et_pb_row custom_padding=&#8221;27px|0px|54px|0px|false|false&#8221; _builder_version=&#8221;3.22&#8243;][et_pb_column type=&#8221;1_2&#8243; _builder_version=&#8221;3.11.1&#8243;][et_pb_image src=&#8221;https:\/\/www.uwo-water.de\/wp-content\/uploads\/2018\/11\/unspecified.jpg&#8221; _builder_version=&#8221;3.19.9&#8243; custom_css_main_element=&#8221;padding-right:20px;&#8221;][\/et_pb_image][\/et_pb_column][et_pb_column type=&#8221;1_2&#8243; _builder_version=&#8221;3.11.1&#8243;][et_pb_text _builder_version=&#8221;3.22.1&#8243; text_font=&#8221;||||||||&#8221; header_font=&#8221;||||||||&#8221; custom_padding=&#8221;6px|||20px||&#8221; custom_css_main_element=&#8221;padding-left:20px;&#8221;]<\/p>\n<h1><span style=\"color: #0c71c3;\">UWO Kpress A<br \/> <\/span><\/h1>\n<p>Trennsystem, Systemtrenner zum Schutz vor R\u00fcckverkeimungen in das Trinkwassernetz. Nachspeisebox mit Einlaufventil, Druckerh\u00f6hungsanlage mit Trockenlaufschutz. Durchflussmenge 60 l\/min bei 4,5 bar. Trinkwasserschutz f\u00fcr Betriebswasser der Kategorie 5 AA\/AB.<\/p>\n<p><span style=\"color: #0c71c3;\"><strong>1037009 Kpress A EVO 3\/40<\/strong><\/span><\/p>\n<p><span style=\"color: #0c71c3;\"><strong>1037010 Kpress A EVO 3\/50<\/strong><\/span><\/p>\n<p><span style=\"color: #0c71c3;\"><strong>1037019 Kpress A EVO 3\/50 NSB\u00a0 <\/strong>mit Auto-Stagnationssp\u00fclung<\/span><\/p>\n<p>EVO 3\/40 (3\/50) H max 45 m, Q max 3,4 m\u00b3\/h<\/p>\n<p>Betriebspunkt 1,2m\u00b3 bei 3,6 bar,(2,4m\u00b3 bei 4,0 bar)<\/p>\n<p><span style=\"color: #0c71c3;\">DVGW Cert. \/ DIN EN 1717 \/ DIN 1988-2 \/ DIN EN 13077<\/span><\/p>\n<p>[\/et_pb_text][\/et_pb_column][\/et_pb_row][\/et_pb_section][et_pb_section fb_built=&#8221;1&#8243; _builder_version=&#8221;3.22.1&#8243; background_color=&#8221;#ffffff&#8221; custom_padding=&#8221;0|0px|54px|0px|false|false&#8221;][et_pb_row custom_padding=&#8221;98px|0px|27px|0px|false|false&#8221; custom_margin=&#8221;|auto|2px|auto||&#8221; _builder_version=&#8221;3.22&#8243;][et_pb_column type=&#8221;1_2&#8243; _builder_version=&#8221;3.11.1&#8243;][et_pb_text _builder_version=&#8221;3.22.1&#8243; custom_css_main_element=&#8221;padding-right:20px;&#8221;]<\/p>\n<h1 style=\"color: #0c71c3;\">UWO Kpress M<\/h1>\n<h2 style=\"padding-bottom: 30px;\">Einspeisebox mit\u00a0 Sytemtrennung nach <strong>EN1717<\/strong><\/h2>\n<p>Trennsysteme zum Schutz vor R\u00fcckverkeimungen in das Trinkwassernetz.<\/p>\n<p>Anschlusssicher W540, f\u00fcr Betriebswasser der Kategorie 5 AA\/AB. Nachspeisebox mit Einlaufventil, Durchflussmenge 60 l\/min bei 4,5 bar. Manuelles Ein- und Ausschalten der Einspeisung durch einen Kugelhahn am Einlaufventil.<\/p>\n<p><span style=\"color: #0c71c3;\">DVGW Cert. \/ DIN EN 1717 \/ DIN 1988-2 \/ DIN EN 13077<\/span><\/p>\n<p><span style=\"color: #0c71c3;\">1037008\u00a0 UWO-Kpress M<\/span><\/p>\n<p style=\"font-size: medium;\">\n<p>[\/et_pb_text][\/et_pb_column][et_pb_column type=&#8221;1_2&#8243; _builder_version=&#8221;3.11.1&#8243;][et_pb_image src=&#8221;https:\/\/www.uwo-water.de\/wp-content\/uploads\/2019\/01\/Kpress-M-box.jpg&#8221; _builder_version=&#8221;3.19.9&#8243; custom_css_main_element=&#8221;padding-left:20px;&#8221;][\/et_pb_image][\/et_pb_column][\/et_pb_row][\/et_pb_section][et_pb_section fb_built=&#8221;1&#8243; _builder_version=&#8221;3.22.1&#8243; background_color=&#8221;#ffffff&#8221; background_image=&#8221;https:\/\/www.uwo-water.de\/wp-content\/uploads\/2019\/01\/DSC04885-1024&#215;768.jpg&#8221; custom_padding=&#8221;||101px|||&#8221;][et_pb_row custom_padding=&#8221;30px|0px|26px|0px|false|false&#8221; custom_margin=&#8221;|auto|-25px|auto||&#8221; _builder_version=&#8221;3.22&#8243; min_height=&#8221;650px&#8221;][et_pb_column type=&#8221;4_4&#8243; _builder_version=&#8221;3.11.1&#8243;][et_pb_text _builder_version=&#8221;3.22.1&#8243; text_font=&#8221;||||||||&#8221; header_font=&#8221;||||||||&#8221; background_color=&#8221;#f9f9f9&#8243; transform_translate=&#8221;106px|55px&#8221; width=&#8221;100%&#8221; max_width=&#8221;74%&#8221; module_alignment=&#8221;left&#8221; custom_padding=&#8221;||0px|||&#8221; custom_css_main_element=&#8221;padding-left:20px;&#8221;]<\/p>\n<h1><span style=\"color: #0c71c3;\">uwo-smart control<\/span><\/h1>\n<p>Hier hat der Regenwassernutzer volle Kontrolle und maximale Sicherheit \u2013 von \u00fcberall wo er sich befindet! UWO-Water stattet alle uwo-blue Trinkwasser-Nachspeiseger\u00e4te und Systemtrenner der Kategorie 5 AA\/AB mit smart control aus. Somit wird der Hausbesitzer, Verwalter oder Hausmeister \u2013 wenn gew\u00fcnscht \u2013 in Echtzeit \u00fcber Status, Druck, Temperatur, Verbrauch, Tankinhalt, Trockenlauf oder einen Fehler informiert. Aber nicht nur das Monitoring sondern auch das Steuern der Anlage macht uwo-smart control so effektiv. Doch wem das alles zu viel Information ist, beschr\u00e4nkt es auf die E-Mail Information, die automatisch bei Status\u00e4nderung oder Fehlermeldung versendet wird.<\/p>\n<h1><span style=\"color: #0c71c3;\">uwo-safe<\/span><\/h1>\n<p>Auf Wunsch k\u00f6nnen auch der Systemtrenner oder Regenwassermanager mit uwo-safe ausgestattet werden. Hier wird bei einer unkontrollierten Aktion wie zum Beispiel einem System\u00fcberlauf, Rohrbruch oder Ventilversagen automatisch die Trinkwasserzuleitung geschlossen. Zudem kann auch ein Boden-Feuchtsensor integriert werden. Statistische Untersuchungen zeigen, dass alle 30 Sekunden in Deutschland ein Rohr platzt, sich eine Dichtung l\u00f6st oder eine Armatur leckt. Das alleine ist Grund genug die Geb\u00e4udeversicherung mit ins Boot zu nehmen. Viele Versicherer honorieren Pr\u00e4ventivma\u00dfnahmen zur Schadensminimierung mit Rabatten oder \u00a0einer Beitragsreduzierung.<\/p>\n<p><span style=\"color: #0c71c3;\">DVGW Cert. \/ DIN EN 1717 \/ DIN 1988-2 \/ DIN EN 13077<br \/> <\/span><\/p>\n<p><span style=\"color: #0c71c3;\"><\/span><\/p>\n<p>[\/et_pb_text][\/et_pb_column][\/et_pb_row][\/et_pb_section][et_pb_section fb_built=&#8221;1&#8243; _builder_version=&#8221;3.22.1&#8243; background_color=&#8221;#efefef&#8221; custom_padding=&#8221;0|0px|54px|0px|false|false&#8221;][et_pb_row custom_padding=&#8221;98px|0px|27px|0px|false|false&#8221; custom_margin=&#8221;19px|auto||auto||&#8221; _builder_version=&#8221;3.22&#8243;][et_pb_column type=&#8221;1_2&#8243; _builder_version=&#8221;3.11.1&#8243;][et_pb_text _builder_version=&#8221;3.22.1&#8243; text_font=&#8221;||||||||&#8221; min_height=&#8221;648px&#8221; custom_css_main_element=&#8221;padding-left:20px;&#8221;]<\/p>\n<h1><span style=\"color: #0c71c3;\">UWO Kpress H EVO blue\/maX<br \/> <\/span><\/h1>\n<p>Trennsystem, Systemtrenner zum Schutz vor R\u00fcckverkeimungen in das Trinkwassernetz. Nachspeisebox mit Einlaufventil, Druckerh\u00f6hungsanlage mit Trockenlaufschutz. Durchflussmenge 110l\/min bei 4,5 bar. Trinkwasserschutz f\u00fcr Betriebswasser der Kategorie 5 AA\/AB.<\/p>\n<h3><span style=\"color: #0c71c3;\"><strong>Be smart &#038; safe<\/strong><\/span><\/h3>\n<p>R\u00fcckstaumelder,<br \/> Verbrauchs und Fehlerprotokoll,<br \/> Fernabfrage, Zulaufsperre bei St\u00f6rung,<br \/> mehrere Anlagen mit \u201euwo smart-control\u201c steuerbar!<\/p>\n<p>E-Mail Benachrichtigung bei St\u00f6rung oder Status\u00e4nderung.<\/p>\n<p><span style=\"color: #000000;\"><strong>1037015 UWO-Kpress H EVO blue mit &#8220;uwo-smart control&#8221;<br \/><\/strong><\/span><\/p>\n<p><span style=\"color: #000000;\"><strong>1037016 UWO-Kpress H EVO maX\u00a0<\/strong><\/span> zus\u00e4tzlich mit <strong>&#8220;uwo-safe&#8221;<\/strong> \u00a0\u00a0\u00a0 \u00a0 \u00a0 Zulaufsperre bei St\u00f6rung\/Rohrbruch oder Ventilversagen.<\/p>\n<p><span style=\"color: #0c71c3;\">DVGW Cert. \/ DIN EN 1717 \/ DIN 1988-2 \/ DIN EN 13077 <\/span><\/p>\n<p><span style=\"color: #0c71c3;\">Datenblatt: <a href=\"https:\/\/www.uwo-water.de\/wp-content\/uploads\/2020\/01\/Kpress-H-EVO-maX-Datenblatt-2020-web.pdf\">UWO<\/a>-Kpress H EVO blue\/max<br \/> <\/span><\/p>\n<p><span style=\"color: #0c71c3;\"><\/span><\/p>\n<p><span style=\"color: #0c71c3;\"><\/span><\/p>\n<p><span style=\"color: #0c71c3;\"><\/span><\/p>\n<p><span style=\"color: #0c71c3;\"><\/span><\/p>\n<p>[\/et_pb_text][et_pb_button button_url=&#8221;https:\/\/www.uwo-water.de\/wp-content\/uploads\/2020\/01\/Kpress-H-EVO-maX-Datenblatt-2020-web.pdf&#8221; button_text=&#8221;Click Here&#8221; _builder_version=&#8221;3.22.1&#8243;][\/et_pb_button][\/et_pb_column][et_pb_column type=&#8221;1_2&#8243; _builder_version=&#8221;3.11.1&#8243;][et_pb_image src=&#8221;https:\/\/www.uwo-water.de\/wp-content\/uploads\/2019\/02\/Kpress-H-max.jpg&#8221; _builder_version=&#8221;3.19.9&#8243; custom_css_main_element=&#8221;padding-left:20px;&#8221;][\/et_pb_image][\/et_pb_column][\/et_pb_row][\/et_pb_section][et_pb_section fb_built=&#8221;1&#8243; _builder_version=&#8221;3.22&#8243; background_color=&#8221;#ffffff&#8221;][et_pb_row _builder_version=&#8221;3.22&#8243;][et_pb_column type=&#8221;2_3&#8243; _builder_version=&#8221;3.17.6&#8243;][et_pb_text _builder_version=&#8221;3.22.1&#8243; custom_padding=&#8221;|||0px||&#8221;]<\/p>\n<h1><span style=\"color: #0c71c3;\">UWO Kpress H HE<\/span><\/h1>\n<p><span style=\"color: #0c71c3;\"><\/span><\/p>\n<h2><span style=\"color: #0c71c3;\">Ideale Systemtrennung f\u00fcr Beregnungsanlagen\u00a0<\/span><\/h2>\n<p>Trennsystem zum Schutz vor R\u00fcckverkeimungen in das Trinkwassernetz. Nachspeisebox mit Einlaufventil, Einlaufberuhigung, Druckerh\u00f6hungsanlage mit integriertem Trockenlaufschutz. Mit Schraubdeckel, integrierter Druckerh\u00f6hung Q max. 5,7 m\u00b3 , H max. 48 m<br \/> Trinkwassereinspeisung mittels Magnetventil 1\/2\u201c (HE 1\u201c) nach DIN EN 1717,<br \/> Ma\u00dfe: 500l. LxBxH 80 x 55 x 130\u00a0 Ma\u00dfe: 300l. LxBxH 80 x 55 x 80<\/p>\n<p>Einspeisemenge bei 1 bar Leitungsdruck: 1\/2\u201c 70 l.\/min, (1\u201c 120 l.\/min)\u00a0<span style=\"font-size: 16px;\">Vorlaufbeh\u00e4lter 500l.\u00a0 \u00a0 (Mini 300l.) mit Schraubdeckel, gro\u00dfe Revisions\u00f6ffnung 62 cm,Einspeisung mittels Magnetventil 1\/2\u201c (HE 1\u201c) nach DIN EN 1717,\u00a0Einspeisemenge bei 1 bar Leitungsdruck: 1\/2\u201c 70 l.\/min. (1&#8243; 120l.\/min). System<\/span><span style=\"font-size: 16px;\">trennung durch freien Einlauf und \u00dcberlauf DN 110.<\/span><\/p>\n<p><span style=\"color: #0c71c3;\">Artikelnummer:<\/span><\/p>\n<p><span style=\"color: #0c71c3;\">1037011 UWO-Kpress H EVO<\/span><br \/> <span style=\"color: #0c71c3;\">1037013 UWO-Kpress H Mini<\/span><br \/> <span style=\"color: #0c71c3;\">1037014 UWO-Kpress HE Mini<\/span><\/p>\n<p>&nbsp;<\/p>\n<p>[\/et_pb_text][\/et_pb_column][et_pb_column type=&#8221;1_3&#8243; _builder_version=&#8221;3.17.6&#8243;][et_pb_image src=&#8221;https:\/\/www.uwo-water.de\/wp-content\/uploads\/2019\/01\/IMG_4442_Retusche_300dpi_cmyk.jpg&#8221; _builder_version=&#8221;3.19.9&#8243;][\/et_pb_image][et_pb_image src=&#8221;https:\/\/www.uwo-water.de\/wp-content\/uploads\/2018\/11\/pgp_running_large.jpg&#8221; _builder_version=&#8221;3.22.1&#8243;][\/et_pb_image][\/et_pb_column][\/et_pb_row][\/et_pb_section][et_pb_section fb_built=&#8221;1&#8243; fullwidth=&#8221;on&#8221; _builder_version=&#8221;3.22&#8243; custom_padding=&#8221;0|0px|0px|0px|false|false&#8221;][et_pb_fullwidth_header title=&#8221;Trinkwasserschutz &#8221; header_scroll_down=&#8221;on&#8221; background_overlay_color=&#8221;rgba(0,0,0,0)&#8221; _builder_version=&#8221;3.22.1&#8243; background_image=&#8221;https:\/\/www.uwo-water.de\/wp-content\/uploads\/2018\/08\/travel-landscape-23.jpg&#8221; parallax=&#8221;on&#8221; text_shadow_style=&#8221;preset1&#8243; custom_css_main_element=&#8221;padding: 250px 0 450px&#8221; custom_css_title=&#8221;background: rgb(29,29,29,0.6)!important; padding:20px; max-width:750px; color:#3cd2fd!important; font-size:49px!important;&#8221; button_one_text_size__hover_enabled=&#8221;off&#8221; button_two_text_size__hover_enabled=&#8221;off&#8221; button_one_text_color__hover_enabled=&#8221;off&#8221; button_two_text_color__hover_enabled=&#8221;off&#8221; button_one_border_width__hover_enabled=&#8221;off&#8221; button_two_border_width__hover_enabled=&#8221;off&#8221; button_one_border_color__hover_enabled=&#8221;off&#8221; button_two_border_color__hover_enabled=&#8221;off&#8221; button_one_border_radius__hover_enabled=&#8221;off&#8221; button_two_border_radius__hover_enabled=&#8221;off&#8221; button_one_letter_spacing__hover_enabled=&#8221;off&#8221; button_two_letter_spacing__hover_enabled=&#8221;off&#8221; button_one_bg_color__hover_enabled=&#8221;off&#8221; button_two_bg_color__hover_enabled=&#8221;off&#8221;][\/et_pb_fullwidth_header][\/et_pb_section][et_pb_section fb_built=&#8221;1&#8243; fullwidth=&#8221;on&#8221; _builder_version=&#8221;3.22&#8243; custom_padding=&#8221;0|0px|0|0px|false|false&#8221;][\/et_pb_section]<\/p>\n","protected":false},"excerpt":{"rendered":"<p>UWO Kpress A EVO maX Trennsystem, Systemtrenner zum Schutz vor R\u00fcckverkeimungen in das Trinkwassernetz. Nachspeisebox mit Einlaufventil, Druckerh\u00f6hungsanlage mit Trockenlaufschutz. Durchflussmenge: 60 l\/min bei 4,5 bar. Trinkwasserschutz f\u00fcr Betriebswasser der Kategorie 5 AA\/AB. UWO-Kpress A EVO maX** mit &#8220;uwo-smart control&#8221; \u00a0\u00a0\u00a0 \u00a0 \u00a0 \u00a0 \u00a0 \u00a0 \u00a0 \u00a0 \u00a0 Zulaufsperre bei St\u00f6rung\/Rohrbruch oder Ventilversagen. Druckerh\u00f6hungsanlage [&hellip;]<\/p>\n","protected":false},"author":1,"featured_media":0,"parent":0,"menu_order":0,"comment_status":"closed","ping_status":"closed","template":"","meta":{"_et_pb_use_builder":"on","_et_pb_old_content":"Getrieberegner Sensoren","_et_gb_content_width":""},"yoast_head":"<!-- This site is optimized with the Yoast SEO plugin v19.14 - https:\/\/yoast.com\/wordpress\/plugins\/seo\/ -->\n<title>Trennsysteme - Uwo Water GmbH Regenwassernutzung<\/title>\n<meta name=\"description\" content=\"Trennsysteme von UWO Water: Trennsystem, Systemtrenner zum Schutz vor R\u00fcckverkeimungen in das Trinkwassernetz, R\u00fcckstaumelder und Verbrauchsanzeige\" \/>\n<meta name=\"robots\" content=\"index, follow, max-snippet:-1, max-image-preview:large, max-video-preview:-1\" \/>\n<link rel=\"canonical\" href=\"https:\/\/www.uwo-water.de\/trennsysteme\/\" \/>\n<meta property=\"og:locale\" content=\"en_GB\" \/>\n<meta property=\"og:type\" content=\"article\" \/>\n<meta property=\"og:title\" content=\"Trennsysteme\" \/>\n<meta property=\"og:description\" content=\"Trennsysteme von UWO Water: Trennsystem, Systemtrenner zum Schutz vor R\u00fcckverkeimungen in das Trinkwassernetz, R\u00fcckstaumelder und Verbrauchsanzeige\" \/>\n<meta property=\"og:url\" content=\"https:\/\/www.uwo-water.de\/trennsysteme\/\" \/>\n<meta property=\"og:site_name\" content=\"Uwo Water GmbH\" \/>\n<meta property=\"article:modified_time\" content=\"2020-01-07T10:01:50+00:00\" \/>\n<meta name=\"twitter:card\" content=\"summary_large_image\" \/>\n<meta name=\"twitter:label1\" content=\"Estimated reading time\" \/>\n\t<meta name=\"twitter:data1\" content=\"8 minutes\" \/>\n<script type=\"application\/ld+json\" class=\"yoast-schema-graph\">{\"@context\":\"https:\/\/schema.org\",\"@graph\":[{\"@type\":\"WebPage\",\"@id\":\"https:\/\/www.uwo-water.de\/trennsysteme\/\",\"url\":\"https:\/\/www.uwo-water.de\/trennsysteme\/\",\"name\":\"[:de]Trennsysteme[:] - Uwo Water GmbH Regenwassernutzung\",\"isPartOf\":{\"@id\":\"https:\/\/www.uwo-water.de\/#website\"},\"datePublished\":\"2018-11-06T12:19:58+00:00\",\"dateModified\":\"2020-01-07T10:01:50+00:00\",\"description\":\"Trennsysteme von UWO Water: Trennsystem, Systemtrenner zum Schutz vor R\u00fcckverkeimungen in das Trinkwassernetz, R\u00fcckstaumelder und Verbrauchsanzeige\",\"breadcrumb\":{\"@id\":\"https:\/\/www.uwo-water.de\/trennsysteme\/#breadcrumb\"},\"inLanguage\":\"en-GB\",\"potentialAction\":[{\"@type\":\"ReadAction\",\"target\":[\"https:\/\/www.uwo-water.de\/trennsysteme\/\"]}]},{\"@type\":\"BreadcrumbList\",\"@id\":\"https:\/\/www.uwo-water.de\/trennsysteme\/#breadcrumb\",\"itemListElement\":[{\"@type\":\"ListItem\",\"position\":1,\"name\":\"Startseite\",\"item\":\"https:\/\/www.uwo-water.de\/\"},{\"@type\":\"ListItem\",\"position\":2,\"name\":\"Trennsysteme\"}]},{\"@type\":\"WebSite\",\"@id\":\"https:\/\/www.uwo-water.de\/#website\",\"url\":\"https:\/\/www.uwo-water.de\/\",\"name\":\"Uwo Water GmbH\",\"description\":\"Wassersysteme Regenwassernutzung Trennsysteme\",\"potentialAction\":[{\"@type\":\"SearchAction\",\"target\":{\"@type\":\"EntryPoint\",\"urlTemplate\":\"https:\/\/www.uwo-water.de\/?s={search_term_string}\"},\"query-input\":\"required name=search_term_string\"}],\"inLanguage\":\"en-GB\"}]}<\/script>\n<!-- \/ Yoast SEO plugin. -->","yoast_head_json":{"title":"Trennsysteme - Uwo Water GmbH Regenwassernutzung","description":"Trennsysteme von UWO Water: Trennsystem, Systemtrenner zum Schutz vor R\u00fcckverkeimungen in das Trinkwassernetz, R\u00fcckstaumelder und Verbrauchsanzeige","robots":{"index":"index","follow":"follow","max-snippet":"max-snippet:-1","max-image-preview":"max-image-preview:large","max-video-preview":"max-video-preview:-1"},"canonical":"https:\/\/www.uwo-water.de\/trennsysteme\/","og_locale":"en_GB","og_type":"article","og_title":"[:de]Trennsysteme[:] - Uwo Water GmbH Regenwassernutzung","og_description":"Trennsysteme von UWO Water: Trennsystem, Systemtrenner zum Schutz vor R\u00fcckverkeimungen in das Trinkwassernetz, R\u00fcckstaumelder und Verbrauchsanzeige","og_url":"https:\/\/www.uwo-water.de\/trennsysteme\/","og_site_name":"Uwo Water GmbH","article_modified_time":"2020-01-07T10:01:50+00:00","twitter_card":"summary_large_image","twitter_misc":{"Estimated reading time":"8 minutes"},"schema":{"@context":"https:\/\/schema.org","@graph":[{"@type":"WebPage","@id":"https:\/\/www.uwo-water.de\/trennsysteme\/","url":"https:\/\/www.uwo-water.de\/trennsysteme\/","name":"[:de]Trennsysteme[:] - Uwo Water GmbH Regenwassernutzung","isPartOf":{"@id":"https:\/\/www.uwo-water.de\/#website"},"datePublished":"2018-11-06T12:19:58+00:00","dateModified":"2020-01-07T10:01:50+00:00","description":"Trennsysteme von UWO Water: Trennsystem, Systemtrenner zum Schutz vor R\u00fcckverkeimungen in das Trinkwassernetz, R\u00fcckstaumelder und Verbrauchsanzeige","breadcrumb":{"@id":"https:\/\/www.uwo-water.de\/trennsysteme\/#breadcrumb"},"inLanguage":"en-GB","potentialAction":[{"@type":"ReadAction","target":["https:\/\/www.uwo-water.de\/trennsysteme\/"]}]},{"@type":"BreadcrumbList","@id":"https:\/\/www.uwo-water.de\/trennsysteme\/#breadcrumb","itemListElement":[{"@type":"ListItem","position":1,"name":"Startseite","item":"https:\/\/www.uwo-water.de\/"},{"@type":"ListItem","position":2,"name":"Trennsysteme"}]},{"@type":"WebSite","@id":"https:\/\/www.uwo-water.de\/#website","url":"https:\/\/www.uwo-water.de\/","name":"Uwo Water GmbH","description":"Wassersysteme Regenwassernutzung Trennsysteme","potentialAction":[{"@type":"SearchAction","target":{"@type":"EntryPoint","urlTemplate":"https:\/\/www.uwo-water.de\/?s={search_term_string}"},"query-input":"required name=search_term_string"}],"inLanguage":"en-GB"}]}},"_links":{"self":[{"href":"https:\/\/www.uwo-water.de\/en\/wp-json\/wp\/v2\/pages\/1350"}],"collection":[{"href":"https:\/\/www.uwo-water.de\/en\/wp-json\/wp\/v2\/pages"}],"about":[{"href":"https:\/\/www.uwo-water.de\/en\/wp-json\/wp\/v2\/types\/page"}],"author":[{"embeddable":true,"href":"https:\/\/www.uwo-water.de\/en\/wp-json\/wp\/v2\/users\/1"}],"replies":[{"embeddable":true,"href":"https:\/\/www.uwo-water.de\/en\/wp-json\/wp\/v2\/comments?post=1350"}],"version-history":[{"count":48,"href":"https:\/\/www.uwo-water.de\/en\/wp-json\/wp\/v2\/pages\/1350\/revisions"}],"predecessor-version":[{"id":4433,"href":"https:\/\/www.uwo-water.de\/en\/wp-json\/wp\/v2\/pages\/1350\/revisions\/4433"}],"wp:attachment":[{"href":"https:\/\/www.uwo-water.de\/en\/wp-json\/wp\/v2\/media?parent=1350"}],"curies":[{"name":"wp","href":"https:\/\/api.w.org\/{rel}","templated":true}]}}