{"id":1354,"date":"2018-11-06T13:21:00","date_gmt":"2018-11-06T12:21:00","guid":{"rendered":"http:\/\/uwo.kult-kunden.de\/?page_id=1354"},"modified":"2019-10-23T09:51:52","modified_gmt":"2019-10-23T07:51:52","slug":"hunter-produkte","status":"publish","type":"page","link":"https:\/\/www.uwo-water.de\/en\/hunter-produkte\/","title":{"rendered":"Hunter Produkte"},"content":{"rendered":"<p>[et_pb_section fb_built=&#8221;1&#8243; fullwidth=&#8221;on&#8221; _builder_version=&#8221;3.22&#8243; custom_padding=&#8221;0|0px|0px|0px|false|false&#8221;][et_pb_fullwidth_header title=&#8221;Hunter Produkte&#8221; header_scroll_down=&#8221;on&#8221; background_overlay_color=&#8221;rgba(0,0,0,0)&#8221; _builder_version=&#8221;3.17.6&#8243; background_image=&#8221;https:\/\/www.uwo-water.de\/wp-content\/uploads\/2018\/11\/hcc_thornton_012_rt1.jpg&#8221; parallax=&#8221;on&#8221; text_shadow_style=&#8221;preset1&#8243; custom_css_main_element=&#8221;padding: 250px 0 250px&#8221; custom_css_title=&#8221;background: rgb(29,29,29,0.6)!important; padding:20px; max-width:410px; color:#3cd2fd!important; font-size:49px!important;&#8221; button_one_text_size__hover_enabled=&#8221;off&#8221; button_two_text_size__hover_enabled=&#8221;off&#8221; button_one_text_color__hover_enabled=&#8221;off&#8221; button_two_text_color__hover_enabled=&#8221;off&#8221; button_one_border_width__hover_enabled=&#8221;off&#8221; button_two_border_width__hover_enabled=&#8221;off&#8221; button_one_border_color__hover_enabled=&#8221;off&#8221; button_two_border_color__hover_enabled=&#8221;off&#8221; button_one_border_radius__hover_enabled=&#8221;off&#8221; button_two_border_radius__hover_enabled=&#8221;off&#8221; button_one_letter_spacing__hover_enabled=&#8221;off&#8221; button_two_letter_spacing__hover_enabled=&#8221;off&#8221; button_one_bg_color__hover_enabled=&#8221;off&#8221; button_two_bg_color__hover_enabled=&#8221;off&#8221;][\/et_pb_fullwidth_header][\/et_pb_section][et_pb_section fb_built=&#8221;1&#8243; _builder_version=&#8221;3.22&#8243;][et_pb_row _builder_version=&#8221;3.22&#8243;][et_pb_column type=&#8221;4_4&#8243; _builder_version=&#8221;3.17.6&#8243;][et_pb_text _builder_version=&#8221;3.17.6&#8243;]<\/p>\n<h2><span class=\"sub_header_inner\" style=\"font-size: xx-large;\"><strong>PRODUKTE<\/strong> <\/span><\/h2>\n<h2><span style=\"color: #0c71c3;\">Bew\u00e4sserung privater und gewerblicher Gr\u00fcnfl\u00e4chen<\/span><\/h2>\n<p>&nbsp;<\/p>\n<h2 class=\"sub_title\">PRODUKTREIHEN BEW\u00c4SSERUNG<\/h2>\n<p>[\/et_pb_text][\/et_pb_column][\/et_pb_row][\/et_pb_section][et_pb_section fb_built=&#8221;1&#8243; _builder_version=&#8221;3.22&#8243;][et_pb_row custom_padding=&#8221;0|0px|27px|0px|false|false&#8221; _builder_version=&#8221;3.22&#8243;][et_pb_column type=&#8221;4_4&#8243; _builder_version=&#8221;3.17.6&#8243;][et_pb_image src=&#8221;https:\/\/www.uwo-water.de\/wp-content\/uploads\/2018\/11\/febcae2b-370e-4fa8-983b-5c1c7263c905.png&#8221; _builder_version=&#8221;3.17.6&#8243;][\/et_pb_image][\/et_pb_column][\/et_pb_row][\/et_pb_section][et_pb_section fb_built=&#8221;1&#8243; _builder_version=&#8221;3.22&#8243;][et_pb_row _builder_version=&#8221;3.22&#8243;][et_pb_column type=&#8221;4_4&#8243; _builder_version=&#8221;3.17.6&#8243;][et_pb_image src=&#8221;https:\/\/www.uwo-water.de\/wp-content\/uploads\/2018\/11\/2e93f217-f181-4591-8e29-b30a12efef85.png&#8221; _builder_version=&#8221;3.17.6&#8243;][\/et_pb_image][\/et_pb_column][\/et_pb_row][\/et_pb_section][et_pb_section fb_built=&#8221;1&#8243; _builder_version=&#8221;3.22&#8243;][et_pb_row _builder_version=&#8221;3.22&#8243;][et_pb_column type=&#8221;4_4&#8243; _builder_version=&#8221;3.17.6&#8243;][et_pb_image src=&#8221;https:\/\/www.uwo-water.de\/wp-content\/uploads\/2018\/11\/b9c929ce-4ec1-401f-be01-ffb4ebe9add0.png&#8221; _builder_version=&#8221;3.17.6&#8243;][\/et_pb_image][\/et_pb_column][\/et_pb_row][\/et_pb_section][et_pb_section fb_built=&#8221;1&#8243; fullwidth=&#8221;on&#8221; _builder_version=&#8221;3.22&#8243; custom_padding=&#8221;0|0px|0|0px|false|false&#8221;][et_pb_fullwidth_header _builder_version=&#8221;3.17.6&#8243; background_image=&#8221;https:\/\/www.uwo-water.de\/wp-content\/uploads\/2018\/11\/77b725bc-b1ae-4575-a3b2-55d2c7e78c52.jpg&#8221; parallax=&#8221;on&#8221; custom_css_main_element=&#8221;padding: 250px 0 550px&#8221; button_one_text_size__hover_enabled=&#8221;off&#8221; button_two_text_size__hover_enabled=&#8221;off&#8221; button_one_text_color__hover_enabled=&#8221;off&#8221; button_two_text_color__hover_enabled=&#8221;off&#8221; button_one_border_width__hover_enabled=&#8221;off&#8221; button_two_border_width__hover_enabled=&#8221;off&#8221; button_one_border_color__hover_enabled=&#8221;off&#8221; button_two_border_color__hover_enabled=&#8221;off&#8221; button_one_border_radius__hover_enabled=&#8221;off&#8221; button_two_border_radius__hover_enabled=&#8221;off&#8221; button_one_letter_spacing__hover_enabled=&#8221;off&#8221; button_two_letter_spacing__hover_enabled=&#8221;off&#8221; button_one_bg_color__hover_enabled=&#8221;off&#8221; button_two_bg_color__hover_enabled=&#8221;off&#8221;][\/et_pb_fullwidth_header][\/et_pb_section][et_pb_section fb_built=&#8221;1&#8243; _builder_version=&#8221;3.22&#8243; background_color=&#8221;#f4f4f4&#8243; custom_padding=&#8221;54px|0px|0|0px|false|false&#8221;][et_pb_row custom_padding=&#8221;27px|0px|99px|0px|false|false&#8221; _builder_version=&#8221;3.22&#8243;][et_pb_column type=&#8221;2_5&#8243; _builder_version=&#8221;3.0.47&#8243;][et_pb_image src=&#8221;https:\/\/www.uwo-water.de\/wp-content\/uploads\/2018\/11\/beauty_shot_i-80.jpg&#8221; _builder_version=&#8221;3.17.6&#8243;][\/et_pb_image][\/et_pb_column][et_pb_column type=&#8221;3_5&#8243; _builder_version=&#8221;3.0.47&#8243;][et_pb_text _builder_version=&#8221;3.17.6&#8243; custom_css_main_element=&#8221;padding-left:40px;&#8221;]<\/p>\n<h1 style=\"color: #0c71c3; padding-bottom: 30px;\">****** Neuheit *****<\/h1>\n<h2 style=\"padding-bottom: 30px;\">I 80 Getzrieberegner<\/h2>\n<p>Der I-80 Getrieberegner ist der technologisch am weitesten entwickelte Getrieberegner f\u00fcr den gewerblichen Einsatz. Der I-80 wurde f\u00fcr Naturrasen in Sportanlagen und gro\u00dfen Parks entwickelt. Er ist mit einem robusten, schmutztoleranten Getriebe mit dem gr\u00f6\u00dften Drehmoment in dieser Regnerklasse ausgestattet.<br \/>\nF\u00fcr den I-80 ist eine gro\u00dfe Auswahl an hocheffizienten, windbest\u00e4ndigen D\u00fcsen mit zwei Austrittswinkeln verf\u00fcgbar. Einmalig im Bereich der gewerblichen Regner bietet der I-80 mit seinem integrierten, aufgesetzten Sicherungsring die M\u00f6glichkeit Wartungsarbeiten von oben ohne Graben schnell und einfach durchzuf\u00fchren.\n<\/p>\n<p>[\/et_pb_text][\/et_pb_column][\/et_pb_row][\/et_pb_section][et_pb_section fb_built=&#8221;1&#8243; _builder_version=&#8221;3.22&#8243; background_color=&#8221;#f4f4f4&#8243; custom_padding=&#8221;54px|0px|0|0px|false|false&#8221;][et_pb_row custom_padding=&#8221;27px|0px|0|0px|false|false&#8221; _builder_version=&#8221;3.22&#8243;][et_pb_column type=&#8221;2_5&#8243; _builder_version=&#8221;3.0.47&#8243;][et_pb_image src=&#8221;https:\/\/www.uwo-water.de\/wp-content\/uploads\/2018\/11\/pd-micro-eco-mat_0.jpg&#8221; _builder_version=&#8221;3.19.9&#8243;][\/et_pb_image][\/et_pb_column][et_pb_column type=&#8221;3_5&#8243; _builder_version=&#8221;3.0.47&#8243;][et_pb_text _builder_version=&#8221;3.17.6&#8243; custom_css_main_element=&#8221;padding-left:40px;&#8221;]<\/p>\n<h1 style=\"color: #0c71c3; padding-bottom: 30px;\">****** Neuheit *****<\/h1>\n<h1 style=\"padding-bottom: 30px;\">ECO MAT<\/h1>\n<p><span style=\"color: #0c71c3; font-size: large;\">UNERREICHTE GLEICHM\u00c4SSIGKEIT<\/span><br \/><span style=\"color: #0c71c3; font-size: large;\">UND WASSEREINSPARUNG<\/span><br \/><span style=\"font-size: large;\"><strong><span style=\"color: #000000;\">AUSSTATTUNG<\/span><\/strong><\/span><br \/>\u2022 Wassereinsparungen mit beinahe 100% Niederschlagsgleichm\u00e4\u00dfigkeit<br \/>\u2022 F\u00f6rdert eine bessere Wurzelgesundheit<br \/>\u2022 Verhindert das \u00dcberspritzen auf Gehwege, Geb\u00e4ude oder Fahrzeuge<br \/>\u2022 Optimal geeignet zur Beregnung schwieriger Bereiche<br \/>\u2022 Die Fleeceumwicklung bietet Schutz gegen das Eindringen von<br \/>Wurzeln, ohne Einsatz giftiger Chemikalien und metallische<br \/>Nebenprodukte<br \/>\u2022 Wasser Haltekapazit\u00e4t 1,89 l\/yd2<br \/>\u2022 Druckkompensiert<br \/>\u2022 Auslaufsperre h\u00e4lt bis zu 1,5 m bei tiefer gelegenen Tropfern<br \/>\u2022 Empfohlen f\u00fcr die Verwendung aller Tropfzonensets<br \/>\u2022 F\u00fcr maximale Wassereinsparung verwenden Sie Hunter Soil-Clik\u00ae<br \/>\u2022 Gew\u00e4hrleistungszeitraum: 5 Jahre (2 zus\u00e4tzliche Jahre auf Bruch<br \/>durch Spannungsrisse)<br \/><strong>BETRIEBSDATEN<\/strong><br \/>\u2022 Minimale Filtration 120 mesh; 125 microns<br \/>\u2022 Betriebsdruck: 1,0 bis 3,5 Bar; 100 to 350 kPa<br \/>\u2022 Kompatibel mit 16 mm und 17 mm Stecknippelverbindungen<br \/>\u2022 Empfohlene Installationstiefe 10 cm bis 30 cm<\/p>\n<p>&nbsp;<\/p>\n<p>[\/et_pb_text][\/et_pb_column][\/et_pb_row][\/et_pb_section]<\/p>\n","protected":false},"excerpt":{"rendered":"<p>PRODUKTE Bew\u00e4sserung privater und gewerblicher Gr\u00fcnfl\u00e4chen &nbsp; PRODUKTREIHEN BEW\u00c4SSERUNG****** Neuheit ***** I 80 Getzrieberegner Der I-80 Getrieberegner ist der technologisch am weitesten entwickelte Getrieberegner f\u00fcr den gewerblichen Einsatz. Der I-80 wurde f\u00fcr Naturrasen in Sportanlagen und gro\u00dfen Parks entwickelt. Er ist mit einem robusten, schmutztoleranten Getriebe mit dem gr\u00f6\u00dften Drehmoment in dieser Regnerklasse ausgestattet. F\u00fcr [&hellip;]<\/p>\n","protected":false},"author":1,"featured_media":0,"parent":0,"menu_order":0,"comment_status":"closed","ping_status":"closed","template":"","meta":{"_et_pb_use_builder":"on","_et_pb_old_content":"Hunter Produkte","_et_gb_content_width":""},"yoast_head":"<!-- This site is optimized with the Yoast SEO plugin v19.14 - https:\/\/yoast.com\/wordpress\/plugins\/seo\/ -->\n<title>Hunter Produkte - Uwo Water GmbH Regenwassernutzung<\/title>\n<meta name=\"description\" content=\"Hunter Produkte bei UWO Water: Beregnungsanlagen von Hunter, hocheffizient, wassersparend und gleichm\u00e4\u00dfig in der Bew\u00e4sserung. Jetzt bestellen!\" \/>\n<meta name=\"robots\" content=\"index, follow, max-snippet:-1, max-image-preview:large, max-video-preview:-1\" \/>\n<link rel=\"canonical\" href=\"https:\/\/www.uwo-water.de\/hunter-produkte\/\" \/>\n<meta property=\"og:locale\" content=\"en_GB\" \/>\n<meta property=\"og:type\" content=\"article\" \/>\n<meta property=\"og:title\" content=\"Hunter Produkte\" \/>\n<meta property=\"og:description\" content=\"Hunter Produkte bei UWO Water: Beregnungsanlagen von Hunter, hocheffizient, wassersparend und gleichm\u00e4\u00dfig in der Bew\u00e4sserung. Jetzt bestellen!\" \/>\n<meta property=\"og:url\" content=\"https:\/\/www.uwo-water.de\/hunter-produkte\/\" \/>\n<meta property=\"og:site_name\" content=\"Uwo Water GmbH\" \/>\n<meta property=\"article:modified_time\" content=\"2019-10-23T07:51:52+00:00\" \/>\n<meta name=\"twitter:card\" content=\"summary_large_image\" \/>\n<meta name=\"twitter:label1\" content=\"Estimated reading time\" \/>\n\t<meta name=\"twitter:data1\" content=\"5 minutes\" \/>\n<script type=\"application\/ld+json\" class=\"yoast-schema-graph\">{\"@context\":\"https:\/\/schema.org\",\"@graph\":[{\"@type\":\"WebPage\",\"@id\":\"https:\/\/www.uwo-water.de\/hunter-produkte\/\",\"url\":\"https:\/\/www.uwo-water.de\/hunter-produkte\/\",\"name\":\"[:de]Hunter Produkte[:] - Uwo Water GmbH Regenwassernutzung\",\"isPartOf\":{\"@id\":\"https:\/\/www.uwo-water.de\/#website\"},\"datePublished\":\"2018-11-06T12:21:00+00:00\",\"dateModified\":\"2019-10-23T07:51:52+00:00\",\"description\":\"Hunter Produkte bei UWO Water: Beregnungsanlagen von Hunter, hocheffizient, wassersparend und gleichm\u00e4\u00dfig in der Bew\u00e4sserung. Jetzt bestellen!\",\"breadcrumb\":{\"@id\":\"https:\/\/www.uwo-water.de\/hunter-produkte\/#breadcrumb\"},\"inLanguage\":\"en-GB\",\"potentialAction\":[{\"@type\":\"ReadAction\",\"target\":[\"https:\/\/www.uwo-water.de\/hunter-produkte\/\"]}]},{\"@type\":\"BreadcrumbList\",\"@id\":\"https:\/\/www.uwo-water.de\/hunter-produkte\/#breadcrumb\",\"itemListElement\":[{\"@type\":\"ListItem\",\"position\":1,\"name\":\"Startseite\",\"item\":\"https:\/\/www.uwo-water.de\/\"},{\"@type\":\"ListItem\",\"position\":2,\"name\":\"Hunter Produkte\"}]},{\"@type\":\"WebSite\",\"@id\":\"https:\/\/www.uwo-water.de\/#website\",\"url\":\"https:\/\/www.uwo-water.de\/\",\"name\":\"Uwo Water GmbH\",\"description\":\"Wassersysteme Regenwassernutzung Trennsysteme\",\"potentialAction\":[{\"@type\":\"SearchAction\",\"target\":{\"@type\":\"EntryPoint\",\"urlTemplate\":\"https:\/\/www.uwo-water.de\/?s={search_term_string}\"},\"query-input\":\"required name=search_term_string\"}],\"inLanguage\":\"en-GB\"}]}<\/script>\n<!-- \/ Yoast SEO plugin. -->","yoast_head_json":{"title":"Hunter Produkte - Uwo Water GmbH Regenwassernutzung","description":"Hunter Produkte bei UWO Water: Beregnungsanlagen von Hunter, hocheffizient, wassersparend und gleichm\u00e4\u00dfig in der Bew\u00e4sserung. Jetzt bestellen!","robots":{"index":"index","follow":"follow","max-snippet":"max-snippet:-1","max-image-preview":"max-image-preview:large","max-video-preview":"max-video-preview:-1"},"canonical":"https:\/\/www.uwo-water.de\/hunter-produkte\/","og_locale":"en_GB","og_type":"article","og_title":"[:de]Hunter Produkte[:] - Uwo Water GmbH Regenwassernutzung","og_description":"Hunter Produkte bei UWO Water: Beregnungsanlagen von Hunter, hocheffizient, wassersparend und gleichm\u00e4\u00dfig in der Bew\u00e4sserung. Jetzt bestellen!","og_url":"https:\/\/www.uwo-water.de\/hunter-produkte\/","og_site_name":"Uwo Water GmbH","article_modified_time":"2019-10-23T07:51:52+00:00","twitter_card":"summary_large_image","twitter_misc":{"Estimated reading time":"5 minutes"},"schema":{"@context":"https:\/\/schema.org","@graph":[{"@type":"WebPage","@id":"https:\/\/www.uwo-water.de\/hunter-produkte\/","url":"https:\/\/www.uwo-water.de\/hunter-produkte\/","name":"[:de]Hunter Produkte[:] - Uwo Water GmbH Regenwassernutzung","isPartOf":{"@id":"https:\/\/www.uwo-water.de\/#website"},"datePublished":"2018-11-06T12:21:00+00:00","dateModified":"2019-10-23T07:51:52+00:00","description":"Hunter Produkte bei UWO Water: Beregnungsanlagen von Hunter, hocheffizient, wassersparend und gleichm\u00e4\u00dfig in der Bew\u00e4sserung. Jetzt bestellen!","breadcrumb":{"@id":"https:\/\/www.uwo-water.de\/hunter-produkte\/#breadcrumb"},"inLanguage":"en-GB","potentialAction":[{"@type":"ReadAction","target":["https:\/\/www.uwo-water.de\/hunter-produkte\/"]}]},{"@type":"BreadcrumbList","@id":"https:\/\/www.uwo-water.de\/hunter-produkte\/#breadcrumb","itemListElement":[{"@type":"ListItem","position":1,"name":"Startseite","item":"https:\/\/www.uwo-water.de\/"},{"@type":"ListItem","position":2,"name":"Hunter Produkte"}]},{"@type":"WebSite","@id":"https:\/\/www.uwo-water.de\/#website","url":"https:\/\/www.uwo-water.de\/","name":"Uwo Water GmbH","description":"Wassersysteme Regenwassernutzung Trennsysteme","potentialAction":[{"@type":"SearchAction","target":{"@type":"EntryPoint","urlTemplate":"https:\/\/www.uwo-water.de\/?s={search_term_string}"},"query-input":"required name=search_term_string"}],"inLanguage":"en-GB"}]}},"_links":{"self":[{"href":"https:\/\/www.uwo-water.de\/en\/wp-json\/wp\/v2\/pages\/1354"}],"collection":[{"href":"https:\/\/www.uwo-water.de\/en\/wp-json\/wp\/v2\/pages"}],"about":[{"href":"https:\/\/www.uwo-water.de\/en\/wp-json\/wp\/v2\/types\/page"}],"author":[{"embeddable":true,"href":"https:\/\/www.uwo-water.de\/en\/wp-json\/wp\/v2\/users\/1"}],"replies":[{"embeddable":true,"href":"https:\/\/www.uwo-water.de\/en\/wp-json\/wp\/v2\/comments?post=1354"}],"version-history":[{"count":22,"href":"https:\/\/www.uwo-water.de\/en\/wp-json\/wp\/v2\/pages\/1354\/revisions"}],"predecessor-version":[{"id":4298,"href":"https:\/\/www.uwo-water.de\/en\/wp-json\/wp\/v2\/pages\/1354\/revisions\/4298"}],"wp:attachment":[{"href":"https:\/\/www.uwo-water.de\/en\/wp-json\/wp\/v2\/media?parent=1354"}],"curies":[{"name":"wp","href":"https:\/\/api.w.org\/{rel}","templated":true}]}}