{"id":1363,"date":"2018-11-06T13:22:15","date_gmt":"2018-11-06T12:22:15","guid":{"rendered":"http:\/\/uwo.kult-kunden.de\/?page_id=1363"},"modified":"2019-10-23T10:22:31","modified_gmt":"2019-10-23T08:22:31","slug":"hydrawise-beregnungsnavigation","status":"publish","type":"page","link":"https:\/\/www.uwo-water.de\/en\/hydrawise-beregnungsnavigation\/","title":{"rendered":"Hydrawise Beregnungsnavigation"},"content":{"rendered":"<p>[et_pb_section fb_built=&#8221;1&#8243; fullwidth=&#8221;on&#8221; _builder_version=&#8221;3.22&#8243; custom_padding=&#8221;0|0px|0px|0px|false|false&#8221;][et_pb_fullwidth_header title=&#8221;Hydrawise Beregnungsnavigation&#8221; header_scroll_down=&#8221;on&#8221; background_overlay_color=&#8221;rgba(0,0,0,0)&#8221; _builder_version=&#8221;3.17.6&#8243; background_image=&#8221;https:\/\/www.uwo-water.de\/wp-content\/uploads\/2018\/11\/Page-5-Image-8.jpg&#8221; parallax=&#8221;on&#8221; text_shadow_style=&#8221;preset1&#8243; custom_css_main_element=&#8221;padding: 250px 0 250px&#8221; custom_css_title=&#8221;background: rgb(29,29,29,0.6)!important; padding:20px; max-width:540px; color:#3cd2fd!important; font-size:49px!important;&#8221; button_one_text_size__hover_enabled=&#8221;off&#8221; button_two_text_size__hover_enabled=&#8221;off&#8221; button_one_text_color__hover_enabled=&#8221;off&#8221; button_two_text_color__hover_enabled=&#8221;off&#8221; button_one_border_width__hover_enabled=&#8221;off&#8221; button_two_border_width__hover_enabled=&#8221;off&#8221; button_one_border_color__hover_enabled=&#8221;off&#8221; button_two_border_color__hover_enabled=&#8221;off&#8221; button_one_border_radius__hover_enabled=&#8221;off&#8221; button_two_border_radius__hover_enabled=&#8221;off&#8221; button_one_letter_spacing__hover_enabled=&#8221;off&#8221; button_two_letter_spacing__hover_enabled=&#8221;off&#8221; button_one_bg_color__hover_enabled=&#8221;off&#8221; button_two_bg_color__hover_enabled=&#8221;off&#8221;][\/et_pb_fullwidth_header][\/et_pb_section][et_pb_section fb_built=&#8221;1&#8243; _builder_version=&#8221;3.22&#8243; background_color=&#8221;#ffffff&#8221; custom_padding=&#8221;0|0px|54px|0px|false|false&#8221;][et_pb_row custom_padding=&#8221;98px|0px|27px|0px|false|false&#8221; custom_margin=&#8221;|auto|-5px|auto||&#8221; _builder_version=&#8221;3.22&#8243; min_height=&#8221;767px&#8221;][et_pb_column type=&#8221;1_2&#8243; _builder_version=&#8221;3.11.1&#8243;][et_pb_text _builder_version=&#8221;3.17.6&#8243; min_height=&#8221;645px&#8221; custom_padding=&#8221;||0px|||&#8221; custom_css_main_element=&#8221;padding-right:20px;&#8221;]<\/p>\n<h1 style=\"color: #0c71c3; padding-bottom: 30px;\">Bew\u00e4sserung Privater und Gewerblicher Gr\u00fcnfl\u00e4chen<\/h1>\n<p><strong>Von \u00fcberall steuerbar<\/strong><br \/> Genie\u00dfen Sie zu jeder Zeit bequemen Zugriff \u00fcber Ihr Smartphone, Tablet oder das Web auf eine Reihe an Remote-Management-Funktionen. \u00dcber diese praktische Funktion k\u00f6nnen Sie Ihr Steuerger\u00e4t von \u00fcberall aus aufrufen, verwalten und \u00fcberwachen.<\/p>\n<p><strong>Wasserersparnis<\/strong><br \/> Die erweiterte, webbasierte Klima\u00fcberwachung nutzt lokale<br \/> Wetterprognosen, inklusive Temperatur, Niederschlag,<br \/> Windgeschwindigkeit und weitere Faktoren, um Ihr<br \/> Beregnungssystem automatisch an die lokalen Wetterbedingungen anzupassen. So bleiben Ihre Pflanzen garantiert gesund \u2013 bei Sonne und Regen.<\/p>\n<div style=\"left: 137.864px; top: 598.455px; font-size: 15.4643px; font-family: sans-serif; transform: scaleX(1.01142);\"><\/div>\n<p>&nbsp;<\/p>\n<p>&nbsp;<\/p>\n<p>&nbsp;<\/p>\n<p>[\/et_pb_text][\/et_pb_column][et_pb_column type=&#8221;1_2&#8243; _builder_version=&#8221;3.11.1&#8243;][et_pb_image src=&#8221;https:\/\/www.uwo-water.de\/wp-content\/uploads\/2018\/11\/hcc_106_rt.jpg&#8221; _builder_version=&#8221;3.17.6&#8243; custom_css_main_element=&#8221;padding-left:20px;&#8221;][\/et_pb_image][\/et_pb_column][\/et_pb_row][\/et_pb_section][et_pb_section fb_built=&#8221;1&#8243; _builder_version=&#8221;3.22&#8243; background_color=&#8221;#f4f4f4&#8243;][et_pb_row custom_padding=&#8221;27px|0px|26px|0px|false|false&#8221; _builder_version=&#8221;3.22&#8243;][et_pb_column type=&#8221;1_2&#8243; _builder_version=&#8221;3.11.1&#8243;][et_pb_image src=&#8221;https:\/\/www.uwo-water.de\/wp-content\/uploads\/2018\/11\/advanced_feature_hc_software_weather_stations_360_2.jpg&#8221; _builder_version=&#8221;3.17.6&#8243; custom_css_main_element=&#8221;padding-right:20px;&#8221;][\/et_pb_image][\/et_pb_column][et_pb_column type=&#8221;1_2&#8243; _builder_version=&#8221;3.11.1&#8243;][et_pb_text _builder_version=&#8221;3.17.6&#8243; custom_css_main_element=&#8221;padding-left:20px;&#8221;]<\/p>\n<h1><span style=\"color: #0c71c3;\">Vorausschauende Anpassung der Bew\u00e4sserungszeiten <\/span><\/h1>\n<p>&nbsp;<\/p>\n<p><span style=\"font-size: medium;\">T\u00e4gliche Anpassung des Programmes, basierend auf lokalen Wetterinformationen, historischen und aktuellen Daten sowie Vorhersagen \u00fcber Temperatur, Niederschlag, Luftfeuchtigkeit und Windgeschwindigkeit. Dies erm\u00f6glicht die Anpassung der Bew\u00e4sserungszeiten und Programme f\u00fcr eine maximale Wassereinsparung mit Wassereffizienz f\u00fcr die Pflanzen.<\/span><\/p>\n<p>[\/et_pb_text][\/et_pb_column][\/et_pb_row][\/et_pb_section][et_pb_section fb_built=&#8221;1&#8243; fullwidth=&#8221;on&#8221; _builder_version=&#8221;3.22&#8243; custom_padding=&#8221;0|0px|0|0px|false|false&#8221;][et_pb_fullwidth_header _builder_version=&#8221;3.22.1&#8243; background_image=&#8221;https:\/\/www.uwo-water.de\/wp-content\/uploads\/2018\/11\/6bd9d847-cd5e-4714-8fda-8219d54ca7d4.jpg&#8221; parallax=&#8221;on&#8221; custom_css_main_element=&#8221;padding: 250px 0 250px&#8221; button_one_text_size__hover_enabled=&#8221;off&#8221; button_two_text_size__hover_enabled=&#8221;off&#8221; button_one_text_color__hover_enabled=&#8221;off&#8221; button_two_text_color__hover_enabled=&#8221;off&#8221; button_one_border_width__hover_enabled=&#8221;off&#8221; button_two_border_width__hover_enabled=&#8221;off&#8221; button_one_border_color__hover_enabled=&#8221;off&#8221; button_two_border_color__hover_enabled=&#8221;off&#8221; button_one_border_radius__hover_enabled=&#8221;off&#8221; button_two_border_radius__hover_enabled=&#8221;off&#8221; button_one_letter_spacing__hover_enabled=&#8221;off&#8221; button_two_letter_spacing__hover_enabled=&#8221;off&#8221; button_one_bg_color__hover_enabled=&#8221;off&#8221; button_two_bg_color__hover_enabled=&#8221;off&#8221;][\/et_pb_fullwidth_header][\/et_pb_section][et_pb_section fb_built=&#8221;1&#8243; _builder_version=&#8221;3.22&#8243; background_color=&#8221;#ffffff&#8221;][et_pb_row _builder_version=&#8221;3.22&#8243;][et_pb_column type=&#8221;2_3&#8243; _builder_version=&#8221;3.17.6&#8243;][et_pb_text _builder_version=&#8221;3.17.6&#8243;]<\/p>\n<h1><span style=\"color: #0c71c3;\">Wi-Fi-f\u00e4hig f\u00fcr eine schnelle Verbindung mit der Hydrawise Software\u00a0<\/span> <\/h1>\n<p>&nbsp;<\/p>\n<p style=\"font-size: medium;\">Das HCC kombiniert die robusten Funktionen des beliebten ICC2 Steuerger\u00e4ts mit den automatischen und wetterbasierten t\u00e4glichen Anpassungen der Hydrawise Programmierung, um Ihnen eine clevere und wirtschaftliche L\u00f6sung f\u00fcr das Management der gewerblichen Landschaftsberegnung bereitzustellen. Das HCC kann bis zu 54 Zonen steuern und es erlaubt die gleichzeitige Ausf\u00fchrung zweier beliebiger Stationen. Die praktische Modulbauweise des Steuerger\u00e4ts bietet eine schnelle Erweiterung mit den selben 4-, 8- und 22-Stationen Ausgabemodulen wie das ICC2. Zudem verf\u00fcgt das HCC \u00fcber einen vorverdrahteten SmartPort\u00ae und ist somit kompatibel mit den ROAM und ROAM XL Fernbedienungen von Hunter, die einen schnellen und zuverl\u00e4ssigen Betrieb vor Ort auf weite Entfernungen erm\u00f6glichen, ohne daf\u00fcr ein Smartphone einzusetzen.<\/p>\n<h2><\/h2>\n<p>&nbsp;<\/p>\n<p><span style=\"font-size: medium;\">Mit dem integrierten Milliampere-Sensor werden fehlerhafte Kabel im Nu entdeckt. Ein HC Durchflussmessger\u00e4t l\u00e4sst sich ganz leicht installieren und bietet Ihnen eine exakte Messung des Durchflusses, verhindert Wasserverschwendung und Sch\u00e4den an den Gr\u00fcnfl\u00e4chen.<\/span><\/p>\n<p><span style=\"font-size: medium;\">\u00a0<\/span><\/p>\n<p>[\/et_pb_text][\/et_pb_column][et_pb_column type=&#8221;1_3&#8243; _builder_version=&#8221;3.17.6&#8243;][et_pb_image src=&#8221;https:\/\/www.uwo-water.de\/wp-content\/uploads\/2018\/11\/index.png&#8221; _builder_version=&#8221;3.17.6&#8243;][\/et_pb_image][\/et_pb_column][\/et_pb_row][\/et_pb_section][et_pb_section fb_built=&#8221;1&#8243; _builder_version=&#8221;3.22&#8243; background_color=&#8221;#f4f4f4&#8243; custom_padding=&#8221;54px|0px|0|0px|false|false&#8221;][et_pb_row _builder_version=&#8221;3.22&#8243;][et_pb_column type=&#8221;2_5&#8243; _builder_version=&#8221;3.0.47&#8243;][et_pb_image src=&#8221;https:\/\/www.uwo-water.de\/wp-content\/uploads\/2018\/11\/beauty_shot_hc.jpg&#8221; _builder_version=&#8221;3.17.6&#8243;][\/et_pb_image][\/et_pb_column][et_pb_column type=&#8221;3_5&#8243; _builder_version=&#8221;3.0.47&#8243;][et_pb_text _builder_version=&#8221;3.17.6&#8243; custom_css_main_element=&#8221;padding-left:40px;&#8221;]<\/p>\n<h1 style=\"color: #0c71c3;\">Wi-Fi-basiertendes Beregenungsmanagement<\/h1>\n<h2>Hydrawise Software <\/h2>\n<p>&nbsp;<\/p>\n<ul class=\"bullet-list\">\n<li class=\"bullet-list-item item-odd item-1\">\n<p>Wi-Fi-f\u00e4hig f\u00fcr eine schnelle Verbindung mit der Hydrawise Software<\/p>\n<\/li>\n<li class=\"bullet-list-item item-even item-2\">\n<p>Anzahl an Stationen: 8 bis 38 (Kunststoff), 8 bis 54 (Metall und Sockel)<\/p>\n<\/li>\n<li class=\"bullet-list-item item-odd item-3\">\n<p>Geh\u00e4use: Kunststoff, Metall und Edelstahl f\u00fcr den Au\u00dfenbereich, Optionen f\u00fcr Wandmontage und Sockel<\/p>\n<\/li>\n<li class=\"bullet-list-item item-even item-4\">\n<p>Gleichzeitiger Stationsbetrieb: 2<\/p>\n<\/li>\n<li class=\"bullet-list-item item-odd item-5\">\n<p>Vorverdrahteter SmartPort f\u00fcr Kompatibilit\u00e4t mit ROAM\/ROAM XL Fernbedienungen<\/p>\n<\/li>\n<li class=\"bullet-list-item item-even item-6\">\n<p>Integrierter Milliampere-Sensor zur Erkennung und Warnung von Verkabelungsfehlern<\/p>\n<\/li>\n<li class=\"bullet-list-item item-odd item-7\">\n<p>HC-Durchflussmessger\u00e4t kompatibel f\u00fcr \u00dcberwachung und Warnmeldungen<\/p>\n<\/li>\n<li class=\"bullet-list-item item-even item-8\">\n<p>8 cm farbiges Touchscreen-Display<\/p>\n<\/li>\n<li class=\"bullet-list-item item-odd item-9\">\n<p>Gew\u00e4hrleistungszeitraum: 5 Jahre<\/p>\n<\/li>\n<\/ul>\n<p style=\"font-size: medium;\">\n<p>[\/et_pb_text][\/et_pb_column][\/et_pb_row][\/et_pb_section]<\/p>\n","protected":false},"excerpt":{"rendered":"<p>Bew\u00e4sserung Privater und Gewerblicher Gr\u00fcnfl\u00e4chen Von \u00fcberall steuerbar Genie\u00dfen Sie zu jeder Zeit bequemen Zugriff \u00fcber Ihr Smartphone, Tablet oder das Web auf eine Reihe an Remote-Management-Funktionen. \u00dcber diese praktische Funktion k\u00f6nnen Sie Ihr Steuerger\u00e4t von \u00fcberall aus aufrufen, verwalten und \u00fcberwachen. Wasserersparnis Die erweiterte, webbasierte Klima\u00fcberwachung nutzt lokale Wetterprognosen, inklusive Temperatur, Niederschlag, Windgeschwindigkeit und [&hellip;]<\/p>\n","protected":false},"author":1,"featured_media":0,"parent":0,"menu_order":0,"comment_status":"closed","ping_status":"closed","template":"","meta":{"_et_pb_use_builder":"on","_et_pb_old_content":"Hydrawaise Beregnungsnavigation","_et_gb_content_width":""},"yoast_head":"<!-- This site is optimized with the Yoast SEO plugin v19.14 - https:\/\/yoast.com\/wordpress\/plugins\/seo\/ -->\n<title>Hydrawise Beregnungsnavigation - UWO Water Regenwassernutzung<\/title>\n<meta name=\"description\" content=\"Hydrawise Beregnungsnavigation: Bew\u00e4sserung Privater und Gewerblicher Gr\u00fcnfl\u00e4chen, vollautomatisch, wassersparend und Wi-Fi gesteuert.\" \/>\n<meta name=\"robots\" content=\"index, follow, max-snippet:-1, max-image-preview:large, max-video-preview:-1\" \/>\n<link rel=\"canonical\" href=\"https:\/\/www.uwo-water.de\/hydrawise-beregnungsnavigation\/\" \/>\n<meta property=\"og:locale\" content=\"en_GB\" \/>\n<meta property=\"og:type\" content=\"article\" \/>\n<meta property=\"og:title\" content=\"Hydrawise Beregnungsnavigation\" \/>\n<meta property=\"og:description\" content=\"Hydrawise Beregnungsnavigation: Bew\u00e4sserung Privater und Gewerblicher Gr\u00fcnfl\u00e4chen, vollautomatisch, wassersparend und Wi-Fi gesteuert.\" \/>\n<meta property=\"og:url\" content=\"https:\/\/www.uwo-water.de\/hydrawise-beregnungsnavigation\/\" \/>\n<meta property=\"og:site_name\" content=\"Uwo Water GmbH\" \/>\n<meta property=\"article:modified_time\" content=\"2019-10-23T08:22:31+00:00\" \/>\n<meta name=\"twitter:card\" content=\"summary_large_image\" \/>\n<meta name=\"twitter:label1\" content=\"Estimated reading time\" \/>\n\t<meta name=\"twitter:data1\" content=\"5 minutes\" \/>\n<script type=\"application\/ld+json\" class=\"yoast-schema-graph\">{\"@context\":\"https:\/\/schema.org\",\"@graph\":[{\"@type\":\"WebPage\",\"@id\":\"https:\/\/www.uwo-water.de\/hydrawise-beregnungsnavigation\/\",\"url\":\"https:\/\/www.uwo-water.de\/hydrawise-beregnungsnavigation\/\",\"name\":\"[:de]Hydrawise Beregnungsnavigation[:] - UWO Water Regenwassernutzung\",\"isPartOf\":{\"@id\":\"https:\/\/www.uwo-water.de\/#website\"},\"datePublished\":\"2018-11-06T12:22:15+00:00\",\"dateModified\":\"2019-10-23T08:22:31+00:00\",\"description\":\"Hydrawise Beregnungsnavigation: Bew\u00e4sserung Privater und Gewerblicher Gr\u00fcnfl\u00e4chen, vollautomatisch, wassersparend und Wi-Fi gesteuert.\",\"breadcrumb\":{\"@id\":\"https:\/\/www.uwo-water.de\/hydrawise-beregnungsnavigation\/#breadcrumb\"},\"inLanguage\":\"en-GB\",\"potentialAction\":[{\"@type\":\"ReadAction\",\"target\":[\"https:\/\/www.uwo-water.de\/hydrawise-beregnungsnavigation\/\"]}]},{\"@type\":\"BreadcrumbList\",\"@id\":\"https:\/\/www.uwo-water.de\/hydrawise-beregnungsnavigation\/#breadcrumb\",\"itemListElement\":[{\"@type\":\"ListItem\",\"position\":1,\"name\":\"Startseite\",\"item\":\"https:\/\/www.uwo-water.de\/\"},{\"@type\":\"ListItem\",\"position\":2,\"name\":\"Hydrawise Beregnungsnavigation\"}]},{\"@type\":\"WebSite\",\"@id\":\"https:\/\/www.uwo-water.de\/#website\",\"url\":\"https:\/\/www.uwo-water.de\/\",\"name\":\"Uwo Water GmbH\",\"description\":\"Wassersysteme Regenwassernutzung Trennsysteme\",\"potentialAction\":[{\"@type\":\"SearchAction\",\"target\":{\"@type\":\"EntryPoint\",\"urlTemplate\":\"https:\/\/www.uwo-water.de\/?s={search_term_string}\"},\"query-input\":\"required name=search_term_string\"}],\"inLanguage\":\"en-GB\"}]}<\/script>\n<!-- \/ Yoast SEO plugin. -->","yoast_head_json":{"title":"Hydrawise Beregnungsnavigation - UWO Water Regenwassernutzung","description":"Hydrawise Beregnungsnavigation: Bew\u00e4sserung Privater und Gewerblicher Gr\u00fcnfl\u00e4chen, vollautomatisch, wassersparend und Wi-Fi gesteuert.","robots":{"index":"index","follow":"follow","max-snippet":"max-snippet:-1","max-image-preview":"max-image-preview:large","max-video-preview":"max-video-preview:-1"},"canonical":"https:\/\/www.uwo-water.de\/hydrawise-beregnungsnavigation\/","og_locale":"en_GB","og_type":"article","og_title":"[:de]Hydrawise Beregnungsnavigation[:] - UWO Water Regenwassernutzung","og_description":"Hydrawise Beregnungsnavigation: Bew\u00e4sserung Privater und Gewerblicher Gr\u00fcnfl\u00e4chen, vollautomatisch, wassersparend und Wi-Fi gesteuert.","og_url":"https:\/\/www.uwo-water.de\/hydrawise-beregnungsnavigation\/","og_site_name":"Uwo Water GmbH","article_modified_time":"2019-10-23T08:22:31+00:00","twitter_card":"summary_large_image","twitter_misc":{"Estimated reading time":"5 minutes"},"schema":{"@context":"https:\/\/schema.org","@graph":[{"@type":"WebPage","@id":"https:\/\/www.uwo-water.de\/hydrawise-beregnungsnavigation\/","url":"https:\/\/www.uwo-water.de\/hydrawise-beregnungsnavigation\/","name":"[:de]Hydrawise Beregnungsnavigation[:] - UWO Water Regenwassernutzung","isPartOf":{"@id":"https:\/\/www.uwo-water.de\/#website"},"datePublished":"2018-11-06T12:22:15+00:00","dateModified":"2019-10-23T08:22:31+00:00","description":"Hydrawise Beregnungsnavigation: Bew\u00e4sserung Privater und Gewerblicher Gr\u00fcnfl\u00e4chen, vollautomatisch, wassersparend und Wi-Fi gesteuert.","breadcrumb":{"@id":"https:\/\/www.uwo-water.de\/hydrawise-beregnungsnavigation\/#breadcrumb"},"inLanguage":"en-GB","potentialAction":[{"@type":"ReadAction","target":["https:\/\/www.uwo-water.de\/hydrawise-beregnungsnavigation\/"]}]},{"@type":"BreadcrumbList","@id":"https:\/\/www.uwo-water.de\/hydrawise-beregnungsnavigation\/#breadcrumb","itemListElement":[{"@type":"ListItem","position":1,"name":"Startseite","item":"https:\/\/www.uwo-water.de\/"},{"@type":"ListItem","position":2,"name":"Hydrawise Beregnungsnavigation"}]},{"@type":"WebSite","@id":"https:\/\/www.uwo-water.de\/#website","url":"https:\/\/www.uwo-water.de\/","name":"Uwo Water GmbH","description":"Wassersysteme Regenwassernutzung Trennsysteme","potentialAction":[{"@type":"SearchAction","target":{"@type":"EntryPoint","urlTemplate":"https:\/\/www.uwo-water.de\/?s={search_term_string}"},"query-input":"required name=search_term_string"}],"inLanguage":"en-GB"}]}},"_links":{"self":[{"href":"https:\/\/www.uwo-water.de\/en\/wp-json\/wp\/v2\/pages\/1363"}],"collection":[{"href":"https:\/\/www.uwo-water.de\/en\/wp-json\/wp\/v2\/pages"}],"about":[{"href":"https:\/\/www.uwo-water.de\/en\/wp-json\/wp\/v2\/types\/page"}],"author":[{"embeddable":true,"href":"https:\/\/www.uwo-water.de\/en\/wp-json\/wp\/v2\/users\/1"}],"replies":[{"embeddable":true,"href":"https:\/\/www.uwo-water.de\/en\/wp-json\/wp\/v2\/comments?post=1363"}],"version-history":[{"count":20,"href":"https:\/\/www.uwo-water.de\/en\/wp-json\/wp\/v2\/pages\/1363\/revisions"}],"predecessor-version":[{"id":4303,"href":"https:\/\/www.uwo-water.de\/en\/wp-json\/wp\/v2\/pages\/1363\/revisions\/4303"}],"wp:attachment":[{"href":"https:\/\/www.uwo-water.de\/en\/wp-json\/wp\/v2\/media?parent=1363"}],"curies":[{"name":"wp","href":"https:\/\/api.w.org\/{rel}","templated":true}]}}