{"id":2025,"date":"2018-11-20T13:21:58","date_gmt":"2018-11-20T12:21:58","guid":{"rendered":"http:\/\/uwo.kult-kunden.de\/?page_id=2025"},"modified":"2019-10-23T08:55:30","modified_gmt":"2019-10-23T06:55:30","slug":"versickerungstechnik","status":"publish","type":"page","link":"https:\/\/www.uwo-water.de\/en\/versickerungstechnik\/","title":{"rendered":"Versickerungstechnik"},"content":{"rendered":"<p>[:de _i=&#8221;0&#8243; _address=&#8221;0&#8243; \/][:de _i=&#8221;1&#8243; _address=&#8221;1&#8243; \/][et_pb_section fb_built=&#8221;1&#8243; fullwidth=&#8221;on&#8221; _builder_version=&#8221;3.22&#8243; custom_padding=&#8221;0|0px|0px|0px|false|false&#8221;][et_pb_fullwidth_header title=&#8221;Versickerungstechnik&#8221; header_scroll_down=&#8221;on&#8221; background_overlay_color=&#8221;rgba(0,0,0,0)&#8221; _builder_version=&#8221;3.22.1&#8243; background_image=&#8221;https:\/\/www.uwo-water.de\/wp-content\/uploads\/2019\/01\/HeitkerBloc-Typ-A.jpg&#8221; parallax=&#8221;on&#8221; custom_margin=&#8221;-137px||&#8221; custom_padding=&#8221;0px||&#8221; text_shadow_style=&#8221;preset1&#8243; custom_css_main_element=&#8221;padding: 250px 0 450px&#8221; custom_css_title=&#8221;background: rgb(29,29,29,0.6)!important; padding:20px; color:#3cd2fd!important; font-size:49px!important; max-width:530px;&#8221; button_one_text_size__hover_enabled=&#8221;off&#8221; button_two_text_size__hover_enabled=&#8221;off&#8221; button_one_text_color__hover_enabled=&#8221;off&#8221; button_two_text_color__hover_enabled=&#8221;off&#8221; button_one_border_width__hover_enabled=&#8221;off&#8221; button_two_border_width__hover_enabled=&#8221;off&#8221; button_one_border_color__hover_enabled=&#8221;off&#8221; button_two_border_color__hover_enabled=&#8221;off&#8221; button_one_border_radius__hover_enabled=&#8221;off&#8221; button_two_border_radius__hover_enabled=&#8221;off&#8221; button_one_letter_spacing__hover_enabled=&#8221;off&#8221; button_two_letter_spacing__hover_enabled=&#8221;off&#8221; button_one_bg_color__hover_enabled=&#8221;off&#8221; button_two_bg_color__hover_enabled=&#8221;off&#8221;][\/et_pb_fullwidth_header][\/et_pb_section][et_pb_section fb_built=&#8221;1&#8243; _builder_version=&#8221;3.22&#8243; background_color=&#8221;#ffffff&#8221; custom_padding=&#8221;0|0px|0|0px|false|false&#8221;][et_pb_row custom_padding=&#8221;98px|0px|27px|0px|false|false&#8221; _builder_version=&#8221;3.22&#8243;][et_pb_column type=&#8221;1_2&#8243; _builder_version=&#8221;3.11.1&#8243;][et_pb_text _builder_version=&#8221;3.17.6&#8243; custom_css_main_element=&#8221;padding-right:20px;&#8221;]<\/p>\n<h1 style=\"color: #0c71c3;\"><span style=\"color: rgba(0, 0, 0, 0.86);\">Geotexummantelte Fertigmodule<\/span><\/h1>\n<h2 style=\"padding-bottom: 30px;\"><span style=\"color: #000000;\"><span style=\"color: #0c71c3;\"><span class=\"caps\">UWO<\/span>-SickerBlock <\/span><br \/> <\/span><\/h2>\n<p><span style=\"font-size: medium;\">Die Vorz\u00fcge des <span class=\"caps\">UWO<\/span>-SickerBlock-Entw\u00e4sserungssystems als vorkonfektioniertes System f\u00fcr Privatgrundst\u00fccke. Beliebiges Speichervolumen f\u00fcr jede Versickerungsleistung durch Reihenschaltung herstellbar. Auch als R\u00fcckhaltesystem mit Folienummantelung lieferbar (PE-Folienummantelt anstelle Geotextil, Preis auf Anfrage)<\/span><br \/> <span style=\"font-size: medium;\">Bis max. 40 t. \u00dcberfahrbar, Stecksystem DN110.<\/span><\/p>\n<p>&nbsp;<\/p>\n<h2 style=\"color: #0c71c3;\">Vorteile:<\/h2>\n<ul>\n<li>Versickerung und Regenwasserr\u00fcckhaltung<\/li>\n<li>Kein Verschwenden von Ressourcen<\/li>\n<li>Abwasserkosten f\u00fcr Regenwasser<\/li>\n<li>Einfache Planung und Realisierung<\/li>\n<\/ul>\n<p>[\/et_pb_text][\/et_pb_column][et_pb_column type=&#8221;1_2&#8243; _builder_version=&#8221;3.11.1&#8243;][et_pb_image src=&#8221;https:\/\/www.uwo-water.de\/wp-content\/uploads\/2018\/11\/asp_versickerung_deutsch_seite_5_bild_0016.jpg&#8221; _builder_version=&#8221;3.17.6&#8243; custom_css_main_element=&#8221;padding-left:20px;&#8221;][\/et_pb_image][\/et_pb_column][\/et_pb_row][\/et_pb_section][et_pb_section fb_built=&#8221;1&#8243; _builder_version=&#8221;3.22&#8243; custom_padding=&#8221;0|0px|0|0px|false|false&#8221;][et_pb_row _builder_version=&#8221;3.22&#8243;][et_pb_column type=&#8221;4_4&#8243; _builder_version=&#8221;3.17.6&#8243;][et_pb_image src=&#8221;https:\/\/www.uwo-water.de\/wp-content\/uploads\/2018\/11\/6dde0207-bb3d-4bd4-9141-8051657c5d27.png&#8221; _builder_version=&#8221;3.17.6&#8243;][\/et_pb_image][\/et_pb_column][\/et_pb_row][\/et_pb_section][et_pb_section fb_built=&#8221;1&#8243; _builder_version=&#8221;3.22&#8243; background_color=&#8221;#0c71c3&#8243; custom_padding=&#8221;2px|0px|6px|0px|false|false&#8221;][et_pb_row custom_padding=&#8221;27px|0px|26px|0px|false|false&#8221; _builder_version=&#8221;3.22&#8243;][et_pb_column type=&#8221;1_2&#8243; _builder_version=&#8221;3.11.1&#8243;][et_pb_image src=&#8221;https:\/\/www.uwo-water.de\/wp-content\/uploads\/2018\/11\/2aa3d839-bf37-46bf-9a0d-cd342bf88d90.png&#8221; _builder_version=&#8221;3.17.6&#8243; custom_css_main_element=&#8221;padding-right:20px;&#8221;][\/et_pb_image][\/et_pb_column][et_pb_column type=&#8221;1_2&#8243; _builder_version=&#8221;3.11.1&#8243;][et_pb_text _builder_version=&#8221;3.17.6&#8243; custom_css_main_element=&#8221;padding-left:20px;&#8221;]<\/p>\n<h1 style=\"padding-bottom: 30px;\"><span style=\"color: #ffffff;\">Unser Angebot f\u00fcr Sie <\/span><\/h1>\n<ul style=\"color: #fff;\">\n<li><span style=\"color: #ffffff;\">Bedarfsermittlung<\/span><\/li>\n<li><span style=\"color: #ffffff;\">Angebot f\u00fcr Ihr Projekt <br \/><\/span><\/li>\n<li><span style=\"color: #ffffff;\">Lieferung direkt auf die Baustelle <\/span><\/li>\n<li><span style=\"color: #ffffff;\">Auf Wunsch Verlegung und Montage zum Festpreis <\/span><\/li>\n<\/ul>\n<p>[\/et_pb_text][et_pb_button button_url=&#8221;https:\/\/www.uwo-water.de\/kontakt\/#kontaktformular&#8221; button_text=&#8221;Zum Kontaktformular&#8221; _builder_version=&#8221;3.17.6&#8243; custom_button=&#8221;on&#8221; button_text_color=&#8221;#ffffff&#8221; button_border_color=&#8221;#ffffff&#8221; button_font=&#8221;||||||||&#8221;][\/et_pb_button][\/et_pb_column][\/et_pb_row][\/et_pb_section][et_pb_section fb_built=&#8221;1&#8243; _builder_version=&#8221;3.22&#8243; custom_padding=&#8221;54px|0px|57px|0px|false|false&#8221;][et_pb_row custom_padding=&#8221;27px|0px|0|0px|false|false&#8221; _builder_version=&#8221;3.22&#8243;][et_pb_column type=&#8221;4_4&#8243; _builder_version=&#8221;3.17.6&#8243;][et_pb_text _builder_version=&#8221;3.17.6&#8243;]<\/p>\n<h2><span style=\"font-size: x-large;\"><strong><span style=\"color: #0c71c3;\">Alle Produkte zur Versickerungstechnik finde Sie in K\u00fcrze in unserem Online Shop. <\/span><\/strong><\/span><\/h2>\n<p>[\/et_pb_text][\/et_pb_column][\/et_pb_row][\/et_pb_section][et_pb_section fb_built=&#8221;1&#8243; fullwidth=&#8221;on&#8221; _builder_version=&#8221;3.22&#8243; custom_padding=&#8221;0|0px|0|0px|false|false&#8221;][et_pb_fullwidth_header title=&#8221;Your Title Goes Here&#8221; button_one_text=&#8221;Click Here&#8221; _builder_version=&#8221;3.17.6&#8243; background_image=&#8221;https:\/\/www.uwo-water.de\/wp-content\/uploads\/2019\/01\/SickerBloc-m.-Kanal.png&#8221; parallax=&#8221;on&#8221; custom_css_main_element=&#8221;padding: 450px 0 350px&#8221; custom_css_title=&#8221;display:none;&#8221; custom_css_content=&#8221;display:none;&#8221; custom_css_subtitle=&#8221;display:none;&#8221; custom_css_button_1=&#8221;display:none;&#8221; custom_css_button_2=&#8221;display:none;&#8221; custom_css_scroll_button=&#8221;display:none;&#8221; button_one_text_size__hover_enabled=&#8221;off&#8221; button_two_text_size__hover_enabled=&#8221;off&#8221; button_one_text_color__hover_enabled=&#8221;off&#8221; button_two_text_color__hover_enabled=&#8221;off&#8221; button_one_border_width__hover_enabled=&#8221;off&#8221; button_two_border_width__hover_enabled=&#8221;off&#8221; button_one_border_color__hover_enabled=&#8221;off&#8221; button_two_border_color__hover_enabled=&#8221;off&#8221; button_one_border_radius__hover_enabled=&#8221;off&#8221; button_two_border_radius__hover_enabled=&#8221;off&#8221; button_one_letter_spacing__hover_enabled=&#8221;off&#8221; button_two_letter_spacing__hover_enabled=&#8221;off&#8221; button_one_bg_color__hover_enabled=&#8221;off&#8221; button_two_bg_color__hover_enabled=&#8221;off&#8221;]Your content goes here. Edit or remove this text inline or in the module Content settings. You can also style every aspect of this content in the module Design settings and even apply custom CSS to this text in the module Advanced settings.[\/et_pb_fullwidth_header][\/et_pb_section]<\/p>\n","protected":false},"excerpt":{"rendered":"<p>[:de _i=&#8221;0&#8243; _address=&#8221;0&#8243; \/][:de _i=&#8221;1&#8243; _address=&#8221;1&#8243; \/]Geotexummantelte Fertigmodule UWO-SickerBlock Die Vorz\u00fcge des UWO-SickerBlock-Entw\u00e4sserungssystems als vorkonfektioniertes System f\u00fcr Privatgrundst\u00fccke. Beliebiges Speichervolumen f\u00fcr jede Versickerungsleistung durch Reihenschaltung herstellbar. Auch als R\u00fcckhaltesystem mit Folienummantelung lieferbar (PE-Folienummantelt anstelle Geotextil, Preis auf Anfrage) Bis max. 40 t. \u00dcberfahrbar, Stecksystem DN110. &nbsp; Vorteile: Versickerung und Regenwasserr\u00fcckhaltung Kein Verschwenden von Ressourcen Abwasserkosten [&hellip;]<\/p>\n","protected":false},"author":1,"featured_media":0,"parent":0,"menu_order":0,"comment_status":"closed","ping_status":"closed","template":"","meta":{"_et_pb_use_builder":"on","_et_pb_old_content":"Versickerungstechnik","_et_gb_content_width":""},"yoast_head":"<!-- This site is optimized with the Yoast SEO plugin v19.14 - https:\/\/yoast.com\/wordpress\/plugins\/seo\/ -->\n<title>Versickerungstechnik - Uwo Water GmbH Regenwassernutzung<\/title>\n<meta name=\"description\" content=\"Versickerungstechnik UWO Water: Entw\u00e4sserungssystem f\u00fcr Privatgrundst\u00fccke. Beliebiges Speichervolumen, auch als R\u00fcckhaltesystem mit Folie lieferbar.\" \/>\n<meta name=\"robots\" content=\"index, follow, max-snippet:-1, max-image-preview:large, max-video-preview:-1\" \/>\n<link rel=\"canonical\" href=\"https:\/\/www.uwo-water.de\/versickerungstechnik\/\" \/>\n<meta property=\"og:locale\" content=\"en_GB\" \/>\n<meta property=\"og:type\" content=\"article\" \/>\n<meta property=\"og:title\" content=\"Versickerungstechnik\" \/>\n<meta property=\"og:description\" content=\"Versickerungstechnik UWO Water: Entw\u00e4sserungssystem f\u00fcr Privatgrundst\u00fccke. Beliebiges Speichervolumen, auch als R\u00fcckhaltesystem mit Folie lieferbar.\" \/>\n<meta property=\"og:url\" content=\"https:\/\/www.uwo-water.de\/versickerungstechnik\/\" \/>\n<meta property=\"og:site_name\" content=\"Uwo Water GmbH\" \/>\n<meta property=\"article:modified_time\" content=\"2019-10-23T06:55:30+00:00\" \/>\n<meta name=\"twitter:card\" content=\"summary_large_image\" \/>\n<meta name=\"twitter:label1\" content=\"Estimated reading time\" \/>\n\t<meta name=\"twitter:data1\" content=\"4 minutes\" \/>\n<script type=\"application\/ld+json\" class=\"yoast-schema-graph\">{\"@context\":\"https:\/\/schema.org\",\"@graph\":[{\"@type\":\"WebPage\",\"@id\":\"https:\/\/www.uwo-water.de\/versickerungstechnik\/\",\"url\":\"https:\/\/www.uwo-water.de\/versickerungstechnik\/\",\"name\":\"[:de]Versickerungstechnik[:] - Uwo Water GmbH Regenwassernutzung\",\"isPartOf\":{\"@id\":\"https:\/\/www.uwo-water.de\/#website\"},\"datePublished\":\"2018-11-20T12:21:58+00:00\",\"dateModified\":\"2019-10-23T06:55:30+00:00\",\"description\":\"Versickerungstechnik UWO Water: Entw\u00e4sserungssystem f\u00fcr Privatgrundst\u00fccke. Beliebiges Speichervolumen, auch als R\u00fcckhaltesystem mit Folie lieferbar.\",\"breadcrumb\":{\"@id\":\"https:\/\/www.uwo-water.de\/versickerungstechnik\/#breadcrumb\"},\"inLanguage\":\"en-GB\",\"potentialAction\":[{\"@type\":\"ReadAction\",\"target\":[\"https:\/\/www.uwo-water.de\/versickerungstechnik\/\"]}]},{\"@type\":\"BreadcrumbList\",\"@id\":\"https:\/\/www.uwo-water.de\/versickerungstechnik\/#breadcrumb\",\"itemListElement\":[{\"@type\":\"ListItem\",\"position\":1,\"name\":\"Startseite\",\"item\":\"https:\/\/www.uwo-water.de\/\"},{\"@type\":\"ListItem\",\"position\":2,\"name\":\"Versickerungstechnik\"}]},{\"@type\":\"WebSite\",\"@id\":\"https:\/\/www.uwo-water.de\/#website\",\"url\":\"https:\/\/www.uwo-water.de\/\",\"name\":\"Uwo Water GmbH\",\"description\":\"Wassersysteme Regenwassernutzung Trennsysteme\",\"potentialAction\":[{\"@type\":\"SearchAction\",\"target\":{\"@type\":\"EntryPoint\",\"urlTemplate\":\"https:\/\/www.uwo-water.de\/?s={search_term_string}\"},\"query-input\":\"required name=search_term_string\"}],\"inLanguage\":\"en-GB\"}]}<\/script>\n<!-- \/ Yoast SEO plugin. -->","yoast_head_json":{"title":"Versickerungstechnik - Uwo Water GmbH Regenwassernutzung","description":"Versickerungstechnik UWO Water: Entw\u00e4sserungssystem f\u00fcr Privatgrundst\u00fccke. Beliebiges Speichervolumen, auch als R\u00fcckhaltesystem mit Folie lieferbar.","robots":{"index":"index","follow":"follow","max-snippet":"max-snippet:-1","max-image-preview":"max-image-preview:large","max-video-preview":"max-video-preview:-1"},"canonical":"https:\/\/www.uwo-water.de\/versickerungstechnik\/","og_locale":"en_GB","og_type":"article","og_title":"[:de]Versickerungstechnik[:] - Uwo Water GmbH Regenwassernutzung","og_description":"Versickerungstechnik UWO Water: Entw\u00e4sserungssystem f\u00fcr Privatgrundst\u00fccke. Beliebiges Speichervolumen, auch als R\u00fcckhaltesystem mit Folie lieferbar.","og_url":"https:\/\/www.uwo-water.de\/versickerungstechnik\/","og_site_name":"Uwo Water GmbH","article_modified_time":"2019-10-23T06:55:30+00:00","twitter_card":"summary_large_image","twitter_misc":{"Estimated reading time":"4 minutes"},"schema":{"@context":"https:\/\/schema.org","@graph":[{"@type":"WebPage","@id":"https:\/\/www.uwo-water.de\/versickerungstechnik\/","url":"https:\/\/www.uwo-water.de\/versickerungstechnik\/","name":"[:de]Versickerungstechnik[:] - Uwo Water GmbH Regenwassernutzung","isPartOf":{"@id":"https:\/\/www.uwo-water.de\/#website"},"datePublished":"2018-11-20T12:21:58+00:00","dateModified":"2019-10-23T06:55:30+00:00","description":"Versickerungstechnik UWO Water: Entw\u00e4sserungssystem f\u00fcr Privatgrundst\u00fccke. Beliebiges Speichervolumen, auch als R\u00fcckhaltesystem mit Folie lieferbar.","breadcrumb":{"@id":"https:\/\/www.uwo-water.de\/versickerungstechnik\/#breadcrumb"},"inLanguage":"en-GB","potentialAction":[{"@type":"ReadAction","target":["https:\/\/www.uwo-water.de\/versickerungstechnik\/"]}]},{"@type":"BreadcrumbList","@id":"https:\/\/www.uwo-water.de\/versickerungstechnik\/#breadcrumb","itemListElement":[{"@type":"ListItem","position":1,"name":"Startseite","item":"https:\/\/www.uwo-water.de\/"},{"@type":"ListItem","position":2,"name":"Versickerungstechnik"}]},{"@type":"WebSite","@id":"https:\/\/www.uwo-water.de\/#website","url":"https:\/\/www.uwo-water.de\/","name":"Uwo Water GmbH","description":"Wassersysteme Regenwassernutzung Trennsysteme","potentialAction":[{"@type":"SearchAction","target":{"@type":"EntryPoint","urlTemplate":"https:\/\/www.uwo-water.de\/?s={search_term_string}"},"query-input":"required name=search_term_string"}],"inLanguage":"en-GB"}]}},"_links":{"self":[{"href":"https:\/\/www.uwo-water.de\/en\/wp-json\/wp\/v2\/pages\/2025"}],"collection":[{"href":"https:\/\/www.uwo-water.de\/en\/wp-json\/wp\/v2\/pages"}],"about":[{"href":"https:\/\/www.uwo-water.de\/en\/wp-json\/wp\/v2\/types\/page"}],"author":[{"embeddable":true,"href":"https:\/\/www.uwo-water.de\/en\/wp-json\/wp\/v2\/users\/1"}],"replies":[{"embeddable":true,"href":"https:\/\/www.uwo-water.de\/en\/wp-json\/wp\/v2\/comments?post=2025"}],"version-history":[{"count":23,"href":"https:\/\/www.uwo-water.de\/en\/wp-json\/wp\/v2\/pages\/2025\/revisions"}],"predecessor-version":[{"id":4278,"href":"https:\/\/www.uwo-water.de\/en\/wp-json\/wp\/v2\/pages\/2025\/revisions\/4278"}],"wp:attachment":[{"href":"https:\/\/www.uwo-water.de\/en\/wp-json\/wp\/v2\/media?parent=2025"}],"curies":[{"name":"wp","href":"https:\/\/api.w.org\/{rel}","templated":true}]}}