{"id":2166,"date":"2019-01-10T15:30:16","date_gmt":"2019-01-10T14:30:16","guid":{"rendered":"http:\/\/uwo.kult-kunden.de\/?page_id=2166"},"modified":"2019-10-23T09:13:08","modified_gmt":"2019-10-23T07:13:08","slug":"texte-preise-2","status":"publish","type":"page","link":"https:\/\/www.uwo-water.de\/en\/texte-preise-2\/","title":{"rendered":"Planer INFO"},"content":{"rendered":"<p>[et_pb_section fb_built=&#8221;1&#8243; fullwidth=&#8221;on&#8221; _builder_version=&#8221;3.22&#8243; custom_padding=&#8221;0|0px|0px|0px|false|false&#8221;][et_pb_fullwidth_header title=&#8221;Architekten &#038; Planer Informationen &#8221; header_scroll_down=&#8221;on&#8221; background_overlay_color=&#8221;rgba(0,0,0,0)&#8221; _builder_version=&#8221;3.22.1&#8243; background_image=&#8221;https:\/\/www.uwo-water.de\/wp-content\/uploads\/2018\/11\/iStock-474329094.jpg&#8221; parallax=&#8221;on&#8221; text_shadow_style=&#8221;preset1&#8243; custom_css_main_element=&#8221;padding: 250px 0 250px&#8221; custom_css_title=&#8221;background: rgb(29,29,29,0.6)!important; padding:20px; max-width:740px; color:#3cd2fd!important; font-size:49px!important;&#8221; button_one_text_size__hover_enabled=&#8221;off&#8221; button_two_text_size__hover_enabled=&#8221;off&#8221; button_one_text_color__hover_enabled=&#8221;off&#8221; button_two_text_color__hover_enabled=&#8221;off&#8221; button_one_border_width__hover_enabled=&#8221;off&#8221; button_two_border_width__hover_enabled=&#8221;off&#8221; button_one_border_color__hover_enabled=&#8221;off&#8221; button_two_border_color__hover_enabled=&#8221;off&#8221; button_one_border_radius__hover_enabled=&#8221;off&#8221; button_two_border_radius__hover_enabled=&#8221;off&#8221; button_one_letter_spacing__hover_enabled=&#8221;off&#8221; button_two_letter_spacing__hover_enabled=&#8221;off&#8221; button_one_bg_color__hover_enabled=&#8221;off&#8221; button_two_bg_color__hover_enabled=&#8221;off&#8221;][\/et_pb_fullwidth_header][\/et_pb_section][et_pb_section fb_built=&#8221;1&#8243; _builder_version=&#8221;3.22&#8243; background_color=&#8221;#f7f7f7&#8243; custom_padding=&#8221;0|0px|1px|0px|false|false&#8221;][et_pb_row custom_padding=&#8221;98px|0px|0|0px|false|false&#8221; _builder_version=&#8221;3.22&#8243;][et_pb_column type=&#8221;1_2&#8243; _builder_version=&#8221;3.11.1&#8243;][et_pb_text _builder_version=&#8221;3.21.1&#8243; custom_css_main_element=&#8221;padding-right:20px;&#8221;]<\/p>\n<h1 style=\"color: #0c71c3; padding-bottom: 30px;\">AUSSCHREIBUNGEN<\/h1>\n<p>Auf Wunsch stellen wir Ihnen die Ausschreibungstexte zusammen. Mit unserem System haben Sie auch die M\u00f6glichkeit, selbst die Produkt-Zusammenstellung vorzunehmen und in dem gew\u00fcnschten Format zu exportieren.<\/p>\n<p>[\/et_pb_text][\/et_pb_column][et_pb_column type=&#8221;1_2&#8243; _builder_version=&#8221;3.11.1&#8243;][et_pb_image src=&#8221;https:\/\/www.uwo-water.de\/wp-content\/uploads\/2018\/11\/240_F_191497678_euwmrAPsZvpvkiPUedxlUdqxSh6rzhJT.jpg&#8221; _builder_version=&#8221;3.17.6&#8243; custom_css_main_element=&#8221;padding-left:20px;&#8221;][\/et_pb_image][\/et_pb_column][\/et_pb_row][\/et_pb_section][et_pb_section fb_built=&#8221;1&#8243; _builder_version=&#8221;3.22&#8243; custom_padding=&#8221;0|0px|1px|0px|false|false&#8221;][et_pb_row custom_padding=&#8221;0|0px|27px|0|false|false&#8221; _builder_version=&#8221;3.22&#8243;][et_pb_column type=&#8221;4_4&#8243; _builder_version=&#8221;3.17.6&#8243;][et_pb_image src=&#8221;https:\/\/www.uwo-water.de\/wp-content\/uploads\/2019\/04\/orca.jpg&#8221; _builder_version=&#8221;3.21.1&#8243; transform_translate=&#8221;218px|-12px&#8221; custom_margin=&#8221;13px|-36px||&#8221; custom_padding=&#8221;0px||&#8221; custom_css_main_element=&#8221;padding-left:20px;&#8221;][\/et_pb_image][et_pb_text _builder_version=&#8221;3.21.1&#8243;]<\/p>\n<p>\u00a0<span style=\"font-size: 16px;\">Als Besucher in <\/span><a href=\"https:\/\/aussschreiben.de\" target=\"_blank\" rel=\"noopener noreferrer\" style=\"font-size: 16px;\">AUSSCHREIBEN.DE<\/a><span style=\"font-size: 16px;\"> w\u00e4hlen Sie die Texte und das Datenformat f\u00fcr den kostenlosen Download aus. Sie k\u00f6nnen auch weiterf\u00fchrende Informationen anfordern.<\/span><\/p>\n<p><a href=\"https:\/\/aussschreiben.de\" target=\"_blank\" rel=\"noopener noreferrer\">AUSSCHREIBEN.DE<\/a> wurde von der ORCA Software GmbH entwickelt.<\/p>\n<p>[\/et_pb_text][\/et_pb_column][\/et_pb_row][\/et_pb_section][et_pb_section fb_built=&#8221;1&#8243; _builder_version=&#8221;3.22&#8243; background_color=&#8221;#f7f7f7&#8243; custom_padding=&#8221;0|0px|0|0px|false|false&#8221;][et_pb_row custom_padding=&#8221;98px|0px|27px|0px|false|false&#8221; _builder_version=&#8221;3.22&#8243;][et_pb_column type=&#8221;1_2&#8243; _builder_version=&#8221;3.11.1&#8243;][et_pb_text _builder_version=&#8221;3.17.6&#8243; custom_css_main_element=&#8221;padding-right:20px;&#8221;]<\/p>\n<h1 style=\"color: #0c71c3;\">ANLEITUNG<\/h1>\n<p style=\"font-size: medium;\">1. Klicken Sie auf das [+] Zeichen beim entsprechenden Produktordner.<br \/> 2. Markieren Sie das ausgew\u00e4hlte Produkt.<br \/> 3. Verschieben Sie das Produkt nach Rechts indem Sie den [>] anklicken, entfernen [<].<br \/> 4. Wenn Sie alle gew\u00fcnschten Produkte in der Ordner verschoben haben, klicken Sie auf exportieren.<br \/> 5. Nach dem Export w\u00e4hlen Sie das <strong>Ausgabeformat<\/strong>, <strong>Medium<\/strong> und <strong>Optionen<\/strong>.<br \/> 6. Die Aktion beenden Sie durch den Icon <strong>Ausf\u00fchren<\/strong>.<\/p>\n<p style=\"font-size: medium;\">\n<p>[\/et_pb_text][\/et_pb_column][et_pb_column type=&#8221;1_2&#8243; _builder_version=&#8221;3.11.1&#8243;][et_pb_image src=&#8221;https:\/\/www.uwo-water.de\/wp-content\/uploads\/2018\/11\/beregnungstechnik.png&#8221; _builder_version=&#8221;3.17.6&#8243; custom_css_main_element=&#8221;padding-left:20px;&#8221;][\/et_pb_image][\/et_pb_column][\/et_pb_row][\/et_pb_section][et_pb_section fb_built=&#8221;1&#8243; _builder_version=&#8221;3.22&#8243;][et_pb_row custom_padding=&#8221;0|0px|27px|0px|false|false&#8221; _builder_version=&#8221;3.22&#8243;][et_pb_column type=&#8221;4_4&#8243; _builder_version=&#8221;3.17.6&#8243;][et_pb_code _builder_version=&#8221;3.17.6&#8243;]<iframe loading=\"lazy\" src=\"http:\/\/www.ausschreiben.de\/online\/katalog\/asp\/asp.php?ade=0\" style=\"width: 100%; height: 700px; border: 0;\" width=\"100%\" height=\"500px\" frameborder=\"0\"><!-- [et_pb_line_break_holder] -->  <pee>Ihr Browser unterst\u00fctzt leider keine IFrame<\/pee><!-- [et_pb_line_break_holder] --><\/iframe>[\/et_pb_code][\/et_pb_column][\/et_pb_row][\/et_pb_section][et_pb_section fb_built=&#8221;1&#8243; fullwidth=&#8221;on&#8221; _builder_version=&#8221;3.22&#8243; custom_padding=&#8221;0|0px|0|0px|false|false&#8221;][et_pb_fullwidth_header title=&#8221;Your Title Goes Here&#8221; button_one_text=&#8221;Click Here&#8221; _builder_version=&#8221;3.17.6&#8243; background_image=&#8221;https:\/\/www.uwo-water.de\/wp-content\/uploads\/2018\/11\/iStock-120475399.jpg&#8221; parallax=&#8221;on&#8221; custom_css_main_element=&#8221;padding: 250px 0 250px&#8221; custom_css_title=&#8221;display:none;&#8221; custom_css_content=&#8221;display:none;&#8221; custom_css_subtitle=&#8221;display:none;&#8221; custom_css_button_1=&#8221;display:none;&#8221; custom_css_button_2=&#8221;display:none;&#8221; custom_css_scroll_button=&#8221;display:none;&#8221; button_one_text_size__hover_enabled=&#8221;off&#8221; button_two_text_size__hover_enabled=&#8221;off&#8221; button_one_text_color__hover_enabled=&#8221;off&#8221; button_two_text_color__hover_enabled=&#8221;off&#8221; button_one_border_width__hover_enabled=&#8221;off&#8221; button_two_border_width__hover_enabled=&#8221;off&#8221; button_one_border_color__hover_enabled=&#8221;off&#8221; button_two_border_color__hover_enabled=&#8221;off&#8221; button_one_border_radius__hover_enabled=&#8221;off&#8221; button_two_border_radius__hover_enabled=&#8221;off&#8221; button_one_letter_spacing__hover_enabled=&#8221;off&#8221; button_two_letter_spacing__hover_enabled=&#8221;off&#8221; button_one_bg_color__hover_enabled=&#8221;off&#8221; button_two_bg_color__hover_enabled=&#8221;off&#8221;]Your content goes here. Edit or remove this text inline or in the module Content settings. You can also style every aspect of this content in the module Design settings and even apply custom CSS to this text in the module Advanced settings.[\/et_pb_fullwidth_header][\/et_pb_section][et_pb_section fb_built=&#8221;1&#8243; fullwidth=&#8221;on&#8221; _builder_version=&#8221;3.22&#8243; custom_padding=&#8221;0|0px|0px|0px|false|false&#8221;][\/et_pb_section]<\/p>\n","protected":false},"excerpt":{"rendered":"<p>AUSSCHREIBUNGEN Auf Wunsch stellen wir Ihnen die Ausschreibungstexte zusammen. Mit unserem System haben Sie auch die M\u00f6glichkeit, selbst die Produkt-Zusammenstellung vorzunehmen und in dem gew\u00fcnschten Format zu exportieren.\u00a0Als Besucher in AUSSCHREIBEN.DE w\u00e4hlen Sie die Texte und das Datenformat f\u00fcr den kostenlosen Download aus. Sie k\u00f6nnen auch weiterf\u00fchrende Informationen anfordern. AUSSCHREIBEN.DE wurde von der ORCA Software [&hellip;]<\/p>\n","protected":false},"author":1,"featured_media":0,"parent":0,"menu_order":0,"comment_status":"closed","ping_status":"closed","template":"","meta":{"_et_pb_use_builder":"on","_et_pb_old_content":"text","_et_gb_content_width":""},"yoast_head":"<!-- This site is optimized with the Yoast SEO plugin v19.14 - https:\/\/yoast.com\/wordpress\/plugins\/seo\/ -->\n<title>Planer INFO - Uwo Water GmbH<\/title>\n<meta name=\"robots\" content=\"index, follow, max-snippet:-1, max-image-preview:large, max-video-preview:-1\" \/>\n<link rel=\"canonical\" href=\"https:\/\/www.uwo-water.de\/texte-preise-2\/\" \/>\n<meta property=\"og:locale\" content=\"en_GB\" \/>\n<meta property=\"og:type\" content=\"article\" \/>\n<meta property=\"og:title\" content=\"Planer INFO\" \/>\n<meta property=\"og:description\" content=\"AUSSCHREIBUNGEN Auf Wunsch stellen wir Ihnen die Ausschreibungstexte zusammen. Mit unserem System haben Sie auch die M\u00f6glichkeit, selbst die Produkt-Zusammenstellung vorzunehmen und in dem gew\u00fcnschten Format zu exportieren.\u00a0Als Besucher in AUSSCHREIBEN.DE w\u00e4hlen Sie die Texte und das Datenformat f\u00fcr den kostenlosen Download aus. Sie k\u00f6nnen auch weiterf\u00fchrende Informationen anfordern. AUSSCHREIBEN.DE wurde von der ORCA Software [&hellip;]\" \/>\n<meta property=\"og:url\" content=\"https:\/\/www.uwo-water.de\/texte-preise-2\/\" \/>\n<meta property=\"og:site_name\" content=\"Uwo Water GmbH\" \/>\n<meta property=\"article:modified_time\" content=\"2019-10-23T07:13:08+00:00\" \/>\n<meta name=\"twitter:card\" content=\"summary_large_image\" \/>\n<meta name=\"twitter:label1\" content=\"Estimated reading time\" \/>\n\t<meta name=\"twitter:data1\" content=\"4 minutes\" \/>\n<script type=\"application\/ld+json\" class=\"yoast-schema-graph\">{\"@context\":\"https:\/\/schema.org\",\"@graph\":[{\"@type\":\"WebPage\",\"@id\":\"https:\/\/www.uwo-water.de\/texte-preise-2\/\",\"url\":\"https:\/\/www.uwo-water.de\/texte-preise-2\/\",\"name\":\"[:de]Planer INFO[:] - Uwo Water GmbH\",\"isPartOf\":{\"@id\":\"https:\/\/www.uwo-water.de\/#website\"},\"datePublished\":\"2019-01-10T14:30:16+00:00\",\"dateModified\":\"2019-10-23T07:13:08+00:00\",\"breadcrumb\":{\"@id\":\"https:\/\/www.uwo-water.de\/texte-preise-2\/#breadcrumb\"},\"inLanguage\":\"en-GB\",\"potentialAction\":[{\"@type\":\"ReadAction\",\"target\":[\"https:\/\/www.uwo-water.de\/texte-preise-2\/\"]}]},{\"@type\":\"BreadcrumbList\",\"@id\":\"https:\/\/www.uwo-water.de\/texte-preise-2\/#breadcrumb\",\"itemListElement\":[{\"@type\":\"ListItem\",\"position\":1,\"name\":\"Startseite\",\"item\":\"https:\/\/www.uwo-water.de\/\"},{\"@type\":\"ListItem\",\"position\":2,\"name\":\"Planer INFO\"}]},{\"@type\":\"WebSite\",\"@id\":\"https:\/\/www.uwo-water.de\/#website\",\"url\":\"https:\/\/www.uwo-water.de\/\",\"name\":\"Uwo Water GmbH\",\"description\":\"Wassersysteme Regenwassernutzung Trennsysteme\",\"potentialAction\":[{\"@type\":\"SearchAction\",\"target\":{\"@type\":\"EntryPoint\",\"urlTemplate\":\"https:\/\/www.uwo-water.de\/?s={search_term_string}\"},\"query-input\":\"required name=search_term_string\"}],\"inLanguage\":\"en-GB\"}]}<\/script>\n<!-- \/ Yoast SEO plugin. -->","yoast_head_json":{"title":"Planer INFO - Uwo Water GmbH","robots":{"index":"index","follow":"follow","max-snippet":"max-snippet:-1","max-image-preview":"max-image-preview:large","max-video-preview":"max-video-preview:-1"},"canonical":"https:\/\/www.uwo-water.de\/texte-preise-2\/","og_locale":"en_GB","og_type":"article","og_title":"[:de]Planer INFO[:] - Uwo Water GmbH","og_description":"AUSSCHREIBUNGEN Auf Wunsch stellen wir Ihnen die Ausschreibungstexte zusammen. Mit unserem System haben Sie auch die M\u00f6glichkeit, selbst die Produkt-Zusammenstellung vorzunehmen und in dem gew\u00fcnschten Format zu exportieren.\u00a0Als Besucher in AUSSCHREIBEN.DE w\u00e4hlen Sie die Texte und das Datenformat f\u00fcr den kostenlosen Download aus. Sie k\u00f6nnen auch weiterf\u00fchrende Informationen anfordern. AUSSCHREIBEN.DE wurde von der ORCA Software [&hellip;]","og_url":"https:\/\/www.uwo-water.de\/texte-preise-2\/","og_site_name":"Uwo Water GmbH","article_modified_time":"2019-10-23T07:13:08+00:00","twitter_card":"summary_large_image","twitter_misc":{"Estimated reading time":"4 minutes"},"schema":{"@context":"https:\/\/schema.org","@graph":[{"@type":"WebPage","@id":"https:\/\/www.uwo-water.de\/texte-preise-2\/","url":"https:\/\/www.uwo-water.de\/texte-preise-2\/","name":"[:de]Planer INFO[:] - Uwo Water GmbH","isPartOf":{"@id":"https:\/\/www.uwo-water.de\/#website"},"datePublished":"2019-01-10T14:30:16+00:00","dateModified":"2019-10-23T07:13:08+00:00","breadcrumb":{"@id":"https:\/\/www.uwo-water.de\/texte-preise-2\/#breadcrumb"},"inLanguage":"en-GB","potentialAction":[{"@type":"ReadAction","target":["https:\/\/www.uwo-water.de\/texte-preise-2\/"]}]},{"@type":"BreadcrumbList","@id":"https:\/\/www.uwo-water.de\/texte-preise-2\/#breadcrumb","itemListElement":[{"@type":"ListItem","position":1,"name":"Startseite","item":"https:\/\/www.uwo-water.de\/"},{"@type":"ListItem","position":2,"name":"Planer INFO"}]},{"@type":"WebSite","@id":"https:\/\/www.uwo-water.de\/#website","url":"https:\/\/www.uwo-water.de\/","name":"Uwo Water GmbH","description":"Wassersysteme Regenwassernutzung Trennsysteme","potentialAction":[{"@type":"SearchAction","target":{"@type":"EntryPoint","urlTemplate":"https:\/\/www.uwo-water.de\/?s={search_term_string}"},"query-input":"required name=search_term_string"}],"inLanguage":"en-GB"}]}},"_links":{"self":[{"href":"https:\/\/www.uwo-water.de\/en\/wp-json\/wp\/v2\/pages\/2166"}],"collection":[{"href":"https:\/\/www.uwo-water.de\/en\/wp-json\/wp\/v2\/pages"}],"about":[{"href":"https:\/\/www.uwo-water.de\/en\/wp-json\/wp\/v2\/types\/page"}],"author":[{"embeddable":true,"href":"https:\/\/www.uwo-water.de\/en\/wp-json\/wp\/v2\/users\/1"}],"replies":[{"embeddable":true,"href":"https:\/\/www.uwo-water.de\/en\/wp-json\/wp\/v2\/comments?post=2166"}],"version-history":[{"count":19,"href":"https:\/\/www.uwo-water.de\/en\/wp-json\/wp\/v2\/pages\/2166\/revisions"}],"predecessor-version":[{"id":4281,"href":"https:\/\/www.uwo-water.de\/en\/wp-json\/wp\/v2\/pages\/2166\/revisions\/4281"}],"wp:attachment":[{"href":"https:\/\/www.uwo-water.de\/en\/wp-json\/wp\/v2\/media?parent=2166"}],"curies":[{"name":"wp","href":"https:\/\/api.w.org\/{rel}","templated":true}]}}