{"id":2747,"date":"2019-02-05T18:01:05","date_gmt":"2019-02-05T17:01:05","guid":{"rendered":"http:\/\/uwo.kult-kunden.de\/versandarten\/"},"modified":"2024-09-26T13:03:27","modified_gmt":"2024-09-26T11:03:27","slug":"versandarten","status":"publish","type":"page","link":"https:\/\/www.uwo-water.de\/en\/versandarten\/","title":{"rendered":"Versandarten"},"content":{"rendered":"<p>[et_pb_section fb_built=&#8221;1&#8243; _builder_version=&#8221;4.16&#8243; global_colors_info=&#8221;{}&#8221;][et_pb_row _builder_version=&#8221;4.16&#8243; custom_padding=&#8221;25px|||||&#8221; global_colors_info=&#8221;{}&#8221;][et_pb_column type=&#8221;4_4&#8243; _builder_version=&#8221;4.16&#8243; custom_padding=&#8221;|||&#8221; global_colors_info=&#8221;{}&#8221; custom_padding__hover=&#8221;|||&#8221;][et_pb_text _builder_version=&#8221;4.16&#8243; global_colors_info=&#8221;{}&#8221;]<\/p>\n<h1><span color=\"#000000\" style=\"color: #000000;\"><span face=\"Arial, serif\" style=\"font-family: Arial, serif;\"><span size=\"3\" style=\"font-size: medium;\"><span size=\"5\" style=\"font-size: x-large;\"><u><b>Versandkosten UWO-Water GmbH<\/b><\/u><\/span><\/span><\/span><\/span><\/h1>\n<p style=\"text-align: left;\"><u><\/u><\/p>\n<table width=\"313\" height=\"60\">\n<tbody>\n<tr>\n<td style=\"width: 148px;\"><\/td>\n<td style=\"width: 149px; text-align: right;\"><u><b>Versand per Post<\/b><\/u><\/td>\n<\/tr>\n<tr>\n<td style=\"width: 148px;\">Postversand normal<\/td>\n<td style=\"width: 149px; text-align: right;\">4,50 Euro<\/td>\n<\/tr>\n<tr>\n<td style=\"width: 148px;\">P\u00e4ckchen bis 1 kg<\/td>\n<td style=\"width: 149px; text-align: right;\">9,50 Euro<\/td>\n<\/tr>\n<tr>\n<td style=\"width: 148px;\"><\/td>\n<td style=\"width: 149px;\"><\/td>\n<\/tr>\n<tr>\n<td style=\"width: 148px;\"><\/td>\n<td style=\"width: 149px;\">\n<p style=\"text-align: right;\"><u><b>Versandkosten Paketdienst<\/b><\/u><\/p>\n<\/td>\n<\/tr>\n<tr>\n<td style=\"width: 148px;\">Ware ab 1 \u2013 10 kg<\/td>\n<td style=\"width: 149px; text-align: right;\">18,50 Euro<\/td>\n<\/tr>\n<tr>\n<td style=\"width: 148px;\">Ware ab 10 \u2013 20 kg<\/td>\n<td style=\"width: 149px; text-align: right;\">24,50 Euro<\/td>\n<\/tr>\n<tr>\n<td style=\"width: 148px;\">Volumengewicht > 30 kg<\/td>\n<td style=\"width: 149px; text-align: right;\">24,00 Euro<\/td>\n<\/tr>\n<tr>\n<td style=\"width: 148px;\"><\/td>\n<td style=\"width: 149px;\"><\/td>\n<\/tr>\n<tr>\n<td style=\"width: 148px;\"><\/td>\n<td style=\"width: 149px; text-align: right;\"><u><b>Versandkosten Spedition<\/b><\/u><\/td>\n<\/tr>\n<tr>\n<td style=\"width: 148px;\">Pakete ab 2 Meter L\u00e4nge<\/td>\n<td style=\"width: 149px; text-align: right;\">45,00 Euro<\/td>\n<\/tr>\n<tr>\n<td style=\"width: 148px;\"><\/td>\n<td style=\"width: 149px;\"><\/td>\n<\/tr>\n<tr>\n<td style=\"width: 148px;\"><\/td>\n<td style=\"width: 149px; text-align: right;\"><u><b>Versand mit Palette<\/b><\/u><\/td>\n<\/tr>\n<tr>\n<td style=\"width: 148px;\"><b>kleine Einwegpalette bis 50 kg, unter 60 cm<\/b><\/td>\n<td style=\"width: 149px; text-align: right;\">65,00 Euro<\/td>\n<\/tr>\n<tr>\n<td style=\"width: 148px;\"><b>kleine Einwegpalette bis 100 kg, \u00fcber 60 cm<\/b><\/td>\n<td style=\"width: 149px; text-align: right;\">85,00 Euro<\/td>\n<\/tr>\n<tr>\n<td style=\"width: 148px;\"><b>gro\u00dfe Einwegpalette bis 200 kg<\/b><\/td>\n<td style=\"width: 149px; text-align: right;\">\n<p>125,00 Euro<\/p>\n<p>nach Aufwand\/auf Anfrage<\/p>\n<\/td>\n<\/tr>\n<tr>\n<td style=\"width: 148px;\"><b>gro\u00dfe Einwegpalette bis 400 kg<\/b><\/td>\n<td style=\"width: 149px; text-align: right;\">\n<p><span style=\"font-size: 16px;\">nach Aufwand\/auf Anfrage<\/span><\/p>\n<\/td>\n<\/tr>\n<tr>\n<td style=\"width: 148px;\"><\/td>\n<td style=\"width: 149px;\"><\/td>\n<\/tr>\n<tr>\n<td style=\"width: 148px; text-align: right;\"><\/td>\n<td style=\"width: 149px; text-align: right;\"><u><b>Versand Kunststoff- und Betonzisternen<\/b><\/u><\/td>\n<\/tr>\n<tr>\n<td style=\"width: 148px;\">\n<p><b>Lieferkosten UWO-Classic Tank 3.500 Liter,\u00a0<\/b><b>RTMO-Erdspeicher + Flachtanks<\/b><\/p>\n<p>Bitte beachten Sie, dass die Lieferkosten des Tanks nur f\u00fcr das Anliefern &#8220;frei Bordsteinkante&#8221; gelten. F\u00fcr das Abladen vor Ort sollte ein Gabelstapler, Bagger o. \u00e4. zur Verf\u00fcgung stehen.<\/p>\n<\/td>\n<td style=\"width: 149px; text-align: right;\">189,00 Euro<\/td>\n<\/tr>\n<tr>\n<td style=\"width: 148px;\">\n<p align=\"JUSTIFY\"><b>Lieferkosten Mini-Erdspeicher<\/b><\/p>\n<p align=\"JUSTIFY\"><b>zzgl. Domschacht<\/b><\/p>\n<\/td>\n<td style=\"width: 149px; text-align: right;\">\n<p>90,00 Euro<\/p>\n<p>+ 40,00 Euro<\/p>\n<\/td>\n<\/tr>\n<tr>\n<td style=\"width: 148px;\">\n<p align=\"JUSTIFY\"><b>Versandkosten UWO-Rock Zisternen<\/b><\/p>\n<\/td>\n<td style=\"width: 149px; text-align: right;\">\n<p>< 200 km: 250,00 Euro<\/p>\n<p>bis 300 km: 300,00 Euro<\/p>\n<\/td>\n<\/tr>\n<\/tbody>\n<\/table>\n<p style=\"text-align: left;\"><u><\/u><\/p>\n<p><span style=\"font-size: 16px;\"><\/span><\/p>\n<p><strong>Absenken in die Baugrube (falls nach unserem Ermessen m\u00f6glich) oder ebenerdige Abladung. F\u00fcr das direkte Absetzen in die bauseits vorbereitete Baugrube muss f\u00fcr das Kranfahrzeug ein entsprechend fester, ebener Untergrund geschaffen sein. Ausbildung der Grube nach DIN 4124, ATV &#8211; A 127<\/strong><\/p>\n<p><strong>Beim Absenken in die Baugrube (gilt nur ab UWO Rock 7.000 l) sind hierf\u00fcr Personal und M\u00f6rtel (MGIII) bereit zu stellen. F\u00fcr das Entladen ist max. 1 Stunde pro Betonspeicher berechnet. Jede weitere, angefangene 1\/2 Stunde berechnen wir mit \u20ac 46,00.<\/strong><\/p>\n<p><strong>Alle Versandkosten sind abh\u00e4ngig vom Gewicht der Ware, der Verpackungsweise (Kartonage\/Einwegpalette), Volumen\/H\u00f6he!<\/strong><\/p>\n<p>[\/et_pb_text][\/et_pb_column][\/et_pb_row][\/et_pb_section]<\/p>\n","protected":false},"excerpt":{"rendered":"<p>Versandkosten UWO-Water GmbH Versand per Post Postversand normal 4,50 Euro P\u00e4ckchen bis 1 kg 9,50 Euro Versandkosten Paketdienst Ware ab 1 \u2013 10 kg 18,50 Euro Ware ab 10 \u2013 20 kg 24,50 Euro Volumengewicht > 30 kg 24,00 Euro Versandkosten Spedition Pakete ab 2 Meter L\u00e4nge 45,00 Euro Versand mit Palette kleine Einwegpalette bis [&hellip;]<\/p>\n","protected":false},"author":1,"featured_media":0,"parent":0,"menu_order":0,"comment_status":"closed","ping_status":"closed","template":"","meta":{"_et_pb_use_builder":"on","_et_pb_old_content":"","_et_gb_content_width":""},"yoast_head":"<!-- This site is optimized with the Yoast SEO plugin v19.14 - https:\/\/yoast.com\/wordpress\/plugins\/seo\/ -->\n<title>Versandarten - Uwo Water GmbH<\/title>\n<meta name=\"robots\" content=\"index, follow, max-snippet:-1, max-image-preview:large, max-video-preview:-1\" \/>\n<link rel=\"canonical\" href=\"https:\/\/www.uwo-water.de\/versandarten\/\" \/>\n<meta property=\"og:locale\" content=\"en_GB\" \/>\n<meta property=\"og:type\" content=\"article\" \/>\n<meta property=\"og:title\" content=\"Versandarten\" \/>\n<meta property=\"og:description\" content=\"Versandkosten UWO-Water GmbH Versand per Post Postversand normal 4,50 Euro P\u00e4ckchen bis 1 kg 9,50 Euro Versandkosten Paketdienst Ware ab 1 \u2013 10 kg 18,50 Euro Ware ab 10 \u2013 20 kg 24,50 Euro Volumengewicht &gt; 30 kg 24,00 Euro Versandkosten Spedition Pakete ab 2 Meter L\u00e4nge 45,00 Euro Versand mit Palette kleine Einwegpalette bis [&hellip;]\" \/>\n<meta property=\"og:url\" content=\"https:\/\/www.uwo-water.de\/versandarten\/\" \/>\n<meta property=\"og:site_name\" content=\"Uwo Water GmbH\" \/>\n<meta property=\"article:modified_time\" content=\"2024-09-26T11:03:27+00:00\" \/>\n<meta name=\"twitter:card\" content=\"summary_large_image\" \/>\n<meta name=\"twitter:label1\" content=\"Estimated reading time\" \/>\n\t<meta name=\"twitter:data1\" content=\"1 minute\" \/>\n<script type=\"application\/ld+json\" class=\"yoast-schema-graph\">{\"@context\":\"https:\/\/schema.org\",\"@graph\":[{\"@type\":\"WebPage\",\"@id\":\"https:\/\/www.uwo-water.de\/versandarten\/\",\"url\":\"https:\/\/www.uwo-water.de\/versandarten\/\",\"name\":\"[:de]Versandarten[:] - Uwo Water GmbH\",\"isPartOf\":{\"@id\":\"https:\/\/www.uwo-water.de\/#website\"},\"datePublished\":\"2019-02-05T17:01:05+00:00\",\"dateModified\":\"2024-09-26T11:03:27+00:00\",\"breadcrumb\":{\"@id\":\"https:\/\/www.uwo-water.de\/versandarten\/#breadcrumb\"},\"inLanguage\":\"en-GB\",\"potentialAction\":[{\"@type\":\"ReadAction\",\"target\":[\"https:\/\/www.uwo-water.de\/versandarten\/\"]}]},{\"@type\":\"BreadcrumbList\",\"@id\":\"https:\/\/www.uwo-water.de\/versandarten\/#breadcrumb\",\"itemListElement\":[{\"@type\":\"ListItem\",\"position\":1,\"name\":\"Startseite\",\"item\":\"https:\/\/www.uwo-water.de\/\"},{\"@type\":\"ListItem\",\"position\":2,\"name\":\"Versandarten\"}]},{\"@type\":\"WebSite\",\"@id\":\"https:\/\/www.uwo-water.de\/#website\",\"url\":\"https:\/\/www.uwo-water.de\/\",\"name\":\"Uwo Water GmbH\",\"description\":\"Wassersysteme Regenwassernutzung Trennsysteme\",\"potentialAction\":[{\"@type\":\"SearchAction\",\"target\":{\"@type\":\"EntryPoint\",\"urlTemplate\":\"https:\/\/www.uwo-water.de\/?s={search_term_string}\"},\"query-input\":\"required name=search_term_string\"}],\"inLanguage\":\"en-GB\"}]}<\/script>\n<!-- \/ Yoast SEO plugin. -->","yoast_head_json":{"title":"Versandarten - Uwo Water GmbH","robots":{"index":"index","follow":"follow","max-snippet":"max-snippet:-1","max-image-preview":"max-image-preview:large","max-video-preview":"max-video-preview:-1"},"canonical":"https:\/\/www.uwo-water.de\/versandarten\/","og_locale":"en_GB","og_type":"article","og_title":"[:de]Versandarten[:] - Uwo Water GmbH","og_description":"Versandkosten UWO-Water GmbH Versand per Post Postversand normal 4,50 Euro P\u00e4ckchen bis 1 kg 9,50 Euro Versandkosten Paketdienst Ware ab 1 \u2013 10 kg 18,50 Euro Ware ab 10 \u2013 20 kg 24,50 Euro Volumengewicht > 30 kg 24,00 Euro Versandkosten Spedition Pakete ab 2 Meter L\u00e4nge 45,00 Euro Versand mit Palette kleine Einwegpalette bis [&hellip;]","og_url":"https:\/\/www.uwo-water.de\/versandarten\/","og_site_name":"Uwo Water GmbH","article_modified_time":"2024-09-26T11:03:27+00:00","twitter_card":"summary_large_image","twitter_misc":{"Estimated reading time":"1 minute"},"schema":{"@context":"https:\/\/schema.org","@graph":[{"@type":"WebPage","@id":"https:\/\/www.uwo-water.de\/versandarten\/","url":"https:\/\/www.uwo-water.de\/versandarten\/","name":"[:de]Versandarten[:] - Uwo Water GmbH","isPartOf":{"@id":"https:\/\/www.uwo-water.de\/#website"},"datePublished":"2019-02-05T17:01:05+00:00","dateModified":"2024-09-26T11:03:27+00:00","breadcrumb":{"@id":"https:\/\/www.uwo-water.de\/versandarten\/#breadcrumb"},"inLanguage":"en-GB","potentialAction":[{"@type":"ReadAction","target":["https:\/\/www.uwo-water.de\/versandarten\/"]}]},{"@type":"BreadcrumbList","@id":"https:\/\/www.uwo-water.de\/versandarten\/#breadcrumb","itemListElement":[{"@type":"ListItem","position":1,"name":"Startseite","item":"https:\/\/www.uwo-water.de\/"},{"@type":"ListItem","position":2,"name":"Versandarten"}]},{"@type":"WebSite","@id":"https:\/\/www.uwo-water.de\/#website","url":"https:\/\/www.uwo-water.de\/","name":"Uwo Water GmbH","description":"Wassersysteme Regenwassernutzung Trennsysteme","potentialAction":[{"@type":"SearchAction","target":{"@type":"EntryPoint","urlTemplate":"https:\/\/www.uwo-water.de\/?s={search_term_string}"},"query-input":"required name=search_term_string"}],"inLanguage":"en-GB"}]}},"_links":{"self":[{"href":"https:\/\/www.uwo-water.de\/en\/wp-json\/wp\/v2\/pages\/2747"}],"collection":[{"href":"https:\/\/www.uwo-water.de\/en\/wp-json\/wp\/v2\/pages"}],"about":[{"href":"https:\/\/www.uwo-water.de\/en\/wp-json\/wp\/v2\/types\/page"}],"author":[{"embeddable":true,"href":"https:\/\/www.uwo-water.de\/en\/wp-json\/wp\/v2\/users\/1"}],"replies":[{"embeddable":true,"href":"https:\/\/www.uwo-water.de\/en\/wp-json\/wp\/v2\/comments?post=2747"}],"version-history":[{"count":16,"href":"https:\/\/www.uwo-water.de\/en\/wp-json\/wp\/v2\/pages\/2747\/revisions"}],"predecessor-version":[{"id":6053,"href":"https:\/\/www.uwo-water.de\/en\/wp-json\/wp\/v2\/pages\/2747\/revisions\/6053"}],"wp:attachment":[{"href":"https:\/\/www.uwo-water.de\/en\/wp-json\/wp\/v2\/media?parent=2747"}],"curies":[{"name":"wp","href":"https:\/\/api.w.org\/{rel}","templated":true}]}}