{"id":2759,"date":"2019-02-18T19:07:17","date_gmt":"2019-02-18T18:07:17","guid":{"rendered":"http:\/\/uwo.kult-kunden.de\/?page_id=2759"},"modified":"2024-03-04T14:52:38","modified_gmt":"2024-03-04T13:52:38","slug":"bedienungsanleitungen","status":"publish","type":"page","link":"https:\/\/www.uwo-water.de\/en\/bedienungsanleitungen\/","title":{"rendered":""},"content":{"rendered":"<p>[et_pb_section fb_built=&#8221;1&#8243; fullwidth=&#8221;on&#8221; _builder_version=&#8221;4.16&#8243; custom_padding=&#8221;0|0px|0px|0px|false|false&#8221; global_colors_info=&#8221;{}&#8221;][et_pb_fullwidth_header title=&#8221;Bedienungsanleitungen&#8221; header_scroll_down=&#8221;on&#8221; background_overlay_color=&#8221;rgba(0,0,0,0)&#8221; _builder_version=&#8221;4.16&#8243; background_image=&#8221;https:\/\/www.uwo-water.de\/wp-content\/uploads\/2018\/11\/iStock-474329094.jpg&#8221; parallax=&#8221;on&#8221; custom_css_main_element=&#8221;padding: 250px 0 250px&#8221; custom_css_title=&#8221;background: rgb(29,29,29,0.6)!important; padding:20px; max-width:600px; color:#3cd2fd!important; font-size:49px!important;&#8221; text_shadow_style=&#8221;preset1&#8243; global_colors_info=&#8221;{}&#8221; button_one_text_size__hover_enabled=&#8221;off&#8221; button_two_text_size__hover_enabled=&#8221;off&#8221; button_one_text_color__hover_enabled=&#8221;off&#8221; button_two_text_color__hover_enabled=&#8221;off&#8221; button_one_border_width__hover_enabled=&#8221;off&#8221; button_two_border_width__hover_enabled=&#8221;off&#8221; button_one_border_color__hover_enabled=&#8221;off&#8221; button_two_border_color__hover_enabled=&#8221;off&#8221; button_one_border_radius__hover_enabled=&#8221;off&#8221; button_two_border_radius__hover_enabled=&#8221;off&#8221; button_one_letter_spacing__hover_enabled=&#8221;off&#8221; button_two_letter_spacing__hover_enabled=&#8221;off&#8221; button_one_bg_color__hover_enabled=&#8221;off&#8221; button_two_bg_color__hover_enabled=&#8221;off&#8221;][\/et_pb_fullwidth_header][\/et_pb_section][et_pb_section fb_built=&#8221;1&#8243; _builder_version=&#8221;4.19.4&#8243; link_option_url=&#8221;https:\/\/www.uwo-water.de\/wp-content\/uploads\/2023\/11\/UWO-Aquamatik-2022-1.pdf&#8221; global_colors_info=&#8221;{}&#8221;][et_pb_row _builder_version=&#8221;4.16&#8243; global_colors_info=&#8221;{}&#8221;][et_pb_column type=&#8221;4_4&#8243; _builder_version=&#8221;4.16&#8243; custom_padding=&#8221;|||&#8221; global_colors_info=&#8221;{}&#8221; custom_padding__hover=&#8221;|||&#8221;][et_pb_text _builder_version=&#8221;4.19.4&#8243; text_font=&#8221;||||||||&#8221; global_colors_info=&#8221;{}&#8221;]<\/p>\n<h1><strong>Regenwassermanager<\/strong><\/h1>\n<p><a href=\"https:\/\/www.uwo-water.de\/wp-content\/uploads\/2019\/05\/ASP-RI-2018.pdf\" rel=\"attachment wp-att-3877\">ASP<\/a><a href=\"https:\/\/www.uwo-water.de\/wp-content\/uploads\/2019\/05\/ASP-RI-2018.pdf\" rel=\"attachment wp-att-3877\">-RI 2018<\/a><\/p>\n<p><a href=\"https:\/\/www.uwo-water.de\/wp-content\/uploads\/2019\/05\/Combimat-2019-Montageanleitung.pdf\" rel=\"attachment wp-att-3876\">Combimat 2019 Montageanleitung<\/a><\/p>\n<p><a href=\"https:\/\/www.uwo-water.de\/wp-content\/uploads\/2019\/05\/UWO_Matrix-2018.pdf\" rel=\"attachment wp-att-3875\">UWO_Matrix 2018<\/a> <a href=\"https:\/\/www.uwo-water.de\/wp-content\/uploads\/2019\/05\/UWO-PowerTwin.pdf\" rel=\"attachment wp-att-3874\"><\/a><\/p>\n<p><a href=\"https:\/\/www.uwo-water.de\/wp-content\/uploads\/2019\/05\/UWO-PowerTwin.pdf\" rel=\"attachment wp-att-3874\">UWO PowerTwin<\/a> <a href=\"https:\/\/www.uwo-water.de\/wp-content\/uploads\/2019\/05\/Umr\u00fcstung-NSB-II-auf-RewamatikV.pdf\" rel=\"attachment wp-att-3873\"><\/a><\/p>\n<p><a href=\"https:\/\/www.uwo-water.de\/wp-content\/uploads\/2019\/05\/Umr\u00fcstung-NSB-II-auf-RewamatikV.pdf\" rel=\"attachment wp-att-3873\">Umr\u00fcstung NSB II auf RewamatikV<\/a><\/p>\n<p><a href=\"https:\/\/www.uwo-water.de\/wp-content\/uploads\/2019\/05\/Teileliste-UWO_Matrix.pdf\" rel=\"attachment wp-att-3872\">Teileliste UWO_Matrix<\/a> <a href=\"https:\/\/www.uwo-water.de\/wp-content\/uploads\/2019\/05\/Rewamat-T-plus-EN-1717.pdf\" rel=\"attachment wp-att-3871\"><\/a><\/p>\n<p><a href=\"https:\/\/www.uwo-water.de\/wp-content\/uploads\/2019\/05\/Rewamat-T-plus-EN-1717.pdf\" rel=\"attachment wp-att-3871\">Rewamat T plus EN 1717<\/a><\/p>\n<p><a href=\"https:\/\/www.uwo-water.de\/wp-content\/uploads\/2019\/05\/Rewamat-Plus-blue-digital-EN1717.pdf\" rel=\"attachment wp-att-3870\">Rewamat Plus blue digital EN1717<\/a> <a href=\"https:\/\/www.uwo-water.de\/wp-content\/uploads\/2019\/05\/Power-Twin-blue.pdf\" rel=\"attachment wp-att-3869\"><\/a><\/p>\n<p><a href=\"https:\/\/www.uwo-water.de\/wp-content\/uploads\/2019\/05\/Power-Twin-blue.pdf\" rel=\"attachment wp-att-3869\">Power Twin blue<\/a> <a href=\"https:\/\/www.uwo-water.de\/wp-content\/uploads\/2019\/05\/Piktogramm-UWO-Water-Matrix.pdf\" rel=\"attachment wp-att-3868\">Piktogramm <\/a><\/p>\n<p><a href=\"https:\/\/www.uwo-water.de\/wp-content\/uploads\/2019\/05\/Piktogramm-UWO-Water-Matrix.pdf\" rel=\"attachment wp-att-3868\">UWO-Water Matrix<\/a> <a href=\"https:\/\/www.uwo-water.de\/wp-content\/uploads\/2019\/05\/Matrix-blue-2019.pdf\" rel=\"attachment wp-att-3867\"><\/a><\/p>\n<p><a href=\"https:\/\/www.uwo-water.de\/wp-content\/uploads\/2019\/05\/Matrix-blue-2019.pdf\" rel=\"attachment wp-att-3867\">Matrix blue 2019<\/a><\/p>\n<p><span style=\"color: #0c71c3;\"><a href=\"https:\/\/www.uwo-water.de\/wp-content\/uploads\/2023\/09\/Teileliste-UWO-Matrix-2022.pdf\" title=\"Teileliste Matrix \/ blue\">Matrix blue 2022 Teileliste<\/a><br \/><\/span><\/p>\n<p><strong><\/strong><\/p>\n<h2>Steuerungen F\u00fcllstand<\/h2>\n<p><a href=\"https:\/\/www.uwo-water.de\/wp-content\/uploads\/2019\/02\/Digitale_F\u00fcllstandanzeige_2018.pdf\" target=\"_blank\" rel=\"attachment noopener wp-att-2774 noreferrer\">Digitale_F\u00fcllstandanzeige_2018<\/a><\/p>\n<p><a href=\"https:\/\/www.uwo-water.de\/wp-content\/uploads\/2019\/02\/F\u00fcllstandsmelder-f\u00fcr-Abwassergruben.pdf\" target=\"_blank\" rel=\"attachment noopener wp-att-2775 noreferrer\">F\u00fcllstandsmelder f\u00fcr Abwassergruben<\/a><\/p>\n<p><a href=\"https:\/\/www.uwo-water.de\/wp-content\/uploads\/2019\/02\/UWO-Funksteuerung-Frequenzeinstellung.pdf\" target=\"_blank\" rel=\"attachment noopener wp-att-2779 noreferrer\">UWO- Funksteuerung Frequenzeinstellung<\/a><\/p>\n<p><a href=\"https:\/\/www.uwo-water.de\/wp-content\/uploads\/2019\/02\/Umr\u00fcstung-NSB-II-auf-RewamatikV.pdf\" target=\"_blank\" rel=\"attachment noopener wp-att-2778 noreferrer\">Umr\u00fcstung NSB II auf RewamatikV<\/a><\/p>\n<p style=\"text-align: left;\"><a href=\"https:\/\/www.uwo-water.de\/wp-content\/uploads\/2019\/10\/UWO-Matrix-Druckw\u00e4chter.pdf\" target=\"_blank\" rel=\"attachment noopener noreferrer wp-att-2778\">UWO-Water Druckw\u00e4chter<\/a><\/p>\n<p style=\"text-align: left;\"><a href=\"https:\/\/www.uwo-water.de\/wp-content\/uploads\/2023\/11\/UWO-Aquamatik-2022-1.pdf\">Digitale_F\u00fcllstandanzeige_2022<\/a><\/p>\n<p>&nbsp;<\/p>\n<p><a href=\"https:\/\/www.uwo-water.de\/wp-content\/uploads\/2019\/02\/\u00dcberwachungsfunktionen-der-UWO-blue-Steuerung.pdf\" target=\"_blank\" rel=\"attachment noopener wp-att-2777 noreferrer\"><br \/>\u00dcberwachungsfunktionen der UWO blue Steuerung<\/a><\/p>\n<p><a href=\"https:\/\/www.uwo-water.de\/wp-content\/uploads\/2019\/02\/RewamatikV-Funktion.pdf\" target=\"_blank\" rel=\"attachment noopener wp-att-2776 noreferrer\">RewamatikV Funktion<\/a><\/p>\n<p><span style=\"text-decoration: underline;\">\u00a0<\/span><\/p>\n<p><span style=\"text-decoration: underline;\"><\/span><\/p>\n<h2>Tanks<\/h2>\n<p><a target=\"_blank\" href=\"https:\/\/www.uwo-water.de\/wp-content\/uploads\/2019\/02\/Montageanleitung-UWO_Mini-Schacht.pdf\" rel=\"attachment wp-att-2785 noopener noreferrer\">Montageanleitung UWO_Mini-Schacht<\/a><\/p>\n<p><a href=\"https:\/\/www.uwo-water.de\/wp-content\/uploads\/2019\/02\/Ma\u00dfblatt-Mini_Erdspeicher-Flachtank.pdf\" rel=\"attachment wp-att-2784\">Ma\u00dfblatt Mini_Erdspeicher Flachtank<\/a><\/p>\n<p><a target=\"_blank\" href=\"https:\/\/www.uwo-water.de\/wp-content\/uploads\/2019\/02\/Classic-IT-Montage.pdf\" rel=\"attachment wp-att-2782 noopener noreferrer\">Classic IT Montage<\/a><\/p>\n<p><a href=\"https:\/\/www.uwo-water.de\/wp-content\/uploads\/2019\/02\/UWO-Funksteuerung-Frequenzeinstellung.pdf\" rel=\"attachment wp-att-2779\">UWO- Funksteuerung Frequenzeinstellung<\/a><\/p>\n<p>&nbsp;<\/p>\n<h2>Trennsysteme<\/h2>\n<p><a target=\"_blank\" href=\"https:\/\/www.uwo-water.de\/wp-content\/uploads\/2019\/02\/UWO-Water-2018-separation-systems.pdf\" rel=\"attachment wp-att-2790 noopener noreferrer\">UWO-Water 2018 separation systems<\/a><\/p>\n<p><a target=\"_blank\" href=\"https:\/\/www.uwo-water.de\/wp-content\/uploads\/2019\/02\/UWO-Water-2018-separation-systems.pdf\" rel=\"attachment wp-att-2790 noopener noreferrer\">Filling Box Einspeisesystem Tank<\/a><\/p>\n<p><a href=\"https:\/\/www.uwo-water.de\/wp-content\/uploads\/2019\/02\/UWO-Water-Classic-Tank-3500l.-Anleitung.pdf\" rel=\"attachment wp-att-2786\">UWO-Water Classic Tank 3500l. Anleitung<\/a><\/p>\n<p>&nbsp;<\/p>\n<h2>UWO Schwimmerventile<\/h2>\n<p><a target=\"_blank\" href=\"https:\/\/www.uwo-water.de\/wp-content\/uploads\/2019\/02\/UWO-ROMA-Datenblatt-2018.pdf\" rel=\"attachment wp-att-2794 noopener noreferrer\">UWO-ROMA Datenblatt 2018<\/a><\/p>\n<p><a target=\"_blank\" href=\"https:\/\/www.uwo-water.de\/wp-content\/uploads\/2019\/02\/UWO-Water-Schwimmerventile-2018.pdf\" rel=\"attachment wp-att-2795 noopener noreferrer\">UWO-Water Schwimmerventile 2018<\/a><\/p>\n<p>&nbsp;<\/p>\n<h2>Versickerung<\/h2>\n<p><a target=\"_blank\" href=\"https:\/\/www.uwo-water.de\/wp-content\/uploads\/2019\/02\/Montageanleitung-UWO-Water_Mini-Schacht.pdf\" rel=\"attachment wp-att-2797 noopener noreferrer\">Montageanleitung UWO-Water_Mini-Schacht<\/a><\/p>\n<p><a target=\"_blank\" href=\"https:\/\/www.uwo-water.de\/wp-content\/uploads\/2019\/02\/UWO-Bodenfilter.pdf\" rel=\"attachment wp-att-2798 noopener noreferrer\">UWO Bodenfilter<\/a><\/p>\n<p><a target=\"_blank\" href=\"https:\/\/www.uwo-water.de\/wp-content\/uploads\/2019\/02\/UWO-D-Rainclean-Bloc-2018.pdf\" rel=\"attachment wp-att-2799 noopener noreferrer\">UWO D-Rainclean-Bloc 2018<\/a><\/p>\n<p><a href=\"https:\/\/www.uwo-water.de\/wp-content\/uploads\/2021\/04\/Flachtank-2500-und-5000-liter-einbauanleitung.pdf\" rel=\"attachment wp-att-4940\">Flachtank-2500-und-5000-liter-einbauanleitung<\/a><\/p>\n<p>[\/et_pb_text][\/et_pb_column][\/et_pb_row][\/et_pb_section]<\/p>\n","protected":false},"excerpt":{"rendered":"<p>Regenwassermanager ASP-RI 2018 Combimat 2019 Montageanleitung UWO_Matrix 2018 UWO PowerTwin Umr\u00fcstung NSB II auf RewamatikV Teileliste UWO_Matrix Rewamat T plus EN 1717 Rewamat Plus blue digital EN1717 Power Twin blue Piktogramm UWO-Water Matrix Matrix blue 2019 Matrix blue 2022 Teileliste Steuerungen F\u00fcllstand Digitale_F\u00fcllstandanzeige_2018 F\u00fcllstandsmelder f\u00fcr Abwassergruben UWO- Funksteuerung Frequenzeinstellung Umr\u00fcstung NSB II auf RewamatikV UWO-Water [&hellip;]<\/p>\n","protected":false},"author":1,"featured_media":0,"parent":0,"menu_order":0,"comment_status":"closed","ping_status":"closed","template":"","meta":{"_et_pb_use_builder":"on","_et_pb_old_content":"Bedienungsanleitungen","_et_gb_content_width":""},"yoast_head":"<!-- This site is optimized with the Yoast SEO plugin v19.14 - https:\/\/yoast.com\/wordpress\/plugins\/seo\/ -->\n<title>- Uwo Water GmbH Regenwassernutzung<\/title>\n<meta name=\"description\" content=\"Bedienungsanleitungen zum Download: Montage-, Bedienungs-, und Gebrauchsanleitungen sowie Modellpl\u00e4ne und Datenbl\u00e4tter zum herunterladen.\" \/>\n<meta name=\"robots\" content=\"index, follow, max-snippet:-1, max-image-preview:large, max-video-preview:-1\" \/>\n<link rel=\"canonical\" href=\"https:\/\/www.uwo-water.de\/bedienungsanleitungen\/\" \/>\n<meta property=\"og:locale\" content=\"en_GB\" \/>\n<meta property=\"og:type\" content=\"article\" \/>\n<meta property=\"og:title\" content=\"- Uwo Water GmbH Regenwassernutzung\" \/>\n<meta property=\"og:description\" content=\"Bedienungsanleitungen zum Download: Montage-, Bedienungs-, und Gebrauchsanleitungen sowie Modellpl\u00e4ne und Datenbl\u00e4tter zum herunterladen.\" \/>\n<meta property=\"og:url\" content=\"https:\/\/www.uwo-water.de\/bedienungsanleitungen\/\" \/>\n<meta property=\"og:site_name\" content=\"Uwo Water GmbH\" \/>\n<meta property=\"article:modified_time\" content=\"2024-03-04T13:52:38+00:00\" \/>\n<meta name=\"twitter:card\" content=\"summary_large_image\" \/>\n<meta name=\"twitter:label1\" content=\"Estimated reading time\" \/>\n\t<meta name=\"twitter:data1\" content=\"2 minutes\" \/>\n<script type=\"application\/ld+json\" class=\"yoast-schema-graph\">{\"@context\":\"https:\/\/schema.org\",\"@graph\":[{\"@type\":\"WebPage\",\"@id\":\"https:\/\/www.uwo-water.de\/bedienungsanleitungen\/\",\"url\":\"https:\/\/www.uwo-water.de\/bedienungsanleitungen\/\",\"name\":\"- Uwo Water GmbH Regenwassernutzung\",\"isPartOf\":{\"@id\":\"https:\/\/www.uwo-water.de\/#website\"},\"datePublished\":\"2019-02-18T18:07:17+00:00\",\"dateModified\":\"2024-03-04T13:52:38+00:00\",\"description\":\"Bedienungsanleitungen zum Download: Montage-, Bedienungs-, und Gebrauchsanleitungen sowie Modellpl\u00e4ne und Datenbl\u00e4tter zum herunterladen.\",\"inLanguage\":\"en-GB\",\"potentialAction\":[{\"@type\":\"ReadAction\",\"target\":[\"https:\/\/www.uwo-water.de\/bedienungsanleitungen\/\"]}]},{\"@type\":\"WebSite\",\"@id\":\"https:\/\/www.uwo-water.de\/#website\",\"url\":\"https:\/\/www.uwo-water.de\/\",\"name\":\"Uwo Water GmbH\",\"description\":\"Wassersysteme Regenwassernutzung Trennsysteme\",\"potentialAction\":[{\"@type\":\"SearchAction\",\"target\":{\"@type\":\"EntryPoint\",\"urlTemplate\":\"https:\/\/www.uwo-water.de\/?s={search_term_string}\"},\"query-input\":\"required name=search_term_string\"}],\"inLanguage\":\"en-GB\"}]}<\/script>\n<!-- \/ Yoast SEO plugin. -->","yoast_head_json":{"title":"- Uwo Water GmbH Regenwassernutzung","description":"Bedienungsanleitungen zum Download: Montage-, Bedienungs-, und Gebrauchsanleitungen sowie Modellpl\u00e4ne und Datenbl\u00e4tter zum herunterladen.","robots":{"index":"index","follow":"follow","max-snippet":"max-snippet:-1","max-image-preview":"max-image-preview:large","max-video-preview":"max-video-preview:-1"},"canonical":"https:\/\/www.uwo-water.de\/bedienungsanleitungen\/","og_locale":"en_GB","og_type":"article","og_title":"- Uwo Water GmbH Regenwassernutzung","og_description":"Bedienungsanleitungen zum Download: Montage-, Bedienungs-, und Gebrauchsanleitungen sowie Modellpl\u00e4ne und Datenbl\u00e4tter zum herunterladen.","og_url":"https:\/\/www.uwo-water.de\/bedienungsanleitungen\/","og_site_name":"Uwo Water GmbH","article_modified_time":"2024-03-04T13:52:38+00:00","twitter_card":"summary_large_image","twitter_misc":{"Estimated reading time":"2 minutes"},"schema":{"@context":"https:\/\/schema.org","@graph":[{"@type":"WebPage","@id":"https:\/\/www.uwo-water.de\/bedienungsanleitungen\/","url":"https:\/\/www.uwo-water.de\/bedienungsanleitungen\/","name":"- Uwo Water GmbH Regenwassernutzung","isPartOf":{"@id":"https:\/\/www.uwo-water.de\/#website"},"datePublished":"2019-02-18T18:07:17+00:00","dateModified":"2024-03-04T13:52:38+00:00","description":"Bedienungsanleitungen zum Download: Montage-, Bedienungs-, und Gebrauchsanleitungen sowie Modellpl\u00e4ne und Datenbl\u00e4tter zum herunterladen.","inLanguage":"en-GB","potentialAction":[{"@type":"ReadAction","target":["https:\/\/www.uwo-water.de\/bedienungsanleitungen\/"]}]},{"@type":"WebSite","@id":"https:\/\/www.uwo-water.de\/#website","url":"https:\/\/www.uwo-water.de\/","name":"Uwo Water GmbH","description":"Wassersysteme Regenwassernutzung Trennsysteme","potentialAction":[{"@type":"SearchAction","target":{"@type":"EntryPoint","urlTemplate":"https:\/\/www.uwo-water.de\/?s={search_term_string}"},"query-input":"required name=search_term_string"}],"inLanguage":"en-GB"}]}},"_links":{"self":[{"href":"https:\/\/www.uwo-water.de\/en\/wp-json\/wp\/v2\/pages\/2759"}],"collection":[{"href":"https:\/\/www.uwo-water.de\/en\/wp-json\/wp\/v2\/pages"}],"about":[{"href":"https:\/\/www.uwo-water.de\/en\/wp-json\/wp\/v2\/types\/page"}],"author":[{"embeddable":true,"href":"https:\/\/www.uwo-water.de\/en\/wp-json\/wp\/v2\/users\/1"}],"replies":[{"embeddable":true,"href":"https:\/\/www.uwo-water.de\/en\/wp-json\/wp\/v2\/comments?post=2759"}],"version-history":[{"count":48,"href":"https:\/\/www.uwo-water.de\/en\/wp-json\/wp\/v2\/pages\/2759\/revisions"}],"predecessor-version":[{"id":5889,"href":"https:\/\/www.uwo-water.de\/en\/wp-json\/wp\/v2\/pages\/2759\/revisions\/5889"}],"wp:attachment":[{"href":"https:\/\/www.uwo-water.de\/en\/wp-json\/wp\/v2\/media?parent=2759"}],"curies":[{"name":"wp","href":"https:\/\/api.w.org\/{rel}","templated":true}]}}