{"id":4148,"date":"2019-09-11T13:06:48","date_gmt":"2019-09-11T11:06:48","guid":{"rendered":"https:\/\/www.uwo-water.de\/?page_id=4148"},"modified":"2019-10-18T15:39:13","modified_gmt":"2019-10-18T13:39:13","slug":"unternehmen-2","status":"publish","type":"page","link":"https:\/\/www.uwo-water.de\/en\/unternehmen-2\/","title":{"rendered":"Unternehmen"},"content":{"rendered":"\n[et_pb_section fb_built=&#8221;1&#8243; fullwidth=&#8221;on&#8221; _builder_version=&#8221;3.22.1&#8243;][et_pb_fullwidth_header title=&#8221;Das Unternehmen UWO-Water&#8221; scroll_down_icon_color=&#8221;#ffffff&#8221; image_orientation=&#8221;bottom&#8221; _builder_version=&#8221;3.22.1&#8243; title_font=&#8221;||||||||&#8221; title_font_size=&#8221;45px&#8221; background_image=&#8221;https:\/\/www.uwo-water.de\/wp-content\/uploads\/2018\/08\/travel-landscape-18.jpg&#8221; parallax=&#8221;on&#8221; min_height=&#8221;606px&#8221; custom_padding=&#8221;209px|||||&#8221; custom_css_main_element=&#8221;padding: 250px 0 250px&#8221; custom_css_title=&#8221;background: rgb(29,29,29,0.6)!important; padding:20px; max-width:auto; color:#3cd2fd!important; font-size:49px!important;&#8221;][\/et_pb_fullwidth_header][\/et_pb_section][et_pb_section fb_built=&#8221;1&#8243; _builder_version=&#8221;3.22.1&#8243;][et_pb_row admin_label=&#8221;row&#8221; _builder_version=&#8221;3.22&#8243; background_size=&#8221;initial&#8221; background_position=&#8221;top_left&#8221; background_repeat=&#8221;repeat&#8221;][et_pb_column type=&#8221;4_4&#8243; _builder_version=&#8221;3.0.47&#8243;][et_pb_text admin_label=&#8221;Text&#8221; _builder_version=&#8221;3.22.1&#8243; background_size=&#8221;initial&#8221; background_position=&#8221;top_left&#8221; background_repeat=&#8221;repeat&#8221;]<h2>25 Jahre UWO<\/h2>\n<!-- divi:paragraph -->\n<p>UWO-Water wurde im April 2016 in Mannheim gegr\u00fcndet. Als Spezialist in der Regenwassernutzung entstand das Unternehmen aus der ASP GmbH und Co. KG in St. Leon-Rot.<\/p>\n<!-- \/divi:paragraph --> <!-- divi:paragraph -->\n<p>Der Gr\u00fcnder der Marke UWO, J\u00fcrgen Fritz Bender war ma\u00dfgeblich an der Entwicklung moderner Regenwassernutzungssysteme beteiligt. Die daraus entstandene UWO-Water GmbH f\u00fchrt diese Entwicklung fort, auch nach \u00fcber 25 Jahre setzt UWO Ma\u00dfst\u00e4be. Das neue Unternehmen geleitet von Johann Karipidis entwickelt und realisiert zukunftsorientierte Systeme zur Regenwassernutzung und Bewirtschaftung.<\/p>\n<p>Mit Eigenen und Partnerprodukte ist UWO-Water immer die richtige Wahl.<\/p>\n<!-- \/divi:paragraph -->[\/et_pb_text][\/et_pb_column][\/et_pb_row][\/et_pb_section]\n","protected":false},"excerpt":{"rendered":"<p>25 Jahre UWO UWO-Water wurde im April 2016 in Mannheim gegr\u00fcndet. Als Spezialist in der Regenwassernutzung entstand das Unternehmen aus der ASP GmbH und Co. KG in St. Leon-Rot. Der Gr\u00fcnder der Marke UWO, J\u00fcrgen Fritz Bender war ma\u00dfgeblich an der Entwicklung moderner Regenwassernutzungssysteme beteiligt. Die daraus entstandene UWO-Water GmbH f\u00fchrt diese Entwicklung fort, auch [&hellip;]<\/p>\n","protected":false},"author":1,"featured_media":2676,"parent":0,"menu_order":0,"comment_status":"closed","ping_status":"closed","template":"","meta":{"_et_pb_use_builder":"on","_et_pb_old_content":"","_et_gb_content_width":""},"yoast_head":"<!-- This site is optimized with the Yoast SEO plugin v19.14 - https:\/\/yoast.com\/wordpress\/plugins\/seo\/ -->\n<title>Unternehmen - Uwo Water GmbH Regenwassernutzung<\/title>\n<meta name=\"description\" content=\"Unternehmen UWO Water: geleitet von Johann Karipidis, entwickelt und realisiert UWO Water Systeme zur Regenwassernutzung und Verarbeitung.\" \/>\n<meta name=\"robots\" content=\"index, follow, max-snippet:-1, max-image-preview:large, max-video-preview:-1\" \/>\n<link rel=\"canonical\" href=\"https:\/\/www.uwo-water.de\/unternehmen-2\/\" \/>\n<meta property=\"og:locale\" content=\"en_GB\" \/>\n<meta property=\"og:type\" content=\"article\" \/>\n<meta property=\"og:title\" content=\"Unternehmen\" \/>\n<meta property=\"og:description\" content=\"Unternehmen UWO Water: geleitet von Johann Karipidis, entwickelt und realisiert UWO Water Systeme zur Regenwassernutzung und Verarbeitung.\" \/>\n<meta property=\"og:url\" content=\"https:\/\/www.uwo-water.de\/unternehmen-2\/\" \/>\n<meta property=\"og:site_name\" content=\"Uwo Water GmbH\" \/>\n<meta property=\"article:modified_time\" content=\"2019-10-18T13:39:13+00:00\" \/>\n<meta property=\"og:image\" content=\"https:\/\/www.uwo-water.de\/wp-content\/uploads\/2019\/01\/25-jahre-uwo-logo2-1.jpg\" \/>\n\t<meta property=\"og:image:width\" content=\"1920\" \/>\n\t<meta property=\"og:image:height\" content=\"768\" \/>\n\t<meta property=\"og:image:type\" content=\"image\/jpeg\" \/>\n<meta name=\"twitter:card\" content=\"summary_large_image\" \/>\n<meta name=\"twitter:label1\" content=\"Estimated reading time\" \/>\n\t<meta name=\"twitter:data1\" content=\"1 minute\" \/>\n<script type=\"application\/ld+json\" class=\"yoast-schema-graph\">{\"@context\":\"https:\/\/schema.org\",\"@graph\":[{\"@type\":\"WebPage\",\"@id\":\"https:\/\/www.uwo-water.de\/unternehmen-2\/\",\"url\":\"https:\/\/www.uwo-water.de\/unternehmen-2\/\",\"name\":\"[:de]Unternehmen[:] - Uwo Water GmbH Regenwassernutzung\",\"isPartOf\":{\"@id\":\"https:\/\/www.uwo-water.de\/#website\"},\"datePublished\":\"2019-09-11T11:06:48+00:00\",\"dateModified\":\"2019-10-18T13:39:13+00:00\",\"description\":\"Unternehmen UWO Water: geleitet von Johann Karipidis, entwickelt und realisiert UWO Water Systeme zur Regenwassernutzung und Verarbeitung.\",\"breadcrumb\":{\"@id\":\"https:\/\/www.uwo-water.de\/unternehmen-2\/#breadcrumb\"},\"inLanguage\":\"en-GB\",\"potentialAction\":[{\"@type\":\"ReadAction\",\"target\":[\"https:\/\/www.uwo-water.de\/unternehmen-2\/\"]}]},{\"@type\":\"BreadcrumbList\",\"@id\":\"https:\/\/www.uwo-water.de\/unternehmen-2\/#breadcrumb\",\"itemListElement\":[{\"@type\":\"ListItem\",\"position\":1,\"name\":\"Startseite\",\"item\":\"https:\/\/www.uwo-water.de\/\"},{\"@type\":\"ListItem\",\"position\":2,\"name\":\"Unternehmen\"}]},{\"@type\":\"WebSite\",\"@id\":\"https:\/\/www.uwo-water.de\/#website\",\"url\":\"https:\/\/www.uwo-water.de\/\",\"name\":\"Uwo Water GmbH\",\"description\":\"Wassersysteme Regenwassernutzung Trennsysteme\",\"potentialAction\":[{\"@type\":\"SearchAction\",\"target\":{\"@type\":\"EntryPoint\",\"urlTemplate\":\"https:\/\/www.uwo-water.de\/?s={search_term_string}\"},\"query-input\":\"required name=search_term_string\"}],\"inLanguage\":\"en-GB\"}]}<\/script>\n<!-- \/ Yoast SEO plugin. -->","yoast_head_json":{"title":"Unternehmen - Uwo Water GmbH Regenwassernutzung","description":"Unternehmen UWO Water: geleitet von Johann Karipidis, entwickelt und realisiert UWO Water Systeme zur Regenwassernutzung und Verarbeitung.","robots":{"index":"index","follow":"follow","max-snippet":"max-snippet:-1","max-image-preview":"max-image-preview:large","max-video-preview":"max-video-preview:-1"},"canonical":"https:\/\/www.uwo-water.de\/unternehmen-2\/","og_locale":"en_GB","og_type":"article","og_title":"[:de]Unternehmen[:] - Uwo Water GmbH Regenwassernutzung","og_description":"Unternehmen UWO Water: geleitet von Johann Karipidis, entwickelt und realisiert UWO Water Systeme zur Regenwassernutzung und Verarbeitung.","og_url":"https:\/\/www.uwo-water.de\/unternehmen-2\/","og_site_name":"Uwo Water GmbH","article_modified_time":"2019-10-18T13:39:13+00:00","og_image":[{"width":1920,"height":768,"url":"https:\/\/www.uwo-water.de\/wp-content\/uploads\/2019\/01\/25-jahre-uwo-logo2-1.jpg","type":"image\/jpeg"}],"twitter_card":"summary_large_image","twitter_misc":{"Estimated reading time":"1 minute"},"schema":{"@context":"https:\/\/schema.org","@graph":[{"@type":"WebPage","@id":"https:\/\/www.uwo-water.de\/unternehmen-2\/","url":"https:\/\/www.uwo-water.de\/unternehmen-2\/","name":"[:de]Unternehmen[:] - Uwo Water GmbH Regenwassernutzung","isPartOf":{"@id":"https:\/\/www.uwo-water.de\/#website"},"datePublished":"2019-09-11T11:06:48+00:00","dateModified":"2019-10-18T13:39:13+00:00","description":"Unternehmen UWO Water: geleitet von Johann Karipidis, entwickelt und realisiert UWO Water Systeme zur Regenwassernutzung und Verarbeitung.","breadcrumb":{"@id":"https:\/\/www.uwo-water.de\/unternehmen-2\/#breadcrumb"},"inLanguage":"en-GB","potentialAction":[{"@type":"ReadAction","target":["https:\/\/www.uwo-water.de\/unternehmen-2\/"]}]},{"@type":"BreadcrumbList","@id":"https:\/\/www.uwo-water.de\/unternehmen-2\/#breadcrumb","itemListElement":[{"@type":"ListItem","position":1,"name":"Startseite","item":"https:\/\/www.uwo-water.de\/"},{"@type":"ListItem","position":2,"name":"Unternehmen"}]},{"@type":"WebSite","@id":"https:\/\/www.uwo-water.de\/#website","url":"https:\/\/www.uwo-water.de\/","name":"Uwo Water GmbH","description":"Wassersysteme Regenwassernutzung Trennsysteme","potentialAction":[{"@type":"SearchAction","target":{"@type":"EntryPoint","urlTemplate":"https:\/\/www.uwo-water.de\/?s={search_term_string}"},"query-input":"required name=search_term_string"}],"inLanguage":"en-GB"}]}},"_links":{"self":[{"href":"https:\/\/www.uwo-water.de\/en\/wp-json\/wp\/v2\/pages\/4148"}],"collection":[{"href":"https:\/\/www.uwo-water.de\/en\/wp-json\/wp\/v2\/pages"}],"about":[{"href":"https:\/\/www.uwo-water.de\/en\/wp-json\/wp\/v2\/types\/page"}],"author":[{"embeddable":true,"href":"https:\/\/www.uwo-water.de\/en\/wp-json\/wp\/v2\/users\/1"}],"replies":[{"embeddable":true,"href":"https:\/\/www.uwo-water.de\/en\/wp-json\/wp\/v2\/comments?post=4148"}],"version-history":[{"count":8,"href":"https:\/\/www.uwo-water.de\/en\/wp-json\/wp\/v2\/pages\/4148\/revisions"}],"predecessor-version":[{"id":4266,"href":"https:\/\/www.uwo-water.de\/en\/wp-json\/wp\/v2\/pages\/4148\/revisions\/4266"}],"wp:featuredmedia":[{"embeddable":true,"href":"https:\/\/www.uwo-water.de\/en\/wp-json\/wp\/v2\/media\/2676"}],"wp:attachment":[{"href":"https:\/\/www.uwo-water.de\/en\/wp-json\/wp\/v2\/media?parent=4148"}],"curies":[{"name":"wp","href":"https:\/\/api.w.org\/{rel}","templated":true}]}}