{"id":4857,"date":"2021-02-10T10:52:06","date_gmt":"2021-02-10T09:52:06","guid":{"rendered":"https:\/\/www.uwo-water.de\/?page_id=4857"},"modified":"2023-01-05T15:04:00","modified_gmt":"2023-01-05T14:04:00","slug":"wasserfilter-systeme","status":"publish","type":"page","link":"https:\/\/www.uwo-water.de\/en\/wasserfilter-systeme\/","title":{"rendered":"Wasserfilter-Systeme"},"content":{"rendered":"<p>[et_pb_section fb_built=&#8221;1&#8243; fullwidth=&#8221;on&#8221; _builder_version=&#8221;3.22&#8243; custom_padding=&#8221;0|0px|0px|0px|false|false&#8221;][et_pb_fullwidth_header title=&#8221;Wasserfilter-System&#8221; header_scroll_down=&#8221;on&#8221; background_overlay_color=&#8221;rgba(0,0,0,0)&#8221; _builder_version=&#8221;3.22.1&#8243; background_image=&#8221;https:\/\/www.uwo-water.de\/wp-content\/uploads\/2021\/02\/uwo-water_triofilter_header.jpg&#8221; parallax=&#8221;on&#8221; text_shadow_style=&#8221;preset1&#8243; custom_css_main_element=&#8221;padding: 250px 0 250px&#8221; custom_css_title=&#8221;background: rgb(29,29,29,0.6)!important; padding:20px; max-width:530px; color:#3cd2fd!important; font-size:49px!important;&#8221; button_one_text_size__hover_enabled=&#8221;off&#8221; button_two_text_size__hover_enabled=&#8221;off&#8221; button_one_text_color__hover_enabled=&#8221;off&#8221; button_two_text_color__hover_enabled=&#8221;off&#8221; button_one_border_width__hover_enabled=&#8221;off&#8221; button_two_border_width__hover_enabled=&#8221;off&#8221; button_one_border_color__hover_enabled=&#8221;off&#8221; button_two_border_color__hover_enabled=&#8221;off&#8221; button_one_border_radius__hover_enabled=&#8221;off&#8221; button_two_border_radius__hover_enabled=&#8221;off&#8221; button_one_letter_spacing__hover_enabled=&#8221;off&#8221; button_two_letter_spacing__hover_enabled=&#8221;off&#8221; button_one_bg_color__hover_enabled=&#8221;off&#8221; button_two_bg_color__hover_enabled=&#8221;off&#8221;][\/et_pb_fullwidth_header][\/et_pb_section][et_pb_section fb_built=&#8221;1&#8243; _builder_version=&#8221;3.22&#8243; background_color=&#8221;#ffffff&#8221; custom_padding=&#8221;0|0px|54px|0px|false|false&#8221;][et_pb_row custom_padding=&#8221;98px|0px|27px|0px|false|false&#8221; _builder_version=&#8221;3.22&#8243;][et_pb_column type=&#8221;1_2&#8243; _builder_version=&#8221;3.11.1&#8243;][et_pb_text _builder_version=&#8221;3.22.1&#8243; custom_padding=&#8221;0px|||||&#8221; custom_css_main_element=&#8221;padding-right:20px;&#8221;]<\/p>\n<h1 style=\"color: #0c71c3;\">UWO Wasserfilter<\/h1>\n<h2 style=\"padding-bottom: 10px; color: #000;\">10 Zoll (ca. 2 Liter) 3-Stufen-Wasserfilter\/Vorfilter-System<\/h2>\n<h4 style=\"padding-bottom: 30px; color: #000;\">(inkl. Filterpatronen) mit \u00be Zoll Anschlussgewinde, f\u00fcr Trinkwasser geeignet<\/h4>\n<p>3-stufiges Filtersystem zur Sedimentfiltrierung, Filtration durch Aktivkohle zum Binden einer Vielzahl von Schadstoffen, Pestiziden, Chlor, uvm.<\/p>\n<p>Robustes, transparentes Filtergeh\u00e4use 2L (10&#8243;) \/\/ Filterpatrone (Siebeinsatz) als Ersatzteil erh\u00e4ltlich \/\/ Anschluss von beiden Seiten \u00fcber Edelstahl \u00be\u201c Zoll \/\/ mit Anschlussm\u00f6glichkeit eines Manometers.<\/p>\n<p>Anwendungsbereich: Ideal f\u00fcr den Innen- und Au\u00dfenbereich als Vorfilter (Schmutzfilter) f\u00fcr Pumpen, Gartenpumpen, Hauswasserwerke, Tiefbrunnenpumpen, Kreiselpumpen, Teiche und Swimmingpools, f\u00fcr die Wasserversorgung, k\u00fcnstliche Bachl\u00e4ufe, Hauswasserleitung und viele andere Anwendungen. Der hochwertige Vorfilter sch\u00fctzt Ihre Ger\u00e4te vor Besch\u00e4digungen durch Sand- und Schmutzpartikel &#8211; Optische Kontrolle durch das Geh\u00e4use aus schlagfestem Kunststoff.<\/p>\n<p>1. Filterstufe Nylon Feinfilter: auswaschbar<\/p>\n<p>2. Filterstufe (Wickelfilter): Wickelfilter (Material: Polypropylen); Filtration: bis zu 5 \u00b5m; Durchfluss: 20l-25lmin (Filtert feinste Sedimentpartikel aus dem Wasser wie z.B. Sand, Schmutz, Schwebestoffe, Rost, Kalkflocken bis 5 \u00b5m. Der Wickelfilter aus Polypropylenschnur dient vor allen als Vorfilter und hat eine hohe Durchflussleistung.)<\/p>\n<p>3. Filterstufe Aktivkohlefilter: 10&#8243; Aktivkohle-Filterpatrone; Filtration: bis zu 5 \u00b5m; Durchfluss: 20l\/min (Reduziert gr\u00f6\u00dftenteils etwaige Gift- und Schadstoffe aus dem Wasser, wie z.B. Pestizide, Chlor, Schwermetalle [z.B. Blei und Kupfer], Schwebeteilchen [z.B. Rost und Sand], organische Chemikalien, Medikamente, L\u00f6sungsmittel, Sch\u00e4dlingsbek\u00e4mpfungsmittel, Geschmacksbeeintr\u00e4chtigungen, Geruchsbeeintr\u00e4chtigungen usw. Verbessert den Geschmack des Wassers.)<\/p>\n<p>&nbsp;<\/p>\n<p>Art. Nr.: 1010111\u00a0 Triplexfilter incl. Wickelkartusche<\/p>\n<p>Art. Nr.: 1010112\u00a0 Duplexfilter incl. Wickelkartusche<\/p>\n<p>Art. Nr.: 1010113\u00a0 Simplexfilter incl. Wickelkartusche<\/p>\n<p>[\/et_pb_text][\/et_pb_column][et_pb_column type=&#8221;1_2&#8243; _builder_version=&#8221;3.11.1&#8243;][et_pb_image src=&#8221;https:\/\/www.uwo-water.de\/wp-content\/uploads\/2021\/02\/uwo-water_triofilter_produktseite.jpg&#8221; _builder_version=&#8221;3.22.1&#8243; custom_css_main_element=&#8221;padding-left:20px;&#8221;][\/et_pb_image][et_pb_image src=&#8221;https:\/\/www.uwo-water.de\/wp-content\/uploads\/2023\/01\/water-tech-mars-2020-1231.png&#8221; _builder_version=&#8221;3.22.1&#8243; custom_css_main_element=&#8221;padding-left:20px;&#8221;][\/et_pb_image][et_pb_image src=&#8221;https:\/\/www.uwo-water.de\/wp-content\/uploads\/2021\/02\/uwo-water-simplexfilter_produktseite.jpg&#8221; _builder_version=&#8221;3.22.1&#8243; custom_css_main_element=&#8221;padding-left:20px;&#8221;][\/et_pb_image][\/et_pb_column][\/et_pb_row][\/et_pb_section][et_pb_section fb_built=&#8221;1&#8243; _builder_version=&#8221;3.22.1&#8243; background_color=&#8221;#e0e0e0&#8243; custom_padding=&#8221;0|0px|54px|0px|false|false&#8221;][et_pb_row custom_padding=&#8221;98px|0px|27px|0px|false|false&#8221; _builder_version=&#8221;3.22&#8243;][et_pb_column type=&#8221;1_2&#8243; _builder_version=&#8221;3.11.1&#8243;][et_pb_text _builder_version=&#8221;3.22.1&#8243; custom_padding=&#8221;0px|||||&#8221; custom_css_main_element=&#8221;padding-right:20px;&#8221;]<\/p>\n<h1 style=\"color: #0c71c3;\">UWO Trinkwasserfilter ECO-SPA<\/h1>\n<h2 style=\"padding-bottom: 10px; color: #000;\">Sauberes Trinkwasser durch Umkehrosmose<\/h2>\n<p>Stufen: 5 \u03bcm Filtration, Aktivkohle, Blockmembran, Kohle- und Aktivkohle-Nachfiltration bzw Remineralisierung. 100 % aktivierte Kokos-Aktivkohle<br \/> 50 GPD Membran NSF\/ANSI-zertifiziert Norm 058<br \/> Antibakterieller Nachfilter,Inklusive Margarita-Wasserhahn, Inklusive Manometer<br \/> Hoher Wasserdurchfluss mit 3\/8&#8243; Schlauch. Von SGS zertifizierte antibakterielle R\u00f6hrchen<br \/> 5 in 1 Mehrfachschl\u00fcssel,3,2 Gallonen Wassertank, Einbausatz.<\/p>\n<p>Arbeitsdruck:<br \/> System mit Pumpe: 1 bis 3 bar &#8211; System ohne Pumpe: 2,5 bis 4,2 bar<br \/> Einlasstemperatur: 5 &#8211; 35 C max. tDS-Eingabe: 1.000 ppm<br \/> System mit Pumpe: Elektrische Spannung: 220 24 VDC- lf-30l-Booster<\/p>\n<h5>Hersteller: UWO-Water GmbH<\/h5>\n<h5>Art.Nr.: 1010120<\/h5>\n<p>&nbsp;<\/p>\n<p>&nbsp;<\/p>\n<p>[\/et_pb_text][\/et_pb_column][et_pb_column type=&#8221;1_2&#8243; _builder_version=&#8221;3.11.1&#8243;][et_pb_image src=&#8221;https:\/\/www.uwo-water.de\/wp-content\/uploads\/2023\/01\/ECO-SPA.jpg&#8221; _builder_version=&#8221;3.22.1&#8243; custom_css_main_element=&#8221;padding-left:20px;&#8221;][\/et_pb_image][\/et_pb_column][\/et_pb_row][\/et_pb_section][et_pb_section fb_built=&#8221;1&#8243; _builder_version=&#8221;3.22.1&#8243; background_color=&#8221;#e5e5e5&#8243; custom_padding=&#8221;0|0px|54px|0px|false|false&#8221;][et_pb_row custom_padding=&#8221;98px|0px|27px|0px|false|false&#8221; _builder_version=&#8221;3.22&#8243;][et_pb_column type=&#8221;1_2&#8243; _builder_version=&#8221;3.11.1&#8243;][et_pb_text _builder_version=&#8221;3.22.1&#8243; custom_padding=&#8221;0px|||||&#8221; custom_css_main_element=&#8221;padding-right:20px;&#8221;]<\/p>\n<h1 style=\"color: #0c71c3;\">UWO Trinkwasserfilter Pureos<\/h1>\n<h2 style=\"padding-bottom: 10px; color: #000;\">Sauberes Trinkwasser durch Umkehrosmose<\/h2>\n<p>Umkehrosmose, halbkompakt. Antibakterielle Filtration 5 \u03bcm, Aktivkohle, antibakterieller Kohlenstoff-block, Membran und Nachfi lter, antibakterielle Aktivkohle oder Remineralisierung. Installation mit Bajonettpatronen und eine einfache Wartung. 100% Kokos-Aktivkohle, Hoher Wasserdurchfl uss. Von SGS zertifi zierte antibakterielle Kapillare, 75 gpD eingekapselte Membran, Antibakterieller Nachfi lter. 3,2 Gallonen Wasserspeicher, Einbausatz, Inklusive Wasserhahn.1\/4 \u201eDruckregler. Niedrige Installationskosten und erfordert kein Netzteil.<br \/> Betriebsdruck:<br \/> System mit Pumpe: 1 bis 3 bar<br \/> System ohne Pumpe: 2,5 bis 4,2 bar<br \/> Einlasstemperatur: 5 &#8211; 35 \u00b0 C., Max. TDS-Eingang: 1.000 ppm<br \/> System mit Pumpe:<br \/> Elektrische Spannung: 220 &#8211; 24 VDC<br \/> Druckerh\u00f6hungspumpe lf-30l<\/p>\n<h5>Hersteller: UWO-Water GmbH<\/h5>\n<h5>Art.Nr.: 1010121<\/h5>\n<p>&nbsp;<\/p>\n<p>[\/et_pb_text][\/et_pb_column][et_pb_column type=&#8221;1_2&#8243; _builder_version=&#8221;3.11.1&#8243;][et_pb_image src=&#8221;https:\/\/www.uwo-water.de\/wp-content\/uploads\/2023\/01\/Pureos-DF.jpg&#8221; _builder_version=&#8221;3.22.1&#8243; custom_css_main_element=&#8221;padding-left:20px;&#8221;][\/et_pb_image][\/et_pb_column][\/et_pb_row][\/et_pb_section][et_pb_section fb_built=&#8221;1&#8243; _builder_version=&#8221;3.22&#8243; background_color=&#8221;#ffffff&#8221; custom_padding=&#8221;0|0px|54px|0px|false|false&#8221;][et_pb_row custom_padding=&#8221;98px|0px|27px|0px|false|false&#8221; _builder_version=&#8221;3.22&#8243;][et_pb_column type=&#8221;1_2&#8243; _builder_version=&#8221;3.11.1&#8243;][et_pb_text _builder_version=&#8221;3.22.1&#8243; custom_padding=&#8221;0px|||||&#8221; custom_css_main_element=&#8221;padding-right:20px;&#8221;]<\/p>\n<h1 style=\"color: #0c71c3;\">UWO Trinkwasserfilter SAU-WA<\/h1>\n<h2 style=\"padding-bottom: 30px; color: #000;\">Sauberes Trinkwasser durch Umkehrosmose<\/h2>\n<p>direkte Produktion GAC-Kohlenstoff, Kohlenstoffblock, Membran und antibakterielle Aktivkohle Nachfiltration oder Remineralisierung. Umkehrosmose, kompakte Bauweise. Neuste Generation mit einer hohen Produktion von reinem Wasser. Direkte Entnahme ohne Zwischenbeh\u00e4lter. Hohe Produktion:<br \/> 40-60 l \/ h *hohe Sicherheit, zuverl\u00e4ssig mit Druckregulation.<br \/> 100% Kokos-Aktivkohle Von SGS zertifizierte antibakterielle Kapillare, 200 GPD 20&#215;12 NSF \/ ANSI-zertifizierte Membran, Standard 058 Antibakterieller Nachfilter Inklusive Wasserhahn Einbausatz 3\/8\u201d und Druckregler. Arbeitsdruck: 1 bis 3 bar, Einlasstemperatur: 5 &#8211; 35 \u00b0 C. Max. TDS-Eingang: 1.000 ppm. Elektrische Spannung: 220 &#8211; 48 VDC Druckerh\u00f6hungspumpe Hf-45l<\/p>\n<h5>Hersteller: UWO-Water GmbH<\/h5>\n<h5>Art.Nr.: 1010122<\/h5>\n<p>&nbsp;<\/p>\n<p>[\/et_pb_text][\/et_pb_column][et_pb_column type=&#8221;1_2&#8243; _builder_version=&#8221;3.11.1&#8243;][et_pb_image src=&#8221;https:\/\/www.uwo-water.de\/wp-content\/uploads\/2023\/01\/ECO-SPA.jpg&#8221; _builder_version=&#8221;3.22.1&#8243; custom_css_main_element=&#8221;padding-left:20px;&#8221;][\/et_pb_image][\/et_pb_column][\/et_pb_row][\/et_pb_section][et_pb_section fb_built=&#8221;1&#8243; fullwidth=&#8221;on&#8221; _builder_version=&#8221;3.22&#8243; custom_padding=&#8221;0|0px|0|0px|false|false&#8221;][et_pb_fullwidth_header title=&#8221;Mit UWO Water Ressourcen erhalten &#8221; button_one_text=&#8221;Hier mehr erfahren&#8221; _builder_version=&#8221;3.17.6&#8243; background_image=&#8221;https:\/\/www.uwo-water.de\/wp-content\/uploads\/2018\/11\/240_F_108484814_2KxkIuX2WhghfQBvYg5dJYQjSsAWTByM.jpg&#8221; parallax=&#8221;on&#8221; custom_css_main_element=&#8221;padding: 250px 0 250px&#8221; button_one_text_size__hover_enabled=&#8221;off&#8221; button_two_text_size__hover_enabled=&#8221;off&#8221; button_one_text_color__hover_enabled=&#8221;off&#8221; button_two_text_color__hover_enabled=&#8221;off&#8221; button_one_border_width__hover_enabled=&#8221;off&#8221; button_two_border_width__hover_enabled=&#8221;off&#8221; button_one_border_color__hover_enabled=&#8221;off&#8221; button_two_border_color__hover_enabled=&#8221;off&#8221; button_one_border_radius__hover_enabled=&#8221;off&#8221; button_two_border_radius__hover_enabled=&#8221;off&#8221; button_one_letter_spacing__hover_enabled=&#8221;off&#8221; button_two_letter_spacing__hover_enabled=&#8221;off&#8221; button_one_bg_color__hover_enabled=&#8221;off&#8221; button_two_bg_color__hover_enabled=&#8221;off&#8221;][\/et_pb_fullwidth_header][\/et_pb_section]<\/p>\n","protected":false},"excerpt":{"rendered":"<p>UWO Wasserfilter 10 Zoll (ca. 2 Liter) 3-Stufen-Wasserfilter\/Vorfilter-System (inkl. Filterpatronen) mit \u00be Zoll Anschlussgewinde, f\u00fcr Trinkwasser geeignet 3-stufiges Filtersystem zur Sedimentfiltrierung, Filtration durch Aktivkohle zum Binden einer Vielzahl von Schadstoffen, Pestiziden, Chlor, uvm. Robustes, transparentes Filtergeh\u00e4use 2L (10&#8243;) \/\/ Filterpatrone (Siebeinsatz) als Ersatzteil erh\u00e4ltlich \/\/ Anschluss von beiden Seiten \u00fcber Edelstahl \u00be\u201c Zoll \/\/ mit [&hellip;]<\/p>\n","protected":false},"author":1,"featured_media":0,"parent":0,"menu_order":0,"comment_status":"closed","ping_status":"closed","template":"","meta":{"_et_pb_use_builder":"on","_et_pb_old_content":"[:de]<!-- wp:divi\/placeholder \/-->[:]","_et_gb_content_width":""},"yoast_head":"<!-- This site is optimized with the Yoast SEO plugin v19.14 - https:\/\/yoast.com\/wordpress\/plugins\/seo\/ -->\n<title>Wasserfilter-Systeme - Uwo Water GmbH<\/title>\n<meta name=\"robots\" content=\"index, follow, max-snippet:-1, max-image-preview:large, max-video-preview:-1\" \/>\n<link rel=\"canonical\" href=\"https:\/\/www.uwo-water.de\/wasserfilter-systeme\/\" \/>\n<meta property=\"og:locale\" content=\"en_GB\" \/>\n<meta property=\"og:type\" content=\"article\" \/>\n<meta property=\"og:title\" content=\"Wasserfilter-Systeme\" \/>\n<meta property=\"og:description\" content=\"UWO Wasserfilter 10 Zoll (ca. 2 Liter) 3-Stufen-Wasserfilter\/Vorfilter-System (inkl. Filterpatronen) mit \u00be Zoll Anschlussgewinde, f\u00fcr Trinkwasser geeignet 3-stufiges Filtersystem zur Sedimentfiltrierung, Filtration durch Aktivkohle zum Binden einer Vielzahl von Schadstoffen, Pestiziden, Chlor, uvm. Robustes, transparentes Filtergeh\u00e4use 2L (10&quot;) \/\/ Filterpatrone (Siebeinsatz) als Ersatzteil erh\u00e4ltlich \/\/ Anschluss von beiden Seiten \u00fcber Edelstahl \u00be\u201c Zoll \/\/ mit [&hellip;]\" \/>\n<meta property=\"og:url\" content=\"https:\/\/www.uwo-water.de\/wasserfilter-systeme\/\" \/>\n<meta property=\"og:site_name\" content=\"Uwo Water GmbH\" \/>\n<meta property=\"article:modified_time\" content=\"2023-01-05T14:04:00+00:00\" \/>\n<meta name=\"twitter:card\" content=\"summary_large_image\" \/>\n<meta name=\"twitter:label1\" content=\"Estimated reading time\" \/>\n\t<meta name=\"twitter:data1\" content=\"6 minutes\" \/>\n<script type=\"application\/ld+json\" class=\"yoast-schema-graph\">{\"@context\":\"https:\/\/schema.org\",\"@graph\":[{\"@type\":\"WebPage\",\"@id\":\"https:\/\/www.uwo-water.de\/wasserfilter-systeme\/\",\"url\":\"https:\/\/www.uwo-water.de\/wasserfilter-systeme\/\",\"name\":\"[:de]Wasserfilter-Systeme[:] - Uwo Water GmbH\",\"isPartOf\":{\"@id\":\"https:\/\/www.uwo-water.de\/#website\"},\"datePublished\":\"2021-02-10T09:52:06+00:00\",\"dateModified\":\"2023-01-05T14:04:00+00:00\",\"breadcrumb\":{\"@id\":\"https:\/\/www.uwo-water.de\/wasserfilter-systeme\/#breadcrumb\"},\"inLanguage\":\"en-GB\",\"potentialAction\":[{\"@type\":\"ReadAction\",\"target\":[\"https:\/\/www.uwo-water.de\/wasserfilter-systeme\/\"]}]},{\"@type\":\"BreadcrumbList\",\"@id\":\"https:\/\/www.uwo-water.de\/wasserfilter-systeme\/#breadcrumb\",\"itemListElement\":[{\"@type\":\"ListItem\",\"position\":1,\"name\":\"Startseite\",\"item\":\"https:\/\/www.uwo-water.de\/\"},{\"@type\":\"ListItem\",\"position\":2,\"name\":\"Wasserfilter-Systeme\"}]},{\"@type\":\"WebSite\",\"@id\":\"https:\/\/www.uwo-water.de\/#website\",\"url\":\"https:\/\/www.uwo-water.de\/\",\"name\":\"Uwo Water GmbH\",\"description\":\"Wassersysteme Regenwassernutzung Trennsysteme\",\"potentialAction\":[{\"@type\":\"SearchAction\",\"target\":{\"@type\":\"EntryPoint\",\"urlTemplate\":\"https:\/\/www.uwo-water.de\/?s={search_term_string}\"},\"query-input\":\"required name=search_term_string\"}],\"inLanguage\":\"en-GB\"}]}<\/script>\n<!-- \/ Yoast SEO plugin. -->","yoast_head_json":{"title":"Wasserfilter-Systeme - Uwo Water GmbH","robots":{"index":"index","follow":"follow","max-snippet":"max-snippet:-1","max-image-preview":"max-image-preview:large","max-video-preview":"max-video-preview:-1"},"canonical":"https:\/\/www.uwo-water.de\/wasserfilter-systeme\/","og_locale":"en_GB","og_type":"article","og_title":"[:de]Wasserfilter-Systeme[:] - Uwo Water GmbH","og_description":"UWO Wasserfilter 10 Zoll (ca. 2 Liter) 3-Stufen-Wasserfilter\/Vorfilter-System (inkl. Filterpatronen) mit \u00be Zoll Anschlussgewinde, f\u00fcr Trinkwasser geeignet 3-stufiges Filtersystem zur Sedimentfiltrierung, Filtration durch Aktivkohle zum Binden einer Vielzahl von Schadstoffen, Pestiziden, Chlor, uvm. Robustes, transparentes Filtergeh\u00e4use 2L (10\") \/\/ Filterpatrone (Siebeinsatz) als Ersatzteil erh\u00e4ltlich \/\/ Anschluss von beiden Seiten \u00fcber Edelstahl \u00be\u201c Zoll \/\/ mit [&hellip;]","og_url":"https:\/\/www.uwo-water.de\/wasserfilter-systeme\/","og_site_name":"Uwo Water GmbH","article_modified_time":"2023-01-05T14:04:00+00:00","twitter_card":"summary_large_image","twitter_misc":{"Estimated reading time":"6 minutes"},"schema":{"@context":"https:\/\/schema.org","@graph":[{"@type":"WebPage","@id":"https:\/\/www.uwo-water.de\/wasserfilter-systeme\/","url":"https:\/\/www.uwo-water.de\/wasserfilter-systeme\/","name":"[:de]Wasserfilter-Systeme[:] - Uwo Water GmbH","isPartOf":{"@id":"https:\/\/www.uwo-water.de\/#website"},"datePublished":"2021-02-10T09:52:06+00:00","dateModified":"2023-01-05T14:04:00+00:00","breadcrumb":{"@id":"https:\/\/www.uwo-water.de\/wasserfilter-systeme\/#breadcrumb"},"inLanguage":"en-GB","potentialAction":[{"@type":"ReadAction","target":["https:\/\/www.uwo-water.de\/wasserfilter-systeme\/"]}]},{"@type":"BreadcrumbList","@id":"https:\/\/www.uwo-water.de\/wasserfilter-systeme\/#breadcrumb","itemListElement":[{"@type":"ListItem","position":1,"name":"Startseite","item":"https:\/\/www.uwo-water.de\/"},{"@type":"ListItem","position":2,"name":"Wasserfilter-Systeme"}]},{"@type":"WebSite","@id":"https:\/\/www.uwo-water.de\/#website","url":"https:\/\/www.uwo-water.de\/","name":"Uwo Water GmbH","description":"Wassersysteme Regenwassernutzung Trennsysteme","potentialAction":[{"@type":"SearchAction","target":{"@type":"EntryPoint","urlTemplate":"https:\/\/www.uwo-water.de\/?s={search_term_string}"},"query-input":"required name=search_term_string"}],"inLanguage":"en-GB"}]}},"_links":{"self":[{"href":"https:\/\/www.uwo-water.de\/en\/wp-json\/wp\/v2\/pages\/4857"}],"collection":[{"href":"https:\/\/www.uwo-water.de\/en\/wp-json\/wp\/v2\/pages"}],"about":[{"href":"https:\/\/www.uwo-water.de\/en\/wp-json\/wp\/v2\/types\/page"}],"author":[{"embeddable":true,"href":"https:\/\/www.uwo-water.de\/en\/wp-json\/wp\/v2\/users\/1"}],"replies":[{"embeddable":true,"href":"https:\/\/www.uwo-water.de\/en\/wp-json\/wp\/v2\/comments?post=4857"}],"version-history":[{"count":20,"href":"https:\/\/www.uwo-water.de\/en\/wp-json\/wp\/v2\/pages\/4857\/revisions"}],"predecessor-version":[{"id":5414,"href":"https:\/\/www.uwo-water.de\/en\/wp-json\/wp\/v2\/pages\/4857\/revisions\/5414"}],"wp:attachment":[{"href":"https:\/\/www.uwo-water.de\/en\/wp-json\/wp\/v2\/media?parent=4857"}],"curies":[{"name":"wp","href":"https:\/\/api.w.org\/{rel}","templated":true}]}}