{"id":517,"date":"2018-08-30T13:11:35","date_gmt":"2018-08-30T11:11:35","guid":{"rendered":"http:\/\/uwo.kult-kunden.de\/?page_id=517"},"modified":"2023-01-11T11:25:24","modified_gmt":"2023-01-11T10:25:24","slug":"beregnungstechnik","status":"publish","type":"page","link":"https:\/\/www.uwo-water.de\/en\/beregnungstechnik\/","title":{"rendered":"Beregnungstechnik"},"content":{"rendered":"<p>[et_pb_section fb_built=&#8221;1&#8243; fullwidth=&#8221;on&#8221; _builder_version=&#8221;4.16&#8243; custom_padding=&#8221;0|0px|0px|0px|false|false&#8221; global_colors_info=&#8221;{}&#8221;][et_pb_fullwidth_header title=&#8221;UWO Water Beregnungstechnik&#8221; header_fullscreen=&#8221;on&#8221; header_scroll_down=&#8221;on&#8221; background_overlay_color=&#8221;rgba(0,0,0,0)&#8221; _builder_version=&#8221;4.16&#8243; title_font=&#8221;||||||||&#8221; background_image=&#8221;https:\/\/www.uwo-water.de\/wp-content\/uploads\/2018\/08\/springbrunnen.jpg&#8221; parallax=&#8221;on&#8221; custom_margin=&#8221;-271px||&#8221; custom_css_main_element=&#8221;padding: 250px 0 450px; &#8221; custom_css_title=&#8221;background: rgb(29,29,29,0.6)!important; padding:20px; max-width:750px; color:#3cd2fd!important; font-size:49px!important;&#8221; text_shadow_style=&#8221;preset1&#8243; global_colors_info=&#8221;{}&#8221; button_one_text_size__hover_enabled=&#8221;off&#8221; button_two_text_size__hover_enabled=&#8221;off&#8221; button_one_text_color__hover_enabled=&#8221;off&#8221; button_two_text_color__hover_enabled=&#8221;off&#8221; button_one_border_width__hover_enabled=&#8221;off&#8221; button_two_border_width__hover_enabled=&#8221;off&#8221; button_one_border_color__hover_enabled=&#8221;off&#8221; button_two_border_color__hover_enabled=&#8221;off&#8221; button_one_border_radius__hover_enabled=&#8221;off&#8221; button_two_border_radius__hover_enabled=&#8221;off&#8221; button_one_letter_spacing__hover_enabled=&#8221;off&#8221; button_two_letter_spacing__hover_enabled=&#8221;off&#8221; button_one_bg_color__hover_enabled=&#8221;off&#8221; button_two_bg_color__hover_enabled=&#8221;off&#8221;][\/et_pb_fullwidth_header][\/et_pb_section][et_pb_section fb_built=&#8221;1&#8243; _builder_version=&#8221;4.16&#8243; background_color=&#8221;#ffffff&#8221; custom_padding=&#8221;0|0px|54px|0px|false|false&#8221; global_colors_info=&#8221;{}&#8221;][et_pb_row _builder_version=&#8221;4.16&#8243; custom_padding=&#8221;98px|0px|27px|0px|false|false&#8221; global_colors_info=&#8221;{}&#8221; column_structure=&#8221;1_2,1_2&#8243;][et_pb_column type=&#8221;1_2&#8243; _builder_version=&#8221;4.16&#8243; custom_padding=&#8221;|||&#8221; global_colors_info=&#8221;{}&#8221; custom_padding__hover=&#8221;|||&#8221;][et_pb_text _builder_version=&#8221;4.16&#8243; custom_css_main_element=&#8221;padding-right:20px;&#8221; global_colors_info=&#8221;{}&#8221;]<\/p>\n<h1 style=\"color: #0c71c3;\">BEREGNUNGSTECHNIK<\/h1>\n<h2 style=\"padding-bottom: 30px;\">Effizient Planen<\/h2>\n<p>Eine professionelle Beregnungsanlage f\u00fcr Ihr Projekt erfordert eine detaillierte Planung unter Ber\u00fccksichtigung der \u00f6rtlichen Gegebenheiten. UWO Water setzt auf Effizienz und ist als projektierendes und ausf\u00fchrendes Unternehmen Ihr richtiger Partner f\u00fcr professionelle Beregnungstechik.<\/p>\n<p>&nbsp;<\/p>\n<h2 style=\"padding-bottom: 30px;\">Richtiges Bew\u00e4ssern spart Kosten<\/h2>\n<p style=\"font-size: medium;\">Eine Bew\u00e4sserungsanlage ist \u00f6konomisch und \u00f6kologisch sinnvoll.\u00a0<\/p>\n<p>[\/et_pb_text][\/et_pb_column][et_pb_column type=&#8221;1_2&#8243; _builder_version=&#8221;4.16&#8243; custom_padding=&#8221;|||&#8221; global_colors_info=&#8221;{}&#8221; custom_padding__hover=&#8221;|||&#8221;][et_pb_image src=&#8221;https:\/\/www.uwo-water.de\/wp-content\/uploads\/2018\/11\/beregnungstechnik.png&#8221; align_tablet=&#8221;center&#8221; align_last_edited=&#8221;on|desktop&#8221; _builder_version=&#8221;4.16&#8243; custom_css_main_element=&#8221;padding-left:20px;&#8221; global_colors_info=&#8221;{}&#8221; align_phone=&#8221;center&#8221;][\/et_pb_image][\/et_pb_column][\/et_pb_row][\/et_pb_section][et_pb_section fb_built=&#8221;1&#8243; _builder_version=&#8221;4.16&#8243; background_color=&#8221;#f4f4f4&#8243; global_colors_info=&#8221;{}&#8221;][et_pb_row _builder_version=&#8221;4.16&#8243; custom_padding=&#8221;27px|0px|26px|0px|false|false&#8221; global_colors_info=&#8221;{}&#8221; column_structure=&#8221;1_2,1_2&#8243;][et_pb_column type=&#8221;1_2&#8243; _builder_version=&#8221;4.16&#8243; custom_padding=&#8221;|||&#8221; global_colors_info=&#8221;{}&#8221; custom_padding__hover=&#8221;|||&#8221;][et_pb_image src=&#8221;https:\/\/www.uwo-water.de\/wp-content\/uploads\/2018\/11\/pgp_running_large.jpg&#8221; align_tablet=&#8221;center&#8221; align_last_edited=&#8221;on|desktop&#8221; _builder_version=&#8221;4.16&#8243; custom_css_main_element=&#8221;padding-right:20px;&#8221; global_colors_info=&#8221;{}&#8221; align_phone=&#8221;center&#8221;][\/et_pb_image][\/et_pb_column][et_pb_column type=&#8221;1_2&#8243; _builder_version=&#8221;4.16&#8243; custom_padding=&#8221;|||&#8221; global_colors_info=&#8221;{}&#8221; custom_padding__hover=&#8221;|||&#8221;][et_pb_text _builder_version=&#8221;4.16&#8243; custom_css_main_element=&#8221;padding-left:20px;&#8221; global_colors_info=&#8221;{}&#8221;]<\/p>\n<h1 style=\"padding-bottom: 30px;\"><span style=\"color: #0c71c3;\">Die Vorteile einer professionellen Bew\u00e4sserungsanlage<\/span><\/h1>\n<ul>\n<li>Wasserersparnis im Vergleich zu \u00fcblichen Bew\u00e4sserungsmethoden<\/li>\n<li>Gezielte, bedarfsorientierte Bew\u00e4sserung<\/li>\n<li>Zeitersparnis durch die automatische Bew\u00e4sserung Ihrer Gr\u00fcnanlage<\/li>\n<li>Steigerung des Wertes der Gr\u00fcnanlage<\/li>\n<li>Energieeffizienz<\/li>\n<li>K\u00f6rperliche Entlastung<\/li>\n<li>Unbezahlbar: Die Freude am Garten<\/li>\n<li>Unabh\u00e4ngigkeit mit smarter Bedienung<\/li>\n<\/ul>\n<p>[\/et_pb_text][\/et_pb_column][\/et_pb_row][\/et_pb_section][et_pb_section fb_built=&#8221;1&#8243; _builder_version=&#8221;4.16&#8243; background_color=&#8221;#ffffff&#8221; global_colors_info=&#8221;{}&#8221;][et_pb_row _builder_version=&#8221;4.16&#8243; global_colors_info=&#8221;{}&#8221; column_structure=&#8221;2_3,1_3&#8243;][et_pb_column type=&#8221;2_3&#8243; _builder_version=&#8221;4.16&#8243; custom_padding=&#8221;|||&#8221; global_colors_info=&#8221;{}&#8221; custom_padding__hover=&#8221;|||&#8221;][et_pb_text _builder_version=&#8221;4.16&#8243; global_colors_info=&#8221;{}&#8221;]<\/p>\n<h1 style=\"padding-bottom: 30px;\"><span style=\"color: #0c71c3;\">Bew\u00e4sserung im Hausgarten\u00a0<\/span>\u00a0<\/h1>\n<p><strong>Die Bew\u00e4sserung im Hausgarten<\/strong>, kein Luxus sondern Notwendigkeit. Ob in Hausg\u00e4rten, \u00f6ffentlichen Gr\u00fcnanlagen oder Sportanlagen: F\u00fcr ein erfolgreiches Anwachsen,<br \/> gesundes Wachstum und eine lange Lebensdauer ben\u00f6tigen Rasenfl\u00e4chen, Blumenbeete, Staudenanpflanzungen, Hecken und B\u00e4ume eine ausreichende Wasserversorgung.<\/p>\n<p>&nbsp;<\/p>\n<h2 style=\"padding-bottom: 30px;\"><span style=\"color: #006ac1;\">Die bedarfsorientierte Bew\u00e4sserung ist unser Ziel<\/span><\/h2>\n<p>Die professionelle Planung und Installation einer Bew\u00e4sserungsanlage gew\u00e4hrleistet die bedarfsorientierte Bew\u00e4sserung der Pflanzen auf Ihren Gr\u00fcnfl\u00e4chen. Eine fachgerecht geplante, installierte und periodisch gewartete Bew\u00e4sserungsanlage hilft, Wasser zu sparen und die wertvolle Ressource <span style=\"color: #0c71c3;\"><strong>Wasser<\/strong> <\/span>effizient und umweltschonend zu nutzen.<\/p>\n<p>[\/et_pb_text][\/et_pb_column][et_pb_column type=&#8221;1_3&#8243; _builder_version=&#8221;4.16&#8243; custom_padding=&#8221;|||&#8221; global_colors_info=&#8221;{}&#8221; custom_padding__hover=&#8221;|||&#8221;][et_pb_image src=&#8221;https:\/\/www.uwo-water.de\/wp-content\/uploads\/2018\/11\/h0734.jpg&#8221; align_tablet=&#8221;center&#8221; align_last_edited=&#8221;on|desktop&#8221; _builder_version=&#8221;4.16&#8243; global_colors_info=&#8221;{}&#8221; align_phone=&#8221;center&#8221;][\/et_pb_image][\/et_pb_column][\/et_pb_row][\/et_pb_section][et_pb_section fb_built=&#8221;1&#8243; _builder_version=&#8221;4.16&#8243; background_color=&#8221;#f4f4f4&#8243; custom_padding=&#8221;54px|0px|0|0px|false|false&#8221; global_colors_info=&#8221;{}&#8221;][et_pb_row _builder_version=&#8221;4.16&#8243; global_colors_info=&#8221;{}&#8221; column_structure=&#8221;2_5,3_5&#8243;][et_pb_column type=&#8221;2_5&#8243; _builder_version=&#8221;4.16&#8243; custom_padding=&#8221;|||&#8221; global_colors_info=&#8221;{}&#8221; custom_padding__hover=&#8221;|||&#8221;][et_pb_image src=&#8221;https:\/\/www.uwo-water.de\/wp-content\/uploads\/2018\/11\/bewaesserung-hausgarten.jpg&#8221; align_tablet=&#8221;center&#8221; align_last_edited=&#8221;on|desktop&#8221; _builder_version=&#8221;4.16&#8243; global_colors_info=&#8221;{}&#8221; align_phone=&#8221;center&#8221;][\/et_pb_image][\/et_pb_column][et_pb_column type=&#8221;3_5&#8243; _builder_version=&#8221;4.16&#8243; custom_padding=&#8221;|||&#8221; global_colors_info=&#8221;{}&#8221; custom_padding__hover=&#8221;|||&#8221;][et_pb_text _builder_version=&#8221;4.16&#8243; global_colors_info=&#8221;{}&#8221;]<\/p>\n<h1 class=\"section_title\"><span style=\"color: #0c71c3;\">Die Vorteile eines automatischen Beregnungssystems von Hunter<\/span><\/h1>\n<h2 style=\"padding-bottom: 30px;\">Die Vorteile:<\/h2>\n<ul>\n<li style=\"padding-bottom:20px;\"><span style=\"font-size: large;\"><strong><span style=\"color: #0c71c3;\">Einfachheit <br \/><\/span><\/strong><\/span>Wenn ein Hunter Beregnungssystem installiert ist, m\u00fcssen Sie nie wieder einen Schlauch durch den ganzen Garten ziehen, nie wieder raten, ob Sie ausreichend oder zu viel gew\u00e4ssert haben und sich nie wieder darum sorgen, wie Ihr Rasen in Ihrer Abwesenheit gew\u00e4ssert wird.<\/li>\n<li style=\"padding-bottom:20px;\"><span style=\"color: #0c71c3; font-size: large;\"><strong>Wert<br \/><\/strong><\/span>Wenn ein Hunter Beregnungssystem installiert ist, m\u00fcssen Sie nie wieder einen Schlauch durch den ganzen Garten ziehen, nie wieder raten, ob Sie ausreichend oder zu viel gew\u00e4ssert haben und sich nie wieder darum sorgen, wie Ihr Rasen in Ihrer Abwesenheit gew\u00e4ssert wird.<\/li>\n<li style=\"padding-bottom:20px;\"><span style=\"font-size: large;\"><strong><span style=\"color: #0c71c3;\">Steuerger\u00e4te <br \/><\/span><\/strong><\/span>Steuerger\u00e4te sind das Gehirn eines Beregnungssystems. Sie aktivieren und deaktivieren bezeichnete Bew\u00e4sserungszonen entsprechend ihrer programmierten Laufzeiten. Ordnungsgem\u00e4\u00df programmierte Steuerger\u00e4te stellen sicher, dass eine Gartenanlage zur optimalen Bew\u00e4sserungszeit die korrekte Wassermenge erh\u00e4lt.<\/li>\n<\/ul>\n<p style=\"font-size: medium;\">[\/et_pb_text][\/et_pb_column][\/et_pb_row][\/et_pb_section][et_pb_section fb_built=&#8221;1&#8243; fullwidth=&#8221;on&#8221; _builder_version=&#8221;4.16&#8243; custom_padding=&#8221;0|0px|0|0px|false|false&#8221; global_colors_info=&#8221;{}&#8221;][et_pb_fullwidth_header title=&#8221;Your Title Goes Here&#8221; button_one_text=&#8221;Click Here&#8221; _builder_version=&#8221;4.16&#8243; background_image=&#8221;https:\/\/www.uwo-water.de\/wp-content\/uploads\/2018\/11\/modern-rana-esculenta-1.jpg&#8221; parallax=&#8221;on&#8221; custom_css_main_element=&#8221;padding: 250px 0 550px&#8221; custom_css_title=&#8221;display:none;&#8221; custom_css_content=&#8221;display:none;&#8221; custom_css_subtitle=&#8221;display:none;&#8221; custom_css_button_1=&#8221;display:none;&#8221; custom_css_button_2=&#8221;display:none;&#8221; custom_css_scroll_button=&#8221;display:none;&#8221; global_colors_info=&#8221;{}&#8221; button_one_text_size__hover_enabled=&#8221;off&#8221; button_two_text_size__hover_enabled=&#8221;off&#8221; button_one_text_color__hover_enabled=&#8221;off&#8221; button_two_text_color__hover_enabled=&#8221;off&#8221; button_one_border_width__hover_enabled=&#8221;off&#8221; button_two_border_width__hover_enabled=&#8221;off&#8221; button_one_border_color__hover_enabled=&#8221;off&#8221; button_two_border_color__hover_enabled=&#8221;off&#8221; button_one_border_radius__hover_enabled=&#8221;off&#8221; button_two_border_radius__hover_enabled=&#8221;off&#8221; button_one_letter_spacing__hover_enabled=&#8221;off&#8221; button_two_letter_spacing__hover_enabled=&#8221;off&#8221; button_one_bg_color__hover_enabled=&#8221;off&#8221; button_two_bg_color__hover_enabled=&#8221;off&#8221;]Your content goes here. Edit or remove this text inline or in the module Content settings. You can also style every aspect of this content in the module Design settings and even apply custom CSS to this text in the module Advanced settings.[\/et_pb_fullwidth_header][\/et_pb_section][et_pb_section fb_built=&#8221;1&#8243; _builder_version=&#8221;4.16&#8243; background_color=&#8221;#ffffff&#8221; global_colors_info=&#8221;{}&#8221;][et_pb_row _builder_version=&#8221;4.16&#8243; global_colors_info=&#8221;{}&#8221; column_structure=&#8221;1_2,1_2&#8243;][et_pb_column type=&#8221;1_2&#8243; _builder_version=&#8221;4.16&#8243; custom_padding=&#8221;|||&#8221; global_colors_info=&#8221;{}&#8221; custom_padding__hover=&#8221;|||&#8221;][et_pb_text _builder_version=&#8221;4.16&#8243; global_colors_info=&#8221;{}&#8221;]<\/p>\n<h1 style=\"color: #0c71c3;\">Warum HUNTER Produkte ?<\/h1>\n<h2 style=\"padding-bottom: 30px;\">Innovativ &#038; Effizient<\/h2>\n<p><span style=\"font-size: medium;\">\u00dcberall bevorzugen professionelle Anlagenbauer die innovativen Produkte von <strong>HUNTER. <\/strong><\/span><\/p>\n<p><span style=\"font-size: medium;\"><strong>HUNTER<\/strong> ist weltweit f\u00fchrend in der Bew\u00e4sserungsindustrie, dessen Entwicklungen seit Jahrzehnten Meilensteine in der gesamten Branche. <\/span><\/p>\n<p><span style=\"font-size: medium; color: #0c71c3;\"><strong>\u00a0<\/strong><\/span><\/p>\n<p>[\/et_pb_text][\/et_pb_column][et_pb_column type=&#8221;1_2&#8243; _builder_version=&#8221;4.16&#8243; custom_padding=&#8221;|||&#8221; global_colors_info=&#8221;{}&#8221; custom_padding__hover=&#8221;|||&#8221;][et_pb_image src=&#8221;https:\/\/www.uwo-water.de\/wp-content\/uploads\/2018\/10\/controller_mockup.jpg&#8221; align_tablet=&#8221;center&#8221; align_last_edited=&#8221;on|desktop&#8221; _builder_version=&#8221;4.16&#8243; global_colors_info=&#8221;{}&#8221; align_phone=&#8221;center&#8221;][\/et_pb_image][\/et_pb_column][\/et_pb_row][\/et_pb_section][et_pb_section fb_built=&#8221;1&#8243; _builder_version=&#8221;4.16&#8243; global_colors_info=&#8221;{}&#8221;][et_pb_row _builder_version=&#8221;4.16&#8243; global_colors_info=&#8221;{}&#8221; column_structure=&#8221;1_2,1_2&#8243;][et_pb_column type=&#8221;1_2&#8243; _builder_version=&#8221;4.16&#8243; custom_padding=&#8221;|||&#8221; global_colors_info=&#8221;{}&#8221; custom_padding__hover=&#8221;|||&#8221;][et_pb_image src=&#8221;https:\/\/www.uwo-water.de\/wp-content\/uploads\/2018\/10\/sprinkler-irrigation-0075274001512038417.jpg&#8221; align_tablet=&#8221;center&#8221; align_last_edited=&#8221;on|desktop&#8221; _builder_version=&#8221;4.16&#8243; global_colors_info=&#8221;{}&#8221; align_phone=&#8221;center&#8221;][\/et_pb_image][\/et_pb_column][et_pb_column type=&#8221;1_2&#8243; _builder_version=&#8221;4.16&#8243; custom_padding=&#8221;|||&#8221; global_colors_info=&#8221;{}&#8221; custom_padding__hover=&#8221;|||&#8221;][et_pb_text _builder_version=&#8221;4.16&#8243; custom_margin=&#8221;|||40px&#8221; global_colors_info=&#8221;{}&#8221;]<\/p>\n<h1 style=\"color: #0c71c3; padding-bottom: 30px;\">Wie funktioniert das ?<\/h1>\n<p><span style=\"font-size: medium;\">Schicken Sie uns die Planungshilfe per Fax<br \/> oder Mail oder nehmen Sie direkt mit uns Kontakt auf.<br \/> <\/span><\/p>\n<p><span style=\"font-size: medium;\">Sie erhalten ein Angebot f\u00fcr das gew\u00fcnschte Projekt.<br \/> Die Ware wird direkt an Sie verschickt, die Abrechnung<br \/> erfolgt \u00fcber Ihren Gro\u00dfhandelspartner.<br \/> <\/span><\/p>\n<p><span style=\"font-size: medium;\">Artikel\u00fcbersicht, Preisliste und Kundenprospekte finden<br \/> Sie in unserem <a href=\"https:\/\/www.uwo-water.de\/bedienungsanleitungen\/\" target=\"_blank\" rel=\"noopener noreferrer\" title=\"Zu den Bedienungsanleitungen\">Servicebereich<\/a>.<br \/> <\/span><\/p>\n<p>[\/et_pb_text][\/et_pb_column][\/et_pb_row][\/et_pb_section][et_pb_section fb_built=&#8221;1&#8243; _builder_version=&#8221;4.16&#8243; background_color=&#8221;#d3d3d3&#8243; global_colors_info=&#8221;{}&#8221;][et_pb_row _builder_version=&#8221;4.16&#8243; global_colors_info=&#8221;{}&#8221; column_structure=&#8221;1_2,1_2&#8243;][et_pb_column type=&#8221;1_2&#8243; _builder_version=&#8221;4.16&#8243; custom_padding=&#8221;|||&#8221; global_colors_info=&#8221;{}&#8221; custom_padding__hover=&#8221;|||&#8221;][et_pb_text _builder_version=&#8221;4.16&#8243; global_colors_info=&#8221;{}&#8221;]<\/p>\n<h1><span style=\"color: #0c71c3;\">Jetzt mit Hydrawise steuern<\/span><\/h1>\n<h2>im Appstore &#038; Google Play\u00a0<\/h2>\n<h1><span style=\"font-size: large;\">Steuern Sie jetzt, von Unterwegs aus, Ihre Beregnung bequem mit ihrem Smartphone. <\/span><\/h1>\n<h1><span style=\"font-size: large;\">Einfach die Hydrawise App downloaden und schon k\u00f6nnen Sie Vorz\u00fcge der Steuerung nutzen. <br \/><\/span><\/h1>\n<p>[\/et_pb_text][\/et_pb_column][et_pb_column type=&#8221;1_2&#8243; _builder_version=&#8221;4.16&#8243; custom_padding=&#8221;|||&#8221; global_colors_info=&#8221;{}&#8221; custom_padding__hover=&#8221;|||&#8221;][et_pb_image src=&#8221;https:\/\/www.uwo-water.de\/wp-content\/uploads\/2018\/10\/Steuerung_Thema-1.jpg&#8221; align_tablet=&#8221;center&#8221; align_last_edited=&#8221;on|desktop&#8221; _builder_version=&#8221;4.16&#8243; global_colors_info=&#8221;{}&#8221; align_phone=&#8221;center&#8221;][\/et_pb_image][\/et_pb_column][\/et_pb_row][\/et_pb_section][et_pb_section fb_built=&#8221;1&#8243; _builder_version=&#8221;4.16&#8243; background_color=&#8221;#d3d3d3&#8243; custom_padding=&#8221;54px|0px|0|0px|false|false&#8221; global_colors_info=&#8221;{}&#8221;][et_pb_row _builder_version=&#8221;4.16&#8243; global_colors_info=&#8221;{}&#8221; column_structure=&#8221;1_2,1_2&#8243;][et_pb_column type=&#8221;1_2&#8243; _builder_version=&#8221;4.16&#8243; custom_padding=&#8221;|||&#8221; global_colors_info=&#8221;{}&#8221; custom_padding__hover=&#8221;|||&#8221;][et_pb_image src=&#8221;https:\/\/www.uwo-water.de\/wp-content\/uploads\/2018\/10\/Page-5-Image-8.jpg&#8221; align_tablet=&#8221;center&#8221; align_last_edited=&#8221;on|desktop&#8221; _builder_version=&#8221;4.16&#8243; global_colors_info=&#8221;{}&#8221; align_phone=&#8221;center&#8221;][\/et_pb_image][\/et_pb_column][et_pb_column type=&#8221;1_2&#8243; _builder_version=&#8221;4.16&#8243; custom_padding=&#8221;|||&#8221; global_colors_info=&#8221;{}&#8221; custom_padding__hover=&#8221;|||&#8221;][et_pb_text _builder_version=&#8221;4.16&#8243; global_colors_info=&#8221;{}&#8221;]<\/p>\n<h1>HUNTER HC<\/h1>\n<h2><span style=\"color: #0c71c3;\">Steuern Sie die Beregnung zu jeder Zeit und jedem Ort aus.\u00a0 <\/span><\/h2>\n<p>&nbsp;<\/p>\n<p>Dank dem neuen Fernzugriff k\u00f6nnen Sie kostspielige Serviceeins\u00e4tze vermeiden und Ihr Beregnungssystem von Ihrem Mobiltelefon, Tablet oder Computer aus steuern, zu jeder Zeit und von jedem Ort. Kein verschwendetes Wasser, keine vertrockneten Pflanzen.\u00a0<\/p>\n<p>[\/et_pb_text][\/et_pb_column][\/et_pb_row][\/et_pb_section]<\/p>\n","protected":false},"excerpt":{"rendered":"<p>BEREGNUNGSTECHNIK Effizient Planen Eine professionelle Beregnungsanlage f\u00fcr Ihr Projekt erfordert eine detaillierte Planung unter Ber\u00fccksichtigung der \u00f6rtlichen Gegebenheiten. UWO Water setzt auf Effizienz und ist als projektierendes und ausf\u00fchrendes Unternehmen Ihr richtiger Partner f\u00fcr professionelle Beregnungstechik. &nbsp; Richtiges Bew\u00e4ssern spart Kosten Eine Bew\u00e4sserungsanlage ist \u00f6konomisch und \u00f6kologisch sinnvoll.\u00a0Die Vorteile einer professionellen Bew\u00e4sserungsanlage Wasserersparnis im Vergleich [&hellip;]<\/p>\n","protected":false},"author":1,"featured_media":0,"parent":0,"menu_order":0,"comment_status":"closed","ping_status":"closed","template":"","meta":{"_et_pb_use_builder":"on","_et_pb_old_content":"Shop Dummy","_et_gb_content_width":""},"yoast_head":"<!-- This site is optimized with the Yoast SEO plugin v19.14 - https:\/\/yoast.com\/wordpress\/plugins\/seo\/ -->\n<title>Beregnungstechnik - Uwo Water GmbH Regenwassernutzung<\/title>\n<meta name=\"description\" content=\"Beregnungstechnik der UWO Water GmbH: Automatische Bew\u00e4sserung f\u00fcr Hausg\u00e4rten, \u00f6ffentliche Gr\u00fcnfl\u00e4chen und Sportanlagen. Wassersparend und Vollautomatisch.\" \/>\n<meta name=\"robots\" content=\"index, follow, max-snippet:-1, max-image-preview:large, max-video-preview:-1\" \/>\n<link rel=\"canonical\" href=\"https:\/\/www.uwo-water.de\/beregnungstechnik\/\" \/>\n<meta property=\"og:locale\" content=\"en_GB\" \/>\n<meta property=\"og:type\" content=\"article\" \/>\n<meta property=\"og:title\" content=\"Beregnungstechnik\" \/>\n<meta property=\"og:description\" content=\"Beregnungstechnik der UWO Water GmbH: Automatische Bew\u00e4sserung f\u00fcr Hausg\u00e4rten, \u00f6ffentliche Gr\u00fcnfl\u00e4chen und Sportanlagen. Wassersparend und Vollautomatisch.\" \/>\n<meta property=\"og:url\" content=\"https:\/\/www.uwo-water.de\/beregnungstechnik\/\" \/>\n<meta property=\"og:site_name\" content=\"Uwo Water GmbH\" \/>\n<meta property=\"article:modified_time\" content=\"2023-01-11T10:25:24+00:00\" \/>\n<meta name=\"twitter:card\" content=\"summary_large_image\" \/>\n<meta name=\"twitter:label1\" content=\"Estimated reading time\" \/>\n\t<meta name=\"twitter:data1\" content=\"9 minutes\" \/>\n<script type=\"application\/ld+json\" class=\"yoast-schema-graph\">{\"@context\":\"https:\/\/schema.org\",\"@graph\":[{\"@type\":\"WebPage\",\"@id\":\"https:\/\/www.uwo-water.de\/beregnungstechnik\/\",\"url\":\"https:\/\/www.uwo-water.de\/beregnungstechnik\/\",\"name\":\"[:de]Beregnungstechnik[:] - Uwo Water GmbH Regenwassernutzung\",\"isPartOf\":{\"@id\":\"https:\/\/www.uwo-water.de\/#website\"},\"datePublished\":\"2018-08-30T11:11:35+00:00\",\"dateModified\":\"2023-01-11T10:25:24+00:00\",\"description\":\"Beregnungstechnik der UWO Water GmbH: Automatische Bew\u00e4sserung f\u00fcr Hausg\u00e4rten, \u00f6ffentliche Gr\u00fcnfl\u00e4chen und Sportanlagen. Wassersparend und Vollautomatisch.\",\"breadcrumb\":{\"@id\":\"https:\/\/www.uwo-water.de\/beregnungstechnik\/#breadcrumb\"},\"inLanguage\":\"en-GB\",\"potentialAction\":[{\"@type\":\"ReadAction\",\"target\":[\"https:\/\/www.uwo-water.de\/beregnungstechnik\/\"]}]},{\"@type\":\"BreadcrumbList\",\"@id\":\"https:\/\/www.uwo-water.de\/beregnungstechnik\/#breadcrumb\",\"itemListElement\":[{\"@type\":\"ListItem\",\"position\":1,\"name\":\"Startseite\",\"item\":\"https:\/\/www.uwo-water.de\/\"},{\"@type\":\"ListItem\",\"position\":2,\"name\":\"Beregnungstechnik\"}]},{\"@type\":\"WebSite\",\"@id\":\"https:\/\/www.uwo-water.de\/#website\",\"url\":\"https:\/\/www.uwo-water.de\/\",\"name\":\"Uwo Water GmbH\",\"description\":\"Wassersysteme Regenwassernutzung Trennsysteme\",\"potentialAction\":[{\"@type\":\"SearchAction\",\"target\":{\"@type\":\"EntryPoint\",\"urlTemplate\":\"https:\/\/www.uwo-water.de\/?s={search_term_string}\"},\"query-input\":\"required name=search_term_string\"}],\"inLanguage\":\"en-GB\"}]}<\/script>\n<!-- \/ Yoast SEO plugin. -->","yoast_head_json":{"title":"Beregnungstechnik - Uwo Water GmbH Regenwassernutzung","description":"Beregnungstechnik der UWO Water GmbH: Automatische Bew\u00e4sserung f\u00fcr Hausg\u00e4rten, \u00f6ffentliche Gr\u00fcnfl\u00e4chen und Sportanlagen. Wassersparend und Vollautomatisch.","robots":{"index":"index","follow":"follow","max-snippet":"max-snippet:-1","max-image-preview":"max-image-preview:large","max-video-preview":"max-video-preview:-1"},"canonical":"https:\/\/www.uwo-water.de\/beregnungstechnik\/","og_locale":"en_GB","og_type":"article","og_title":"[:de]Beregnungstechnik[:] - Uwo Water GmbH Regenwassernutzung","og_description":"Beregnungstechnik der UWO Water GmbH: Automatische Bew\u00e4sserung f\u00fcr Hausg\u00e4rten, \u00f6ffentliche Gr\u00fcnfl\u00e4chen und Sportanlagen. Wassersparend und Vollautomatisch.","og_url":"https:\/\/www.uwo-water.de\/beregnungstechnik\/","og_site_name":"Uwo Water GmbH","article_modified_time":"2023-01-11T10:25:24+00:00","twitter_card":"summary_large_image","twitter_misc":{"Estimated reading time":"9 minutes"},"schema":{"@context":"https:\/\/schema.org","@graph":[{"@type":"WebPage","@id":"https:\/\/www.uwo-water.de\/beregnungstechnik\/","url":"https:\/\/www.uwo-water.de\/beregnungstechnik\/","name":"[:de]Beregnungstechnik[:] - Uwo Water GmbH Regenwassernutzung","isPartOf":{"@id":"https:\/\/www.uwo-water.de\/#website"},"datePublished":"2018-08-30T11:11:35+00:00","dateModified":"2023-01-11T10:25:24+00:00","description":"Beregnungstechnik der UWO Water GmbH: Automatische Bew\u00e4sserung f\u00fcr Hausg\u00e4rten, \u00f6ffentliche Gr\u00fcnfl\u00e4chen und Sportanlagen. Wassersparend und Vollautomatisch.","breadcrumb":{"@id":"https:\/\/www.uwo-water.de\/beregnungstechnik\/#breadcrumb"},"inLanguage":"en-GB","potentialAction":[{"@type":"ReadAction","target":["https:\/\/www.uwo-water.de\/beregnungstechnik\/"]}]},{"@type":"BreadcrumbList","@id":"https:\/\/www.uwo-water.de\/beregnungstechnik\/#breadcrumb","itemListElement":[{"@type":"ListItem","position":1,"name":"Startseite","item":"https:\/\/www.uwo-water.de\/"},{"@type":"ListItem","position":2,"name":"Beregnungstechnik"}]},{"@type":"WebSite","@id":"https:\/\/www.uwo-water.de\/#website","url":"https:\/\/www.uwo-water.de\/","name":"Uwo Water GmbH","description":"Wassersysteme Regenwassernutzung Trennsysteme","potentialAction":[{"@type":"SearchAction","target":{"@type":"EntryPoint","urlTemplate":"https:\/\/www.uwo-water.de\/?s={search_term_string}"},"query-input":"required name=search_term_string"}],"inLanguage":"en-GB"}]}},"_links":{"self":[{"href":"https:\/\/www.uwo-water.de\/en\/wp-json\/wp\/v2\/pages\/517"}],"collection":[{"href":"https:\/\/www.uwo-water.de\/en\/wp-json\/wp\/v2\/pages"}],"about":[{"href":"https:\/\/www.uwo-water.de\/en\/wp-json\/wp\/v2\/types\/page"}],"author":[{"embeddable":true,"href":"https:\/\/www.uwo-water.de\/en\/wp-json\/wp\/v2\/users\/1"}],"replies":[{"embeddable":true,"href":"https:\/\/www.uwo-water.de\/en\/wp-json\/wp\/v2\/comments?post=517"}],"version-history":[{"count":74,"href":"https:\/\/www.uwo-water.de\/en\/wp-json\/wp\/v2\/pages\/517\/revisions"}],"predecessor-version":[{"id":5440,"href":"https:\/\/www.uwo-water.de\/en\/wp-json\/wp\/v2\/pages\/517\/revisions\/5440"}],"wp:attachment":[{"href":"https:\/\/www.uwo-water.de\/en\/wp-json\/wp\/v2\/media?parent=517"}],"curies":[{"name":"wp","href":"https:\/\/api.w.org\/{rel}","templated":true}]}}