{"id":521,"date":"2018-08-30T13:12:58","date_gmt":"2018-08-30T11:12:58","guid":{"rendered":"http:\/\/uwo.kult-kunden.de\/?page_id=521"},"modified":"2019-10-24T15:50:26","modified_gmt":"2019-10-24T13:50:26","slug":"service-2","status":"publish","type":"page","link":"https:\/\/www.uwo-water.de\/en\/service-2\/","title":{"rendered":"Texte \/ Preise"},"content":{"rendered":"\n[et_pb_section fb_built=&#8221;1&#8243; fullwidth=&#8221;on&#8221; _builder_version=&#8221;3.22&#8243; custom_padding=&#8221;0|0px|0px|0px|false|false&#8221;][et_pb_fullwidth_header title=&#8221;Guter Service ist bei uns selbstverst\u00e4ndlich &#8221; header_scroll_down=&#8221;on&#8221; background_overlay_color=&#8221;rgba(0,0,0,0)&#8221; _builder_version=&#8221;3.17.6&#8243; title_font=&#8221;||||||||&#8221; background_image=&#8221;https:\/\/www.uwo-water.de\/wp-content\/uploads\/2018\/11\/20170607_163458.jpg&#8221; parallax=&#8221;on&#8221; text_shadow_style=&#8221;preset1&#8243; custom_css_main_element=&#8221;padding: 250px 0 250px&#8221; custom_css_title=&#8221;background: rgb(29,29,29,0.6)!important; padding:20px; max-width:600px; color:#3cd2fd!important; font-size:49px!important;&#8221; button_one_text_size__hover_enabled=&#8221;off&#8221; button_two_text_size__hover_enabled=&#8221;off&#8221; button_one_text_color__hover_enabled=&#8221;off&#8221; button_two_text_color__hover_enabled=&#8221;off&#8221; button_one_border_width__hover_enabled=&#8221;off&#8221; button_two_border_width__hover_enabled=&#8221;off&#8221; button_one_border_color__hover_enabled=&#8221;off&#8221; button_two_border_color__hover_enabled=&#8221;off&#8221; button_one_border_radius__hover_enabled=&#8221;off&#8221; button_two_border_radius__hover_enabled=&#8221;off&#8221; button_one_letter_spacing__hover_enabled=&#8221;off&#8221; button_two_letter_spacing__hover_enabled=&#8221;off&#8221; button_one_bg_color__hover_enabled=&#8221;off&#8221; button_two_bg_color__hover_enabled=&#8221;off&#8221;][\/et_pb_fullwidth_header][\/et_pb_section][et_pb_section fb_built=&#8221;1&#8243; _builder_version=&#8221;3.22&#8243; background_color=&#8221;#ffffff&#8221; custom_padding=&#8221;54px|0px|0|0px|false|false&#8221;][et_pb_row _builder_version=&#8221;3.22&#8243;][et_pb_column type=&#8221;1_2&#8243; _builder_version=&#8221;3.11.1&#8243;][et_pb_text _builder_version=&#8221;3.22.1&#8243;]<h1>UWO Water Service<\/h1>\n<p>&nbsp;<\/p>\n<h2><span style=\"color: #0c71c3;\">Guter Service ist bei uns eine wichtige Leistung !\u00a0<\/span><\/h2>\n<p><span style=\"color: #0c71c3;\"><\/span><\/p>\n<p><span style=\"font-size: large;\">Nutzen Sie unseren Servicebereich f\u00fcr Ihr Anliegen. Hier finden Sie alle wichtigen Informationen zu den UWO Water Produkte und zu unseren Leistungen.<br \/> <\/span><\/p>\n<p><span style=\"font-size: large;\">F\u00fcr Architekten und Bauplaner stehen unsere Ausschreibungstexte zu Verf\u00fcgung.\u00a0 <\/span><\/p>\n<p>&nbsp;<\/p>\n<p>&nbsp;<\/p>\n<p>&nbsp;<\/p>\n<p>&nbsp;<\/p>\n<p>&nbsp;<\/p>\n<p>&nbsp;<\/p>\n<p>&nbsp;<\/p>[\/et_pb_text][\/et_pb_column][et_pb_column type=&#8221;1_2&#8243; _builder_version=&#8221;3.11.1&#8243;][et_pb_image src=&#8221;https:\/\/www.uwo-water.de\/wp-content\/uploads\/2019\/01\/service-thumb.jpg&#8221; _builder_version=&#8221;3.19.9&#8243; custom_padding=&#8221;||0px|||&#8221;][\/et_pb_image][\/et_pb_column][\/et_pb_row][\/et_pb_section][et_pb_section fb_built=&#8221;1&#8243; _builder_version=&#8221;3.22&#8243; custom_padding=&#8221;0|0px|54px|0px|false|false&#8221;][et_pb_row _builder_version=&#8221;3.22&#8243;][et_pb_column type=&#8221;4_4&#8243; _builder_version=&#8221;3.11.1&#8243;][et_pb_text _builder_version=&#8221;3.11.1&#8243;]<h1 style=\"text-align: center;\"><span style=\"font-size: xx-large;\">Unser Service im \u00dcberblick<\/span><\/h1>[\/et_pb_text][\/et_pb_column][\/et_pb_row][et_pb_row module_class=&#8221; et_pb_row_fullwidth&#8221; _builder_version=&#8221;3.22&#8243; width=&#8221;89%&#8221; width_tablet=&#8221;80%&#8221; width_last_edited=&#8221;on|desktop&#8221; max_width=&#8221;89%&#8221; max_width_tablet=&#8221;80%&#8221; max_width_last_edited=&#8221;on|desktop&#8221; make_fullwidth=&#8221;on&#8221;][et_pb_column type=&#8221;1_4&#8243; _builder_version=&#8221;3.11.1&#8243;][et_pb_text _builder_version=&#8221;3.22.1&#8243; link_option_url=&#8221;https:\/\/www.uwo-water.de\/bedienungsanleitungen\/&#8221; link_option_url_new_window=&#8221;on&#8221;]<div class=\"hoverrahmen\">\n<div style=\"overflow: hidden;\"><img decoding=\"async\" class=\"img-zoom\" src=\"https:\/\/www.uwo-water.de\/wp-content\/uploads\/2018\/09\/Steuerung_Thema-1.jpg\" \/><\/div>\n<div style=\"clear: both;\"><\/div>\n<div style=\"padding: 10px 10px 5px 10px; text-align: center; color: #fff!important; background: #333;\">\n<h2 style=\"color: #fff!important;\">Bedienungsanleitungen<\/h2>\n<\/div>\n<\/div>[\/et_pb_text][\/et_pb_column][et_pb_column type=&#8221;1_4&#8243; _builder_version=&#8221;3.11.1&#8243;][et_pb_text _builder_version=&#8221;3.19.9&#8243;]<div class=\"hoverrahmen\">\n<div style=\"overflow: hidden;\"><img decoding=\"async\" class=\"img-zoom\" src=\"https:\/\/www.uwo-water.de\/wp-content\/uploads\/2018\/09\/hunter-steuerung.jpg\" \/><\/div>\n<div style=\"clear: both;\"><\/div>\n<div style=\"padding: 10px 10px 5px 10px; text-align: center; color: #fff!important; background: #333;\">\n<h2 style=\"color: #fff!important;\">Ersatzteillisten<\/h2>\n<\/div>\n<\/div>[\/et_pb_text][\/et_pb_column][et_pb_column type=&#8221;1_4&#8243; _builder_version=&#8221;3.11.1&#8243;][et_pb_text _builder_version=&#8221;3.19.9&#8243;]<div class=\"hoverrahmen\">\n<div style=\"overflow: hidden;\"><img decoding=\"async\" class=\"img-zoom\" src=\"https:\/\/www.uwo-water.de\/wp-content\/uploads\/2019\/01\/service.jpg\" \/><\/div>\n<div style=\"clear: both;\"><\/div>\n<div style=\"padding: 10px 10px 5px 10px; text-align: center; color: #fff!important; background: #333;\">\n<h2 style=\"color: #fff!important;\">Wartung <\/h2>\n<\/div>\n<\/div>[\/et_pb_text][\/et_pb_column][et_pb_column type=&#8221;1_4&#8243; _builder_version=&#8221;3.11.1&#8243;][et_pb_text _builder_version=&#8221;3.22.1&#8243; link_option_url=&#8221;https:\/\/www.uwo-water.de\/downloads\/&#8221; link_option_url_new_window=&#8221;on&#8221;]<div class=\"hoverrahmen\">\n<div style=\"overflow: hidden;\"><img decoding=\"async\" class=\"img-zoom\" src=\"https:\/\/www.uwo-water.de\/wp-content\/uploads\/2018\/09\/uwo-regenwassertanks.jpg\" \/><\/div>\n<div style=\"clear: both;\"><\/div>\n<div style=\"padding: 10px 10px 5px 10px; text-align: center; color: #fff!important; background: #333;\">\n<h2 style=\"color: #fff!important;\">Prospekte<\/h2>\n<\/div>\n<\/div>[\/et_pb_text][\/et_pb_column][\/et_pb_row][\/et_pb_section][et_pb_section fb_built=&#8221;1&#8243; _builder_version=&#8221;3.22&#8243; background_color=&#8221;#ffffff&#8221;][et_pb_row _builder_version=&#8221;3.22&#8243;][et_pb_column type=&#8221;1_2&#8243; _builder_version=&#8221;3.11.1&#8243;][et_pb_text _builder_version=&#8221;3.22.1&#8243;]<h1 style=\"color: #0c71c3;\">UWO Water Service<\/h1>\n<h2 style=\"padding-bottom: 30px;\">Ob Fragen zu Neuinstallation, Reparatur oder Wartung, ein Anruf gen\u00fcgt.<\/h2>\n<p>UWO-Water GmbH<br \/> Regenwassernutzungssysteme<br \/> Mundenheimer Str. 71<br \/> 68219 Mannheim<\/p>\n<p>Telefon: +49 (0) 621 \u2013 899 58 120<br \/> Telefax: +49 (0) 621 \u2013 899 58 122<\/p>[\/et_pb_text][et_pb_button button_url=&#8221;https:\/\/www.uwo-water.de\/kontakt&#8221; button_text=&#8221;Kontakt&#8221; _builder_version=&#8221;3.19.9&#8243; custom_button=&#8221;on&#8221; button_text_color=&#8221;#000000&#8243; button_border_color=&#8221;#000000&#8243; button_font=&#8221;||||||||&#8221;][\/et_pb_button][\/et_pb_column][et_pb_column type=&#8221;1_2&#8243; _builder_version=&#8221;3.11.1&#8243;][et_pb_image src=&#8221;https:\/\/www.uwo-water.de\/wp-content\/uploads\/2018\/11\/College-Norwich..jpg&#8221; _builder_version=&#8221;3.17.6&#8243;][\/et_pb_image][\/et_pb_column][\/et_pb_row][\/et_pb_section][et_pb_section fb_built=&#8221;1&#8243; fullwidth=&#8221;on&#8221; _builder_version=&#8221;3.22&#8243; custom_padding=&#8221;0|0px|0px|0px|false|false&#8221;][et_pb_fullwidth_header title=&#8221;Bei allen Fragen rund um Ihr Projekt bieten wir Ihnen kompetenten Service durch unser Fachpersonal &#8221; header_scroll_down=&#8221;on&#8221; background_overlay_color=&#8221;rgba(0,0,0,0)&#8221; _builder_version=&#8221;3.22.1&#8243; title_font=&#8221;||||||||&#8221; background_image=&#8221;https:\/\/www.uwo-water.de\/wp-content\/uploads\/2018\/11\/20150820_110938.jpg&#8221; parallax=&#8221;on&#8221; text_shadow_style=&#8221;preset1&#8243; custom_css_main_element=&#8221;padding: 250px 0 250px&#8221; custom_css_title=&#8221;background: rgb(29,29,29,0.6)!important; padding:20px; max-width:800px; color:#3cd2fd!important; font-size:49px!important;&#8221; button_one_text_size__hover_enabled=&#8221;off&#8221; button_two_text_size__hover_enabled=&#8221;off&#8221; button_one_text_color__hover_enabled=&#8221;off&#8221; button_two_text_color__hover_enabled=&#8221;off&#8221; button_one_border_width__hover_enabled=&#8221;off&#8221; button_two_border_width__hover_enabled=&#8221;off&#8221; button_one_border_color__hover_enabled=&#8221;off&#8221; button_two_border_color__hover_enabled=&#8221;off&#8221; button_one_border_radius__hover_enabled=&#8221;off&#8221; button_two_border_radius__hover_enabled=&#8221;off&#8221; button_one_letter_spacing__hover_enabled=&#8221;off&#8221; button_two_letter_spacing__hover_enabled=&#8221;off&#8221; button_one_bg_color__hover_enabled=&#8221;off&#8221; button_two_bg_color__hover_enabled=&#8221;off&#8221;][\/et_pb_fullwidth_header][\/et_pb_section][et_pb_section fb_built=&#8221;1&#8243; fullwidth=&#8221;on&#8221; _builder_version=&#8221;3.22&#8243; custom_padding=&#8221;0|0px|0|0px|false|false&#8221;][\/et_pb_section]\n","protected":false},"excerpt":{"rendered":"<p>UWO Water Service &nbsp; Guter Service ist bei uns eine wichtige Leistung !\u00a0 Nutzen Sie unseren Servicebereich f\u00fcr Ihr Anliegen. Hier finden Sie alle wichtigen Informationen zu den UWO Water Produkte und zu unseren Leistungen. F\u00fcr Architekten und Bauplaner stehen unsere Ausschreibungstexte zu Verf\u00fcgung.\u00a0 &nbsp; &nbsp; &nbsp; &nbsp; &nbsp; &nbsp; &nbsp;Unser Service im \u00dcberblick Bedienungsanleitungen [&hellip;]<\/p>\n","protected":false},"author":1,"featured_media":0,"parent":0,"menu_order":0,"comment_status":"closed","ping_status":"closed","template":"","meta":{"_et_pb_use_builder":"on","_et_pb_old_content":"Texte \/ Preise Dummy","_et_gb_content_width":""},"yoast_head":"<!-- This site is optimized with the Yoast SEO plugin v19.14 - https:\/\/yoast.com\/wordpress\/plugins\/seo\/ -->\n<title>Serviceleistungen - Uwo Water GmbH Regenwassernutzung<\/title>\n<meta name=\"description\" content=\"UWO Water GmbH: Unser Service f\u00fcr ihr Projekt zur Regenwassernutzung. Hier finden Sie alle Produktpl\u00e4ne, Preise und Unterst\u00fctzung durch unsere Experten.\" \/>\n<meta name=\"robots\" content=\"index, follow, max-snippet:-1, max-image-preview:large, max-video-preview:-1\" \/>\n<link rel=\"canonical\" href=\"https:\/\/www.uwo-water.de\/service-2\/\" \/>\n<meta property=\"og:locale\" content=\"en_GB\" \/>\n<meta property=\"og:type\" content=\"article\" \/>\n<meta property=\"og:title\" content=\"Serviceleistungen - Uwo Water GmbH Regenwassernutzung\" \/>\n<meta property=\"og:description\" content=\"UWO Water GmbH: Unser Service f\u00fcr ihr Projekt zur Regenwassernutzung. Hier finden Sie alle Produktpl\u00e4ne, Preise und Unterst\u00fctzung durch unsere Experten.\" \/>\n<meta property=\"og:url\" content=\"https:\/\/www.uwo-water.de\/service-2\/\" \/>\n<meta property=\"og:site_name\" content=\"Uwo Water GmbH\" \/>\n<meta property=\"article:modified_time\" content=\"2019-10-24T13:50:26+00:00\" \/>\n<meta property=\"og:image\" content=\"https:\/\/www.uwo-water.de\/wp-content\/uploads\/2018\/09\/Steuerung_Thema-1.jpg\" \/>\n<meta name=\"twitter:card\" content=\"summary_large_image\" \/>\n<meta name=\"twitter:label1\" content=\"Estimated reading time\" \/>\n\t<meta name=\"twitter:data1\" content=\"4 minutes\" \/>\n<script type=\"application\/ld+json\" class=\"yoast-schema-graph\">{\"@context\":\"https:\/\/schema.org\",\"@graph\":[{\"@type\":\"WebPage\",\"@id\":\"https:\/\/www.uwo-water.de\/service-2\/\",\"url\":\"https:\/\/www.uwo-water.de\/service-2\/\",\"name\":\"Serviceleistungen - Uwo Water GmbH Regenwassernutzung\",\"isPartOf\":{\"@id\":\"https:\/\/www.uwo-water.de\/#website\"},\"datePublished\":\"2018-08-30T11:12:58+00:00\",\"dateModified\":\"2019-10-24T13:50:26+00:00\",\"description\":\"UWO Water GmbH: Unser Service f\u00fcr ihr Projekt zur Regenwassernutzung. Hier finden Sie alle Produktpl\u00e4ne, Preise und Unterst\u00fctzung durch unsere Experten.\",\"breadcrumb\":{\"@id\":\"https:\/\/www.uwo-water.de\/service-2\/#breadcrumb\"},\"inLanguage\":\"en-GB\",\"potentialAction\":[{\"@type\":\"ReadAction\",\"target\":[\"https:\/\/www.uwo-water.de\/service-2\/\"]}]},{\"@type\":\"BreadcrumbList\",\"@id\":\"https:\/\/www.uwo-water.de\/service-2\/#breadcrumb\",\"itemListElement\":[{\"@type\":\"ListItem\",\"position\":1,\"name\":\"Startseite\",\"item\":\"https:\/\/www.uwo-water.de\/\"},{\"@type\":\"ListItem\",\"position\":2,\"name\":\"Texte \/ Preise\"}]},{\"@type\":\"WebSite\",\"@id\":\"https:\/\/www.uwo-water.de\/#website\",\"url\":\"https:\/\/www.uwo-water.de\/\",\"name\":\"Uwo Water GmbH\",\"description\":\"Wassersysteme Regenwassernutzung Trennsysteme\",\"potentialAction\":[{\"@type\":\"SearchAction\",\"target\":{\"@type\":\"EntryPoint\",\"urlTemplate\":\"https:\/\/www.uwo-water.de\/?s={search_term_string}\"},\"query-input\":\"required name=search_term_string\"}],\"inLanguage\":\"en-GB\"}]}<\/script>\n<!-- \/ Yoast SEO plugin. -->","yoast_head_json":{"title":"Serviceleistungen - Uwo Water GmbH Regenwassernutzung","description":"UWO Water GmbH: Unser Service f\u00fcr ihr Projekt zur Regenwassernutzung. Hier finden Sie alle Produktpl\u00e4ne, Preise und Unterst\u00fctzung durch unsere Experten.","robots":{"index":"index","follow":"follow","max-snippet":"max-snippet:-1","max-image-preview":"max-image-preview:large","max-video-preview":"max-video-preview:-1"},"canonical":"https:\/\/www.uwo-water.de\/service-2\/","og_locale":"en_GB","og_type":"article","og_title":"Serviceleistungen - Uwo Water GmbH Regenwassernutzung","og_description":"UWO Water GmbH: Unser Service f\u00fcr ihr Projekt zur Regenwassernutzung. Hier finden Sie alle Produktpl\u00e4ne, Preise und Unterst\u00fctzung durch unsere Experten.","og_url":"https:\/\/www.uwo-water.de\/service-2\/","og_site_name":"Uwo Water GmbH","article_modified_time":"2019-10-24T13:50:26+00:00","og_image":[{"url":"https:\/\/www.uwo-water.de\/wp-content\/uploads\/2018\/09\/Steuerung_Thema-1.jpg"}],"twitter_card":"summary_large_image","twitter_misc":{"Estimated reading time":"4 minutes"},"schema":{"@context":"https:\/\/schema.org","@graph":[{"@type":"WebPage","@id":"https:\/\/www.uwo-water.de\/service-2\/","url":"https:\/\/www.uwo-water.de\/service-2\/","name":"Serviceleistungen - Uwo Water GmbH Regenwassernutzung","isPartOf":{"@id":"https:\/\/www.uwo-water.de\/#website"},"datePublished":"2018-08-30T11:12:58+00:00","dateModified":"2019-10-24T13:50:26+00:00","description":"UWO Water GmbH: Unser Service f\u00fcr ihr Projekt zur Regenwassernutzung. Hier finden Sie alle Produktpl\u00e4ne, Preise und Unterst\u00fctzung durch unsere Experten.","breadcrumb":{"@id":"https:\/\/www.uwo-water.de\/service-2\/#breadcrumb"},"inLanguage":"en-GB","potentialAction":[{"@type":"ReadAction","target":["https:\/\/www.uwo-water.de\/service-2\/"]}]},{"@type":"BreadcrumbList","@id":"https:\/\/www.uwo-water.de\/service-2\/#breadcrumb","itemListElement":[{"@type":"ListItem","position":1,"name":"Startseite","item":"https:\/\/www.uwo-water.de\/"},{"@type":"ListItem","position":2,"name":"Texte \/ Preise"}]},{"@type":"WebSite","@id":"https:\/\/www.uwo-water.de\/#website","url":"https:\/\/www.uwo-water.de\/","name":"Uwo Water GmbH","description":"Wassersysteme Regenwassernutzung Trennsysteme","potentialAction":[{"@type":"SearchAction","target":{"@type":"EntryPoint","urlTemplate":"https:\/\/www.uwo-water.de\/?s={search_term_string}"},"query-input":"required name=search_term_string"}],"inLanguage":"en-GB"}]}},"_links":{"self":[{"href":"https:\/\/www.uwo-water.de\/en\/wp-json\/wp\/v2\/pages\/521"}],"collection":[{"href":"https:\/\/www.uwo-water.de\/en\/wp-json\/wp\/v2\/pages"}],"about":[{"href":"https:\/\/www.uwo-water.de\/en\/wp-json\/wp\/v2\/types\/page"}],"author":[{"embeddable":true,"href":"https:\/\/www.uwo-water.de\/en\/wp-json\/wp\/v2\/users\/1"}],"replies":[{"embeddable":true,"href":"https:\/\/www.uwo-water.de\/en\/wp-json\/wp\/v2\/comments?post=521"}],"version-history":[{"count":48,"href":"https:\/\/www.uwo-water.de\/en\/wp-json\/wp\/v2\/pages\/521\/revisions"}],"predecessor-version":[{"id":4335,"href":"https:\/\/www.uwo-water.de\/en\/wp-json\/wp\/v2\/pages\/521\/revisions\/4335"}],"wp:attachment":[{"href":"https:\/\/www.uwo-water.de\/en\/wp-json\/wp\/v2\/media?parent=521"}],"curies":[{"name":"wp","href":"https:\/\/api.w.org\/{rel}","templated":true}]}}