{"id":727,"date":"2018-09-25T12:24:07","date_gmt":"2018-09-25T10:24:07","guid":{"rendered":"http:\/\/uwo.kult-kunden.de\/?page_id=727"},"modified":"2023-01-11T11:22:34","modified_gmt":"2023-01-11T10:22:34","slug":"leistungen","status":"publish","type":"page","link":"https:\/\/www.uwo-water.de\/en\/leistungen\/","title":{"rendered":"Leistungen"},"content":{"rendered":"<p>[et_pb_section fb_built=&#8221;1&#8243; fullwidth=&#8221;on&#8221; _builder_version=&#8221;4.16&#8243; custom_padding=&#8221;0|0px|0px|0px|false|false&#8221; global_colors_info=&#8221;{}&#8221;][et_pb_fullwidth_header title=&#8221;Leistungen &#8221; header_scroll_down=&#8221;on&#8221; background_overlay_color=&#8221;rgba(0,0,0,0)&#8221; _builder_version=&#8221;4.16&#8243; background_image=&#8221;https:\/\/www.uwo-water.de\/wp-content\/uploads\/2018\/11\/240_F_191497678_euwmrAPsZvpvkiPUedxlUdqxSh6rzhJT.jpg&#8221; parallax=&#8221;on&#8221; custom_css_main_element=&#8221;padding: 250px 0 250px&#8221; custom_css_title=&#8221;background: rgb(29,29,29,0.6)!important; padding:20px; max-width:290px; color:#3cd2fd!important; font-size:49px!important;&#8221; text_shadow_style=&#8221;preset1&#8243; global_colors_info=&#8221;{}&#8221; button_one_text_size__hover_enabled=&#8221;off&#8221; button_two_text_size__hover_enabled=&#8221;off&#8221; button_one_text_color__hover_enabled=&#8221;off&#8221; button_two_text_color__hover_enabled=&#8221;off&#8221; button_one_border_width__hover_enabled=&#8221;off&#8221; button_two_border_width__hover_enabled=&#8221;off&#8221; button_one_border_color__hover_enabled=&#8221;off&#8221; button_two_border_color__hover_enabled=&#8221;off&#8221; button_one_border_radius__hover_enabled=&#8221;off&#8221; button_two_border_radius__hover_enabled=&#8221;off&#8221; button_one_letter_spacing__hover_enabled=&#8221;off&#8221; button_two_letter_spacing__hover_enabled=&#8221;off&#8221; button_one_bg_color__hover_enabled=&#8221;off&#8221; button_two_bg_color__hover_enabled=&#8221;off&#8221;][\/et_pb_fullwidth_header][\/et_pb_section][et_pb_section fb_built=&#8221;1&#8243; _builder_version=&#8221;4.16&#8243; global_colors_info=&#8221;{}&#8221;][et_pb_row _builder_version=&#8221;4.16&#8243; global_colors_info=&#8221;{}&#8221;][et_pb_column type=&#8221;4_4&#8243; _builder_version=&#8221;4.16&#8243; custom_padding=&#8221;|||&#8221; global_colors_info=&#8221;{}&#8221; custom_padding__hover=&#8221;|||&#8221;][et_pb_text _builder_version=&#8221;4.16&#8243; global_colors_info=&#8221;{}&#8221;]<\/p>\n<h1 style=\"text-align: center;\"><span style=\"font-size: xx-large;\">Unsere Highlights im \u00dcberblick<\/span><\/h1>\n<p>[\/et_pb_text][\/et_pb_column][\/et_pb_row][et_pb_row module_class=&#8221; et_pb_row_fullwidth&#8221; _builder_version=&#8221;4.16&#8243; width=&#8221;89%&#8221; width_tablet=&#8221;80%&#8221; width_phone=&#8221;&#8221; width_last_edited=&#8221;on|desktop&#8221; max_width=&#8221;89%&#8221; max_width_tablet=&#8221;80%&#8221; max_width_phone=&#8221;&#8221; max_width_last_edited=&#8221;on|desktop&#8221; make_fullwidth=&#8221;on&#8221; global_colors_info=&#8221;{}&#8221; column_structure=&#8221;1_4,1_4,1_4,1_4&#8243;][et_pb_column type=&#8221;1_4&#8243; _builder_version=&#8221;4.16&#8243; custom_padding=&#8221;|||&#8221; global_colors_info=&#8221;{}&#8221; custom_padding__hover=&#8221;|||&#8221;][et_pb_text _builder_version=&#8221;4.16&#8243; link_option_url=&#8221;https:\/\/www.uwo-water.de\/beregnungstechnik-4\/&#8221; global_colors_info=&#8221;{}&#8221;]<\/p>\n<p><a href=\"https:\/\/www.uwo-water.de\/regenwassernutzung\/\"><\/a><\/p>\n<div class=\"hoverrahmen\">\n<div style=\"overflow: hidden;\"><img decoding=\"async\" class=\"img-zoom\" src=\"https:\/\/www.uwo-water.de\/wp-content\/uploads\/2018\/09\/Steuerung_Thema-1.jpg\" \/><\/div>\n<div style=\"clear: both;\"><\/div>\n<div style=\"padding: 10px 10px 5px 10px; text-align: center; color: #fff!important; background: #333;\">\n<h2 style=\"color: #fff!important;\">Beregnungstechnik<\/h2>\n<\/div>\n<\/div>\n<p>&nbsp;<\/p>\n<p>[\/et_pb_text][\/et_pb_column][et_pb_column type=&#8221;1_4&#8243; _builder_version=&#8221;4.16&#8243; custom_padding=&#8221;|||&#8221; global_colors_info=&#8221;{}&#8221; custom_padding__hover=&#8221;|||&#8221;][et_pb_text _builder_version=&#8221;4.16&#8243; link_option_url=&#8221;https:\/\/www.uwo-water.de\/regenwassernutzung\/&#8221; global_colors_info=&#8221;{}&#8221;]<\/p>\n<p><a href=\"https:\/\/www.uwo-water.de\/versickerungstechnik\/\"><\/a><\/p>\n<div class=\"hoverrahmen\">\n<div style=\"overflow: hidden;\"><img decoding=\"async\" class=\"img-zoom\" src=\"https:\/\/www.uwo-water.de\/wp-content\/uploads\/2018\/09\/hunter-steuerung.jpg\" \/><\/div>\n<div style=\"clear: both;\"><\/div>\n<div style=\"padding: 10px 10px 5px 10px; text-align: center; color: #fff!important; background: #333;\">\n<h2 style=\"color: #fff!important;\">Regenwassernutzung<\/h2>\n<\/div>\n<\/div>\n<p>&nbsp;<\/p>\n<p>[\/et_pb_text][\/et_pb_column][et_pb_column type=&#8221;1_4&#8243; _builder_version=&#8221;4.16&#8243; custom_padding=&#8221;|||&#8221; global_colors_info=&#8221;{}&#8221; custom_padding__hover=&#8221;|||&#8221;][et_pb_text _builder_version=&#8221;4.16&#8243; link_option_url=&#8221;https:\/\/www.uwo-water.de\/trennsysteme\/&#8221; global_colors_info=&#8221;{}&#8221;]<\/p>\n<p><a href=\"https:\/\/www.uwo-water.de\/beregnungstechnik\/\"><\/a><\/p>\n<div class=\"hoverrahmen\">\n<div style=\"overflow: hidden;\"><img decoding=\"async\" class=\"img-zoom\" src=\"https:\/\/www.uwo-water.de\/wp-content\/uploads\/2018\/09\/uwo-trinkwasserschutz.jpg\" \/><\/div>\n<div style=\"clear: both;\"><\/div>\n<div style=\"padding: 10px 10px 5px 10px; text-align: center; color: #fff!important; background: #333;\">\n<h2 style=\"color: #fff!important;\">Systemtrenner<\/h2>\n<\/div>\n<\/div>\n<p>&nbsp;<\/p>\n<p>[\/et_pb_text][\/et_pb_column][et_pb_column type=&#8221;1_4&#8243; _builder_version=&#8221;4.16&#8243; custom_padding=&#8221;|||&#8221; global_colors_info=&#8221;{}&#8221; custom_padding__hover=&#8221;|||&#8221;][et_pb_text _builder_version=&#8221;4.16&#8243; link_option_url=&#8221;https:\/\/www.uwo-water.de\/regenwassertank-und-erdspeicher\/&#8221; global_colors_info=&#8221;{}&#8221;]<\/p>\n<p><a href=\"https:\/\/www.uwo-water.de\/ausschreibungsvorlagen\/\"><\/a><\/p>\n<div class=\"hoverrahmen\">\n<div style=\"overflow: hidden;\"><img decoding=\"async\" class=\"img-zoom\" src=\"https:\/\/www.uwo-water.de\/wp-content\/uploads\/2018\/09\/uwo-regenwassertanks.jpg\" \/><\/div>\n<div style=\"clear: both;\"><\/div>\n<div style=\"padding: 10px 10px 5px 10px; text-align: center; color: #fff!important; background: #333;\">\n<h2 style=\"color: #fff!important;\">Regenwasser Erdspeicher<\/h2>\n<\/div>\n<\/div>\n<p><a href=\"https:\/\/www.uwo-water.de\/ausschreibungsvorlagen\/\"><\/a><\/p>\n<p>[\/et_pb_text][\/et_pb_column][\/et_pb_row][\/et_pb_section][et_pb_section fb_built=&#8221;1&#8243; _builder_version=&#8221;4.16&#8243; background_color=&#8221;#ffffff&#8221; custom_padding=&#8221;0|0px|54px|0px|false|false&#8221; global_colors_info=&#8221;{}&#8221;][et_pb_row _builder_version=&#8221;4.16&#8243; custom_padding=&#8221;98px|0px|27px|0px|false|false&#8221; global_colors_info=&#8221;{}&#8221; column_structure=&#8221;1_2,1_2&#8243;][et_pb_column type=&#8221;1_2&#8243; _builder_version=&#8221;4.16&#8243; custom_padding=&#8221;|||&#8221; global_colors_info=&#8221;{}&#8221; custom_padding__hover=&#8221;|||&#8221;][et_pb_text _builder_version=&#8221;4.16&#8243; custom_css_main_element=&#8221;padding-right:20px;&#8221; global_colors_info=&#8221;{}&#8221;]<\/p>\n<h1 style=\"color: #0c71c3;\">Regenwassernutzung<\/h1>\n<h2 style=\"padding-bottom: 30px;\">Ressourcen nutzen<\/h2>\n<p style=\"font-size: medium;\">Nutzen Sie das kostenfreie Allgemeingut\u00a0 \u201eRegenwasser\u201c \u2013 <span style=\"color: #0c71c3;\">investieren Sie in Ihre Zukunft &#8211;<\/span>\u00a0 UWO Water bietet Ihnen intelligente, sparsame Regenwassersyteme mit DVGW CERT.<\/p>\n<p>[\/et_pb_text][et_pb_button button_url=&#8221;https:\/\/www.uwo-water.de\/regenwassernutzung\/&#8221; button_text=&#8221;mehr erfahren&#8221; _builder_version=&#8221;4.16&#8243; global_colors_info=&#8221;{}&#8221;][\/et_pb_button][\/et_pb_column][et_pb_column type=&#8221;1_2&#8243; _builder_version=&#8221;4.16&#8243; custom_padding=&#8221;|||&#8221; global_colors_info=&#8221;{}&#8221; custom_padding__hover=&#8221;|||&#8221;][et_pb_image src=&#8221;https:\/\/www.uwo-water.de\/wp-content\/uploads\/2018\/11\/IMG_4529.jpg&#8221; align_tablet=&#8221;center&#8221; align_last_edited=&#8221;on|desktop&#8221; _builder_version=&#8221;4.16&#8243; custom_css_main_element=&#8221;padding-left:20px;&#8221; global_colors_info=&#8221;{}&#8221; align_phone=&#8221;center&#8221;][\/et_pb_image][\/et_pb_column][\/et_pb_row][\/et_pb_section][et_pb_section fb_built=&#8221;1&#8243; _builder_version=&#8221;4.16&#8243; background_color=&#8221;#f4f4f4&#8243; global_colors_info=&#8221;{}&#8221;][et_pb_row _builder_version=&#8221;4.16&#8243; custom_padding=&#8221;27px|0px|26px|0px|false|false&#8221; global_colors_info=&#8221;{}&#8221; column_structure=&#8221;1_2,1_2&#8243;][et_pb_column type=&#8221;1_2&#8243; _builder_version=&#8221;4.16&#8243; custom_padding=&#8221;|||&#8221; global_colors_info=&#8221;{}&#8221; custom_padding__hover=&#8221;|||&#8221;][et_pb_image src=&#8221;https:\/\/www.uwo-water.de\/wp-content\/uploads\/2018\/11\/2aa3d839-bf37-46bf-9a0d-cd342bf88d90.png&#8221; align_tablet=&#8221;center&#8221; align_last_edited=&#8221;on|desktop&#8221; _builder_version=&#8221;4.16&#8243; custom_css_main_element=&#8221;padding-right:20px;&#8221; global_colors_info=&#8221;{}&#8221; align_phone=&#8221;center&#8221;][\/et_pb_image][\/et_pb_column][et_pb_column type=&#8221;1_2&#8243; _builder_version=&#8221;4.16&#8243; custom_padding=&#8221;|||&#8221; global_colors_info=&#8221;{}&#8221; custom_padding__hover=&#8221;|||&#8221;][et_pb_text _builder_version=&#8221;4.16&#8243; custom_css_main_element=&#8221;padding-left:20px;&#8221; global_colors_info=&#8221;{}&#8221;]<\/p>\n<h1 style=\"padding-bottom: 30px;\"><span style=\"color: #0c71c3;\">Versickerung<\/span><\/h1>\n<h2 style=\"color: #0c71c3;\">Vorteile:<\/h2>\n<ul>\n<li>Versickerung und Regenwasserr\u00fcckhaltung<\/li>\n<li>Einsparung von\u00a0 Ressourcen<\/li>\n<li>Reduzierung von Abwasserkosten<\/li>\n<li>Einfache Planung und Realisierung<\/li>\n<\/ul>\n<p>[\/et_pb_text][et_pb_button button_url=&#8221;https:\/\/www.uwo-water.de\/versickerungen\/&#8221; button_text=&#8221;mehr erfahren&#8221; _builder_version=&#8221;4.16&#8243; custom_margin=&#8221;|||19px||&#8221; custom_padding=&#8221;|||21px||&#8221; global_colors_info=&#8221;{}&#8221;][\/et_pb_button][\/et_pb_column][\/et_pb_row][\/et_pb_section][et_pb_section fb_built=&#8221;1&#8243; _builder_version=&#8221;4.16&#8243; background_color=&#8221;#ffffff&#8221; global_colors_info=&#8221;{}&#8221;][et_pb_row _builder_version=&#8221;4.16&#8243; global_colors_info=&#8221;{}&#8221; column_structure=&#8221;1_2,1_2&#8243;][et_pb_column type=&#8221;1_2&#8243; _builder_version=&#8221;4.16&#8243; custom_padding=&#8221;|||&#8221; global_colors_info=&#8221;{}&#8221; custom_padding__hover=&#8221;|||&#8221;][et_pb_text _builder_version=&#8221;4.16&#8243; global_colors_info=&#8221;{}&#8221;]<\/p>\n<h1 style=\"padding-bottom: 30px;\"><span style=\"color: #0c71c3;\">Professionelle Beregnung<br \/> <\/span><\/h1>\n<p style=\"font-size: medium;\"><strong>Eine professionelle Beregnungsanlage <\/strong>f\u00fcr Ihr Projekt erfordert eine detaillierte Planung unter Ber\u00fccksichtigung der \u00f6rtlichen Gegebenheiten. UWO Water setzt auf Effizienz und ist als projektierendes und ausf\u00fchrendes Unternehmen Ihr passender Partner f\u00fcr professionelle Beregnungstechnik. Ob in Hausg\u00e4rten, \u00f6ffentlichen Gr\u00fcnanlagen oder Sportanlagen: F\u00fcr ein erfolgreiches Anwachsen, gesundes Wachstum und eine lange Lebensdauer ben\u00f6tigen Rasenfl\u00e4chen, Blumenbeete, Staudenanpflanzungen, Hecken und B\u00e4ume eine ausreichende Wasserversorgung.<\/p>\n<p>&nbsp;<\/p>\n<p>[\/et_pb_text][et_pb_button button_url=&#8221;https:\/\/www.uwo-water.de\/beregnungstechnik-4\/&#8221; button_text=&#8221;mehr erfahren&#8221; _builder_version=&#8221;4.16&#8243; global_colors_info=&#8221;{}&#8221;][\/et_pb_button][\/et_pb_column][et_pb_column type=&#8221;1_2&#8243; _builder_version=&#8221;4.16&#8243; custom_padding=&#8221;|||&#8221; global_colors_info=&#8221;{}&#8221; custom_padding__hover=&#8221;|||&#8221;][et_pb_image src=&#8221;https:\/\/www.uwo-water.de\/wp-content\/uploads\/2018\/11\/dsc_6989.jpg&#8221; align_tablet=&#8221;center&#8221; align_last_edited=&#8221;on|desktop&#8221; _builder_version=&#8221;4.16&#8243; global_colors_info=&#8221;{}&#8221; align_phone=&#8221;center&#8221;][\/et_pb_image][\/et_pb_column][\/et_pb_row][\/et_pb_section][et_pb_section fb_built=&#8221;1&#8243; _builder_version=&#8221;4.16&#8243; background_color=&#8221;#f4f4f4&#8243; custom_padding=&#8221;54px|0px|0|0px|false|false&#8221; global_colors_info=&#8221;{}&#8221;][et_pb_row _builder_version=&#8221;4.16&#8243; global_colors_info=&#8221;{}&#8221; column_structure=&#8221;2_5,3_5&#8243;][et_pb_column type=&#8221;2_5&#8243; _builder_version=&#8221;4.16&#8243; custom_padding=&#8221;|||&#8221; global_colors_info=&#8221;{}&#8221; custom_padding__hover=&#8221;|||&#8221;][et_pb_image src=&#8221;https:\/\/www.uwo-water.de\/wp-content\/uploads\/2018\/10\/homepage_hero_tablet_hc.jpg&#8221; align_tablet=&#8221;center&#8221; align_last_edited=&#8221;on|desktop&#8221; _builder_version=&#8221;4.16&#8243; global_colors_info=&#8221;{}&#8221; align_phone=&#8221;center&#8221;][\/et_pb_image][\/et_pb_column][et_pb_column type=&#8221;3_5&#8243; _builder_version=&#8221;4.16&#8243; custom_padding=&#8221;|||&#8221; global_colors_info=&#8221;{}&#8221; custom_padding__hover=&#8221;|||&#8221;][et_pb_text _builder_version=&#8221;4.16&#8243; custom_css_main_element=&#8221;padding-left:40px;&#8221; global_colors_info=&#8221;{}&#8221;]<\/p>\n<h1 style=\"color: #0c71c3;\">Professionelle Planung<\/h1>\n<h2 style=\"padding-bottom: 30px;\">Die Bausteine<\/h2>\n<p style=\"font-size: medium; text-align: left;\"><strong>Eine professionelle Beregnungsanlage <\/strong>f\u00fcr Ihr Projekt erfordert eine detaillierte Planung unter Ber\u00fccksichtigung der \u00f6rtlichen Gegebenheiten. UWO Water setzt auf Effizienz und ist als projektierendes und ausf\u00fchrendes Unternehmen Ihr richtiger Partner f\u00fcr professionelle Beregnungstechik. Notwendigkeit. Ob in Hausg\u00e4rten, \u00f6ffentlichen Gr\u00fcnanlagen oder Sportanlagen: F\u00fcr ein erfolgreiches Anwachsen, gesundes Wachstum und eine lange Lebensdauer ben\u00f6tigen Rasenfl\u00e4chen, Blumenbeete, Staudenanpflanzungen, Hecken und B\u00e4ume eine ausreichende Wasserversorgung.<\/p>\n<p style=\"font-size: medium;\">\n<p style=\"font-size: medium;\">\n<p>[\/et_pb_text][et_pb_button button_url=&#8221;https:\/\/www.uwo-water.de\/beregnungstechnik\/&#8221; button_text=&#8221;mehr erfahren&#8221; _builder_version=&#8221;4.16&#8243; custom_margin=&#8221;|||32px||&#8221; global_colors_info=&#8221;{}&#8221;][\/et_pb_button][\/et_pb_column][\/et_pb_row][\/et_pb_section][et_pb_section fb_built=&#8221;1&#8243; fullwidth=&#8221;on&#8221; _builder_version=&#8221;4.16&#8243; custom_padding=&#8221;0|0px|0|0px|false|false&#8221; global_colors_info=&#8221;{}&#8221;][et_pb_fullwidth_header title=&#8221;Your Title Goes Here&#8221; button_one_text=&#8221;Click Here&#8221; _builder_version=&#8221;4.16&#8243; background_image=&#8221;https:\/\/www.uwo-water.de\/wp-content\/uploads\/2018\/11\/modern-rana-esculenta-1.jpg&#8221; parallax=&#8221;on&#8221; custom_css_main_element=&#8221;padding: 250px 0 550px&#8221; custom_css_title=&#8221;display:none;&#8221; custom_css_content=&#8221;display:none;&#8221; custom_css_subtitle=&#8221;display:none;&#8221; custom_css_button_1=&#8221;display:none;&#8221; custom_css_button_2=&#8221;display:none;&#8221; global_colors_info=&#8221;{}&#8221; button_one_text_size__hover_enabled=&#8221;off&#8221; button_two_text_size__hover_enabled=&#8221;off&#8221; button_one_text_color__hover_enabled=&#8221;off&#8221; button_two_text_color__hover_enabled=&#8221;off&#8221; button_one_border_width__hover_enabled=&#8221;off&#8221; button_two_border_width__hover_enabled=&#8221;off&#8221; button_one_border_color__hover_enabled=&#8221;off&#8221; button_two_border_color__hover_enabled=&#8221;off&#8221; button_one_border_radius__hover_enabled=&#8221;off&#8221; button_two_border_radius__hover_enabled=&#8221;off&#8221; button_one_letter_spacing__hover_enabled=&#8221;off&#8221; button_two_letter_spacing__hover_enabled=&#8221;off&#8221; button_one_bg_color__hover_enabled=&#8221;off&#8221; button_two_bg_color__hover_enabled=&#8221;off&#8221;]<\/p>\n<p>Your content goes here. Edit or remove this text inline or in the module Content settings. You can also style every aspect of this content in the module Design settings and even apply custom CSS to this text in the module Advanced settings.<\/p>\n<p>[\/et_pb_fullwidth_header][\/et_pb_section]<\/p>\n","protected":false},"excerpt":{"rendered":"<p>Unsere Highlights im \u00dcberblick Beregnungstechnik &nbsp; Regenwassernutzung &nbsp; Systemtrenner &nbsp; Regenwasser Erdspeicher Regenwassernutzung Ressourcen nutzen Nutzen Sie das kostenfreie Allgemeingut\u00a0 \u201eRegenwasser\u201c \u2013 investieren Sie in Ihre Zukunft &#8211;\u00a0 UWO Water bietet Ihnen intelligente, sparsame Regenwassersyteme mit DVGW CERT.Versickerung Vorteile: Versickerung und Regenwasserr\u00fcckhaltung Einsparung von\u00a0 Ressourcen Reduzierung von Abwasserkosten Einfache Planung und Realisierung Professionelle Beregnung Eine [&hellip;]<\/p>\n","protected":false},"author":1,"featured_media":0,"parent":0,"menu_order":0,"comment_status":"closed","ping_status":"closed","template":"","meta":{"_et_pb_use_builder":"on","_et_pb_old_content":"Leistungen","_et_gb_content_width":""},"yoast_head":"<!-- This site is optimized with the Yoast SEO plugin v19.14 - https:\/\/yoast.com\/wordpress\/plugins\/seo\/ -->\n<title>Leistungen - Uwo Water GmbH Regenwassernutzung<\/title>\n<meta name=\"description\" content=\"Leistungen der UWO Water GmbH: Versickerungstechnik, Beregnungsanlagen, Regenwassernutzung und Planung ihrer Beregnungsanlagen f\u00fcr privat und \u00f6ffentlich.\" \/>\n<meta name=\"robots\" content=\"index, follow, max-snippet:-1, max-image-preview:large, max-video-preview:-1\" \/>\n<link rel=\"canonical\" href=\"https:\/\/www.uwo-water.de\/leistungen\/\" \/>\n<meta property=\"og:locale\" content=\"en_GB\" \/>\n<meta property=\"og:type\" content=\"article\" \/>\n<meta property=\"og:title\" content=\"Leistungen\" \/>\n<meta property=\"og:description\" content=\"Leistungen der UWO Water GmbH: Versickerungstechnik, Beregnungsanlagen, Regenwassernutzung und Planung ihrer Beregnungsanlagen f\u00fcr privat und \u00f6ffentlich.\" \/>\n<meta property=\"og:url\" content=\"https:\/\/www.uwo-water.de\/leistungen\/\" \/>\n<meta property=\"og:site_name\" content=\"Uwo Water GmbH\" \/>\n<meta property=\"article:modified_time\" content=\"2023-01-11T10:22:34+00:00\" \/>\n<meta property=\"og:image\" content=\"https:\/\/www.uwo-water.de\/wp-content\/uploads\/2018\/09\/Steuerung_Thema-1.jpg\" \/>\n<meta name=\"twitter:card\" content=\"summary_large_image\" \/>\n<meta name=\"twitter:label1\" content=\"Estimated reading time\" \/>\n\t<meta name=\"twitter:data1\" content=\"7 minutes\" \/>\n<script type=\"application\/ld+json\" class=\"yoast-schema-graph\">{\"@context\":\"https:\/\/schema.org\",\"@graph\":[{\"@type\":\"WebPage\",\"@id\":\"https:\/\/www.uwo-water.de\/leistungen\/\",\"url\":\"https:\/\/www.uwo-water.de\/leistungen\/\",\"name\":\"[:de]Leistungen[:] - Uwo Water GmbH Regenwassernutzung\",\"isPartOf\":{\"@id\":\"https:\/\/www.uwo-water.de\/#website\"},\"datePublished\":\"2018-09-25T10:24:07+00:00\",\"dateModified\":\"2023-01-11T10:22:34+00:00\",\"description\":\"Leistungen der UWO Water GmbH: Versickerungstechnik, Beregnungsanlagen, Regenwassernutzung und Planung ihrer Beregnungsanlagen f\u00fcr privat und \u00f6ffentlich.\",\"breadcrumb\":{\"@id\":\"https:\/\/www.uwo-water.de\/leistungen\/#breadcrumb\"},\"inLanguage\":\"en-GB\",\"potentialAction\":[{\"@type\":\"ReadAction\",\"target\":[\"https:\/\/www.uwo-water.de\/leistungen\/\"]}]},{\"@type\":\"BreadcrumbList\",\"@id\":\"https:\/\/www.uwo-water.de\/leistungen\/#breadcrumb\",\"itemListElement\":[{\"@type\":\"ListItem\",\"position\":1,\"name\":\"Startseite\",\"item\":\"https:\/\/www.uwo-water.de\/\"},{\"@type\":\"ListItem\",\"position\":2,\"name\":\"Leistungen\"}]},{\"@type\":\"WebSite\",\"@id\":\"https:\/\/www.uwo-water.de\/#website\",\"url\":\"https:\/\/www.uwo-water.de\/\",\"name\":\"Uwo Water GmbH\",\"description\":\"Wassersysteme Regenwassernutzung Trennsysteme\",\"potentialAction\":[{\"@type\":\"SearchAction\",\"target\":{\"@type\":\"EntryPoint\",\"urlTemplate\":\"https:\/\/www.uwo-water.de\/?s={search_term_string}\"},\"query-input\":\"required name=search_term_string\"}],\"inLanguage\":\"en-GB\"}]}<\/script>\n<!-- \/ Yoast SEO plugin. -->","yoast_head_json":{"title":"Leistungen - Uwo Water GmbH Regenwassernutzung","description":"Leistungen der UWO Water GmbH: Versickerungstechnik, Beregnungsanlagen, Regenwassernutzung und Planung ihrer Beregnungsanlagen f\u00fcr privat und \u00f6ffentlich.","robots":{"index":"index","follow":"follow","max-snippet":"max-snippet:-1","max-image-preview":"max-image-preview:large","max-video-preview":"max-video-preview:-1"},"canonical":"https:\/\/www.uwo-water.de\/leistungen\/","og_locale":"en_GB","og_type":"article","og_title":"[:de]Leistungen[:] - Uwo Water GmbH Regenwassernutzung","og_description":"Leistungen der UWO Water GmbH: Versickerungstechnik, Beregnungsanlagen, Regenwassernutzung und Planung ihrer Beregnungsanlagen f\u00fcr privat und \u00f6ffentlich.","og_url":"https:\/\/www.uwo-water.de\/leistungen\/","og_site_name":"Uwo Water GmbH","article_modified_time":"2023-01-11T10:22:34+00:00","og_image":[{"url":"https:\/\/www.uwo-water.de\/wp-content\/uploads\/2018\/09\/Steuerung_Thema-1.jpg"}],"twitter_card":"summary_large_image","twitter_misc":{"Estimated reading time":"7 minutes"},"schema":{"@context":"https:\/\/schema.org","@graph":[{"@type":"WebPage","@id":"https:\/\/www.uwo-water.de\/leistungen\/","url":"https:\/\/www.uwo-water.de\/leistungen\/","name":"[:de]Leistungen[:] - Uwo Water GmbH Regenwassernutzung","isPartOf":{"@id":"https:\/\/www.uwo-water.de\/#website"},"datePublished":"2018-09-25T10:24:07+00:00","dateModified":"2023-01-11T10:22:34+00:00","description":"Leistungen der UWO Water GmbH: Versickerungstechnik, Beregnungsanlagen, Regenwassernutzung und Planung ihrer Beregnungsanlagen f\u00fcr privat und \u00f6ffentlich.","breadcrumb":{"@id":"https:\/\/www.uwo-water.de\/leistungen\/#breadcrumb"},"inLanguage":"en-GB","potentialAction":[{"@type":"ReadAction","target":["https:\/\/www.uwo-water.de\/leistungen\/"]}]},{"@type":"BreadcrumbList","@id":"https:\/\/www.uwo-water.de\/leistungen\/#breadcrumb","itemListElement":[{"@type":"ListItem","position":1,"name":"Startseite","item":"https:\/\/www.uwo-water.de\/"},{"@type":"ListItem","position":2,"name":"Leistungen"}]},{"@type":"WebSite","@id":"https:\/\/www.uwo-water.de\/#website","url":"https:\/\/www.uwo-water.de\/","name":"Uwo Water GmbH","description":"Wassersysteme Regenwassernutzung Trennsysteme","potentialAction":[{"@type":"SearchAction","target":{"@type":"EntryPoint","urlTemplate":"https:\/\/www.uwo-water.de\/?s={search_term_string}"},"query-input":"required name=search_term_string"}],"inLanguage":"en-GB"}]}},"_links":{"self":[{"href":"https:\/\/www.uwo-water.de\/en\/wp-json\/wp\/v2\/pages\/727"}],"collection":[{"href":"https:\/\/www.uwo-water.de\/en\/wp-json\/wp\/v2\/pages"}],"about":[{"href":"https:\/\/www.uwo-water.de\/en\/wp-json\/wp\/v2\/types\/page"}],"author":[{"embeddable":true,"href":"https:\/\/www.uwo-water.de\/en\/wp-json\/wp\/v2\/users\/1"}],"replies":[{"embeddable":true,"href":"https:\/\/www.uwo-water.de\/en\/wp-json\/wp\/v2\/comments?post=727"}],"version-history":[{"count":46,"href":"https:\/\/www.uwo-water.de\/en\/wp-json\/wp\/v2\/pages\/727\/revisions"}],"predecessor-version":[{"id":5439,"href":"https:\/\/www.uwo-water.de\/en\/wp-json\/wp\/v2\/pages\/727\/revisions\/5439"}],"wp:attachment":[{"href":"https:\/\/www.uwo-water.de\/en\/wp-json\/wp\/v2\/media?parent=727"}],"curies":[{"name":"wp","href":"https:\/\/api.w.org\/{rel}","templated":true}]}}