{"id":779,"date":"2018-09-25T16:09:22","date_gmt":"2018-09-25T14:09:22","guid":{"rendered":"http:\/\/uwo.kult-kunden.de\/?page_id=779"},"modified":"2020-01-16T13:57:09","modified_gmt":"2020-01-16T12:57:09","slug":"regenwassernutzung","status":"publish","type":"page","link":"https:\/\/www.uwo-water.de\/en\/regenwassernutzung\/","title":{"rendered":"Regenwassernutzung"},"content":{"rendered":"<p>[:de _i=&#8221;0&#8243; _address=&#8221;0&#8243; \/][:de _i=&#8221;1&#8243; _address=&#8221;1&#8243; \/][:de _i=&#8221;2&#8243; _address=&#8221;2&#8243; \/][:de _i=&#8221;3&#8243; _address=&#8221;3&#8243; \/][et_pb_section fb_built=&#8221;1&#8243; fullwidth=&#8221;on&#8221; _builder_version=&#8221;3.22&#8243; custom_padding=&#8221;0|0px|0px|0px|false|false&#8221;][et_pb_fullwidth_header title=&#8221;Regenwassernutzung &#8221; header_fullscreen=&#8221;on&#8221; header_scroll_down=&#8221;on&#8221; background_overlay_color=&#8221;rgba(0,0,0,0)&#8221; _builder_version=&#8221;3.22.1&#8243; title_font=&#8221;||||||||&#8221; background_image=&#8221;https:\/\/www.uwo-water.de\/wp-content\/uploads\/2018\/08\/travel-landscape-01.jpg&#8221; parallax=&#8221;on&#8221; custom_margin=&#8221;-244px||&#8221; text_shadow_style=&#8221;preset1&#8243; custom_css_main_element=&#8221;padding: 250px 0 450px&#8221; custom_css_title=&#8221;background: rgb(29,29,29,0.6)!important; padding:20px; max-width:520px; color:#3cd2fd!important; font-size:49px!important;&#8221; button_one_text_size__hover_enabled=&#8221;off&#8221; button_two_text_size__hover_enabled=&#8221;off&#8221; button_one_text_color__hover_enabled=&#8221;off&#8221; button_two_text_color__hover_enabled=&#8221;off&#8221; button_one_border_width__hover_enabled=&#8221;off&#8221; button_two_border_width__hover_enabled=&#8221;off&#8221; button_one_border_color__hover_enabled=&#8221;off&#8221; button_two_border_color__hover_enabled=&#8221;off&#8221; button_one_border_radius__hover_enabled=&#8221;off&#8221; button_two_border_radius__hover_enabled=&#8221;off&#8221; button_one_letter_spacing__hover_enabled=&#8221;off&#8221; button_two_letter_spacing__hover_enabled=&#8221;off&#8221; button_one_bg_color__hover_enabled=&#8221;off&#8221; button_two_bg_color__hover_enabled=&#8221;off&#8221;][\/et_pb_fullwidth_header][\/et_pb_section][et_pb_section fb_built=&#8221;1&#8243; _builder_version=&#8221;3.22&#8243; custom_padding=&#8221;54px|0px|0|0px|false|false&#8221;][et_pb_row custom_padding=&#8221;27px|0px|78px|0px|false|false&#8221; _builder_version=&#8221;3.22&#8243;][et_pb_column type=&#8221;4_4&#8243; _builder_version=&#8221;3.17.6&#8243;][et_pb_text _builder_version=&#8221;3.21.1&#8243;]<\/p>\n<h1>Bausteine der Regenwassernutzung<\/h1>\n<h2 style=\"color: #0c71c3; padding-bottom: 30px;\">Zisterne, Filterung, Ansaugung, Wasser-Management, Versickerung<\/h2>\n<p>UWO-Water bietet Ihnen die komplette und kompakte Regenwassernutzung zur vollautomatischen Versorgung mit Regenwasser sowie zur bedarfsgerechten Trinkwassernachspeisung mit <span style=\"text-decoration: underline;\">uwo-smart control.<\/span><\/p>\n<p>[\/et_pb_text][\/et_pb_column][\/et_pb_row][\/et_pb_section][et_pb_section fb_built=&#8221;1&#8243; _builder_version=&#8221;3.22&#8243; custom_padding=&#8221;0|0px|54px|0px|false|false&#8221;][et_pb_row use_custom_gutter=&#8221;on&#8221; gutter_width=&#8221;0&#8243; custom_padding=&#8221;0|0px|0|0px|false|false&#8221; make_equal=&#8221;on&#8221; background_color_2=&#8221;#1d53b7&#8243; padding_top_2=&#8221;40px&#8221; padding_right_2=&#8221;40px&#8221; padding_bottom_2=&#8221;40px&#8221; padding_left_2=&#8221;40px&#8221; module_class=&#8221;fullsize-kultdesign et_pb_row_fullwidth&#8221; _builder_version=&#8221;3.22&#8243; width=&#8221;89%&#8221; width_tablet=&#8221;80%&#8221; width_last_edited=&#8221;on|desktop&#8221; max_width=&#8221;89%&#8221; max_width_tablet=&#8221;80%&#8221; max_width_last_edited=&#8221;on|desktop&#8221; make_fullwidth=&#8221;on&#8221;][et_pb_column type=&#8221;1_2&#8243; _builder_version=&#8221;3.11.1&#8243;][et_pb_image src=&#8221;https:\/\/www.uwo-water.de\/wp-content\/uploads\/2018\/11\/20171017_130222.jpg&#8221; _builder_version=&#8221;3.17.6&#8243;][\/et_pb_image][\/et_pb_column][et_pb_column type=&#8221;1_2&#8243; _builder_version=&#8221;3.11.1&#8243;][et_pb_text _builder_version=&#8221;3.21.1&#8243;]<\/p>\n<h1 style=\"color: #fff;\">Unser Angebot f\u00fcr Sie<\/h1>\n<hr style=\"color: #fff; margin-bottom: 30px;\" \/>\n<ul style=\"color: #fff; line-height: 36px;\">\n<li>Beratungsgesp\u00e4ch zur Erfassung der \u00f6rtlichen Gegebenheiten<\/li>\n<li>Beratung durch uns oder \u00fcber Ihren Installateur<\/li>\n<li>Professionelle Planung<\/li>\n<li>Angebot eines bedarfsgerechten Gesamtsystem<\/li>\n<li>Lieferung und Installation der Anlage durch Ihren Installateur<\/li>\n<li>Wartung und Service<\/li>\n<\/ul>\n<p>[\/et_pb_text][et_pb_button button_url=&#8221;https:\/\/www.uwo-water.de\/kontakt\/#kontaktformular&#8221; button_text=&#8221;Zum Kontaktformular&#8221; _builder_version=&#8221;3.17.6&#8243; custom_button=&#8221;on&#8221; button_text_color=&#8221;#ffffff&#8221; button_border_color=&#8221;#ffffff&#8221; button_font=&#8221;||||||||&#8221;][\/et_pb_button][\/et_pb_column][\/et_pb_row][\/et_pb_section][et_pb_section fb_built=&#8221;1&#8243; _builder_version=&#8221;3.22&#8243; background_color=&#8221;#ffffff&#8221;][et_pb_row custom_padding=&#8221;27px|0px|27px|0px|false|false&#8221; _builder_version=&#8221;3.22&#8243;][et_pb_column type=&#8221;4_4&#8243; _builder_version=&#8221;3.11.1&#8243;][et_pb_text _builder_version=&#8221;3.22.1&#8243;]<\/p>\n<h1 style=\"color: #0c71c3; padding-bottom: 30px;\">Das eiskalte Gesch\u00e4ft mit dem Wasser<\/h1>\n<p>Nutzen Sie das kostenfreie Allgemeingut\u00a0 &#8220;Regenwasser&#8221; &#8211; <span style=\"color: #0c71c3;\">investieren Sie in Ihre Zukunft &#8211;\u00a0<\/span>UWO Water bietet Ihnen eine intelligente, sparsame Regenwassersystem mit DVGW CERT.<\/p>\n<h1><span style=\"font-size: x-large;\">Gerne unterst\u00fctzen wir Sie bei Ihrem Projekt, bei der Ausf\u00fchrung stellen wir Ihrem Planer die Produktunterlagen und die Ausschreibungstexte zur Verf\u00fcgung.\u00a0 <a href=\"https:\/\/www.uwo-water.de\/kontakt\/\" title=\"zur Kontaktseite\"><span style=\"color: #0c71c3;\">Link zum Formular<\/span> <\/a><br \/> <\/span><\/h1>\n<p><span style=\"font-size: x-large;\"><\/span><\/p>\n<p><span style=\"font-size: x-large;\"><\/span><\/p>\n<h1><span style=\"color: #0c71c3; font-size: xx-large;\">Wasser Fussabdruck<\/span><\/h1>\n<p>wie viel Wasser braucht der Mensch?<\/p>\n<p>Ein Mensch ben\u00f6tigt am Tag 25 vollgef\u00fcllt Badewannen an Wasser, ob es virtuelles Wasser ist oder reales.<\/p>\n<p>Ein wesentlich gr\u00f6\u00dferer Teil des Wassers ist in unserer Kleindung oder unserer Nahrung versteckt. Das Ziel einer WWF Studie ist die Analyse des Produktes und dessen Herkunft.<\/p>\n<p>Die Menge des virtuellen Wassers f\u00fcr pflanzliche und tierische Produkte wurde je nach Land und deren Bedingungen berechnet.<\/p>\n<p>Ein Mensch ben\u00f6tigt am Tag 5.288 Liter Wasser, wovon nur ein kleiner Teil f\u00fcr das Trinken, Kochen oder den Haushalt ben\u00f6tigt wird.<\/p>\n<p>In Importierter Ware ist ebenfalls Wasser enthalten (Kaffee, Kakao, \u00d6lsaat, usw\u2026).<\/p>\n<p><span style=\"font-size: 16px;\">Der deutsche externe Wasser-Fu\u00dfabdruck, ist sowohl in absoluten Zahlen, als auch relativ gesehen ziemlich hoch. Dies betrifft zun\u00e4chst die Unternehmen und in 2ter Linie die Verbraucher.<\/span><\/p>\n<p>In den wichtigsten Herkunftsl\u00e4ndern soll deshalb die Regierung eine effiziente und legale Bew\u00e4sserung einf\u00fchren.<\/p>\n<p>Die deutsche Bundesregierung soll die finanziellen Mittel dort erh\u00f6hen, wo Verbesserungen angestrebt werden. Um nachhaltige Bewirtschaftung des Grundwassers und Auswirkungen in den wasserknappen Regionen zu reduzieren und den Bewohnern den Zugang zu Wasser zu erm\u00f6glichen.<\/p>\n<p>500g Erdbeeren ben\u00f6tigen 140 Liter Wasser.<\/p>\n<p>Eine Tasse Kaffee braucht 140 Liter Wasser.<\/p>\n<p>200 ml-Glas Orangensaft 170 Liter Wasser<\/p>\n<p>&nbsp;<\/p>\n<p>[\/et_pb_text][\/et_pb_column][\/et_pb_row][et_pb_row custom_padding=&#8221;14px|0px|27px|0px|false|false&#8221; _builder_version=&#8221;3.22&#8243;][et_pb_column type=&#8221;1_2&#8243; _builder_version=&#8221;3.11.1&#8243;][et_pb_image src=&#8221;https:\/\/www.uwo-water.de\/wp-content\/uploads\/2019\/01\/wlan-icon.png&#8221; align=&#8221;center&#8221; _builder_version=&#8221;3.17.6&#8243;][\/et_pb_image][et_pb_text _builder_version=&#8221;3.21.1&#8243;]<\/p>\n<h1>UWO Regenwassermanager<\/h1>\n<h2 style=\"padding-bottom: 30px;\"><span style=\"color: #0c71c3;\">UWO Combimat<\/span><\/h2>\n<ul>\n<li>Regenwassermanager mit uwo-smart control f\u00fcr das Ein-Dreifamilien-Haus<\/li>\n<li>Regenwasserzentrale mit Systemtrennung. DIN 1989 \/ EN1717 \/ W540<\/li>\n<li>Komplette, anschlussfertige\u00a0 Einheit mit Verbauchsmessung\u00a0 und Lecksensor<\/li>\n<li>Einstellungen im LAN\/WLAN mit PC\/Mac<\/li>\n<li>Bedarfsgerechte Nachspeisung in das Verbrauchernetz<\/li>\n<li>Webbrowser Steuerung und\/oder E-Mail bei St\u00f6rung oder Status\u00e4nderung<\/li>\n<\/ul>\n<p>[\/et_pb_text][\/et_pb_column][et_pb_column type=&#8221;1_2&#8243; _builder_version=&#8221;3.11.1&#8243;][et_pb_image src=&#8221;https:\/\/www.uwo-water.de\/wp-content\/uploads\/2018\/11\/unspecified-1.jpg&#8221; _builder_version=&#8221;3.17.6&#8243;][\/et_pb_image][\/et_pb_column][\/et_pb_row][\/et_pb_section][et_pb_section fb_built=&#8221;1&#8243; _builder_version=&#8221;3.22&#8243;][et_pb_row _builder_version=&#8221;3.22&#8243;][et_pb_column type=&#8221;1_2&#8243; _builder_version=&#8221;3.17.6&#8243;][et_pb_image src=&#8221;https:\/\/www.uwo-water.de\/wp-content\/uploads\/2018\/11\/BMW-Factory-Northampton.jpg&#8221; _builder_version=&#8221;3.17.6&#8243;][\/et_pb_image][\/et_pb_column][et_pb_column type=&#8221;1_2&#8243; _builder_version=&#8221;3.17.6&#8243;][et_pb_text _builder_version=&#8221;3.17.6&#8243;]<\/p>\n<h1 style=\"color: #0c71c3;\"><span style=\"color: #000000;\">UWO Duo ZS 450<\/span> Regenwassermanager, Regenwasserzentrale.<\/h1>\n<h2><span style=\"font-size: x-large;\">Regenwassernutzung f\u00fcr eine Gro\u00dfanlage bei BMW Mini Factory Northhampton in England<\/span><\/h2>\n<p>[\/et_pb_text][\/et_pb_column][\/et_pb_row][\/et_pb_section]<\/p>\n","protected":false},"excerpt":{"rendered":"<p>[:de _i=&#8221;0&#8243; _address=&#8221;0&#8243; \/][:de _i=&#8221;1&#8243; _address=&#8221;1&#8243; \/][:de _i=&#8221;2&#8243; _address=&#8221;2&#8243; \/][:de _i=&#8221;3&#8243; _address=&#8221;3&#8243; \/]Bausteine der Regenwassernutzung Zisterne, Filterung, Ansaugung, Wasser-Management, Versickerung UWO-Water bietet Ihnen die komplette und kompakte Regenwassernutzung zur vollautomatischen Versorgung mit Regenwasser sowie zur bedarfsgerechten Trinkwassernachspeisung mit uwo-smart control.Unser Angebot f\u00fcr Sie Beratungsgesp\u00e4ch zur Erfassung der \u00f6rtlichen Gegebenheiten Beratung durch uns oder \u00fcber Ihren [&hellip;]<\/p>\n","protected":false},"author":1,"featured_media":0,"parent":0,"menu_order":0,"comment_status":"closed","ping_status":"closed","template":"","meta":{"_et_pb_use_builder":"on","_et_pb_old_content":"Regenwassernutzung","_et_gb_content_width":""},"yoast_head":"<!-- This site is optimized with the Yoast SEO plugin v19.14 - https:\/\/yoast.com\/wordpress\/plugins\/seo\/ -->\n<title>Regenwassernutzung - Uwo Water GmbH Wasser-Management<\/title>\n<meta name=\"description\" content=\"Regenwassernutzung mit UWO Water: vollautomatische Versorgung mit Regenwasser sowie zur bedarfsgerechten Trinkwassernachspeisung im Haushalt.\" \/>\n<meta name=\"robots\" content=\"index, follow, max-snippet:-1, max-image-preview:large, max-video-preview:-1\" \/>\n<link rel=\"canonical\" href=\"https:\/\/www.uwo-water.de\/regenwassernutzung\/\" \/>\n<meta property=\"og:locale\" content=\"en_GB\" \/>\n<meta property=\"og:type\" content=\"article\" \/>\n<meta property=\"og:title\" content=\"Regenwassernutzung\" \/>\n<meta property=\"og:description\" content=\"Regenwassernutzung mit UWO Water: vollautomatische Versorgung mit Regenwasser sowie zur bedarfsgerechten Trinkwassernachspeisung im Haushalt.\" \/>\n<meta property=\"og:url\" content=\"https:\/\/www.uwo-water.de\/regenwassernutzung\/\" \/>\n<meta property=\"og:site_name\" content=\"Uwo Water GmbH\" \/>\n<meta property=\"article:modified_time\" content=\"2020-01-16T12:57:09+00:00\" \/>\n<meta name=\"twitter:card\" content=\"summary_large_image\" \/>\n<meta name=\"twitter:label1\" content=\"Estimated reading time\" \/>\n\t<meta name=\"twitter:data1\" content=\"5 minutes\" \/>\n<script type=\"application\/ld+json\" class=\"yoast-schema-graph\">{\"@context\":\"https:\/\/schema.org\",\"@graph\":[{\"@type\":\"WebPage\",\"@id\":\"https:\/\/www.uwo-water.de\/regenwassernutzung\/\",\"url\":\"https:\/\/www.uwo-water.de\/regenwassernutzung\/\",\"name\":\"[:de]Regenwassernutzung[:] - Uwo Water GmbH Wasser-Management\",\"isPartOf\":{\"@id\":\"https:\/\/www.uwo-water.de\/#website\"},\"datePublished\":\"2018-09-25T14:09:22+00:00\",\"dateModified\":\"2020-01-16T12:57:09+00:00\",\"description\":\"Regenwassernutzung mit UWO Water: vollautomatische Versorgung mit Regenwasser sowie zur bedarfsgerechten Trinkwassernachspeisung im Haushalt.\",\"breadcrumb\":{\"@id\":\"https:\/\/www.uwo-water.de\/regenwassernutzung\/#breadcrumb\"},\"inLanguage\":\"en-GB\",\"potentialAction\":[{\"@type\":\"ReadAction\",\"target\":[\"https:\/\/www.uwo-water.de\/regenwassernutzung\/\"]}]},{\"@type\":\"BreadcrumbList\",\"@id\":\"https:\/\/www.uwo-water.de\/regenwassernutzung\/#breadcrumb\",\"itemListElement\":[{\"@type\":\"ListItem\",\"position\":1,\"name\":\"Startseite\",\"item\":\"https:\/\/www.uwo-water.de\/\"},{\"@type\":\"ListItem\",\"position\":2,\"name\":\"Regenwassernutzung\"}]},{\"@type\":\"WebSite\",\"@id\":\"https:\/\/www.uwo-water.de\/#website\",\"url\":\"https:\/\/www.uwo-water.de\/\",\"name\":\"Uwo Water GmbH\",\"description\":\"Wassersysteme Regenwassernutzung Trennsysteme\",\"potentialAction\":[{\"@type\":\"SearchAction\",\"target\":{\"@type\":\"EntryPoint\",\"urlTemplate\":\"https:\/\/www.uwo-water.de\/?s={search_term_string}\"},\"query-input\":\"required name=search_term_string\"}],\"inLanguage\":\"en-GB\"}]}<\/script>\n<!-- \/ Yoast SEO plugin. -->","yoast_head_json":{"title":"Regenwassernutzung - Uwo Water GmbH Wasser-Management","description":"Regenwassernutzung mit UWO Water: vollautomatische Versorgung mit Regenwasser sowie zur bedarfsgerechten Trinkwassernachspeisung im Haushalt.","robots":{"index":"index","follow":"follow","max-snippet":"max-snippet:-1","max-image-preview":"max-image-preview:large","max-video-preview":"max-video-preview:-1"},"canonical":"https:\/\/www.uwo-water.de\/regenwassernutzung\/","og_locale":"en_GB","og_type":"article","og_title":"[:de]Regenwassernutzung[:] - Uwo Water GmbH Wasser-Management","og_description":"Regenwassernutzung mit UWO Water: vollautomatische Versorgung mit Regenwasser sowie zur bedarfsgerechten Trinkwassernachspeisung im Haushalt.","og_url":"https:\/\/www.uwo-water.de\/regenwassernutzung\/","og_site_name":"Uwo Water GmbH","article_modified_time":"2020-01-16T12:57:09+00:00","twitter_card":"summary_large_image","twitter_misc":{"Estimated reading time":"5 minutes"},"schema":{"@context":"https:\/\/schema.org","@graph":[{"@type":"WebPage","@id":"https:\/\/www.uwo-water.de\/regenwassernutzung\/","url":"https:\/\/www.uwo-water.de\/regenwassernutzung\/","name":"[:de]Regenwassernutzung[:] - Uwo Water GmbH Wasser-Management","isPartOf":{"@id":"https:\/\/www.uwo-water.de\/#website"},"datePublished":"2018-09-25T14:09:22+00:00","dateModified":"2020-01-16T12:57:09+00:00","description":"Regenwassernutzung mit UWO Water: vollautomatische Versorgung mit Regenwasser sowie zur bedarfsgerechten Trinkwassernachspeisung im Haushalt.","breadcrumb":{"@id":"https:\/\/www.uwo-water.de\/regenwassernutzung\/#breadcrumb"},"inLanguage":"en-GB","potentialAction":[{"@type":"ReadAction","target":["https:\/\/www.uwo-water.de\/regenwassernutzung\/"]}]},{"@type":"BreadcrumbList","@id":"https:\/\/www.uwo-water.de\/regenwassernutzung\/#breadcrumb","itemListElement":[{"@type":"ListItem","position":1,"name":"Startseite","item":"https:\/\/www.uwo-water.de\/"},{"@type":"ListItem","position":2,"name":"Regenwassernutzung"}]},{"@type":"WebSite","@id":"https:\/\/www.uwo-water.de\/#website","url":"https:\/\/www.uwo-water.de\/","name":"Uwo Water GmbH","description":"Wassersysteme Regenwassernutzung Trennsysteme","potentialAction":[{"@type":"SearchAction","target":{"@type":"EntryPoint","urlTemplate":"https:\/\/www.uwo-water.de\/?s={search_term_string}"},"query-input":"required name=search_term_string"}],"inLanguage":"en-GB"}]}},"_links":{"self":[{"href":"https:\/\/www.uwo-water.de\/en\/wp-json\/wp\/v2\/pages\/779"}],"collection":[{"href":"https:\/\/www.uwo-water.de\/en\/wp-json\/wp\/v2\/pages"}],"about":[{"href":"https:\/\/www.uwo-water.de\/en\/wp-json\/wp\/v2\/types\/page"}],"author":[{"embeddable":true,"href":"https:\/\/www.uwo-water.de\/en\/wp-json\/wp\/v2\/users\/1"}],"replies":[{"embeddable":true,"href":"https:\/\/www.uwo-water.de\/en\/wp-json\/wp\/v2\/comments?post=779"}],"version-history":[{"count":85,"href":"https:\/\/www.uwo-water.de\/en\/wp-json\/wp\/v2\/pages\/779\/revisions"}],"predecessor-version":[{"id":4449,"href":"https:\/\/www.uwo-water.de\/en\/wp-json\/wp\/v2\/pages\/779\/revisions\/4449"}],"wp:attachment":[{"href":"https:\/\/www.uwo-water.de\/en\/wp-json\/wp\/v2\/media?parent=779"}],"curies":[{"name":"wp","href":"https:\/\/api.w.org\/{rel}","templated":true}]}}