{"id":989,"date":"2018-10-26T14:45:17","date_gmt":"2018-10-26T12:45:17","guid":{"rendered":"http:\/\/uwo.kult-kunden.de\/?page_id=989"},"modified":"2022-12-31T16:35:52","modified_gmt":"2022-12-31T15:35:52","slug":"produkte","status":"publish","type":"page","link":"https:\/\/www.uwo-water.de\/en\/produkte\/","title":{"rendered":"Produkte"},"content":{"rendered":"<p>[et_pb_section fb_built=&#8221;1&#8243; fullwidth=&#8221;on&#8221; _builder_version=&#8221;3.22&#8243; custom_padding=&#8221;0|0px|0px|0px|false|false&#8221;][et_pb_fullwidth_header title=&#8221;UWO Water Produkte&#8221; header_scroll_down=&#8221;on&#8221; background_overlay_color=&#8221;rgba(0,0,0,0)&#8221; _builder_version=&#8221;3.17.6&#8243; title_font=&#8221;||||||||&#8221; background_image=&#8221;https:\/\/www.uwo-water.de\/wp-content\/uploads\/2018\/11\/IMG_4527.jpg&#8221; parallax=&#8221;on&#8221; text_shadow_style=&#8221;preset1&#8243; custom_css_main_element=&#8221;padding: 250px 0 250px&#8221; custom_css_title=&#8221;background: rgb(29,29,29,0.6)!important; padding:20px; max-width:520px; color:#3cd2fd!important; font-size:49px!important;&#8221; button_one_text_size__hover_enabled=&#8221;off&#8221; button_two_text_size__hover_enabled=&#8221;off&#8221; button_one_text_color__hover_enabled=&#8221;off&#8221; button_two_text_color__hover_enabled=&#8221;off&#8221; button_one_border_width__hover_enabled=&#8221;off&#8221; button_two_border_width__hover_enabled=&#8221;off&#8221; button_one_border_color__hover_enabled=&#8221;off&#8221; button_two_border_color__hover_enabled=&#8221;off&#8221; button_one_border_radius__hover_enabled=&#8221;off&#8221; button_two_border_radius__hover_enabled=&#8221;off&#8221; button_one_letter_spacing__hover_enabled=&#8221;off&#8221; button_two_letter_spacing__hover_enabled=&#8221;off&#8221; button_one_bg_color__hover_enabled=&#8221;off&#8221; button_two_bg_color__hover_enabled=&#8221;off&#8221;][\/et_pb_fullwidth_header][\/et_pb_section][et_pb_section fb_built=&#8221;1&#8243; _builder_version=&#8221;3.22&#8243;][et_pb_row _builder_version=&#8221;3.22&#8243;][et_pb_column type=&#8221;4_4&#8243; _builder_version=&#8221;3.11.1&#8243;][et_pb_text _builder_version=&#8221;3.11.1&#8243;]<\/p>\n<h1 style=\"text-align: center;\"><span style=\"font-size: xx-large;\">Unsere Produkte gegen Trockenheit <br \/><\/span><\/h1>\n<p>[\/et_pb_text][\/et_pb_column][\/et_pb_row][et_pb_row module_class=&#8221; et_pb_row_fullwidth&#8221; _builder_version=&#8221;3.22&#8243; width=&#8221;89%&#8221; width_tablet=&#8221;80%&#8221; width_last_edited=&#8221;on|desktop&#8221; max_width=&#8221;89%&#8221; max_width_tablet=&#8221;80%&#8221; max_width_last_edited=&#8221;on|desktop&#8221; make_fullwidth=&#8221;on&#8221;][et_pb_column type=&#8221;1_4&#8243; _builder_version=&#8221;3.11.1&#8243;][et_pb_text _builder_version=&#8221;3.19.9&#8243;]<a href=\"https:\/\/www.uwo-water.de\/regenwasse-management-systeme\/\"><\/p>\n<div class=\"hoverrahmen\">\n<div style=\"overflow: hidden;\"><img decoding=\"async\" loading=\"lazy\" class=\"img-zoom\" src=\"https:\/\/www.uwo-water.de\/wp-content\/uploads\/2018\/11\/regenwassernutzungs-systeme.png\" alt=\"\" class=\"wp-image-1173 alignnone size-full\" width=\"1889\" height=\"1476\" \/><\/div>\n<div style=\"clear: both;\"><\/div>\n<div style=\"padding: 10px 10px 5px 10px; text-align: center; color: #fff!important; background: #333;\">\n<h2 style=\"color: #fff!important;\">Regenwassernutzungs-Systeme<\/h2>\n<\/div>\n<\/div>\n<p><\/a>[\/et_pb_text][\/et_pb_column][et_pb_column type=&#8221;1_4&#8243; _builder_version=&#8221;3.11.1&#8243;][et_pb_text _builder_version=&#8221;3.19.9&#8243;]<a href=\"https:\/\/www.uwo-water.de\/regenwassertank-und-erdspeicher\/\"><\/p>\n<div class=\"hoverrahmen\">\n<div style=\"overflow: hidden;\"><img decoding=\"async\" class=\"img-zoom\" src=\"https:\/\/www.uwo-water.de\/wp-content\/uploads\/2018\/11\/regenwassertank-erdspeicher.png\"  \/><\/div>\n<div style=\"clear: both;\"><\/div>\n<div style=\"padding: 10px 10px 5px 10px; text-align: center; color: #fff!important; background: #333;\">\n<h2 style=\"color: #fff!important;\">Regenwassertank und Erdspeicher<\/h2>\n<\/div>\n<\/div>\n<p><\/a>[\/et_pb_text][\/et_pb_column][et_pb_column type=&#8221;1_4&#8243; _builder_version=&#8221;3.11.1&#8243;][et_pb_text _builder_version=&#8221;3.19.9&#8243;]<a href=\"https:\/\/www.uwo-water.de\/regenwasserfilter\/\"><\/p>\n<div class=\"hoverrahmen\">\n<div style=\"overflow: hidden;\"><img decoding=\"async\" class=\"img-zoom\" src=\"https:\/\/www.uwo-water.de\/wp-content\/uploads\/2018\/09\/uwo-trinkwasserschutz.jpg\" \/><\/div>\n<div style=\"clear: both;\"><\/div>\n<div style=\"padding: 10px 10px 5px 10px; text-align: center; color: #fff!important; background: #333;\">\n<h2 style=\"color: #fff!important;\">Regenwasserfilter<\/h2>\n<\/div>\n<\/div>\n<p><\/a>[\/et_pb_text][\/et_pb_column][et_pb_column type=&#8221;1_4&#8243; _builder_version=&#8221;3.11.1&#8243;][et_pb_text _builder_version=&#8221;3.19.9&#8243;]<a href=\"https:\/\/www.uwo-water.de\/beregnungstechnik-4\/\"><\/p>\n<div class=\"hoverrahmen\">\n<div style=\"overflow: hidden;\"><img decoding=\"async\" class=\"img-zoom\" src=\"https:\/\/www.uwo-water.de\/wp-content\/uploads\/2018\/11\/beregnungstechnik-1.png\" \/><\/div>\n<div style=\"clear: both;\"><\/div>\n<div style=\"padding: 10px 10px 5px 10px; text-align: center; color: #fff!important; background: #333;\">\n<h2 style=\"color: #fff!important;\">Beregnungstechnik<\/h2>\n<\/div>\n<\/div>\n<p><\/a>[\/et_pb_text][\/et_pb_column][\/et_pb_row][et_pb_row module_class=&#8221; et_pb_row_fullwidth&#8221; _builder_version=&#8221;3.22&#8243; width=&#8221;89%&#8221; width_tablet=&#8221;80%&#8221; width_last_edited=&#8221;on|desktop&#8221; max_width=&#8221;89%&#8221; max_width_tablet=&#8221;80%&#8221; max_width_last_edited=&#8221;on|desktop&#8221; make_fullwidth=&#8221;on&#8221;][et_pb_column type=&#8221;1_4&#8243; _builder_version=&#8221;3.11.1&#8243;][et_pb_text _builder_version=&#8221;3.19.9&#8243;]<a href=\"https:\/\/www.uwo-water.de\/zubehoer\/\"><\/p>\n<div class=\"hoverrahmen\">\n<div style=\"overflow: hidden;\"><img decoding=\"async\" class=\"img-zoom\" src=\"https:\/\/www.uwo-water.de\/wp-content\/uploads\/2018\/11\/ersatzteile.png\" \/><\/div>\n<div style=\"clear: both;\"><\/div>\n<div style=\"padding: 10px 10px 5px 10px; text-align: center; color: #fff!important; background: #333;\">\n<h2 style=\"color: #fff!important;\">Zubeh\u00f6rteile<\/h2>\n<\/div>\n<\/div>\n<p><\/a>[\/et_pb_text][\/et_pb_column][et_pb_column type=&#8221;1_4&#8243; _builder_version=&#8221;3.11.1&#8243;][et_pb_text _builder_version=&#8221;3.19.9&#8243;]<a href=\"https:\/\/www.uwo-water.de\/pumpensysteme-2\/\"><\/p>\n<div class=\"hoverrahmen\">\n<div style=\"overflow: hidden;\"><img decoding=\"async\" class=\"img-zoom\" src=\"https:\/\/www.uwo-water.de\/wp-content\/uploads\/2018\/11\/pumpensysteme.png\"  \/><\/div>\n<div style=\"clear: both;\"><\/div>\n<div style=\"padding: 10px 10px 5px 10px; text-align: center; color: #fff!important; background: #333;\">\n<h2 style=\"color: #fff!important;\">Pumpensysteme<\/h2>\n<\/div>\n<\/div>\n<p><\/a>[\/et_pb_text][\/et_pb_column][et_pb_column type=&#8221;1_4&#8243; _builder_version=&#8221;3.11.1&#8243;][et_pb_text _builder_version=&#8221;3.19.9&#8243;]<a href=\"https:\/\/www.uwo-water.de\/steuerungstechnik-2\/\"><\/p>\n<div class=\"hoverrahmen\">\n<div style=\"overflow: hidden;\"><img decoding=\"async\" class=\"img-zoom\" src=\"https:\/\/www.uwo-water.de\/wp-content\/uploads\/2018\/11\/steuerungstechnik.png\"  \/><\/div>\n<div style=\"clear: both;\"><\/div>\n<div style=\"padding: 10px 10px 5px 10px; text-align: center; color: #fff!important; background: #333;\">\n<h2 style=\"color: #fff!important;\">Steuerungstechnik<\/h2>\n<\/div>\n<\/div>\n<p><\/a>[\/et_pb_text][\/et_pb_column][et_pb_column type=&#8221;1_4&#8243; _builder_version=&#8221;3.11.1&#8243;][et_pb_text _builder_version=&#8221;3.19.9&#8243;]<a href=\"https:\/\/www.uwo-water.de\/getrieberegner-sensoren-2\/\"><\/p>\n<div class=\"hoverrahmen\">\n<div style=\"overflow: hidden;\"><img decoding=\"async\" class=\"img-zoom\" src=\"https:\/\/www.uwo-water.de\/wp-content\/uploads\/2018\/11\/getrieberegner-sensoren.png\" \/><\/div>\n<div style=\"clear: both;\"><\/div>\n<div style=\"padding: 10px 10px 5px 10px; text-align: center; color: #fff!important; background: #333;\">\n<h2 style=\"color: #fff!important;\">Getrieberegner Sensoren<\/h2>\n<\/div>\n<\/div>\n<p><\/a>[\/et_pb_text][\/et_pb_column][\/et_pb_row][et_pb_row module_class=&#8221; et_pb_row_fullwidth&#8221; _builder_version=&#8221;3.22&#8243; width=&#8221;89%&#8221; width_tablet=&#8221;80%&#8221; width_last_edited=&#8221;on|desktop&#8221; max_width=&#8221;89%&#8221; max_width_tablet=&#8221;80%&#8221; max_width_last_edited=&#8221;on|desktop&#8221; make_fullwidth=&#8221;on&#8221;][et_pb_column type=&#8221;1_4&#8243; _builder_version=&#8221;3.11.1&#8243;][et_pb_text _builder_version=&#8221;3.19.9&#8243;]<a href=\"https:\/\/www.uwo-water.de\/hunter-produkte\/\"><\/p>\n<div class=\"hoverrahmen\">\n<div style=\"overflow: hidden;\"><img decoding=\"async\" class=\"img-zoom\" src=\"https:\/\/www.uwo-water.de\/wp-content\/uploads\/2018\/11\/hunter-steuerung.png\" \/><\/div>\n<div style=\"clear: both;\"><\/div>\n<div style=\"padding: 10px 10px 5px 10px; text-align: center; color: #fff!important; background: #333;\">\n<h2 style=\"color: #fff!important;\">Hunter Produkte<\/h2>\n<\/div>\n<\/div>\n<p><\/a>[\/et_pb_text][\/et_pb_column][et_pb_column type=&#8221;1_4&#8243; _builder_version=&#8221;3.11.1&#8243;][et_pb_text _builder_version=&#8221;3.19.9&#8243;]<a href=\"https:\/\/www.uwo-water.de\/versickerungen\/\"><\/p>\n<div class=\"hoverrahmen\">\n<div style=\"overflow: hidden;\"><img decoding=\"async\" class=\"img-zoom\" src=\"https:\/\/www.uwo-water.de\/wp-content\/uploads\/2018\/11\/versickerung.png\" \/><\/div>\n<div style=\"clear: both;\"><\/div>\n<div style=\"padding: 10px 10px 5px 10px; text-align: center; color: #fff!important; background: #333;\">\n<h2 style=\"color: #fff!important;\">Versickerungen<\/h2>\n<\/div>\n<\/div>\n<p><\/a>[\/et_pb_text][\/et_pb_column][et_pb_column type=&#8221;1_4&#8243; _builder_version=&#8221;3.11.1&#8243;][et_pb_text _builder_version=&#8221;3.19.9&#8243;]<a href=\"https:\/\/www.uwo-water.de\/hydrawaise-beregnungsnavigation\/\"><\/p>\n<div class=\"hoverrahmen\">\n<div style=\"overflow: hidden;\"><img decoding=\"async\" class=\"img-zoom\" src=\"https:\/\/www.uwo-water.de\/wp-content\/uploads\/2018\/09\/Steuerung_Thema-1.jpg\" \/><\/div>\n<div style=\"clear: both;\"><\/div>\n<div style=\"padding: 10px 10px 5px 10px; text-align: center; color: #fff!important; background: #333;\">\n<h2 style=\"color: #fff!important;\">Hydrawaise Beregnungsnavigation<\/h2>\n<\/div>\n<\/div>\n<p><\/a>[\/et_pb_text][\/et_pb_column][et_pb_column type=&#8221;1_4&#8243; _builder_version=&#8221;3.11.1&#8243;][et_pb_text _builder_version=&#8221;3.19.9&#8243;]<a href=https:\/\/www.uwo-water.de\/solar-und-gartenduschen\/\"><\/p>\n<div class=\"hoverrahmen\">\n<div style=\"overflow: hidden;\"><img decoding=\"async\" class=\"img-zoom\" src=\"https:\/\/www.uwo-water.de\/wp-content\/uploads\/2018\/11\/solarduschen.png\" \/><\/div>\n<div style=\"clear: both;\"><\/div>\n<div style=\"padding: 10px 10px 5px 10px; text-align: center; color: #fff!important; background: #333;\">\n<h2 style=\"color: #fff!important;\">Solar und Gartenduschen<\/h2>\n<\/div>\n<\/div>\n<p><\/a>[\/et_pb_text][\/et_pb_column][\/et_pb_row][\/et_pb_section][et_pb_section fb_built=&#8221;1&#8243; _builder_version=&#8221;3.22&#8243; background_color=&#8221;#ffffff&#8221;][et_pb_row _builder_version=&#8221;3.22&#8243;][et_pb_column type=&#8221;1_2&#8243; _builder_version=&#8221;3.11.1&#8243;][et_pb_text _builder_version=&#8221;3.17.6&#8243;]<\/p>\n<h1><span style=\"color: #0c71c3;\">Innovative Produkte von UWO Water<\/span><\/h1>\n<h2 style=\"padding-bottom: 30px;\">Made in Germay<\/h2>\n<p>Auf unsere Seite finden Sie eine gro\u00dfen Auswahl unserer Produkte und erfahren mehr \u00fcber die Detaill\u00f6sungen.\u00a0<\/p>\n<ul>\n<li><span style=\"font-size: medium;\">Regenwassernutzungs-Systeme<\/span><\/li>\n<li><span style=\"font-size: medium;\">Regenwassertank und Erdspeicher<\/span><\/li>\n<li><span style=\"font-size: medium;\">Regenwasserfilter<\/span><\/li>\n<li><span style=\"font-size: medium;\"><a href=\"https:\/\/www.aqua-pro.de\/Produkte\/Beregnungsmaschinen\/Irtec-Beregnungsmaschinen-K108.htm\">Beregnungstechnik <\/a><\/span><\/li>\n<li><span style=\"font-size: medium;\">Tropfbew\u00e4sserung und Sprinklersysteme<\/span><\/li>\n<li><span style=\"font-size: medium;\"><a href=\"https:\/\/www.aqua-pro.de\/Produkte\/Dieselaggregate\/Beregnungsaggregate-K109.htm\">Pumpensysteme<\/a><\/span><\/li>\n<li><span style=\"font-size: medium;\"><a href=\"https:\/\/www.aqua-pro.de\/Produkte\/Steuerungstechnik\/Pumpen-steuern-und-ueberwachen-K250.htm\">Steuerung<\/a> Navigation<\/span><\/li>\n<li><span style=\"font-size: medium;\">Hunter Produkte Hydrawaise<\/span><\/li>\n<li><span style=\"font-size: medium;\">Getrieberegner Sensoren<\/span><\/li>\n<li><span style=\"font-size: medium;\">Trennsysteme<\/span><\/li>\n<li><span style=\"font-size: medium;\">Versickerungen<\/span><\/li>\n<li><span style=\"font-size: medium;\">Solar und Gartenduschen<\/span><\/li>\n<\/ul>\n<p>&nbsp;<\/p>\n<p>&nbsp;<\/p>\n<p>&nbsp;<\/p>\n<p>[\/et_pb_text][\/et_pb_column][et_pb_column type=&#8221;1_2&#8243; _builder_version=&#8221;3.11.1&#8243;][et_pb_image src=&#8221;https:\/\/www.uwo-water.de\/wp-content\/uploads\/2018\/11\/unspecified-1.jpg&#8221; _builder_version=&#8221;3.17.6&#8243;][\/et_pb_image][\/et_pb_column][\/et_pb_row][\/et_pb_section][et_pb_section fb_built=&#8221;1&#8243; _builder_version=&#8221;3.22&#8243; background_color=&#8221;#d3d3d3&#8243;][et_pb_row custom_padding=&#8221;27px|0px|27px|0px|false|false&#8221; _builder_version=&#8221;3.22&#8243;][et_pb_column type=&#8221;1_2&#8243; _builder_version=&#8221;3.11.1&#8243;][et_pb_image src=&#8221;https:\/\/www.uwo-water.de\/wp-content\/uploads\/2018\/11\/Bitmap-in-PT-Archimede.jpg&#8221; _builder_version=&#8221;3.17.6&#8243;][\/et_pb_image][\/et_pb_column][et_pb_column type=&#8221;1_2&#8243; _builder_version=&#8221;3.11.1&#8243;][et_pb_text _builder_version=&#8221;3.22.1&#8243;]<\/p>\n<h1 style=\"color: #0c71c3;\">Neuheiten<\/h1>\n<h2 style=\"padding-bottom: 30px;\">Innovative Steuerung<\/h2>\n<p><span>Bedarfsgerechte, hausinterne Trinkwassernachspeisung zur Einsparung von Trinkwasser.<\/span><\/p>\n<p><span>UWO-Rewamat und UWO-Rewamat Plus sind jeweils eine komplette, anschlussfertige Trinkwassernachspeise-Box zur bedarfsgerechten Versorgung in das Verbrauchernetz bei leerem Speicher.<\/span><\/p>\n<p>[\/et_pb_text][\/et_pb_column][\/et_pb_row][\/et_pb_section][et_pb_section fb_built=&#8221;1&#8243; fullwidth=&#8221;on&#8221; _builder_version=&#8221;3.22&#8243;][et_pb_fullwidth_header title=&#8221;Your Title Goes Here&#8221; button_one_text=&#8221;Click Here&#8221; _builder_version=&#8221;3.19.9&#8243; background_image=&#8221;https:\/\/www.uwo-water.de\/wp-content\/uploads\/2018\/11\/Bitmap-in-PT-Archimede.jpg&#8221; parallax=&#8221;on&#8221; custom_css_main_element=&#8221;padding: 250px 0 550px&#8221; custom_css_title=&#8221;display:none;&#8221; custom_css_content=&#8221;display:none;&#8221; custom_css_subtitle=&#8221;display:none;&#8221; custom_css_button_1=&#8221;display:none;&#8221; custom_css_button_2=&#8221;display:none;&#8221; button_one_text_size__hover_enabled=&#8221;off&#8221; button_two_text_size__hover_enabled=&#8221;off&#8221; button_one_text_color__hover_enabled=&#8221;off&#8221; button_two_text_color__hover_enabled=&#8221;off&#8221; button_one_border_width__hover_enabled=&#8221;off&#8221; button_two_border_width__hover_enabled=&#8221;off&#8221; button_one_border_color__hover_enabled=&#8221;off&#8221; button_two_border_color__hover_enabled=&#8221;off&#8221; button_one_border_radius__hover_enabled=&#8221;off&#8221; button_two_border_radius__hover_enabled=&#8221;off&#8221; button_one_letter_spacing__hover_enabled=&#8221;off&#8221; button_two_letter_spacing__hover_enabled=&#8221;off&#8221; button_one_bg_color__hover_enabled=&#8221;off&#8221; button_two_bg_color__hover_enabled=&#8221;off&#8221;]<\/p>\n<p>Your content goes here. Edit or remove this text inline or in the module Content settings. You can also style every aspect of this content in the module Design settings and even apply custom CSS to this text in the module Advanced settings.<\/p>\n<p>[\/et_pb_fullwidth_header][\/et_pb_section][et_pb_section fb_built=&#8221;1&#8243; _builder_version=&#8221;3.22&#8243;][\/et_pb_section]<\/p>\n","protected":false},"excerpt":{"rendered":"<p>Unsere Produkte gegen Trockenheit Regenwassernutzungs-Systeme Regenwassertank und Erdspeicher Regenwasserfilter Beregnungstechnik Zubeh\u00f6rteile Pumpensysteme Steuerungstechnik Getrieberegner Sensoren Hunter Produkte Versickerungen Hydrawaise Beregnungsnavigation<\/p>\n","protected":false},"author":1,"featured_media":0,"parent":0,"menu_order":0,"comment_status":"closed","ping_status":"closed","template":"","meta":{"_et_pb_use_builder":"on","_et_pb_old_content":"Produkte","_et_gb_content_width":""},"yoast_head":"<!-- This site is optimized with the Yoast SEO plugin v19.14 - https:\/\/yoast.com\/wordpress\/plugins\/seo\/ -->\n<title>Produkte - Uwo Water GmbH Regenwassernutzung<\/title>\n<meta name=\"description\" content=\"Produkte der UWO Water GmbH: Beregnungstechnik, Versickerungstechnik, Trennsysteme, Regenwasserfilter, Wassertanks, Gartenduschen und weitere Produkte.\" \/>\n<meta name=\"robots\" content=\"index, follow, max-snippet:-1, max-image-preview:large, max-video-preview:-1\" \/>\n<link rel=\"canonical\" href=\"https:\/\/www.uwo-water.de\/en\/produkte\/\" \/>\n<meta property=\"og:locale\" content=\"en_GB\" \/>\n<meta property=\"og:type\" content=\"article\" \/>\n<meta property=\"og:title\" content=\"Produkte\" \/>\n<meta property=\"og:description\" content=\"Produkte der UWO Water GmbH: Beregnungstechnik, Versickerungstechnik, Trennsysteme, Regenwasserfilter, Wassertanks, Gartenduschen und weitere Produkte.\" \/>\n<meta property=\"og:url\" content=\"https:\/\/www.uwo-water.de\/en\/produkte\/\" \/>\n<meta property=\"og:site_name\" content=\"Uwo Water GmbH\" \/>\n<meta property=\"article:modified_time\" content=\"2022-12-31T15:35:52+00:00\" \/>\n<meta property=\"og:image\" content=\"https:\/\/www.uwo-water.de\/wp-content\/uploads\/2018\/11\/regenwassernutzungs-systeme.png\" \/>\n<meta name=\"twitter:card\" content=\"summary_large_image\" \/>\n<meta name=\"twitter:label1\" content=\"Estimated reading time\" \/>\n\t<meta name=\"twitter:data1\" content=\"3 minutes\" \/>\n<script type=\"application\/ld+json\" class=\"yoast-schema-graph\">{\"@context\":\"https:\/\/schema.org\",\"@graph\":[{\"@type\":\"WebPage\",\"@id\":\"https:\/\/www.uwo-water.de\/en\/produkte\/\",\"url\":\"https:\/\/www.uwo-water.de\/en\/produkte\/\",\"name\":\"[:de]Produkte[:] - Uwo Water GmbH Regenwassernutzung\",\"isPartOf\":{\"@id\":\"https:\/\/www.uwo-water.de\/#website\"},\"datePublished\":\"2018-10-26T12:45:17+00:00\",\"dateModified\":\"2022-12-31T15:35:52+00:00\",\"description\":\"Produkte der UWO Water GmbH: Beregnungstechnik, Versickerungstechnik, Trennsysteme, Regenwasserfilter, Wassertanks, Gartenduschen und weitere Produkte.\",\"breadcrumb\":{\"@id\":\"https:\/\/www.uwo-water.de\/en\/produkte\/#breadcrumb\"},\"inLanguage\":\"en-GB\",\"potentialAction\":[{\"@type\":\"ReadAction\",\"target\":[\"https:\/\/www.uwo-water.de\/en\/produkte\/\"]}]},{\"@type\":\"BreadcrumbList\",\"@id\":\"https:\/\/www.uwo-water.de\/en\/produkte\/#breadcrumb\",\"itemListElement\":[{\"@type\":\"ListItem\",\"position\":1,\"name\":\"Startseite\",\"item\":\"https:\/\/www.uwo-water.de\/\"},{\"@type\":\"ListItem\",\"position\":2,\"name\":\"Produkte\"}]},{\"@type\":\"WebSite\",\"@id\":\"https:\/\/www.uwo-water.de\/#website\",\"url\":\"https:\/\/www.uwo-water.de\/\",\"name\":\"Uwo Water GmbH\",\"description\":\"Wassersysteme Regenwassernutzung Trennsysteme\",\"potentialAction\":[{\"@type\":\"SearchAction\",\"target\":{\"@type\":\"EntryPoint\",\"urlTemplate\":\"https:\/\/www.uwo-water.de\/?s={search_term_string}\"},\"query-input\":\"required name=search_term_string\"}],\"inLanguage\":\"en-GB\"}]}<\/script>\n<!-- \/ Yoast SEO plugin. -->","yoast_head_json":{"title":"Produkte - Uwo Water GmbH Regenwassernutzung","description":"Produkte der UWO Water GmbH: Beregnungstechnik, Versickerungstechnik, Trennsysteme, Regenwasserfilter, Wassertanks, Gartenduschen und weitere Produkte.","robots":{"index":"index","follow":"follow","max-snippet":"max-snippet:-1","max-image-preview":"max-image-preview:large","max-video-preview":"max-video-preview:-1"},"canonical":"https:\/\/www.uwo-water.de\/en\/produkte\/","og_locale":"en_GB","og_type":"article","og_title":"[:de]Produkte[:] - Uwo Water GmbH Regenwassernutzung","og_description":"Produkte der UWO Water GmbH: Beregnungstechnik, Versickerungstechnik, Trennsysteme, Regenwasserfilter, Wassertanks, Gartenduschen und weitere Produkte.","og_url":"https:\/\/www.uwo-water.de\/en\/produkte\/","og_site_name":"Uwo Water GmbH","article_modified_time":"2022-12-31T15:35:52+00:00","og_image":[{"url":"https:\/\/www.uwo-water.de\/wp-content\/uploads\/2018\/11\/regenwassernutzungs-systeme.png"}],"twitter_card":"summary_large_image","twitter_misc":{"Estimated reading time":"3 minutes"},"schema":{"@context":"https:\/\/schema.org","@graph":[{"@type":"WebPage","@id":"https:\/\/www.uwo-water.de\/en\/produkte\/","url":"https:\/\/www.uwo-water.de\/en\/produkte\/","name":"[:de]Produkte[:] - Uwo Water GmbH Regenwassernutzung","isPartOf":{"@id":"https:\/\/www.uwo-water.de\/#website"},"datePublished":"2018-10-26T12:45:17+00:00","dateModified":"2022-12-31T15:35:52+00:00","description":"Produkte der UWO Water GmbH: Beregnungstechnik, Versickerungstechnik, Trennsysteme, Regenwasserfilter, Wassertanks, Gartenduschen und weitere Produkte.","breadcrumb":{"@id":"https:\/\/www.uwo-water.de\/en\/produkte\/#breadcrumb"},"inLanguage":"en-GB","potentialAction":[{"@type":"ReadAction","target":["https:\/\/www.uwo-water.de\/en\/produkte\/"]}]},{"@type":"BreadcrumbList","@id":"https:\/\/www.uwo-water.de\/en\/produkte\/#breadcrumb","itemListElement":[{"@type":"ListItem","position":1,"name":"Startseite","item":"https:\/\/www.uwo-water.de\/"},{"@type":"ListItem","position":2,"name":"Produkte"}]},{"@type":"WebSite","@id":"https:\/\/www.uwo-water.de\/#website","url":"https:\/\/www.uwo-water.de\/","name":"Uwo Water GmbH","description":"Wassersysteme Regenwassernutzung Trennsysteme","potentialAction":[{"@type":"SearchAction","target":{"@type":"EntryPoint","urlTemplate":"https:\/\/www.uwo-water.de\/?s={search_term_string}"},"query-input":"required name=search_term_string"}],"inLanguage":"en-GB"}]}},"_links":{"self":[{"href":"https:\/\/www.uwo-water.de\/en\/wp-json\/wp\/v2\/pages\/989"}],"collection":[{"href":"https:\/\/www.uwo-water.de\/en\/wp-json\/wp\/v2\/pages"}],"about":[{"href":"https:\/\/www.uwo-water.de\/en\/wp-json\/wp\/v2\/types\/page"}],"author":[{"embeddable":true,"href":"https:\/\/www.uwo-water.de\/en\/wp-json\/wp\/v2\/users\/1"}],"replies":[{"embeddable":true,"href":"https:\/\/www.uwo-water.de\/en\/wp-json\/wp\/v2\/comments?post=989"}],"version-history":[{"count":48,"href":"https:\/\/www.uwo-water.de\/en\/wp-json\/wp\/v2\/pages\/989\/revisions"}],"predecessor-version":[{"id":5645,"href":"https:\/\/www.uwo-water.de\/en\/wp-json\/wp\/v2\/pages\/989\/revisions\/5645"}],"wp:attachment":[{"href":"https:\/\/www.uwo-water.de\/en\/wp-json\/wp\/v2\/media?parent=989"}],"curies":[{"name":"wp","href":"https:\/\/api.w.org\/{rel}","templated":true}]}}