{"id":2925,"date":"2019-03-27T21:57:55","date_gmt":"2019-03-27T20:57:55","guid":{"rendered":"https:\/\/www.uwo-water.de\/?post_type=product&#038;p=2925"},"modified":"2024-08-16T14:16:11","modified_gmt":"2024-08-16T12:16:11","slug":"solardusche","status":"publish","type":"product","link":"https:\/\/www.uwo-water.de\/en\/produkt\/solardusche\/","title":{"rendered":"Saugschlauch Super Heliflex"},"content":{"rendered":"<p><strong>Super Heliflex Saug und Druckschlauch<br \/>\n<\/strong><\/p>\n<p><strong>Anwendung:<\/strong><br \/>\nF\u00fcr Regenwassernutzung, Bew\u00e4sserung, Kanalisations- und Senkgrubenreinigung, als G\u00fclleschlauch in der Landwirtschaft, an Kommunalfahrzeugen, in<br \/>\nder Druckindustrie und im Maschinenbau.<br \/>\n<strong>Technische Daten:<\/strong><br \/>\nKonstruktion: PVC-BUNA-Saugschlauch mit innenliegender Hart-PVC-Spirale.<br \/>\nTemperaturbereich: -40\u00b0C bis +60\u00b0C<br \/>\n<strong>Eigenschaften:<\/strong> Hochflexibler, formstabiler Saug- und Druckschlauch, ozon- und UV-fest, innen glatt.<br \/>\nBest\u00e4ndigkeit: Siehe Best\u00e4ndigkeitsliste PVC.<br \/>\nFarbe: Silbergrau mit wei\u00dfer Spirale, andere Farben auf Anfrage.flexibler PVC-BUNA-Saug- und Druckschlauch<\/p>\n<p>&nbsp;<\/p>\n","protected":false},"excerpt":{"rendered":"<p>Wellschlauch Buna<\/p>\n","protected":false},"featured_media":2839,"comment_status":"open","ping_status":"closed","template":"","meta":{"_et_pb_use_builder":"","_et_pb_old_content":"","_et_gb_content_width":""},"product_cat":[83,80],"product_tag":[107],"yoast_head":"<!-- This site is optimized with the Yoast SEO plugin v19.14 - https:\/\/yoast.com\/wordpress\/plugins\/seo\/ -->\n<title>Saugschlauch Super Heliflex - Uwo Water GmbH<\/title>\n<meta name=\"robots\" content=\"index, follow, max-snippet:-1, max-image-preview:large, max-video-preview:-1\" \/>\n<link rel=\"canonical\" href=\"https:\/\/www.uwo-water.de\/produkt\/solardusche\/\" \/>\n<meta property=\"og:locale\" content=\"en_GB\" \/>\n<meta property=\"og:type\" content=\"article\" \/>\n<meta property=\"og:title\" content=\"Saugschlauch Super Heliflex\" \/>\n<meta property=\"og:description\" content=\"Wellschlauch Buna\" \/>\n<meta property=\"og:url\" content=\"https:\/\/www.uwo-water.de\/produkt\/solardusche\/\" \/>\n<meta property=\"og:site_name\" content=\"Uwo Water GmbH\" \/>\n<meta property=\"article:modified_time\" content=\"2024-08-16T12:16:11+00:00\" \/>\n<meta property=\"og:image\" content=\"https:\/\/www.uwo-water.de\/wp-content\/uploads\/2019\/02\/Super-Heliflex-Rolle-e1554751235142.jpg\" \/>\n\t<meta property=\"og:image:width\" content=\"500\" \/>\n\t<meta property=\"og:image:height\" content=\"394\" \/>\n\t<meta property=\"og:image:type\" content=\"image\/jpeg\" \/>\n<meta name=\"twitter:card\" content=\"summary_large_image\" \/>\n<script type=\"application\/ld+json\" class=\"yoast-schema-graph\">{\"@context\":\"https:\/\/schema.org\",\"@graph\":[{\"@type\":\"WebPage\",\"@id\":\"https:\/\/www.uwo-water.de\/produkt\/solardusche\/\",\"url\":\"https:\/\/www.uwo-water.de\/produkt\/solardusche\/\",\"name\":\"[:de]Saugschlauch Super Heliflex[:] - Uwo Water GmbH\",\"isPartOf\":{\"@id\":\"https:\/\/www.uwo-water.de\/#website\"},\"datePublished\":\"2019-03-27T20:57:55+00:00\",\"dateModified\":\"2024-08-16T12:16:11+00:00\",\"breadcrumb\":{\"@id\":\"https:\/\/www.uwo-water.de\/produkt\/solardusche\/#breadcrumb\"},\"inLanguage\":\"en-GB\",\"potentialAction\":[{\"@type\":\"ReadAction\",\"target\":[\"https:\/\/www.uwo-water.de\/produkt\/solardusche\/\"]}]},{\"@type\":\"BreadcrumbList\",\"@id\":\"https:\/\/www.uwo-water.de\/produkt\/solardusche\/#breadcrumb\",\"itemListElement\":[{\"@type\":\"ListItem\",\"position\":1,\"name\":\"Startseite\",\"item\":\"https:\/\/www.uwo-water.de\/\"},{\"@type\":\"ListItem\",\"position\":2,\"name\":\"Shop\",\"item\":\"https:\/\/www.uwo-water.de\/shop\/\"},{\"@type\":\"ListItem\",\"position\":3,\"name\":\"Saugschlauch Super Heliflex\"}]},{\"@type\":\"WebSite\",\"@id\":\"https:\/\/www.uwo-water.de\/#website\",\"url\":\"https:\/\/www.uwo-water.de\/\",\"name\":\"Uwo Water GmbH\",\"description\":\"Wassersysteme Regenwassernutzung Trennsysteme\",\"potentialAction\":[{\"@type\":\"SearchAction\",\"target\":{\"@type\":\"EntryPoint\",\"urlTemplate\":\"https:\/\/www.uwo-water.de\/?s={search_term_string}\"},\"query-input\":\"required name=search_term_string\"}],\"inLanguage\":\"en-GB\"}]}<\/script>\n<!-- \/ Yoast SEO plugin. -->","yoast_head_json":{"title":"Saugschlauch Super Heliflex - Uwo Water GmbH","robots":{"index":"index","follow":"follow","max-snippet":"max-snippet:-1","max-image-preview":"max-image-preview:large","max-video-preview":"max-video-preview:-1"},"canonical":"https:\/\/www.uwo-water.de\/produkt\/solardusche\/","og_locale":"en_GB","og_type":"article","og_title":"[:de]Saugschlauch Super Heliflex[:] - Uwo Water GmbH","og_description":"[:de]Wellschlauch Buna[:]","og_url":"https:\/\/www.uwo-water.de\/produkt\/solardusche\/","og_site_name":"Uwo Water GmbH","article_modified_time":"2024-08-16T12:16:11+00:00","og_image":[{"width":500,"height":394,"url":"https:\/\/www.uwo-water.de\/wp-content\/uploads\/2019\/02\/Super-Heliflex-Rolle-e1554751235142.jpg","type":"image\/jpeg"}],"twitter_card":"summary_large_image","schema":{"@context":"https:\/\/schema.org","@graph":[{"@type":"WebPage","@id":"https:\/\/www.uwo-water.de\/produkt\/solardusche\/","url":"https:\/\/www.uwo-water.de\/produkt\/solardusche\/","name":"[:de]Saugschlauch Super Heliflex[:] - Uwo Water GmbH","isPartOf":{"@id":"https:\/\/www.uwo-water.de\/#website"},"datePublished":"2019-03-27T20:57:55+00:00","dateModified":"2024-08-16T12:16:11+00:00","breadcrumb":{"@id":"https:\/\/www.uwo-water.de\/produkt\/solardusche\/#breadcrumb"},"inLanguage":"en-GB","potentialAction":[{"@type":"ReadAction","target":["https:\/\/www.uwo-water.de\/produkt\/solardusche\/"]}]},{"@type":"BreadcrumbList","@id":"https:\/\/www.uwo-water.de\/produkt\/solardusche\/#breadcrumb","itemListElement":[{"@type":"ListItem","position":1,"name":"Startseite","item":"https:\/\/www.uwo-water.de\/"},{"@type":"ListItem","position":2,"name":"Shop","item":"https:\/\/www.uwo-water.de\/shop\/"},{"@type":"ListItem","position":3,"name":"Saugschlauch Super Heliflex"}]},{"@type":"WebSite","@id":"https:\/\/www.uwo-water.de\/#website","url":"https:\/\/www.uwo-water.de\/","name":"Uwo Water GmbH","description":"Wassersysteme Regenwassernutzung Trennsysteme","potentialAction":[{"@type":"SearchAction","target":{"@type":"EntryPoint","urlTemplate":"https:\/\/www.uwo-water.de\/?s={search_term_string}"},"query-input":"required name=search_term_string"}],"inLanguage":"en-GB"}]}},"_links":{"self":[{"href":"https:\/\/www.uwo-water.de\/en\/wp-json\/wp\/v2\/product\/2925"}],"collection":[{"href":"https:\/\/www.uwo-water.de\/en\/wp-json\/wp\/v2\/product"}],"about":[{"href":"https:\/\/www.uwo-water.de\/en\/wp-json\/wp\/v2\/types\/product"}],"replies":[{"embeddable":true,"href":"https:\/\/www.uwo-water.de\/en\/wp-json\/wp\/v2\/comments?post=2925"}],"wp:featuredmedia":[{"embeddable":true,"href":"https:\/\/www.uwo-water.de\/en\/wp-json\/wp\/v2\/media\/2839"}],"wp:attachment":[{"href":"https:\/\/www.uwo-water.de\/en\/wp-json\/wp\/v2\/media?parent=2925"}],"wp:term":[{"taxonomy":"product_cat","embeddable":true,"href":"https:\/\/www.uwo-water.de\/en\/wp-json\/wp\/v2\/product_cat?post=2925"},{"taxonomy":"product_tag","embeddable":true,"href":"https:\/\/www.uwo-water.de\/en\/wp-json\/wp\/v2\/product_tag?post=2925"}],"curies":[{"name":"wp","href":"https:\/\/api.w.org\/{rel}","templated":true}]}}