{"id":3103,"date":"2019-04-08T15:47:21","date_gmt":"2019-04-08T13:47:21","guid":{"rendered":"https:\/\/www.uwo-water.de\/?post_type=product&#038;p=3103"},"modified":"2026-01-14T15:37:11","modified_gmt":"2026-01-14T14:37:11","slug":"garten-saeule","status":"publish","type":"product","link":"https:\/\/www.uwo-water.de\/en\/produkt\/garten-saeule\/","title":{"rendered":"Garten-Quadrats\u00e4ule Edelstahl"},"content":{"rendered":"<p>UWO-Garten-Quadrats\u00e4ule Edelstahl<br \/>\nPoliert, Edelstahl Fu\u00dfplatte 25 x 25 cm, zur Befestigung mit<br \/>\n4 x 10 mm Bohrungen ohne Schrauben.<br \/>\nEdelstahl Vierkant ca. 80 mm, 1 x Zulaufanschluss 25mm f\u00fcr<br \/>\nPE-Rohr, 1 x Anschluss f\u00fcr Auslaufhahn 3\/4\u201c AG(nicht enthalten).<br \/>\nGesamth\u00f6he ca. 87cm<\/p>\n","protected":false},"excerpt":{"rendered":"<p>Poliert, Edelstahl Fu\u00dfplatte 25 x 25 cm, zur Befestigung mit 4 x 10 mm Bohrungen ohne Schrauben.<\/p>\n<p>Edelstahl Vierkant ca. 80 mm, 2 x Zulaufanschluss 3\/4\u201c IG, 1 x Anschluss f\u00fcr Auslaufhahn 3\/4\u201c AG (nicht enthalten).<\/p>\n<p>Gesamth\u00f6he ca. 89 cm. Hergestellt in Deutschland.<\/p>\n","protected":false},"featured_media":5016,"comment_status":"open","ping_status":"closed","template":"","meta":{"_et_pb_use_builder":"off","_et_pb_old_content":"Poliert, Edelstahl Fu\u00dfplatte 25 x 25 cm, zur Befestigung mit\r\n4 x 10 mm Bohrungen ohne Schrauben. Edelstahl Vierkant\r\nca. 80 mm, 2 x Zulaufanschluss 3\/4\u201c IG, 1 x Anschluss f\u00fcr\r\nAuslaufhahn 3\/4\u201c AG (nicht enthalten).\r\nGesamth\u00f6he ca. 89 cm","_et_gb_content_width":""},"product_cat":[68,82],"product_tag":[65,66,64],"yoast_head":"<!-- This site is optimized with the Yoast SEO plugin v19.14 - https:\/\/yoast.com\/wordpress\/plugins\/seo\/ -->\n<title>Garten-Quadrats\u00e4ule Edelstahl - Uwo Water GmbH<\/title>\n<meta name=\"robots\" content=\"index, follow, max-snippet:-1, max-image-preview:large, max-video-preview:-1\" \/>\n<link rel=\"canonical\" href=\"https:\/\/www.uwo-water.de\/en\/produkt\/garten-saeule\/\" \/>\n<meta property=\"og:locale\" content=\"en_GB\" \/>\n<meta property=\"og:type\" content=\"article\" \/>\n<meta property=\"og:title\" content=\"Garten-Quadrats\u00e4ule Edelstahl\" \/>\n<meta property=\"og:description\" content=\"Poliert, Edelstahl Fu\u00dfplatte 25 x 25 cm, zur Befestigung mit 4 x 10 mm Bohrungen ohne Schrauben.  Edelstahl Vierkant ca. 80 mm, 2 x Zulaufanschluss 3\/4\u201c IG, 1 x Anschluss f\u00fcr Auslaufhahn 3\/4\u201c AG (nicht enthalten).  Gesamth\u00f6he ca. 89 cm. Hergestellt in Deutschland.\" \/>\n<meta property=\"og:url\" content=\"https:\/\/www.uwo-water.de\/en\/produkt\/garten-saeule\/\" \/>\n<meta property=\"og:site_name\" content=\"Uwo Water GmbH\" \/>\n<meta property=\"article:modified_time\" content=\"2026-01-14T14:37:11+00:00\" \/>\n<meta property=\"og:image\" content=\"https:\/\/www.uwo-water.de\/wp-content\/uploads\/2019\/04\/IMG_5085.jpg\" \/>\n\t<meta property=\"og:image:width\" content=\"4272\" \/>\n\t<meta property=\"og:image:height\" content=\"2848\" \/>\n\t<meta property=\"og:image:type\" content=\"image\/jpeg\" \/>\n<meta name=\"twitter:card\" content=\"summary_large_image\" \/>\n<script type=\"application\/ld+json\" class=\"yoast-schema-graph\">{\"@context\":\"https:\/\/schema.org\",\"@graph\":[{\"@type\":\"WebPage\",\"@id\":\"https:\/\/www.uwo-water.de\/en\/produkt\/garten-saeule\/\",\"url\":\"https:\/\/www.uwo-water.de\/en\/produkt\/garten-saeule\/\",\"name\":\"[:en]Garten-Quadrats\u00e4ule Edelstahl[:de]Garten-Quadrats\u00e4ule Edelstahl[:] - Uwo Water GmbH\",\"isPartOf\":{\"@id\":\"https:\/\/www.uwo-water.de\/#website\"},\"datePublished\":\"2019-04-08T13:47:21+00:00\",\"dateModified\":\"2026-01-14T14:37:11+00:00\",\"breadcrumb\":{\"@id\":\"https:\/\/www.uwo-water.de\/en\/produkt\/garten-saeule\/#breadcrumb\"},\"inLanguage\":\"en-GB\",\"potentialAction\":[{\"@type\":\"ReadAction\",\"target\":[\"https:\/\/www.uwo-water.de\/en\/produkt\/garten-saeule\/\"]}]},{\"@type\":\"BreadcrumbList\",\"@id\":\"https:\/\/www.uwo-water.de\/en\/produkt\/garten-saeule\/#breadcrumb\",\"itemListElement\":[{\"@type\":\"ListItem\",\"position\":1,\"name\":\"Startseite\",\"item\":\"https:\/\/www.uwo-water.de\/\"},{\"@type\":\"ListItem\",\"position\":2,\"name\":\"Shop\",\"item\":\"https:\/\/www.uwo-water.de\/shop\/\"},{\"@type\":\"ListItem\",\"position\":3,\"name\":\"Garten-Quadrats\u00e4ule Edelstahl\"}]},{\"@type\":\"WebSite\",\"@id\":\"https:\/\/www.uwo-water.de\/#website\",\"url\":\"https:\/\/www.uwo-water.de\/\",\"name\":\"Uwo Water GmbH\",\"description\":\"Wassersysteme Regenwassernutzung Trennsysteme\",\"potentialAction\":[{\"@type\":\"SearchAction\",\"target\":{\"@type\":\"EntryPoint\",\"urlTemplate\":\"https:\/\/www.uwo-water.de\/?s={search_term_string}\"},\"query-input\":\"required name=search_term_string\"}],\"inLanguage\":\"en-GB\"}]}<\/script>\n<!-- \/ Yoast SEO plugin. -->","yoast_head_json":{"title":"Garten-Quadrats\u00e4ule Edelstahl - Uwo Water GmbH","robots":{"index":"index","follow":"follow","max-snippet":"max-snippet:-1","max-image-preview":"max-image-preview:large","max-video-preview":"max-video-preview:-1"},"canonical":"https:\/\/www.uwo-water.de\/en\/produkt\/garten-saeule\/","og_locale":"en_GB","og_type":"article","og_title":"[:en]Garten-Quadrats\u00e4ule Edelstahl[:de]Garten-Quadrats\u00e4ule Edelstahl[:] - Uwo Water GmbH","og_description":"[:de]Poliert, Edelstahl Fu\u00dfplatte 25 x 25 cm, zur Befestigung mit 4 x 10 mm Bohrungen ohne Schrauben.  Edelstahl Vierkant ca. 80 mm, 2 x Zulaufanschluss 3\/4\u201c IG, 1 x Anschluss f\u00fcr Auslaufhahn 3\/4\u201c AG (nicht enthalten).  Gesamth\u00f6he ca. 89 cm. Hergestellt in Deutschland.[:]","og_url":"https:\/\/www.uwo-water.de\/en\/produkt\/garten-saeule\/","og_site_name":"Uwo Water GmbH","article_modified_time":"2026-01-14T14:37:11+00:00","og_image":[{"width":4272,"height":2848,"url":"https:\/\/www.uwo-water.de\/wp-content\/uploads\/2019\/04\/IMG_5085.jpg","type":"image\/jpeg"}],"twitter_card":"summary_large_image","schema":{"@context":"https:\/\/schema.org","@graph":[{"@type":"WebPage","@id":"https:\/\/www.uwo-water.de\/en\/produkt\/garten-saeule\/","url":"https:\/\/www.uwo-water.de\/en\/produkt\/garten-saeule\/","name":"[:en]Garten-Quadrats\u00e4ule Edelstahl[:de]Garten-Quadrats\u00e4ule Edelstahl[:] - Uwo Water GmbH","isPartOf":{"@id":"https:\/\/www.uwo-water.de\/#website"},"datePublished":"2019-04-08T13:47:21+00:00","dateModified":"2026-01-14T14:37:11+00:00","breadcrumb":{"@id":"https:\/\/www.uwo-water.de\/en\/produkt\/garten-saeule\/#breadcrumb"},"inLanguage":"en-GB","potentialAction":[{"@type":"ReadAction","target":["https:\/\/www.uwo-water.de\/en\/produkt\/garten-saeule\/"]}]},{"@type":"BreadcrumbList","@id":"https:\/\/www.uwo-water.de\/en\/produkt\/garten-saeule\/#breadcrumb","itemListElement":[{"@type":"ListItem","position":1,"name":"Startseite","item":"https:\/\/www.uwo-water.de\/"},{"@type":"ListItem","position":2,"name":"Shop","item":"https:\/\/www.uwo-water.de\/shop\/"},{"@type":"ListItem","position":3,"name":"Garten-Quadrats\u00e4ule Edelstahl"}]},{"@type":"WebSite","@id":"https:\/\/www.uwo-water.de\/#website","url":"https:\/\/www.uwo-water.de\/","name":"Uwo Water GmbH","description":"Wassersysteme Regenwassernutzung Trennsysteme","potentialAction":[{"@type":"SearchAction","target":{"@type":"EntryPoint","urlTemplate":"https:\/\/www.uwo-water.de\/?s={search_term_string}"},"query-input":"required name=search_term_string"}],"inLanguage":"en-GB"}]}},"_links":{"self":[{"href":"https:\/\/www.uwo-water.de\/en\/wp-json\/wp\/v2\/product\/3103"}],"collection":[{"href":"https:\/\/www.uwo-water.de\/en\/wp-json\/wp\/v2\/product"}],"about":[{"href":"https:\/\/www.uwo-water.de\/en\/wp-json\/wp\/v2\/types\/product"}],"replies":[{"embeddable":true,"href":"https:\/\/www.uwo-water.de\/en\/wp-json\/wp\/v2\/comments?post=3103"}],"wp:featuredmedia":[{"embeddable":true,"href":"https:\/\/www.uwo-water.de\/en\/wp-json\/wp\/v2\/media\/5016"}],"wp:attachment":[{"href":"https:\/\/www.uwo-water.de\/en\/wp-json\/wp\/v2\/media?parent=3103"}],"wp:term":[{"taxonomy":"product_cat","embeddable":true,"href":"https:\/\/www.uwo-water.de\/en\/wp-json\/wp\/v2\/product_cat?post=3103"},{"taxonomy":"product_tag","embeddable":true,"href":"https:\/\/www.uwo-water.de\/en\/wp-json\/wp\/v2\/product_tag?post=3103"}],"curies":[{"name":"wp","href":"https:\/\/api.w.org\/{rel}","templated":true}]}}