{"id":3110,"date":"2019-04-08T15:10:03","date_gmt":"2019-04-08T13:10:03","guid":{"rendered":"https:\/\/www.uwo-water.de\/?post_type=product&#038;p=3110"},"modified":"2025-08-26T10:23:09","modified_gmt":"2025-08-26T08:23:09","slug":"schwimmerschalter-wechsler-zum-leeren-oder-fuellen-von-behaelter","status":"publish","type":"product","link":"https:\/\/www.uwo-water.de\/en\/produkt\/schwimmerschalter-wechsler-zum-leeren-oder-fuellen-von-behaelter\/","title":{"rendered":"Schwimmerschalter (Wechsler) zum Leeren oder F\u00fcllen von Beh\u00e4lter"},"content":{"rendered":"<p>Der Schwimmer wird durch die steigende Fl\u00fcssigkeit angehoben, bis bei einem Winkel von 50\u00b0 zur Horizontalen<br \/>\nein Schaltvorgang ausgel\u00f6st wird. Der Schwimmerschalter kann durch eine Verschraubung seitlich<br \/>\noder bei offenen Beh\u00e4ltern von oben in die Fl\u00fcssigkeit geh\u00e4ngt werden.<\/p>\n","protected":false},"excerpt":{"rendered":"<p>Schwimmerschalter mit Gewicht zum F\u00fcllen oder Leeren.<\/p>\n","protected":false},"featured_media":3113,"comment_status":"open","ping_status":"closed","template":"","meta":{"_et_pb_use_builder":"","_et_pb_old_content":"","_et_gb_content_width":""},"product_cat":[140],"product_tag":[63],"yoast_head":"<!-- This site is optimized with the Yoast SEO plugin v19.14 - https:\/\/yoast.com\/wordpress\/plugins\/seo\/ -->\n<title>Schwimmerschalter (Wechsler) zum Leeren oder F\u00fcllen von Beh\u00e4lter - Uwo Water GmbH<\/title>\n<meta name=\"robots\" content=\"index, follow, max-snippet:-1, max-image-preview:large, max-video-preview:-1\" \/>\n<link rel=\"canonical\" href=\"https:\/\/www.uwo-water.de\/produkt\/schwimmerschalter-wechsler-zum-leeren-oder-fuellen-von-behaelter\/\" \/>\n<meta property=\"og:locale\" content=\"en_GB\" \/>\n<meta property=\"og:type\" content=\"article\" \/>\n<meta property=\"og:title\" content=\"Schwimmerschalter (Wechsler) zum Leeren oder F\u00fcllen von Beh\u00e4lter\" \/>\n<meta property=\"og:description\" content=\"Schwimmerschalter mit Gewicht zum F\u00fcllen oder Leeren.\" \/>\n<meta property=\"og:url\" content=\"https:\/\/www.uwo-water.de\/produkt\/schwimmerschalter-wechsler-zum-leeren-oder-fuellen-von-behaelter\/\" \/>\n<meta property=\"og:site_name\" content=\"Uwo Water GmbH\" \/>\n<meta property=\"article:modified_time\" content=\"2025-08-26T08:23:09+00:00\" \/>\n<meta property=\"og:image\" content=\"https:\/\/www.uwo-water.de\/wp-content\/uploads\/2019\/04\/Schwimmerschalter-1-e1554746222959.jpg\" \/>\n\t<meta property=\"og:image:width\" content=\"1500\" \/>\n\t<meta property=\"og:image:height\" content=\"1219\" \/>\n\t<meta property=\"og:image:type\" content=\"image\/jpeg\" \/>\n<meta name=\"twitter:card\" content=\"summary_large_image\" \/>\n<script type=\"application\/ld+json\" class=\"yoast-schema-graph\">{\"@context\":\"https:\/\/schema.org\",\"@graph\":[{\"@type\":\"WebPage\",\"@id\":\"https:\/\/www.uwo-water.de\/produkt\/schwimmerschalter-wechsler-zum-leeren-oder-fuellen-von-behaelter\/\",\"url\":\"https:\/\/www.uwo-water.de\/produkt\/schwimmerschalter-wechsler-zum-leeren-oder-fuellen-von-behaelter\/\",\"name\":\"[:de]Schwimmerschalter (Wechsler) zum Leeren oder F\u00fcllen von Beh\u00e4lter[:] - Uwo Water GmbH\",\"isPartOf\":{\"@id\":\"https:\/\/www.uwo-water.de\/#website\"},\"datePublished\":\"2019-04-08T13:10:03+00:00\",\"dateModified\":\"2025-08-26T08:23:09+00:00\",\"breadcrumb\":{\"@id\":\"https:\/\/www.uwo-water.de\/produkt\/schwimmerschalter-wechsler-zum-leeren-oder-fuellen-von-behaelter\/#breadcrumb\"},\"inLanguage\":\"en-GB\",\"potentialAction\":[{\"@type\":\"ReadAction\",\"target\":[\"https:\/\/www.uwo-water.de\/produkt\/schwimmerschalter-wechsler-zum-leeren-oder-fuellen-von-behaelter\/\"]}]},{\"@type\":\"BreadcrumbList\",\"@id\":\"https:\/\/www.uwo-water.de\/produkt\/schwimmerschalter-wechsler-zum-leeren-oder-fuellen-von-behaelter\/#breadcrumb\",\"itemListElement\":[{\"@type\":\"ListItem\",\"position\":1,\"name\":\"Startseite\",\"item\":\"https:\/\/www.uwo-water.de\/\"},{\"@type\":\"ListItem\",\"position\":2,\"name\":\"Shop\",\"item\":\"https:\/\/www.uwo-water.de\/shop\/\"},{\"@type\":\"ListItem\",\"position\":3,\"name\":\"Schwimmerschalter (Wechsler) zum Leeren oder F\u00fcllen von Beh\u00e4lter\"}]},{\"@type\":\"WebSite\",\"@id\":\"https:\/\/www.uwo-water.de\/#website\",\"url\":\"https:\/\/www.uwo-water.de\/\",\"name\":\"Uwo Water GmbH\",\"description\":\"Wassersysteme Regenwassernutzung Trennsysteme\",\"potentialAction\":[{\"@type\":\"SearchAction\",\"target\":{\"@type\":\"EntryPoint\",\"urlTemplate\":\"https:\/\/www.uwo-water.de\/?s={search_term_string}\"},\"query-input\":\"required name=search_term_string\"}],\"inLanguage\":\"en-GB\"}]}<\/script>\n<!-- \/ Yoast SEO plugin. -->","yoast_head_json":{"title":"Schwimmerschalter (Wechsler) zum Leeren oder F\u00fcllen von Beh\u00e4lter - Uwo Water GmbH","robots":{"index":"index","follow":"follow","max-snippet":"max-snippet:-1","max-image-preview":"max-image-preview:large","max-video-preview":"max-video-preview:-1"},"canonical":"https:\/\/www.uwo-water.de\/produkt\/schwimmerschalter-wechsler-zum-leeren-oder-fuellen-von-behaelter\/","og_locale":"en_GB","og_type":"article","og_title":"[:de]Schwimmerschalter (Wechsler) zum Leeren oder F\u00fcllen von Beh\u00e4lter[:] - Uwo Water GmbH","og_description":"[:de]Schwimmerschalter mit Gewicht zum F\u00fcllen oder Leeren.[:]","og_url":"https:\/\/www.uwo-water.de\/produkt\/schwimmerschalter-wechsler-zum-leeren-oder-fuellen-von-behaelter\/","og_site_name":"Uwo Water GmbH","article_modified_time":"2025-08-26T08:23:09+00:00","og_image":[{"width":1500,"height":1219,"url":"https:\/\/www.uwo-water.de\/wp-content\/uploads\/2019\/04\/Schwimmerschalter-1-e1554746222959.jpg","type":"image\/jpeg"}],"twitter_card":"summary_large_image","schema":{"@context":"https:\/\/schema.org","@graph":[{"@type":"WebPage","@id":"https:\/\/www.uwo-water.de\/produkt\/schwimmerschalter-wechsler-zum-leeren-oder-fuellen-von-behaelter\/","url":"https:\/\/www.uwo-water.de\/produkt\/schwimmerschalter-wechsler-zum-leeren-oder-fuellen-von-behaelter\/","name":"[:de]Schwimmerschalter (Wechsler) zum Leeren oder F\u00fcllen von Beh\u00e4lter[:] - Uwo Water GmbH","isPartOf":{"@id":"https:\/\/www.uwo-water.de\/#website"},"datePublished":"2019-04-08T13:10:03+00:00","dateModified":"2025-08-26T08:23:09+00:00","breadcrumb":{"@id":"https:\/\/www.uwo-water.de\/produkt\/schwimmerschalter-wechsler-zum-leeren-oder-fuellen-von-behaelter\/#breadcrumb"},"inLanguage":"en-GB","potentialAction":[{"@type":"ReadAction","target":["https:\/\/www.uwo-water.de\/produkt\/schwimmerschalter-wechsler-zum-leeren-oder-fuellen-von-behaelter\/"]}]},{"@type":"BreadcrumbList","@id":"https:\/\/www.uwo-water.de\/produkt\/schwimmerschalter-wechsler-zum-leeren-oder-fuellen-von-behaelter\/#breadcrumb","itemListElement":[{"@type":"ListItem","position":1,"name":"Startseite","item":"https:\/\/www.uwo-water.de\/"},{"@type":"ListItem","position":2,"name":"Shop","item":"https:\/\/www.uwo-water.de\/shop\/"},{"@type":"ListItem","position":3,"name":"Schwimmerschalter (Wechsler) zum Leeren oder F\u00fcllen von Beh\u00e4lter"}]},{"@type":"WebSite","@id":"https:\/\/www.uwo-water.de\/#website","url":"https:\/\/www.uwo-water.de\/","name":"Uwo Water GmbH","description":"Wassersysteme Regenwassernutzung Trennsysteme","potentialAction":[{"@type":"SearchAction","target":{"@type":"EntryPoint","urlTemplate":"https:\/\/www.uwo-water.de\/?s={search_term_string}"},"query-input":"required name=search_term_string"}],"inLanguage":"en-GB"}]}},"_links":{"self":[{"href":"https:\/\/www.uwo-water.de\/en\/wp-json\/wp\/v2\/product\/3110"}],"collection":[{"href":"https:\/\/www.uwo-water.de\/en\/wp-json\/wp\/v2\/product"}],"about":[{"href":"https:\/\/www.uwo-water.de\/en\/wp-json\/wp\/v2\/types\/product"}],"replies":[{"embeddable":true,"href":"https:\/\/www.uwo-water.de\/en\/wp-json\/wp\/v2\/comments?post=3110"}],"wp:featuredmedia":[{"embeddable":true,"href":"https:\/\/www.uwo-water.de\/en\/wp-json\/wp\/v2\/media\/3113"}],"wp:attachment":[{"href":"https:\/\/www.uwo-water.de\/en\/wp-json\/wp\/v2\/media?parent=3110"}],"wp:term":[{"taxonomy":"product_cat","embeddable":true,"href":"https:\/\/www.uwo-water.de\/en\/wp-json\/wp\/v2\/product_cat?post=3110"},{"taxonomy":"product_tag","embeddable":true,"href":"https:\/\/www.uwo-water.de\/en\/wp-json\/wp\/v2\/product_tag?post=3110"}],"curies":[{"name":"wp","href":"https:\/\/api.w.org\/{rel}","templated":true}]}}