{"id":4452,"date":"2020-01-27T08:56:23","date_gmt":"2020-01-27T07:56:23","guid":{"rendered":"https:\/\/www.uwo-water.de\/?post_type=product&#038;p=4452"},"modified":"2026-03-11T14:16:36","modified_gmt":"2026-03-11T13:16:36","slug":"messbox-fuer-digitale-fuellstandsmessung-fuer-asp-uwo-water-regenwassermanager","status":"publish","type":"product","link":"https:\/\/www.uwo-water.de\/en\/produkt\/messbox-fuer-digitale-fuellstandsmessung-fuer-asp-uwo-water-regenwassermanager\/","title":{"rendered":"Messbox f\u00fcr die digitale F\u00fcllstandsmessung f\u00fcr ASP\/UWO-Water Regenwassermanager"},"content":{"rendered":"<p>Original Messbox zur digitalen F\u00fcllstandsmessung f\u00fcr ASP\/UWO-Water Regenwassermanager.<br \/>\nZum Regeln Messen des F\u00fcllstandes in der Zisterne.<br \/>\nMessumformer ohne Sondenkabel!<br \/>\nZum montieren oberhalb des \u00dcberlaufes im Domschachtbereich.<\/p>\n","protected":false},"excerpt":{"rendered":"<p>Original Messbox f\u00fcr die digitale F\u00fcllstandsmessung f\u00fcr ASP\/UWO-Water Regenwassermanager.<br \/>\nZum Regeln Messen des F\u00fcllstandes in der Zisterne.<br \/>\nMessumformer ohne Sondenkabel!<br \/>\nZum montieren oberhalb des \u00dcberlaufes im Domschachtbereich.<\/p>\n","protected":false},"featured_media":4455,"comment_status":"open","ping_status":"closed","template":"","meta":{"_et_pb_use_builder":"","_et_pb_old_content":"","_et_gb_content_width":""},"product_cat":[83],"product_tag":[114,116,115,113],"yoast_head":"<!-- This site is optimized with the Yoast SEO plugin v19.14 - https:\/\/yoast.com\/wordpress\/plugins\/seo\/ -->\n<title>Messbox f\u00fcr die digitale F\u00fcllstandsmessung f\u00fcr ASP\/UWO-Water Regenwassermanager - Uwo Water GmbH<\/title>\n<meta name=\"robots\" content=\"index, follow, max-snippet:-1, max-image-preview:large, max-video-preview:-1\" \/>\n<link rel=\"canonical\" href=\"https:\/\/www.uwo-water.de\/en\/produkt\/messbox-fuer-digitale-fuellstandsmessung-fuer-asp-uwo-water-regenwassermanager\/\" \/>\n<meta property=\"og:locale\" content=\"en_GB\" \/>\n<meta property=\"og:type\" content=\"article\" \/>\n<meta property=\"og:title\" content=\"Messbox f\u00fcr die digitale F\u00fcllstandsmessung f\u00fcr ASP\/UWO-Water Regenwassermanager\" \/>\n<meta property=\"og:description\" content=\"Original Messbox f\u00fcr die digitale F\u00fcllstandsmessung f\u00fcr ASP\/UWO-Water Regenwassermanager. Zum Regeln Messen des F\u00fcllstandes in der Zisterne. Messumformer ohne Sondenkabel! Zum montieren oberhalb des \u00dcberlaufes im Domschachtbereich.\" \/>\n<meta property=\"og:url\" content=\"https:\/\/www.uwo-water.de\/en\/produkt\/messbox-fuer-digitale-fuellstandsmessung-fuer-asp-uwo-water-regenwassermanager\/\" \/>\n<meta property=\"og:site_name\" content=\"Uwo Water GmbH\" \/>\n<meta property=\"article:modified_time\" content=\"2026-03-11T13:16:36+00:00\" \/>\n<meta property=\"og:image\" content=\"https:\/\/www.uwo-water.de\/wp-content\/uploads\/2020\/01\/IMG_5028.jpg\" \/>\n\t<meta property=\"og:image:width\" content=\"1940\" \/>\n\t<meta property=\"og:image:height\" content=\"2464\" \/>\n\t<meta property=\"og:image:type\" content=\"image\/jpeg\" \/>\n<meta name=\"twitter:card\" content=\"summary_large_image\" \/>\n<script type=\"application\/ld+json\" class=\"yoast-schema-graph\">{\"@context\":\"https:\/\/schema.org\",\"@graph\":[{\"@type\":\"WebPage\",\"@id\":\"https:\/\/www.uwo-water.de\/en\/produkt\/messbox-fuer-digitale-fuellstandsmessung-fuer-asp-uwo-water-regenwassermanager\/\",\"url\":\"https:\/\/www.uwo-water.de\/en\/produkt\/messbox-fuer-digitale-fuellstandsmessung-fuer-asp-uwo-water-regenwassermanager\/\",\"name\":\"[:de]Messbox f\u00fcr die digitale F\u00fcllstandsmessung f\u00fcr ASP\/UWO-Water Regenwassermanager[:] - Uwo Water GmbH\",\"isPartOf\":{\"@id\":\"https:\/\/www.uwo-water.de\/#website\"},\"datePublished\":\"2020-01-27T07:56:23+00:00\",\"dateModified\":\"2026-03-11T13:16:36+00:00\",\"breadcrumb\":{\"@id\":\"https:\/\/www.uwo-water.de\/en\/produkt\/messbox-fuer-digitale-fuellstandsmessung-fuer-asp-uwo-water-regenwassermanager\/#breadcrumb\"},\"inLanguage\":\"en-GB\",\"potentialAction\":[{\"@type\":\"ReadAction\",\"target\":[\"https:\/\/www.uwo-water.de\/en\/produkt\/messbox-fuer-digitale-fuellstandsmessung-fuer-asp-uwo-water-regenwassermanager\/\"]}]},{\"@type\":\"BreadcrumbList\",\"@id\":\"https:\/\/www.uwo-water.de\/en\/produkt\/messbox-fuer-digitale-fuellstandsmessung-fuer-asp-uwo-water-regenwassermanager\/#breadcrumb\",\"itemListElement\":[{\"@type\":\"ListItem\",\"position\":1,\"name\":\"Startseite\",\"item\":\"https:\/\/www.uwo-water.de\/\"},{\"@type\":\"ListItem\",\"position\":2,\"name\":\"Shop\",\"item\":\"https:\/\/www.uwo-water.de\/shop\/\"},{\"@type\":\"ListItem\",\"position\":3,\"name\":\"Messbox f\u00fcr die digitale F\u00fcllstandsmessung f\u00fcr ASP\/UWO-Water Regenwassermanager\"}]},{\"@type\":\"WebSite\",\"@id\":\"https:\/\/www.uwo-water.de\/#website\",\"url\":\"https:\/\/www.uwo-water.de\/\",\"name\":\"Uwo Water GmbH\",\"description\":\"Wassersysteme Regenwassernutzung Trennsysteme\",\"potentialAction\":[{\"@type\":\"SearchAction\",\"target\":{\"@type\":\"EntryPoint\",\"urlTemplate\":\"https:\/\/www.uwo-water.de\/?s={search_term_string}\"},\"query-input\":\"required name=search_term_string\"}],\"inLanguage\":\"en-GB\"}]}<\/script>\n<!-- \/ Yoast SEO plugin. -->","yoast_head_json":{"title":"Messbox f\u00fcr die digitale F\u00fcllstandsmessung f\u00fcr ASP\/UWO-Water Regenwassermanager - Uwo Water GmbH","robots":{"index":"index","follow":"follow","max-snippet":"max-snippet:-1","max-image-preview":"max-image-preview:large","max-video-preview":"max-video-preview:-1"},"canonical":"https:\/\/www.uwo-water.de\/en\/produkt\/messbox-fuer-digitale-fuellstandsmessung-fuer-asp-uwo-water-regenwassermanager\/","og_locale":"en_GB","og_type":"article","og_title":"[:de]Messbox f\u00fcr die digitale F\u00fcllstandsmessung f\u00fcr ASP\/UWO-Water Regenwassermanager[:] - Uwo Water GmbH","og_description":"[:de]Original Messbox f\u00fcr die digitale F\u00fcllstandsmessung f\u00fcr ASP\/UWO-Water Regenwassermanager. Zum Regeln Messen des F\u00fcllstandes in der Zisterne. Messumformer ohne Sondenkabel! Zum montieren oberhalb des \u00dcberlaufes im Domschachtbereich.[:]","og_url":"https:\/\/www.uwo-water.de\/en\/produkt\/messbox-fuer-digitale-fuellstandsmessung-fuer-asp-uwo-water-regenwassermanager\/","og_site_name":"Uwo Water GmbH","article_modified_time":"2026-03-11T13:16:36+00:00","og_image":[{"width":1940,"height":2464,"url":"https:\/\/www.uwo-water.de\/wp-content\/uploads\/2020\/01\/IMG_5028.jpg","type":"image\/jpeg"}],"twitter_card":"summary_large_image","schema":{"@context":"https:\/\/schema.org","@graph":[{"@type":"WebPage","@id":"https:\/\/www.uwo-water.de\/en\/produkt\/messbox-fuer-digitale-fuellstandsmessung-fuer-asp-uwo-water-regenwassermanager\/","url":"https:\/\/www.uwo-water.de\/en\/produkt\/messbox-fuer-digitale-fuellstandsmessung-fuer-asp-uwo-water-regenwassermanager\/","name":"[:de]Messbox f\u00fcr die digitale F\u00fcllstandsmessung f\u00fcr ASP\/UWO-Water Regenwassermanager[:] - Uwo Water GmbH","isPartOf":{"@id":"https:\/\/www.uwo-water.de\/#website"},"datePublished":"2020-01-27T07:56:23+00:00","dateModified":"2026-03-11T13:16:36+00:00","breadcrumb":{"@id":"https:\/\/www.uwo-water.de\/en\/produkt\/messbox-fuer-digitale-fuellstandsmessung-fuer-asp-uwo-water-regenwassermanager\/#breadcrumb"},"inLanguage":"en-GB","potentialAction":[{"@type":"ReadAction","target":["https:\/\/www.uwo-water.de\/en\/produkt\/messbox-fuer-digitale-fuellstandsmessung-fuer-asp-uwo-water-regenwassermanager\/"]}]},{"@type":"BreadcrumbList","@id":"https:\/\/www.uwo-water.de\/en\/produkt\/messbox-fuer-digitale-fuellstandsmessung-fuer-asp-uwo-water-regenwassermanager\/#breadcrumb","itemListElement":[{"@type":"ListItem","position":1,"name":"Startseite","item":"https:\/\/www.uwo-water.de\/"},{"@type":"ListItem","position":2,"name":"Shop","item":"https:\/\/www.uwo-water.de\/shop\/"},{"@type":"ListItem","position":3,"name":"Messbox f\u00fcr die digitale F\u00fcllstandsmessung f\u00fcr ASP\/UWO-Water Regenwassermanager"}]},{"@type":"WebSite","@id":"https:\/\/www.uwo-water.de\/#website","url":"https:\/\/www.uwo-water.de\/","name":"Uwo Water GmbH","description":"Wassersysteme Regenwassernutzung Trennsysteme","potentialAction":[{"@type":"SearchAction","target":{"@type":"EntryPoint","urlTemplate":"https:\/\/www.uwo-water.de\/?s={search_term_string}"},"query-input":"required name=search_term_string"}],"inLanguage":"en-GB"}]}},"_links":{"self":[{"href":"https:\/\/www.uwo-water.de\/en\/wp-json\/wp\/v2\/product\/4452"}],"collection":[{"href":"https:\/\/www.uwo-water.de\/en\/wp-json\/wp\/v2\/product"}],"about":[{"href":"https:\/\/www.uwo-water.de\/en\/wp-json\/wp\/v2\/types\/product"}],"replies":[{"embeddable":true,"href":"https:\/\/www.uwo-water.de\/en\/wp-json\/wp\/v2\/comments?post=4452"}],"wp:featuredmedia":[{"embeddable":true,"href":"https:\/\/www.uwo-water.de\/en\/wp-json\/wp\/v2\/media\/4455"}],"wp:attachment":[{"href":"https:\/\/www.uwo-water.de\/en\/wp-json\/wp\/v2\/media?parent=4452"}],"wp:term":[{"taxonomy":"product_cat","embeddable":true,"href":"https:\/\/www.uwo-water.de\/en\/wp-json\/wp\/v2\/product_cat?post=4452"},{"taxonomy":"product_tag","embeddable":true,"href":"https:\/\/www.uwo-water.de\/en\/wp-json\/wp\/v2\/product_tag?post=4452"}],"curies":[{"name":"wp","href":"https:\/\/api.w.org\/{rel}","templated":true}]}}