{"id":4524,"date":"2020-03-21T14:08:20","date_gmt":"2020-03-21T13:08:20","guid":{"rendered":"https:\/\/www.uwo-water.de\/?post_type=product&#038;p=4524"},"modified":"2023-03-30T23:28:37","modified_gmt":"2023-03-30T21:28:37","slug":"uwo-combimat-ii-blue-regenwasserversorgungsmanager","status":"publish","type":"product","link":"https:\/\/www.uwo-water.de\/en\/produkt\/uwo-combimat-ii-blue-regenwasserversorgungsmanager\/","title":{"rendered":"UWO Combimat I blue &#8220;Regenwasserversorgungsmanager&#8221;"},"content":{"rendered":"<p><em>Funktion \/ Beschreibung<br \/>\nKomplette, kompakte Hausstation, zur vollautomatischen Versorgung mit Regenwasser aus einem Regenwasserspeicher,<br \/>\nsowie zur bedarfsgerechten Trinkwassernachspeisung in das Verbrauchernetz, bei ersch\u00f6pftem Regenwasservorrat. Selbstansaugende, korrosionsfreie, mehrstufige Wilo Kreiselpumpe mit Drucksensor,<br \/>\nsehr ruhiger und leiser Lauf. Schwingungsged\u00e4mpfte Pumpen-Halterung. Zwischenbeh\u00e4lter mit Schwimmerventil, motorgesteuertem Kugelhahn und Mikroprozessorsteuerung UWO-Rewamatik. Manuelle Umschaltung auf Trinkwasserbetrieb m\u00f6glich. Automatischer Wasseraustausch bei l\u00e4ngeren Standzeiten. Gegen R\u00fcckstau gesichert.<br \/>\nLieferumfang<br \/>\nKompakte Regenwasserversorgungsanlage mit Trinkwassernachspeisung, Wandhalterung, Anleitung, F\u00fcllstandsensor 20m.<\/em><\/p>\n<p>Anwendungsvorteile<br \/>\nDVGW CERT \/ EN 1717<br \/>\nAnschlusssicher, DVGW W540.<br \/>\nStromersparnis bis 40%.<br \/>\nRegeldruck einstellbar.<br \/>\nTemperatur\u00fcberwachung.<br \/>\nUpdatef\u00e4hig, Fern\u00fcberwachung.<br \/>\nSmart Control mit \u201emeinuwo.de\u201c<br \/>\nEmailbenachrichtigung bei St\u00f6rung, R\u00fcckstau\/Status\u00e4nderung<br \/>\nSp\u00fclprogramm\/ Leck-Warnsystem, \u00dcberwachungsfunktion mit Protokoll.<br \/>\nTrockenlaufmelder mit Autostartfunktion. Dynamische Filtersp\u00fclung,<br \/>\nLadepummpenfunktion integriert. F\u00fcllstandanzeige, Feuchtraum Alarmsensor mit Emailbenachrichtigung.<\/p>\n<p>&nbsp;<\/p>\n","protected":false},"excerpt":{"rendered":"<p>Komplette, kompakte Hausstation, zur vollautomatischen Versorgung mit Regenwasser aus einem Regenwasserspeicher mit<\/p>\n<p>integrierter Trinkwassernachspeisung und <strong>&#8220;uwo-smart-control&#8221;<\/strong><\/p>\n<p>F\u00f6rderh\u00f6he max.:\u00a0\u00a0\u00a0 40 m<\/p>\n<p>F\u00f6rdermenge max.: 4,5 m\u00b3\/h<\/p>\n<p>&nbsp;<\/p>\n<p>&nbsp;<\/p>\n<p>&nbsp;<\/p>\n","protected":false},"featured_media":1697,"comment_status":"closed","ping_status":"closed","template":"","meta":{"_et_pb_use_builder":"","_et_pb_old_content":"","_et_gb_content_width":""},"product_cat":[81],"product_tag":[122,127,126,123,125,124,128,103],"yoast_head":"<!-- This site is optimized with the Yoast SEO plugin v19.14 - https:\/\/yoast.com\/wordpress\/plugins\/seo\/ -->\n<title>UWO Combimat I blue &quot;Regenwasserversorgungsmanager&quot; - Uwo Water GmbH<\/title>\n<meta name=\"robots\" content=\"index, follow, max-snippet:-1, max-image-preview:large, max-video-preview:-1\" \/>\n<link rel=\"canonical\" href=\"https:\/\/www.uwo-water.de\/produkt\/uwo-combimat-ii-blue-regenwasserversorgungsmanager\/\" \/>\n<meta property=\"og:locale\" content=\"en_GB\" \/>\n<meta property=\"og:type\" content=\"article\" \/>\n<meta property=\"og:title\" content=\"UWO Combimat I blue &quot;Regenwasserversorgungsmanager&quot;\" \/>\n<meta property=\"og:description\" content=\"Komplette, kompakte Hausstation, zur vollautomatischen Versorgung mit Regenwasser aus einem Regenwasserspeicher mit  integrierter Trinkwassernachspeisung und &quot;uwo-smart-control&quot;  F\u00f6rderh\u00f6he max.:\u00a0\u00a0\u00a0 40 m  F\u00f6rdermenge max.: 4,5 m\u00b3\/h  &nbsp;  &nbsp;  &nbsp;\" \/>\n<meta property=\"og:url\" content=\"https:\/\/www.uwo-water.de\/produkt\/uwo-combimat-ii-blue-regenwasserversorgungsmanager\/\" \/>\n<meta property=\"og:site_name\" content=\"Uwo Water GmbH\" \/>\n<meta property=\"article:modified_time\" content=\"2023-03-30T21:28:37+00:00\" \/>\n<meta property=\"og:image\" content=\"https:\/\/www.uwo-water.de\/wp-content\/uploads\/2018\/11\/unspecified-1.jpg\" \/>\n\t<meta property=\"og:image:width\" content=\"1536\" \/>\n\t<meta property=\"og:image:height\" content=\"1724\" \/>\n\t<meta property=\"og:image:type\" content=\"image\/jpeg\" \/>\n<meta name=\"twitter:card\" content=\"summary_large_image\" \/>\n<meta name=\"twitter:label1\" content=\"Estimated reading time\" \/>\n\t<meta name=\"twitter:data1\" content=\"1 minute\" \/>\n<script type=\"application\/ld+json\" class=\"yoast-schema-graph\">{\"@context\":\"https:\/\/schema.org\",\"@graph\":[{\"@type\":\"WebPage\",\"@id\":\"https:\/\/www.uwo-water.de\/produkt\/uwo-combimat-ii-blue-regenwasserversorgungsmanager\/\",\"url\":\"https:\/\/www.uwo-water.de\/produkt\/uwo-combimat-ii-blue-regenwasserversorgungsmanager\/\",\"name\":\"[:de]UWO Combimat I blue \\\"Regenwasserversorgungsmanager\\\"[:] - Uwo Water GmbH\",\"isPartOf\":{\"@id\":\"https:\/\/www.uwo-water.de\/#website\"},\"datePublished\":\"2020-03-21T13:08:20+00:00\",\"dateModified\":\"2023-03-30T21:28:37+00:00\",\"breadcrumb\":{\"@id\":\"https:\/\/www.uwo-water.de\/produkt\/uwo-combimat-ii-blue-regenwasserversorgungsmanager\/#breadcrumb\"},\"inLanguage\":\"en-GB\",\"potentialAction\":[{\"@type\":\"ReadAction\",\"target\":[\"https:\/\/www.uwo-water.de\/produkt\/uwo-combimat-ii-blue-regenwasserversorgungsmanager\/\"]}]},{\"@type\":\"BreadcrumbList\",\"@id\":\"https:\/\/www.uwo-water.de\/produkt\/uwo-combimat-ii-blue-regenwasserversorgungsmanager\/#breadcrumb\",\"itemListElement\":[{\"@type\":\"ListItem\",\"position\":1,\"name\":\"Startseite\",\"item\":\"https:\/\/www.uwo-water.de\/\"},{\"@type\":\"ListItem\",\"position\":2,\"name\":\"Shop\",\"item\":\"https:\/\/www.uwo-water.de\/shop\/\"},{\"@type\":\"ListItem\",\"position\":3,\"name\":\"UWO Combimat I blue &#8220;Regenwasserversorgungsmanager&#8221;\"}]},{\"@type\":\"WebSite\",\"@id\":\"https:\/\/www.uwo-water.de\/#website\",\"url\":\"https:\/\/www.uwo-water.de\/\",\"name\":\"Uwo Water GmbH\",\"description\":\"Wassersysteme Regenwassernutzung Trennsysteme\",\"potentialAction\":[{\"@type\":\"SearchAction\",\"target\":{\"@type\":\"EntryPoint\",\"urlTemplate\":\"https:\/\/www.uwo-water.de\/?s={search_term_string}\"},\"query-input\":\"required name=search_term_string\"}],\"inLanguage\":\"en-GB\"}]}<\/script>\n<!-- \/ Yoast SEO plugin. -->","yoast_head_json":{"title":"UWO Combimat I blue \"Regenwasserversorgungsmanager\" - Uwo Water GmbH","robots":{"index":"index","follow":"follow","max-snippet":"max-snippet:-1","max-image-preview":"max-image-preview:large","max-video-preview":"max-video-preview:-1"},"canonical":"https:\/\/www.uwo-water.de\/produkt\/uwo-combimat-ii-blue-regenwasserversorgungsmanager\/","og_locale":"en_GB","og_type":"article","og_title":"[:de]UWO Combimat I blue \"Regenwasserversorgungsmanager\"[:] - Uwo Water GmbH","og_description":"[:de]Komplette, kompakte Hausstation, zur vollautomatischen Versorgung mit Regenwasser aus einem Regenwasserspeicher mit  integrierter Trinkwassernachspeisung und \"uwo-smart-control\"  F\u00f6rderh\u00f6he max.:\u00a0\u00a0\u00a0 40 m  F\u00f6rdermenge max.: 4,5 m\u00b3\/h  &nbsp;  &nbsp;  &nbsp;[:]","og_url":"https:\/\/www.uwo-water.de\/produkt\/uwo-combimat-ii-blue-regenwasserversorgungsmanager\/","og_site_name":"Uwo Water GmbH","article_modified_time":"2023-03-30T21:28:37+00:00","og_image":[{"width":1536,"height":1724,"url":"https:\/\/www.uwo-water.de\/wp-content\/uploads\/2018\/11\/unspecified-1.jpg","type":"image\/jpeg"}],"twitter_card":"summary_large_image","twitter_misc":{"Estimated reading time":"1 minute"},"schema":{"@context":"https:\/\/schema.org","@graph":[{"@type":"WebPage","@id":"https:\/\/www.uwo-water.de\/produkt\/uwo-combimat-ii-blue-regenwasserversorgungsmanager\/","url":"https:\/\/www.uwo-water.de\/produkt\/uwo-combimat-ii-blue-regenwasserversorgungsmanager\/","name":"[:de]UWO Combimat I blue \"Regenwasserversorgungsmanager\"[:] - Uwo Water GmbH","isPartOf":{"@id":"https:\/\/www.uwo-water.de\/#website"},"datePublished":"2020-03-21T13:08:20+00:00","dateModified":"2023-03-30T21:28:37+00:00","breadcrumb":{"@id":"https:\/\/www.uwo-water.de\/produkt\/uwo-combimat-ii-blue-regenwasserversorgungsmanager\/#breadcrumb"},"inLanguage":"en-GB","potentialAction":[{"@type":"ReadAction","target":["https:\/\/www.uwo-water.de\/produkt\/uwo-combimat-ii-blue-regenwasserversorgungsmanager\/"]}]},{"@type":"BreadcrumbList","@id":"https:\/\/www.uwo-water.de\/produkt\/uwo-combimat-ii-blue-regenwasserversorgungsmanager\/#breadcrumb","itemListElement":[{"@type":"ListItem","position":1,"name":"Startseite","item":"https:\/\/www.uwo-water.de\/"},{"@type":"ListItem","position":2,"name":"Shop","item":"https:\/\/www.uwo-water.de\/shop\/"},{"@type":"ListItem","position":3,"name":"UWO Combimat I blue &#8220;Regenwasserversorgungsmanager&#8221;"}]},{"@type":"WebSite","@id":"https:\/\/www.uwo-water.de\/#website","url":"https:\/\/www.uwo-water.de\/","name":"Uwo Water GmbH","description":"Wassersysteme Regenwassernutzung Trennsysteme","potentialAction":[{"@type":"SearchAction","target":{"@type":"EntryPoint","urlTemplate":"https:\/\/www.uwo-water.de\/?s={search_term_string}"},"query-input":"required name=search_term_string"}],"inLanguage":"en-GB"}]}},"_links":{"self":[{"href":"https:\/\/www.uwo-water.de\/en\/wp-json\/wp\/v2\/product\/4524"}],"collection":[{"href":"https:\/\/www.uwo-water.de\/en\/wp-json\/wp\/v2\/product"}],"about":[{"href":"https:\/\/www.uwo-water.de\/en\/wp-json\/wp\/v2\/types\/product"}],"replies":[{"embeddable":true,"href":"https:\/\/www.uwo-water.de\/en\/wp-json\/wp\/v2\/comments?post=4524"}],"wp:featuredmedia":[{"embeddable":true,"href":"https:\/\/www.uwo-water.de\/en\/wp-json\/wp\/v2\/media\/1697"}],"wp:attachment":[{"href":"https:\/\/www.uwo-water.de\/en\/wp-json\/wp\/v2\/media?parent=4524"}],"wp:term":[{"taxonomy":"product_cat","embeddable":true,"href":"https:\/\/www.uwo-water.de\/en\/wp-json\/wp\/v2\/product_cat?post=4524"},{"taxonomy":"product_tag","embeddable":true,"href":"https:\/\/www.uwo-water.de\/en\/wp-json\/wp\/v2\/product_tag?post=4524"}],"curies":[{"name":"wp","href":"https:\/\/api.w.org\/{rel}","templated":true}]}}