{"id":4533,"date":"2020-03-21T17:16:02","date_gmt":"2020-03-21T16:16:02","guid":{"rendered":"https:\/\/www.uwo-water.de\/?post_type=product&#038;p=4533"},"modified":"2023-03-30T23:25:01","modified_gmt":"2023-03-30T21:25:01","slug":"uwo-rewamat-blue-regenwasserversorgungsmanager-2","status":"publish","type":"product","link":"https:\/\/www.uwo-water.de\/en\/produkt\/uwo-rewamat-blue-regenwasserversorgungsmanager-2\/","title":{"rendered":"UWO Rewamat 60 blue Nachspeisebox &#8220;Regenwasserversorgungsmanager&#8221;"},"content":{"rendered":"<p>Funktion \/ Beschreibung<br \/>\nTrinkwassernachspeisebox<br \/>\nZur bedarfsgerechten Nachspeisung von Trinkwasser in<br \/>\nRegenwassersysteme mit Hauswasserwerk oder Tauchpumpe (nicht enthalten).<br \/>\nNachspeisebox (Wendebox) mit zertifiziertem Nachspeiseventil, motorgesteuertem Kugelhahn und Mikroprozessorsteuerung UWO-Rewamatik.<br \/>\nManuelle Umschaltung auf Trinkwasserbetrieb m\u00f6glich. Automatischer Wasseraustausch bei l\u00e4ngeren Standzeiten. Gegen R\u00fcckstau gesichert.<br \/>\nLieferumfang<br \/>\nKompakte Trinkwassernachspeisebox mit UWO Remamatik blue Steuerung, Druckversorgungseinheit, Wandhalterung, Anleitung, F\u00fcllstandsensor 20m.<\/p>\n<p>Anwendungsvorteile<br \/>\nDVGW CERT \/ EN 1717<br \/>\nAnschlusssicher, DVGW W540.<br \/>\nStromersparnis bis 40%.<br \/>\nRegeldruck einstellbar.<br \/>\nTemperatur\u00fcberwachung.<br \/>\nUpdatef\u00e4hig, Fern\u00fcberwachung.<br \/>\nSmart Control mit \u201emeinuwo.de\u201c<br \/>\nEmailbenachrichtigung bei St\u00f6rung, R\u00fcckstau\/Status\u00e4nderung<br \/>\nSp\u00fclprogramm\/ Leck-Warnsystem, \u00dcberwachungsfunktion mit Protokoll.<br \/>\nTrockenlaufmelder mit Autostartfunktion. Dynamische Filtersp\u00fclung,<br \/>\nLadepummpenfunktion integriert. F\u00fcllstandanzeige.<\/p>\n","protected":false},"excerpt":{"rendered":"<p>kompakte Nachspeisebox, zur vollautomatischen Versorgung mit Regenwasser aus einem Regenwasserspeicher mit<\/p>\n<p>integrierter Trinkwassernachspeisung und <strong>&#8220;uwo-smart-control&#8221;<\/strong><\/p>\n<p>&nbsp;<\/p>\n<p>&nbsp;<\/p>\n<p>&nbsp;<\/p>\n","protected":false},"featured_media":4537,"comment_status":"closed","ping_status":"closed","template":"","meta":{"_et_pb_use_builder":"","_et_pb_old_content":"","_et_gb_content_width":""},"product_cat":[81],"product_tag":[122,127,126,123,125,124,128,103],"yoast_head":"<!-- This site is optimized with the Yoast SEO plugin v19.14 - https:\/\/yoast.com\/wordpress\/plugins\/seo\/ -->\n<title>UWO Rewamat 60 blue Nachspeisebox &quot;Regenwasserversorgungsmanager&quot; - Uwo Water GmbH<\/title>\n<meta name=\"robots\" content=\"index, follow, max-snippet:-1, max-image-preview:large, max-video-preview:-1\" \/>\n<link rel=\"canonical\" href=\"https:\/\/www.uwo-water.de\/produkt\/uwo-rewamat-blue-regenwasserversorgungsmanager-2\/\" \/>\n<meta property=\"og:locale\" content=\"en_GB\" \/>\n<meta property=\"og:type\" content=\"article\" \/>\n<meta property=\"og:title\" content=\"UWO Rewamat 60 blue Nachspeisebox &quot;Regenwasserversorgungsmanager&quot;\" \/>\n<meta property=\"og:description\" content=\"kompakte Nachspeisebox, zur vollautomatischen Versorgung mit Regenwasser aus einem Regenwasserspeicher mit  integrierter Trinkwassernachspeisung und &quot;uwo-smart-control&quot;  &nbsp;  &nbsp;  &nbsp;\" \/>\n<meta property=\"og:url\" content=\"https:\/\/www.uwo-water.de\/produkt\/uwo-rewamat-blue-regenwasserversorgungsmanager-2\/\" \/>\n<meta property=\"og:site_name\" content=\"Uwo Water GmbH\" \/>\n<meta property=\"article:modified_time\" content=\"2023-03-30T21:25:01+00:00\" \/>\n<meta property=\"og:image\" content=\"https:\/\/www.uwo-water.de\/wp-content\/uploads\/2020\/03\/UWO-Water-Rewamat-EN1717-932x1024.jpg\" \/>\n\t<meta property=\"og:image:width\" content=\"932\" \/>\n\t<meta property=\"og:image:height\" content=\"1024\" \/>\n\t<meta property=\"og:image:type\" content=\"image\/jpeg\" \/>\n<meta name=\"twitter:card\" content=\"summary_large_image\" \/>\n<meta name=\"twitter:label1\" content=\"Estimated reading time\" \/>\n\t<meta name=\"twitter:data1\" content=\"1 minute\" \/>\n<script type=\"application\/ld+json\" class=\"yoast-schema-graph\">{\"@context\":\"https:\/\/schema.org\",\"@graph\":[{\"@type\":\"WebPage\",\"@id\":\"https:\/\/www.uwo-water.de\/produkt\/uwo-rewamat-blue-regenwasserversorgungsmanager-2\/\",\"url\":\"https:\/\/www.uwo-water.de\/produkt\/uwo-rewamat-blue-regenwasserversorgungsmanager-2\/\",\"name\":\"[:de]UWO Rewamat 60 blue Nachspeisebox \\\"Regenwasserversorgungsmanager\\\"[:] - Uwo Water GmbH\",\"isPartOf\":{\"@id\":\"https:\/\/www.uwo-water.de\/#website\"},\"datePublished\":\"2020-03-21T16:16:02+00:00\",\"dateModified\":\"2023-03-30T21:25:01+00:00\",\"breadcrumb\":{\"@id\":\"https:\/\/www.uwo-water.de\/produkt\/uwo-rewamat-blue-regenwasserversorgungsmanager-2\/#breadcrumb\"},\"inLanguage\":\"en-GB\",\"potentialAction\":[{\"@type\":\"ReadAction\",\"target\":[\"https:\/\/www.uwo-water.de\/produkt\/uwo-rewamat-blue-regenwasserversorgungsmanager-2\/\"]}]},{\"@type\":\"BreadcrumbList\",\"@id\":\"https:\/\/www.uwo-water.de\/produkt\/uwo-rewamat-blue-regenwasserversorgungsmanager-2\/#breadcrumb\",\"itemListElement\":[{\"@type\":\"ListItem\",\"position\":1,\"name\":\"Startseite\",\"item\":\"https:\/\/www.uwo-water.de\/\"},{\"@type\":\"ListItem\",\"position\":2,\"name\":\"Shop\",\"item\":\"https:\/\/www.uwo-water.de\/shop\/\"},{\"@type\":\"ListItem\",\"position\":3,\"name\":\"UWO Rewamat 60 blue Nachspeisebox &#8220;Regenwasserversorgungsmanager&#8221;\"}]},{\"@type\":\"WebSite\",\"@id\":\"https:\/\/www.uwo-water.de\/#website\",\"url\":\"https:\/\/www.uwo-water.de\/\",\"name\":\"Uwo Water GmbH\",\"description\":\"Wassersysteme Regenwassernutzung Trennsysteme\",\"potentialAction\":[{\"@type\":\"SearchAction\",\"target\":{\"@type\":\"EntryPoint\",\"urlTemplate\":\"https:\/\/www.uwo-water.de\/?s={search_term_string}\"},\"query-input\":\"required name=search_term_string\"}],\"inLanguage\":\"en-GB\"}]}<\/script>\n<!-- \/ Yoast SEO plugin. -->","yoast_head_json":{"title":"UWO Rewamat 60 blue Nachspeisebox \"Regenwasserversorgungsmanager\" - Uwo Water GmbH","robots":{"index":"index","follow":"follow","max-snippet":"max-snippet:-1","max-image-preview":"max-image-preview:large","max-video-preview":"max-video-preview:-1"},"canonical":"https:\/\/www.uwo-water.de\/produkt\/uwo-rewamat-blue-regenwasserversorgungsmanager-2\/","og_locale":"en_GB","og_type":"article","og_title":"[:de]UWO Rewamat 60 blue Nachspeisebox \"Regenwasserversorgungsmanager\"[:] - Uwo Water GmbH","og_description":"[:de]kompakte Nachspeisebox, zur vollautomatischen Versorgung mit Regenwasser aus einem Regenwasserspeicher mit  integrierter Trinkwassernachspeisung und \"uwo-smart-control\"  &nbsp;  &nbsp;  &nbsp;[:]","og_url":"https:\/\/www.uwo-water.de\/produkt\/uwo-rewamat-blue-regenwasserversorgungsmanager-2\/","og_site_name":"Uwo Water GmbH","article_modified_time":"2023-03-30T21:25:01+00:00","og_image":[{"width":932,"height":1024,"url":"https:\/\/www.uwo-water.de\/wp-content\/uploads\/2020\/03\/UWO-Water-Rewamat-EN1717-932x1024.jpg","type":"image\/jpeg"}],"twitter_card":"summary_large_image","twitter_misc":{"Estimated reading time":"1 minute"},"schema":{"@context":"https:\/\/schema.org","@graph":[{"@type":"WebPage","@id":"https:\/\/www.uwo-water.de\/produkt\/uwo-rewamat-blue-regenwasserversorgungsmanager-2\/","url":"https:\/\/www.uwo-water.de\/produkt\/uwo-rewamat-blue-regenwasserversorgungsmanager-2\/","name":"[:de]UWO Rewamat 60 blue Nachspeisebox \"Regenwasserversorgungsmanager\"[:] - Uwo Water GmbH","isPartOf":{"@id":"https:\/\/www.uwo-water.de\/#website"},"datePublished":"2020-03-21T16:16:02+00:00","dateModified":"2023-03-30T21:25:01+00:00","breadcrumb":{"@id":"https:\/\/www.uwo-water.de\/produkt\/uwo-rewamat-blue-regenwasserversorgungsmanager-2\/#breadcrumb"},"inLanguage":"en-GB","potentialAction":[{"@type":"ReadAction","target":["https:\/\/www.uwo-water.de\/produkt\/uwo-rewamat-blue-regenwasserversorgungsmanager-2\/"]}]},{"@type":"BreadcrumbList","@id":"https:\/\/www.uwo-water.de\/produkt\/uwo-rewamat-blue-regenwasserversorgungsmanager-2\/#breadcrumb","itemListElement":[{"@type":"ListItem","position":1,"name":"Startseite","item":"https:\/\/www.uwo-water.de\/"},{"@type":"ListItem","position":2,"name":"Shop","item":"https:\/\/www.uwo-water.de\/shop\/"},{"@type":"ListItem","position":3,"name":"UWO Rewamat 60 blue Nachspeisebox &#8220;Regenwasserversorgungsmanager&#8221;"}]},{"@type":"WebSite","@id":"https:\/\/www.uwo-water.de\/#website","url":"https:\/\/www.uwo-water.de\/","name":"Uwo Water GmbH","description":"Wassersysteme Regenwassernutzung Trennsysteme","potentialAction":[{"@type":"SearchAction","target":{"@type":"EntryPoint","urlTemplate":"https:\/\/www.uwo-water.de\/?s={search_term_string}"},"query-input":"required name=search_term_string"}],"inLanguage":"en-GB"}]}},"_links":{"self":[{"href":"https:\/\/www.uwo-water.de\/en\/wp-json\/wp\/v2\/product\/4533"}],"collection":[{"href":"https:\/\/www.uwo-water.de\/en\/wp-json\/wp\/v2\/product"}],"about":[{"href":"https:\/\/www.uwo-water.de\/en\/wp-json\/wp\/v2\/types\/product"}],"replies":[{"embeddable":true,"href":"https:\/\/www.uwo-water.de\/en\/wp-json\/wp\/v2\/comments?post=4533"}],"wp:featuredmedia":[{"embeddable":true,"href":"https:\/\/www.uwo-water.de\/en\/wp-json\/wp\/v2\/media\/4537"}],"wp:attachment":[{"href":"https:\/\/www.uwo-water.de\/en\/wp-json\/wp\/v2\/media?parent=4533"}],"wp:term":[{"taxonomy":"product_cat","embeddable":true,"href":"https:\/\/www.uwo-water.de\/en\/wp-json\/wp\/v2\/product_cat?post=4533"},{"taxonomy":"product_tag","embeddable":true,"href":"https:\/\/www.uwo-water.de\/en\/wp-json\/wp\/v2\/product_tag?post=4533"}],"curies":[{"name":"wp","href":"https:\/\/api.w.org\/{rel}","templated":true}]}}