{"id":4547,"date":"2020-03-21T19:36:57","date_gmt":"2020-03-21T18:36:57","guid":{"rendered":"https:\/\/www.uwo-water.de\/?post_type=product&#038;p=4547"},"modified":"2025-03-28T17:14:43","modified_gmt":"2025-03-28T16:14:43","slug":"uwo-matrix-evo-3-40-regenwasserversorgungsmanager-2","status":"publish","type":"product","link":"https:\/\/www.uwo-water.de\/en\/produkt\/uwo-matrix-evo-3-40-regenwasserversorgungsmanager-2\/","title":{"rendered":"UWO-Matrix  EVO 3\/40 &#8220;Regenwasserversorgungsmanager&#8221;"},"content":{"rendered":"<p>Funktion<br \/>\nKomplette, kompakte Hausstation mit Abdeckhaube, zur<br \/>\nvollautomatischen Versorgung mit Regenwasser aus einem<br \/>\nRegenwasserspeicher sowie zur bedarfsgerechten<br \/>\nTrinkwassernachspeisung (EN 1717 \/ DIN 1988 \/ DVGW<br \/>\nW540) in das Verbrauchernetz, bei ersch\u00f6pftem<br \/>\nRegenwasservorrat. Selbstansaugende, korrosionsfreie,<br \/>\nmehrstufige Kreiselpumpe mit Drucksensor, sehr ruhiger und<br \/>\nleiser Lauf. Schwingungsged\u00e4mpfte Pumpen-Halterung.<br \/>\nZwischenbeh\u00e4lter mit Schwimmerventil, motorgesteuertem<br \/>\nKugelhahn und Mikroprozessorsteuerung<br \/>\nUWO-Rewamatik. Manuelle Umschaltung auf Trinkwasserbetrieb<br \/>\nm\u00f6glich. Automatischer Wasseraustausch bei l\u00e4ngeren<br \/>\nStandzeiten. Gegen R\u00fcckstau gesichert.<br \/>\nLieferumfang<br \/>\nKompakte Regenwasserversorgungsanlage mit Trinkwassernachspeisung, Wandhalterung, Anleitung, Sensor 20m.<\/p>\n<p>Anwendungsvorteile<br \/>\nDVGW CERT \/ EN 1717<br \/>\nAnschlusssicher, DVGW W540.<br \/>\nGer\u00e4uscharm. Hohe Wirtschaftlichkeit<br \/>\ndurch bedarfsgerechte Trinkwassernachspeisung.<br \/>\nMontagefreundlich. Alle mediumsber\u00fchrenden Teile<br \/>\nsind korrosionsfrei, hohe Betriebssicherheit.<br \/>\nUmschaltung auf manuellen Betrieb m\u00f6glich.Geringer Platzbedarf.<br \/>\nAnschlussm\u00f6glichkeit f\u00fcr R\u00fcckstauw\u00e4chter, F\u00fcllstandanzeige, Feuchtraum\u00fcberwachung mit akustischen Signal.<\/p>\n<p>&nbsp;<\/p>\n","protected":false},"excerpt":{"rendered":"<p>Komplette, kompakte Hausstation, zur vollautomatischen Versorgung mit Regenwasser aus einem Regenwasserspeicher mit<\/p>\n<p>integrierter Trinkwassernachspeisung.<\/p>\n<p>F\u00f6rderh\u00f6he max.:\u00a0\u00a0\u00a0 45 m<\/p>\n<p>F\u00f6rdermenge max.: 4,8 m\u00b3\/h<\/p>\n<p>&nbsp;<\/p>\n<p>&nbsp;<\/p>\n<p>&nbsp;<\/p>\n","protected":false},"featured_media":2109,"comment_status":"closed","ping_status":"closed","template":"","meta":{"_et_pb_use_builder":"","_et_pb_old_content":"","_et_gb_content_width":""},"product_cat":[81],"product_tag":[127,126,123,125,124,128,103],"yoast_head":"<!-- This site is optimized with the Yoast SEO plugin v19.14 - https:\/\/yoast.com\/wordpress\/plugins\/seo\/ -->\n<title>UWO-Matrix EVO 3\/40 &quot;Regenwasserversorgungsmanager&quot; - Uwo Water GmbH<\/title>\n<meta name=\"robots\" content=\"index, follow, max-snippet:-1, max-image-preview:large, max-video-preview:-1\" \/>\n<link rel=\"canonical\" href=\"https:\/\/www.uwo-water.de\/produkt\/uwo-matrix-evo-3-40-regenwasserversorgungsmanager-2\/\" \/>\n<meta property=\"og:locale\" content=\"en_GB\" \/>\n<meta property=\"og:type\" content=\"article\" \/>\n<meta property=\"og:title\" content=\"UWO-Matrix EVO 3\/40 &quot;Regenwasserversorgungsmanager&quot;\" \/>\n<meta property=\"og:description\" content=\"Komplette, kompakte Hausstation, zur vollautomatischen Versorgung mit Regenwasser aus einem Regenwasserspeicher mit  integrierter Trinkwassernachspeisung.  F\u00f6rderh\u00f6he max.:\u00a0\u00a0\u00a0 45 m  F\u00f6rdermenge max.: 4,8 m\u00b3\/h  &nbsp;  &nbsp;  &nbsp;\" \/>\n<meta property=\"og:url\" content=\"https:\/\/www.uwo-water.de\/produkt\/uwo-matrix-evo-3-40-regenwasserversorgungsmanager-2\/\" \/>\n<meta property=\"og:site_name\" content=\"Uwo Water GmbH\" \/>\n<meta property=\"article:modified_time\" content=\"2025-03-28T16:14:43+00:00\" \/>\n<meta property=\"og:image\" content=\"https:\/\/www.uwo-water.de\/wp-content\/uploads\/2018\/12\/Matrix_Haube_gross.png\" \/>\n\t<meta property=\"og:image:width\" content=\"264\" \/>\n\t<meta property=\"og:image:height\" content=\"262\" \/>\n\t<meta property=\"og:image:type\" content=\"image\/png\" \/>\n<meta name=\"twitter:card\" content=\"summary_large_image\" \/>\n<meta name=\"twitter:label1\" content=\"Estimated reading time\" \/>\n\t<meta name=\"twitter:data1\" content=\"1 minute\" \/>\n<script type=\"application\/ld+json\" class=\"yoast-schema-graph\">{\"@context\":\"https:\/\/schema.org\",\"@graph\":[{\"@type\":\"WebPage\",\"@id\":\"https:\/\/www.uwo-water.de\/produkt\/uwo-matrix-evo-3-40-regenwasserversorgungsmanager-2\/\",\"url\":\"https:\/\/www.uwo-water.de\/produkt\/uwo-matrix-evo-3-40-regenwasserversorgungsmanager-2\/\",\"name\":\"[:de]UWO-Matrix EVO 3\/40 \\\"Regenwasserversorgungsmanager\\\"[:] - Uwo Water GmbH\",\"isPartOf\":{\"@id\":\"https:\/\/www.uwo-water.de\/#website\"},\"datePublished\":\"2020-03-21T18:36:57+00:00\",\"dateModified\":\"2025-03-28T16:14:43+00:00\",\"breadcrumb\":{\"@id\":\"https:\/\/www.uwo-water.de\/produkt\/uwo-matrix-evo-3-40-regenwasserversorgungsmanager-2\/#breadcrumb\"},\"inLanguage\":\"en-GB\",\"potentialAction\":[{\"@type\":\"ReadAction\",\"target\":[\"https:\/\/www.uwo-water.de\/produkt\/uwo-matrix-evo-3-40-regenwasserversorgungsmanager-2\/\"]}]},{\"@type\":\"BreadcrumbList\",\"@id\":\"https:\/\/www.uwo-water.de\/produkt\/uwo-matrix-evo-3-40-regenwasserversorgungsmanager-2\/#breadcrumb\",\"itemListElement\":[{\"@type\":\"ListItem\",\"position\":1,\"name\":\"Startseite\",\"item\":\"https:\/\/www.uwo-water.de\/\"},{\"@type\":\"ListItem\",\"position\":2,\"name\":\"Shop\",\"item\":\"https:\/\/www.uwo-water.de\/shop\/\"},{\"@type\":\"ListItem\",\"position\":3,\"name\":\"UWO-Matrix EVO 3\/40 &#8220;Regenwasserversorgungsmanager&#8221;\"}]},{\"@type\":\"WebSite\",\"@id\":\"https:\/\/www.uwo-water.de\/#website\",\"url\":\"https:\/\/www.uwo-water.de\/\",\"name\":\"Uwo Water GmbH\",\"description\":\"Wassersysteme Regenwassernutzung Trennsysteme\",\"potentialAction\":[{\"@type\":\"SearchAction\",\"target\":{\"@type\":\"EntryPoint\",\"urlTemplate\":\"https:\/\/www.uwo-water.de\/?s={search_term_string}\"},\"query-input\":\"required name=search_term_string\"}],\"inLanguage\":\"en-GB\"}]}<\/script>\n<!-- \/ Yoast SEO plugin. -->","yoast_head_json":{"title":"UWO-Matrix EVO 3\/40 \"Regenwasserversorgungsmanager\" - Uwo Water GmbH","robots":{"index":"index","follow":"follow","max-snippet":"max-snippet:-1","max-image-preview":"max-image-preview:large","max-video-preview":"max-video-preview:-1"},"canonical":"https:\/\/www.uwo-water.de\/produkt\/uwo-matrix-evo-3-40-regenwasserversorgungsmanager-2\/","og_locale":"en_GB","og_type":"article","og_title":"[:de]UWO-Matrix EVO 3\/40 \"Regenwasserversorgungsmanager\"[:] - Uwo Water GmbH","og_description":"[:de]Komplette, kompakte Hausstation, zur vollautomatischen Versorgung mit Regenwasser aus einem Regenwasserspeicher mit  integrierter Trinkwassernachspeisung.  F\u00f6rderh\u00f6he max.:\u00a0\u00a0\u00a0 45 m  F\u00f6rdermenge max.: 4,8 m\u00b3\/h  &nbsp;  &nbsp;  &nbsp;[:]","og_url":"https:\/\/www.uwo-water.de\/produkt\/uwo-matrix-evo-3-40-regenwasserversorgungsmanager-2\/","og_site_name":"Uwo Water GmbH","article_modified_time":"2025-03-28T16:14:43+00:00","og_image":[{"width":264,"height":262,"url":"https:\/\/www.uwo-water.de\/wp-content\/uploads\/2018\/12\/Matrix_Haube_gross.png","type":"image\/png"}],"twitter_card":"summary_large_image","twitter_misc":{"Estimated reading time":"1 minute"},"schema":{"@context":"https:\/\/schema.org","@graph":[{"@type":"WebPage","@id":"https:\/\/www.uwo-water.de\/produkt\/uwo-matrix-evo-3-40-regenwasserversorgungsmanager-2\/","url":"https:\/\/www.uwo-water.de\/produkt\/uwo-matrix-evo-3-40-regenwasserversorgungsmanager-2\/","name":"[:de]UWO-Matrix EVO 3\/40 \"Regenwasserversorgungsmanager\"[:] - Uwo Water GmbH","isPartOf":{"@id":"https:\/\/www.uwo-water.de\/#website"},"datePublished":"2020-03-21T18:36:57+00:00","dateModified":"2025-03-28T16:14:43+00:00","breadcrumb":{"@id":"https:\/\/www.uwo-water.de\/produkt\/uwo-matrix-evo-3-40-regenwasserversorgungsmanager-2\/#breadcrumb"},"inLanguage":"en-GB","potentialAction":[{"@type":"ReadAction","target":["https:\/\/www.uwo-water.de\/produkt\/uwo-matrix-evo-3-40-regenwasserversorgungsmanager-2\/"]}]},{"@type":"BreadcrumbList","@id":"https:\/\/www.uwo-water.de\/produkt\/uwo-matrix-evo-3-40-regenwasserversorgungsmanager-2\/#breadcrumb","itemListElement":[{"@type":"ListItem","position":1,"name":"Startseite","item":"https:\/\/www.uwo-water.de\/"},{"@type":"ListItem","position":2,"name":"Shop","item":"https:\/\/www.uwo-water.de\/shop\/"},{"@type":"ListItem","position":3,"name":"UWO-Matrix EVO 3\/40 &#8220;Regenwasserversorgungsmanager&#8221;"}]},{"@type":"WebSite","@id":"https:\/\/www.uwo-water.de\/#website","url":"https:\/\/www.uwo-water.de\/","name":"Uwo Water GmbH","description":"Wassersysteme Regenwassernutzung Trennsysteme","potentialAction":[{"@type":"SearchAction","target":{"@type":"EntryPoint","urlTemplate":"https:\/\/www.uwo-water.de\/?s={search_term_string}"},"query-input":"required name=search_term_string"}],"inLanguage":"en-GB"}]}},"_links":{"self":[{"href":"https:\/\/www.uwo-water.de\/en\/wp-json\/wp\/v2\/product\/4547"}],"collection":[{"href":"https:\/\/www.uwo-water.de\/en\/wp-json\/wp\/v2\/product"}],"about":[{"href":"https:\/\/www.uwo-water.de\/en\/wp-json\/wp\/v2\/types\/product"}],"replies":[{"embeddable":true,"href":"https:\/\/www.uwo-water.de\/en\/wp-json\/wp\/v2\/comments?post=4547"}],"wp:featuredmedia":[{"embeddable":true,"href":"https:\/\/www.uwo-water.de\/en\/wp-json\/wp\/v2\/media\/2109"}],"wp:attachment":[{"href":"https:\/\/www.uwo-water.de\/en\/wp-json\/wp\/v2\/media?parent=4547"}],"wp:term":[{"taxonomy":"product_cat","embeddable":true,"href":"https:\/\/www.uwo-water.de\/en\/wp-json\/wp\/v2\/product_cat?post=4547"},{"taxonomy":"product_tag","embeddable":true,"href":"https:\/\/www.uwo-water.de\/en\/wp-json\/wp\/v2\/product_tag?post=4547"}],"curies":[{"name":"wp","href":"https:\/\/api.w.org\/{rel}","templated":true}]}}