{"id":4559,"date":"2020-03-22T11:26:24","date_gmt":"2020-03-22T10:26:24","guid":{"rendered":"https:\/\/www.uwo-water.de\/?post_type=product&#038;p=4559"},"modified":"2023-03-30T23:13:47","modified_gmt":"2023-03-30T21:13:47","slug":"uwo-aquamatic-3-4","status":"publish","type":"product","link":"https:\/\/www.uwo-water.de\/en\/produkt\/uwo-aquamatic-3-4\/","title":{"rendered":"UWO Aquamatic &#8220;Modul&#8221; digitale F\u00fcllstandanzeige"},"content":{"rendered":"<p>f\u00fcr alle UWO-Regenwassermanager<\/p>\n<p>F\u00fcllstandanzeige digital, zur nachtr\u00e4glichen Erweiterung einer UWO-Rewamatic Steuerung.<br \/>\nKapazitive Messung, einstellbare Tankform.<\/p>\n<p>&nbsp;<\/p>\n","protected":false},"excerpt":{"rendered":"<p>UWO-Aquamatik Modul f\u00fcr UWO-Rewamatic.<br \/>\nDigitale F\u00fcllstandanzeige zum nachtr\u00e4glichen Einbau in einen bestehenden<br \/>\nUWO-Regenwassemanager.<br \/>\nBestehend aus:<br \/>\nMesssonde kapazitiv 3m.mit VA Gewichte, Jumper, Messbox\/Messumformer.<\/p>\n<p>&nbsp;<\/p>\n<p>&nbsp;<\/p>\n<p>&nbsp;<\/p>\n","protected":false},"featured_media":4560,"comment_status":"closed","ping_status":"closed","template":"","meta":{"_et_pb_use_builder":"","_et_pb_old_content":"","_et_gb_content_width":""},"product_cat":[83,73],"product_tag":[135,136,134],"yoast_head":"<!-- This site is optimized with the Yoast SEO plugin v19.14 - https:\/\/yoast.com\/wordpress\/plugins\/seo\/ -->\n<title>UWO Aquamatic &quot;Modul&quot; digitale F\u00fcllstandanzeige - Uwo Water GmbH<\/title>\n<meta name=\"robots\" content=\"index, follow, max-snippet:-1, max-image-preview:large, max-video-preview:-1\" \/>\n<link rel=\"canonical\" href=\"https:\/\/www.uwo-water.de\/produkt\/uwo-aquamatic-3-4\/\" \/>\n<meta property=\"og:locale\" content=\"en_GB\" \/>\n<meta property=\"og:type\" content=\"article\" \/>\n<meta property=\"og:title\" content=\"UWO Aquamatic &quot;Modul&quot; digitale F\u00fcllstandanzeige\" \/>\n<meta property=\"og:description\" content=\"UWO-Aquamatik Modul f\u00fcr UWO-Rewamatic. Digitale F\u00fcllstandanzeige zum nachtr\u00e4glichen Einbau in einen bestehenden UWO-Regenwassemanager. Bestehend aus: Messsonde kapazitiv 3m.mit VA Gewichte, Jumper, Messbox\/Messumformer.  &nbsp;  &nbsp;  &nbsp;\" \/>\n<meta property=\"og:url\" content=\"https:\/\/www.uwo-water.de\/produkt\/uwo-aquamatic-3-4\/\" \/>\n<meta property=\"og:site_name\" content=\"Uwo Water GmbH\" \/>\n<meta property=\"article:modified_time\" content=\"2023-03-30T21:13:47+00:00\" \/>\n<meta property=\"og:image\" content=\"https:\/\/www.uwo-water.de\/wp-content\/uploads\/2020\/03\/F\u00fcllstandsanzeige-NSB.jpg\" \/>\n\t<meta property=\"og:image:width\" content=\"1219\" \/>\n\t<meta property=\"og:image:height\" content=\"1097\" \/>\n\t<meta property=\"og:image:type\" content=\"image\/jpeg\" \/>\n<meta name=\"twitter:card\" content=\"summary_large_image\" \/>\n<script type=\"application\/ld+json\" class=\"yoast-schema-graph\">{\"@context\":\"https:\/\/schema.org\",\"@graph\":[{\"@type\":\"WebPage\",\"@id\":\"https:\/\/www.uwo-water.de\/produkt\/uwo-aquamatic-3-4\/\",\"url\":\"https:\/\/www.uwo-water.de\/produkt\/uwo-aquamatic-3-4\/\",\"name\":\"[:de]UWO Aquamatic \\\"Modul\\\" digitale F\u00fcllstandanzeige[:] - Uwo Water GmbH\",\"isPartOf\":{\"@id\":\"https:\/\/www.uwo-water.de\/#website\"},\"datePublished\":\"2020-03-22T10:26:24+00:00\",\"dateModified\":\"2023-03-30T21:13:47+00:00\",\"breadcrumb\":{\"@id\":\"https:\/\/www.uwo-water.de\/produkt\/uwo-aquamatic-3-4\/#breadcrumb\"},\"inLanguage\":\"en-GB\",\"potentialAction\":[{\"@type\":\"ReadAction\",\"target\":[\"https:\/\/www.uwo-water.de\/produkt\/uwo-aquamatic-3-4\/\"]}]},{\"@type\":\"BreadcrumbList\",\"@id\":\"https:\/\/www.uwo-water.de\/produkt\/uwo-aquamatic-3-4\/#breadcrumb\",\"itemListElement\":[{\"@type\":\"ListItem\",\"position\":1,\"name\":\"Startseite\",\"item\":\"https:\/\/www.uwo-water.de\/\"},{\"@type\":\"ListItem\",\"position\":2,\"name\":\"Shop\",\"item\":\"https:\/\/www.uwo-water.de\/shop\/\"},{\"@type\":\"ListItem\",\"position\":3,\"name\":\"UWO Aquamatic &#8220;Modul&#8221; digitale F\u00fcllstandanzeige\"}]},{\"@type\":\"WebSite\",\"@id\":\"https:\/\/www.uwo-water.de\/#website\",\"url\":\"https:\/\/www.uwo-water.de\/\",\"name\":\"Uwo Water GmbH\",\"description\":\"Wassersysteme Regenwassernutzung Trennsysteme\",\"potentialAction\":[{\"@type\":\"SearchAction\",\"target\":{\"@type\":\"EntryPoint\",\"urlTemplate\":\"https:\/\/www.uwo-water.de\/?s={search_term_string}\"},\"query-input\":\"required name=search_term_string\"}],\"inLanguage\":\"en-GB\"}]}<\/script>\n<!-- \/ Yoast SEO plugin. -->","yoast_head_json":{"title":"UWO Aquamatic \"Modul\" digitale F\u00fcllstandanzeige - Uwo Water GmbH","robots":{"index":"index","follow":"follow","max-snippet":"max-snippet:-1","max-image-preview":"max-image-preview:large","max-video-preview":"max-video-preview:-1"},"canonical":"https:\/\/www.uwo-water.de\/produkt\/uwo-aquamatic-3-4\/","og_locale":"en_GB","og_type":"article","og_title":"[:de]UWO Aquamatic \"Modul\" digitale F\u00fcllstandanzeige[:] - Uwo Water GmbH","og_description":"[:de]UWO-Aquamatik Modul f\u00fcr UWO-Rewamatic. Digitale F\u00fcllstandanzeige zum nachtr\u00e4glichen Einbau in einen bestehenden UWO-Regenwassemanager. Bestehend aus: Messsonde kapazitiv 3m.mit VA Gewichte, Jumper, Messbox\/Messumformer.  &nbsp;  &nbsp;  &nbsp;[:]","og_url":"https:\/\/www.uwo-water.de\/produkt\/uwo-aquamatic-3-4\/","og_site_name":"Uwo Water GmbH","article_modified_time":"2023-03-30T21:13:47+00:00","og_image":[{"width":1219,"height":1097,"url":"https:\/\/www.uwo-water.de\/wp-content\/uploads\/2020\/03\/F\u00fcllstandsanzeige-NSB.jpg","type":"image\/jpeg"}],"twitter_card":"summary_large_image","schema":{"@context":"https:\/\/schema.org","@graph":[{"@type":"WebPage","@id":"https:\/\/www.uwo-water.de\/produkt\/uwo-aquamatic-3-4\/","url":"https:\/\/www.uwo-water.de\/produkt\/uwo-aquamatic-3-4\/","name":"[:de]UWO Aquamatic \"Modul\" digitale F\u00fcllstandanzeige[:] - Uwo Water GmbH","isPartOf":{"@id":"https:\/\/www.uwo-water.de\/#website"},"datePublished":"2020-03-22T10:26:24+00:00","dateModified":"2023-03-30T21:13:47+00:00","breadcrumb":{"@id":"https:\/\/www.uwo-water.de\/produkt\/uwo-aquamatic-3-4\/#breadcrumb"},"inLanguage":"en-GB","potentialAction":[{"@type":"ReadAction","target":["https:\/\/www.uwo-water.de\/produkt\/uwo-aquamatic-3-4\/"]}]},{"@type":"BreadcrumbList","@id":"https:\/\/www.uwo-water.de\/produkt\/uwo-aquamatic-3-4\/#breadcrumb","itemListElement":[{"@type":"ListItem","position":1,"name":"Startseite","item":"https:\/\/www.uwo-water.de\/"},{"@type":"ListItem","position":2,"name":"Shop","item":"https:\/\/www.uwo-water.de\/shop\/"},{"@type":"ListItem","position":3,"name":"UWO Aquamatic &#8220;Modul&#8221; digitale F\u00fcllstandanzeige"}]},{"@type":"WebSite","@id":"https:\/\/www.uwo-water.de\/#website","url":"https:\/\/www.uwo-water.de\/","name":"Uwo Water GmbH","description":"Wassersysteme Regenwassernutzung Trennsysteme","potentialAction":[{"@type":"SearchAction","target":{"@type":"EntryPoint","urlTemplate":"https:\/\/www.uwo-water.de\/?s={search_term_string}"},"query-input":"required name=search_term_string"}],"inLanguage":"en-GB"}]}},"_links":{"self":[{"href":"https:\/\/www.uwo-water.de\/en\/wp-json\/wp\/v2\/product\/4559"}],"collection":[{"href":"https:\/\/www.uwo-water.de\/en\/wp-json\/wp\/v2\/product"}],"about":[{"href":"https:\/\/www.uwo-water.de\/en\/wp-json\/wp\/v2\/types\/product"}],"replies":[{"embeddable":true,"href":"https:\/\/www.uwo-water.de\/en\/wp-json\/wp\/v2\/comments?post=4559"}],"wp:featuredmedia":[{"embeddable":true,"href":"https:\/\/www.uwo-water.de\/en\/wp-json\/wp\/v2\/media\/4560"}],"wp:attachment":[{"href":"https:\/\/www.uwo-water.de\/en\/wp-json\/wp\/v2\/media?parent=4559"}],"wp:term":[{"taxonomy":"product_cat","embeddable":true,"href":"https:\/\/www.uwo-water.de\/en\/wp-json\/wp\/v2\/product_cat?post=4559"},{"taxonomy":"product_tag","embeddable":true,"href":"https:\/\/www.uwo-water.de\/en\/wp-json\/wp\/v2\/product_tag?post=4559"}],"curies":[{"name":"wp","href":"https:\/\/api.w.org\/{rel}","templated":true}]}}