{"id":4564,"date":"2020-03-22T18:49:39","date_gmt":"2020-03-22T17:49:39","guid":{"rendered":"https:\/\/www.uwo-water.de\/?post_type=product&#038;p=4564"},"modified":"2026-03-10T09:59:00","modified_gmt":"2026-03-10T08:59:00","slug":"garten-quadratsaeule-edelstahl","status":"publish","type":"product","link":"https:\/\/www.uwo-water.de\/en\/produkt\/garten-quadratsaeule-edelstahl\/","title":{"rendered":"Jolly Fontana Gartens\u00e4ule"},"content":{"rendered":"<p>Wundersch\u00f6nes Design in vielen Farbvariationen.<br \/>\nJolly Fontana eignet sich in vielen Bereichen zur Wasserversorgung. Der Wasserhahn ist geeignet zum Anschluss des Gartenschlauchs 3\/4\u201c, Zulauf 1\/2&#8243; AG. H: 72 cm B:17 cm<br \/>\nFarben: Anthrazit, Violett, Orange, Blau, Kirschrot, Fuchsia, D\u00fcnkelgr\u00fcn, Sabbia<\/p>\n","protected":false},"excerpt":{"rendered":"<p>Jolly Fontana, Aluminium, Wasserhahn Anschluss 3\/4\u201c f\u00fcr Gartenschauch.<br \/>\nH: 72 cm B:17 cm<\/p>\n<p>Farben: Anthrazit, Violett, Orange, Blau, Kirschrot, Fuchsia, D\u00fcnkelgr\u00fcn, Sabbia<\/p>\n<p><strong>Bitte Farbcode bei der Bestellung angeben!<\/strong><\/p>\n","protected":false},"featured_media":4569,"comment_status":"closed","ping_status":"closed","template":"","meta":{"_et_pb_use_builder":"off","_et_pb_old_content":"Poliert, Edelstahl Fu\u00dfplatte 25 x 25 cm, zur Befestigung mit\r\n4 x 10 mm Bohrungen ohne Schrauben. Edelstahl Vierkant\r\nca. 80 mm, 2 x Zulaufanschluss 3\/4\u201c IG, 1 x Anschluss f\u00fcr\r\nAuslaufhahn 3\/4\u201c AG (nicht enthalten).\r\nGesamth\u00f6he ca. 89 cm","_et_gb_content_width":""},"product_cat":[68,82],"product_tag":[65,66,64],"yoast_head":"<!-- This site is optimized with the Yoast SEO plugin v19.14 - https:\/\/yoast.com\/wordpress\/plugins\/seo\/ -->\n<title>Jolly Fontana Gartens\u00e4ule - Uwo Water GmbH<\/title>\n<meta name=\"robots\" content=\"index, follow, max-snippet:-1, max-image-preview:large, max-video-preview:-1\" \/>\n<link rel=\"canonical\" href=\"https:\/\/www.uwo-water.de\/produkt\/garten-quadratsaeule-edelstahl\/\" \/>\n<meta property=\"og:locale\" content=\"en_GB\" \/>\n<meta property=\"og:type\" content=\"article\" \/>\n<meta property=\"og:title\" content=\"Jolly Fontana Gartens\u00e4ule\" \/>\n<meta property=\"og:description\" content=\"Jolly Fontana, Aluminium, Wasserhahn Anschluss 3\/4\u201c f\u00fcr Gartenschauch. H: 72 cm B:17 cm  Farben: Anthrazit, Violett, Orange, Blau, Kirschrot, Fuchsia, D\u00fcnkelgr\u00fcn, Sabbia  Bitte Farbcode bei der Bestellung angeben!\" \/>\n<meta property=\"og:url\" content=\"https:\/\/www.uwo-water.de\/produkt\/garten-quadratsaeule-edelstahl\/\" \/>\n<meta property=\"og:site_name\" content=\"Uwo Water GmbH\" \/>\n<meta property=\"article:modified_time\" content=\"2026-03-10T08:59:00+00:00\" \/>\n<meta property=\"og:image\" content=\"https:\/\/www.uwo-water.de\/wp-content\/uploads\/2020\/03\/Fontana.jpg\" \/>\n\t<meta property=\"og:image:width\" content=\"1716\" \/>\n\t<meta property=\"og:image:height\" content=\"2330\" \/>\n\t<meta property=\"og:image:type\" content=\"image\/jpeg\" \/>\n<meta name=\"twitter:card\" content=\"summary_large_image\" \/>\n<script type=\"application\/ld+json\" class=\"yoast-schema-graph\">{\"@context\":\"https:\/\/schema.org\",\"@graph\":[{\"@type\":\"WebPage\",\"@id\":\"https:\/\/www.uwo-water.de\/produkt\/garten-quadratsaeule-edelstahl\/\",\"url\":\"https:\/\/www.uwo-water.de\/produkt\/garten-quadratsaeule-edelstahl\/\",\"name\":\"[:de]Jolly Fontana Gartens\u00e4ule[:] - Uwo Water GmbH\",\"isPartOf\":{\"@id\":\"https:\/\/www.uwo-water.de\/#website\"},\"datePublished\":\"2020-03-22T17:49:39+00:00\",\"dateModified\":\"2026-03-10T08:59:00+00:00\",\"breadcrumb\":{\"@id\":\"https:\/\/www.uwo-water.de\/produkt\/garten-quadratsaeule-edelstahl\/#breadcrumb\"},\"inLanguage\":\"en-GB\",\"potentialAction\":[{\"@type\":\"ReadAction\",\"target\":[\"https:\/\/www.uwo-water.de\/produkt\/garten-quadratsaeule-edelstahl\/\"]}]},{\"@type\":\"BreadcrumbList\",\"@id\":\"https:\/\/www.uwo-water.de\/produkt\/garten-quadratsaeule-edelstahl\/#breadcrumb\",\"itemListElement\":[{\"@type\":\"ListItem\",\"position\":1,\"name\":\"Startseite\",\"item\":\"https:\/\/www.uwo-water.de\/\"},{\"@type\":\"ListItem\",\"position\":2,\"name\":\"Shop\",\"item\":\"https:\/\/www.uwo-water.de\/shop\/\"},{\"@type\":\"ListItem\",\"position\":3,\"name\":\"Jolly Fontana Gartens\u00e4ule\"}]},{\"@type\":\"WebSite\",\"@id\":\"https:\/\/www.uwo-water.de\/#website\",\"url\":\"https:\/\/www.uwo-water.de\/\",\"name\":\"Uwo Water GmbH\",\"description\":\"Wassersysteme Regenwassernutzung Trennsysteme\",\"potentialAction\":[{\"@type\":\"SearchAction\",\"target\":{\"@type\":\"EntryPoint\",\"urlTemplate\":\"https:\/\/www.uwo-water.de\/?s={search_term_string}\"},\"query-input\":\"required name=search_term_string\"}],\"inLanguage\":\"en-GB\"}]}<\/script>\n<!-- \/ Yoast SEO plugin. -->","yoast_head_json":{"title":"Jolly Fontana Gartens\u00e4ule - Uwo Water GmbH","robots":{"index":"index","follow":"follow","max-snippet":"max-snippet:-1","max-image-preview":"max-image-preview:large","max-video-preview":"max-video-preview:-1"},"canonical":"https:\/\/www.uwo-water.de\/produkt\/garten-quadratsaeule-edelstahl\/","og_locale":"en_GB","og_type":"article","og_title":"[:de]Jolly Fontana Gartens\u00e4ule[:] - Uwo Water GmbH","og_description":"[:de]Jolly Fontana, Aluminium, Wasserhahn Anschluss 3\/4\u201c f\u00fcr Gartenschauch. H: 72 cm B:17 cm  Farben: Anthrazit, Violett, Orange, Blau, Kirschrot, Fuchsia, D\u00fcnkelgr\u00fcn, Sabbia  Bitte Farbcode bei der Bestellung angeben![:]","og_url":"https:\/\/www.uwo-water.de\/produkt\/garten-quadratsaeule-edelstahl\/","og_site_name":"Uwo Water GmbH","article_modified_time":"2026-03-10T08:59:00+00:00","og_image":[{"width":1716,"height":2330,"url":"https:\/\/www.uwo-water.de\/wp-content\/uploads\/2020\/03\/Fontana.jpg","type":"image\/jpeg"}],"twitter_card":"summary_large_image","schema":{"@context":"https:\/\/schema.org","@graph":[{"@type":"WebPage","@id":"https:\/\/www.uwo-water.de\/produkt\/garten-quadratsaeule-edelstahl\/","url":"https:\/\/www.uwo-water.de\/produkt\/garten-quadratsaeule-edelstahl\/","name":"[:de]Jolly Fontana Gartens\u00e4ule[:] - Uwo Water GmbH","isPartOf":{"@id":"https:\/\/www.uwo-water.de\/#website"},"datePublished":"2020-03-22T17:49:39+00:00","dateModified":"2026-03-10T08:59:00+00:00","breadcrumb":{"@id":"https:\/\/www.uwo-water.de\/produkt\/garten-quadratsaeule-edelstahl\/#breadcrumb"},"inLanguage":"en-GB","potentialAction":[{"@type":"ReadAction","target":["https:\/\/www.uwo-water.de\/produkt\/garten-quadratsaeule-edelstahl\/"]}]},{"@type":"BreadcrumbList","@id":"https:\/\/www.uwo-water.de\/produkt\/garten-quadratsaeule-edelstahl\/#breadcrumb","itemListElement":[{"@type":"ListItem","position":1,"name":"Startseite","item":"https:\/\/www.uwo-water.de\/"},{"@type":"ListItem","position":2,"name":"Shop","item":"https:\/\/www.uwo-water.de\/shop\/"},{"@type":"ListItem","position":3,"name":"Jolly Fontana Gartens\u00e4ule"}]},{"@type":"WebSite","@id":"https:\/\/www.uwo-water.de\/#website","url":"https:\/\/www.uwo-water.de\/","name":"Uwo Water GmbH","description":"Wassersysteme Regenwassernutzung Trennsysteme","potentialAction":[{"@type":"SearchAction","target":{"@type":"EntryPoint","urlTemplate":"https:\/\/www.uwo-water.de\/?s={search_term_string}"},"query-input":"required name=search_term_string"}],"inLanguage":"en-GB"}]}},"_links":{"self":[{"href":"https:\/\/www.uwo-water.de\/en\/wp-json\/wp\/v2\/product\/4564"}],"collection":[{"href":"https:\/\/www.uwo-water.de\/en\/wp-json\/wp\/v2\/product"}],"about":[{"href":"https:\/\/www.uwo-water.de\/en\/wp-json\/wp\/v2\/types\/product"}],"replies":[{"embeddable":true,"href":"https:\/\/www.uwo-water.de\/en\/wp-json\/wp\/v2\/comments?post=4564"}],"wp:featuredmedia":[{"embeddable":true,"href":"https:\/\/www.uwo-water.de\/en\/wp-json\/wp\/v2\/media\/4569"}],"wp:attachment":[{"href":"https:\/\/www.uwo-water.de\/en\/wp-json\/wp\/v2\/media?parent=4564"}],"wp:term":[{"taxonomy":"product_cat","embeddable":true,"href":"https:\/\/www.uwo-water.de\/en\/wp-json\/wp\/v2\/product_cat?post=4564"},{"taxonomy":"product_tag","embeddable":true,"href":"https:\/\/www.uwo-water.de\/en\/wp-json\/wp\/v2\/product_tag?post=4564"}],"curies":[{"name":"wp","href":"https:\/\/api.w.org\/{rel}","templated":true}]}}