{"id":4634,"date":"2020-03-25T21:40:57","date_gmt":"2020-03-25T20:40:57","guid":{"rendered":"https:\/\/www.uwo-water.de\/?post_type=product&#038;p=4634"},"modified":"2022-09-30T12:22:02","modified_gmt":"2022-09-30T10:22:02","slug":"uwo-schwan-schwimmende-ansaugung","status":"publish","type":"product","link":"https:\/\/www.uwo-water.de\/en\/produkt\/uwo-schwan-schwimmende-ansaugung\/","title":{"rendered":"UWO-Schwan (schwimmende Ansaugung)"},"content":{"rendered":"<p>UWO-Schwan<br \/>\nGeeignet f\u00fcr jeden Zisternentyp. Einbau im Regenwassertank zur Wasserent<br \/>\nnahme. Zum Ansaugen von Regenwasser aus Erdspeichern unterhalb der<br \/>\nWasseroberfl\u00e4che f\u00fcr die Haustechnik oder aus Teichen und Brunnen.<\/p>\n<p>Technische Daten:\u00a0 UWO-Schwan<\/p>\n<p>Super Heliflex Saugschlauch, Fu\u00dfventil Messing\/Edelstahl mit Schwimmerkugel, Anschlussverschraubung\u00a0 \u00dcM<\/p>\n<p>Konstruktion: PVC-BUNA-Saugschlauch mit innenliegender Hart-PVC-Spirale.Temperaturbereich: -40\u00b0C bis +60\u00b0CEigenschaften: Hochflexibler, formstabiler Saug- und Druckschlauch, ozon- und UV-fest, innen glatt.Best\u00e4ndigkeit: Siehe Best\u00e4ndigkeitsliste PVC.Farbe: Silbergrau mit wei\u00dfer Spirale, andere Farben auf Anfrage.flexibler PVC-BUNA-Saug- und Druckschlauch<\/p>\n<p>UWO-Schwan<br \/>\nSuper Heliflex Saugschlauch,<br \/>\nFu\u00dfventil mit Schwimmerkugel<br \/>\nAnschlussverschraubung<\/p>\n<p>Optional: Saugschlauch in allen L\u00e4ngen lieferbar<\/p>\n<p>&nbsp;<\/p>\n","protected":false},"excerpt":{"rendered":"<p>UWO-Schwan<\/p>\n<p>Zum Ansaugen von Regenwasser aus Erdspeichern unterhalb der<br \/>\nWasseroberfl\u00e4che f\u00fcr die Haustechnik oder aus Teichen und Brunnen.Geeignet f\u00fcr jeden Zisternentyp. Einbau im Regenwassertank zur Wasserent<br \/>\nnahme.<\/p>\n","protected":false},"featured_media":4638,"comment_status":"closed","ping_status":"closed","template":"","meta":{"_et_pb_use_builder":"","_et_pb_old_content":"","_et_gb_content_width":""},"product_cat":[80],"product_tag":[107],"yoast_head":"<!-- This site is optimized with the Yoast SEO plugin v19.14 - https:\/\/yoast.com\/wordpress\/plugins\/seo\/ -->\n<title>UWO-Schwan (schwimmende Ansaugung) - Uwo Water GmbH<\/title>\n<meta name=\"robots\" content=\"index, follow, max-snippet:-1, max-image-preview:large, max-video-preview:-1\" \/>\n<link rel=\"canonical\" href=\"https:\/\/www.uwo-water.de\/produkt\/uwo-schwan-schwimmende-ansaugung\/\" \/>\n<meta property=\"og:locale\" content=\"en_GB\" \/>\n<meta property=\"og:type\" content=\"article\" \/>\n<meta property=\"og:title\" content=\"UWO-Schwan (schwimmende Ansaugung)\" \/>\n<meta property=\"og:description\" content=\"UWO-Schwan  Zum Ansaugen von Regenwasser aus Erdspeichern unterhalb der Wasseroberfl\u00e4che f\u00fcr die Haustechnik oder aus Teichen und Brunnen.Geeignet f\u00fcr jeden Zisternentyp. Einbau im Regenwassertank zur Wasserent nahme.\" \/>\n<meta property=\"og:url\" content=\"https:\/\/www.uwo-water.de\/produkt\/uwo-schwan-schwimmende-ansaugung\/\" \/>\n<meta property=\"og:site_name\" content=\"Uwo Water GmbH\" \/>\n<meta property=\"article:modified_time\" content=\"2022-09-30T10:22:02+00:00\" \/>\n<meta property=\"og:image\" content=\"https:\/\/www.uwo-water.de\/wp-content\/uploads\/2020\/03\/Schwan_4c_farbret.png\" \/>\n\t<meta property=\"og:image:width\" content=\"448\" \/>\n\t<meta property=\"og:image:height\" content=\"309\" \/>\n\t<meta property=\"og:image:type\" content=\"image\/png\" \/>\n<meta name=\"twitter:card\" content=\"summary_large_image\" \/>\n<meta name=\"twitter:label1\" content=\"Estimated reading time\" \/>\n\t<meta name=\"twitter:data1\" content=\"1 minute\" \/>\n<script type=\"application\/ld+json\" class=\"yoast-schema-graph\">{\"@context\":\"https:\/\/schema.org\",\"@graph\":[{\"@type\":\"WebPage\",\"@id\":\"https:\/\/www.uwo-water.de\/produkt\/uwo-schwan-schwimmende-ansaugung\/\",\"url\":\"https:\/\/www.uwo-water.de\/produkt\/uwo-schwan-schwimmende-ansaugung\/\",\"name\":\"[:de]UWO-Schwan (schwimmende Ansaugung)[:] - Uwo Water GmbH\",\"isPartOf\":{\"@id\":\"https:\/\/www.uwo-water.de\/#website\"},\"datePublished\":\"2020-03-25T20:40:57+00:00\",\"dateModified\":\"2022-09-30T10:22:02+00:00\",\"breadcrumb\":{\"@id\":\"https:\/\/www.uwo-water.de\/produkt\/uwo-schwan-schwimmende-ansaugung\/#breadcrumb\"},\"inLanguage\":\"en-GB\",\"potentialAction\":[{\"@type\":\"ReadAction\",\"target\":[\"https:\/\/www.uwo-water.de\/produkt\/uwo-schwan-schwimmende-ansaugung\/\"]}]},{\"@type\":\"BreadcrumbList\",\"@id\":\"https:\/\/www.uwo-water.de\/produkt\/uwo-schwan-schwimmende-ansaugung\/#breadcrumb\",\"itemListElement\":[{\"@type\":\"ListItem\",\"position\":1,\"name\":\"Startseite\",\"item\":\"https:\/\/www.uwo-water.de\/\"},{\"@type\":\"ListItem\",\"position\":2,\"name\":\"Shop\",\"item\":\"https:\/\/www.uwo-water.de\/shop\/\"},{\"@type\":\"ListItem\",\"position\":3,\"name\":\"UWO-Schwan (schwimmende Ansaugung)\"}]},{\"@type\":\"WebSite\",\"@id\":\"https:\/\/www.uwo-water.de\/#website\",\"url\":\"https:\/\/www.uwo-water.de\/\",\"name\":\"Uwo Water GmbH\",\"description\":\"Wassersysteme Regenwassernutzung Trennsysteme\",\"potentialAction\":[{\"@type\":\"SearchAction\",\"target\":{\"@type\":\"EntryPoint\",\"urlTemplate\":\"https:\/\/www.uwo-water.de\/?s={search_term_string}\"},\"query-input\":\"required name=search_term_string\"}],\"inLanguage\":\"en-GB\"}]}<\/script>\n<!-- \/ Yoast SEO plugin. -->","yoast_head_json":{"title":"UWO-Schwan (schwimmende Ansaugung) - Uwo Water GmbH","robots":{"index":"index","follow":"follow","max-snippet":"max-snippet:-1","max-image-preview":"max-image-preview:large","max-video-preview":"max-video-preview:-1"},"canonical":"https:\/\/www.uwo-water.de\/produkt\/uwo-schwan-schwimmende-ansaugung\/","og_locale":"en_GB","og_type":"article","og_title":"[:de]UWO-Schwan (schwimmende Ansaugung)[:] - Uwo Water GmbH","og_description":"[:de]UWO-Schwan  Zum Ansaugen von Regenwasser aus Erdspeichern unterhalb der Wasseroberfl\u00e4che f\u00fcr die Haustechnik oder aus Teichen und Brunnen.Geeignet f\u00fcr jeden Zisternentyp. Einbau im Regenwassertank zur Wasserent nahme.[:]","og_url":"https:\/\/www.uwo-water.de\/produkt\/uwo-schwan-schwimmende-ansaugung\/","og_site_name":"Uwo Water GmbH","article_modified_time":"2022-09-30T10:22:02+00:00","og_image":[{"width":448,"height":309,"url":"https:\/\/www.uwo-water.de\/wp-content\/uploads\/2020\/03\/Schwan_4c_farbret.png","type":"image\/png"}],"twitter_card":"summary_large_image","twitter_misc":{"Estimated reading time":"1 minute"},"schema":{"@context":"https:\/\/schema.org","@graph":[{"@type":"WebPage","@id":"https:\/\/www.uwo-water.de\/produkt\/uwo-schwan-schwimmende-ansaugung\/","url":"https:\/\/www.uwo-water.de\/produkt\/uwo-schwan-schwimmende-ansaugung\/","name":"[:de]UWO-Schwan (schwimmende Ansaugung)[:] - Uwo Water GmbH","isPartOf":{"@id":"https:\/\/www.uwo-water.de\/#website"},"datePublished":"2020-03-25T20:40:57+00:00","dateModified":"2022-09-30T10:22:02+00:00","breadcrumb":{"@id":"https:\/\/www.uwo-water.de\/produkt\/uwo-schwan-schwimmende-ansaugung\/#breadcrumb"},"inLanguage":"en-GB","potentialAction":[{"@type":"ReadAction","target":["https:\/\/www.uwo-water.de\/produkt\/uwo-schwan-schwimmende-ansaugung\/"]}]},{"@type":"BreadcrumbList","@id":"https:\/\/www.uwo-water.de\/produkt\/uwo-schwan-schwimmende-ansaugung\/#breadcrumb","itemListElement":[{"@type":"ListItem","position":1,"name":"Startseite","item":"https:\/\/www.uwo-water.de\/"},{"@type":"ListItem","position":2,"name":"Shop","item":"https:\/\/www.uwo-water.de\/shop\/"},{"@type":"ListItem","position":3,"name":"UWO-Schwan (schwimmende Ansaugung)"}]},{"@type":"WebSite","@id":"https:\/\/www.uwo-water.de\/#website","url":"https:\/\/www.uwo-water.de\/","name":"Uwo Water GmbH","description":"Wassersysteme Regenwassernutzung Trennsysteme","potentialAction":[{"@type":"SearchAction","target":{"@type":"EntryPoint","urlTemplate":"https:\/\/www.uwo-water.de\/?s={search_term_string}"},"query-input":"required name=search_term_string"}],"inLanguage":"en-GB"}]}},"_links":{"self":[{"href":"https:\/\/www.uwo-water.de\/en\/wp-json\/wp\/v2\/product\/4634"}],"collection":[{"href":"https:\/\/www.uwo-water.de\/en\/wp-json\/wp\/v2\/product"}],"about":[{"href":"https:\/\/www.uwo-water.de\/en\/wp-json\/wp\/v2\/types\/product"}],"replies":[{"embeddable":true,"href":"https:\/\/www.uwo-water.de\/en\/wp-json\/wp\/v2\/comments?post=4634"}],"wp:featuredmedia":[{"embeddable":true,"href":"https:\/\/www.uwo-water.de\/en\/wp-json\/wp\/v2\/media\/4638"}],"wp:attachment":[{"href":"https:\/\/www.uwo-water.de\/en\/wp-json\/wp\/v2\/media?parent=4634"}],"wp:term":[{"taxonomy":"product_cat","embeddable":true,"href":"https:\/\/www.uwo-water.de\/en\/wp-json\/wp\/v2\/product_cat?post=4634"},{"taxonomy":"product_tag","embeddable":true,"href":"https:\/\/www.uwo-water.de\/en\/wp-json\/wp\/v2\/product_tag?post=4634"}],"curies":[{"name":"wp","href":"https:\/\/api.w.org\/{rel}","templated":true}]}}