{"id":4644,"date":"2020-03-30T16:12:45","date_gmt":"2020-03-30T14:12:45","guid":{"rendered":"https:\/\/www.uwo-water.de\/?post_type=product&#038;p=4644"},"modified":"2023-03-30T23:03:52","modified_gmt":"2023-03-30T21:03:52","slug":"uwo-rtmo-regenspeicher-2","status":"publish","type":"product","link":"https:\/\/www.uwo-water.de\/en\/produkt\/uwo-rtmo-regenspeicher-2\/","title":{"rendered":"UWO-RTMO-Regenwasser-Erdspeicher"},"content":{"rendered":"<div class=\"productinfo_introduction\">\n<p><strong>UWO-RTMO <\/strong><\/p>\n<p>Die Au\u00dfenh\u00fclle Ihres Regenspeichers muss sehr stabil sein, damit Sie sich auch nach Jahren noch darauf verlassen k\u00f6nnen. Bei manchen Billigtanks w\u00e4ren wir uns da allerdings nicht so sicher. Vertrauen Sie lieber auf 100 Jahre Erfahrung: Die Erdtanks von Speidel sind beruhigend dickwandig und stabil. Daher k\u00f6nnen wir das auch guten Gewissens 25 Jahre lang gew\u00e4hrleisten.<\/p>\n<\/div>\n<div class=\"productinfo_description\">\n<p><strong>H\u00e4lt dicht<\/strong> Im Rotationsverfahren ohne Schwei\u00dfnaht aus einem St\u00fcck hergestellt<\/p>\n<p><strong>Deckel drauf\u00a0\u00a0 <\/strong>Verschraubbarer Tankdeckel, doppelwandig isoliert und mit Kindersicherung aus Edelstahl<\/p>\n<p><strong>Oval office\u00a0\u00a0 <\/strong>Gro\u00dfer, ovaler Mannlochdom f\u00fcr bequemen Abstieg \u2013 sogar bei eingebauter Filtertechnik<\/p>\n<p><strong>Neuester Stand\u00a0\u00a0 <\/strong>F\u00fc\u00dfe und Planfl\u00e4chen zur Verbindung mehrerer Tanks f\u00fcr Anschluss DN 50<\/p>\n<p><strong>Rundherum gut\u00a0\u00a0 <\/strong>Zwei Kran\u00f6sen und vier Tragegriffe zum einfachen Transport und Handling.<\/p>\n<p>Gr\u00f6\u00dfen von 2000l. &#8211; 10.000l.<\/p>\n<\/div>\n<p>&nbsp;<\/p>\n<p>&nbsp;<\/p>\n<p>&nbsp;<\/p>\n","protected":false},"excerpt":{"rendered":"<p>RTMO Regenwasser-Erdspeicher<\/p>\n<p>Die unverw\u00fcstlichen Erdtanks von Speidel sind aus hochwertigem, lebensmittelechtem PE-Kunststoff hergestellt und somit trinkwassertauglich. Massive Verst\u00e4rkungsrippen und die dicksten W\u00e4nde aller PE-Regentanks machen diese Zisternen \u00e4u\u00dferst robust und formstabil. Den Erdspeicher RTMO gibt es von 2000 Liter bis 10000 Liter Inhalt,<\/p>\n","protected":false},"featured_media":2641,"comment_status":"closed","ping_status":"closed","template":"","meta":{"_et_pb_use_builder":"","_et_pb_old_content":"","_et_gb_content_width":""},"product_cat":[149],"product_tag":[159,162,160,157,161,158],"yoast_head":"<!-- This site is optimized with the Yoast SEO plugin v19.14 - https:\/\/yoast.com\/wordpress\/plugins\/seo\/ -->\n<title>UWO-RTMO-Regenwasser-Erdspeicher - Uwo Water GmbH<\/title>\n<meta name=\"robots\" content=\"index, follow, max-snippet:-1, max-image-preview:large, max-video-preview:-1\" \/>\n<link rel=\"canonical\" href=\"https:\/\/www.uwo-water.de\/en\/produkt\/uwo-rtmo-regenspeicher-2\/\" \/>\n<meta property=\"og:locale\" content=\"en_GB\" \/>\n<meta property=\"og:type\" content=\"article\" \/>\n<meta property=\"og:title\" content=\"UWO-RTMO-Regenwasser-Erdspeicher\" \/>\n<meta property=\"og:description\" content=\"RTMO Regenwasser-Erdspeicher  Die unverw\u00fcstlichen Erdtanks von Speidel sind aus hochwertigem, lebensmittelechtem PE-Kunststoff hergestellt und somit trinkwassertauglich. Massive Verst\u00e4rkungsrippen und die dicksten W\u00e4nde aller PE-Regentanks machen diese Zisternen \u00e4u\u00dferst robust und formstabil. Den Erdspeicher RTMO gibt es von 2000 Liter bis 10000 Liter Inhalt,\" \/>\n<meta property=\"og:url\" content=\"https:\/\/www.uwo-water.de\/en\/produkt\/uwo-rtmo-regenspeicher-2\/\" \/>\n<meta property=\"og:site_name\" content=\"Uwo Water GmbH\" \/>\n<meta property=\"article:modified_time\" content=\"2023-03-30T21:03:52+00:00\" \/>\n<meta property=\"og:image\" content=\"https:\/\/www.uwo-water.de\/wp-content\/uploads\/2019\/01\/5000l_003_frei_01.jpg\" \/>\n\t<meta property=\"og:image:width\" content=\"2144\" \/>\n\t<meta property=\"og:image:height\" content=\"2106\" \/>\n\t<meta property=\"og:image:type\" content=\"image\/jpeg\" \/>\n<meta name=\"twitter:card\" content=\"summary_large_image\" \/>\n<meta name=\"twitter:label1\" content=\"Estimated reading time\" \/>\n\t<meta name=\"twitter:data1\" content=\"1 minute\" \/>\n<script type=\"application\/ld+json\" class=\"yoast-schema-graph\">{\"@context\":\"https:\/\/schema.org\",\"@graph\":[{\"@type\":\"WebPage\",\"@id\":\"https:\/\/www.uwo-water.de\/en\/produkt\/uwo-rtmo-regenspeicher-2\/\",\"url\":\"https:\/\/www.uwo-water.de\/en\/produkt\/uwo-rtmo-regenspeicher-2\/\",\"name\":\"[:de]UWO-RTMO-Regenwasser-Erdspeicher[:] - Uwo Water GmbH\",\"isPartOf\":{\"@id\":\"https:\/\/www.uwo-water.de\/#website\"},\"datePublished\":\"2020-03-30T14:12:45+00:00\",\"dateModified\":\"2023-03-30T21:03:52+00:00\",\"breadcrumb\":{\"@id\":\"https:\/\/www.uwo-water.de\/en\/produkt\/uwo-rtmo-regenspeicher-2\/#breadcrumb\"},\"inLanguage\":\"en-GB\",\"potentialAction\":[{\"@type\":\"ReadAction\",\"target\":[\"https:\/\/www.uwo-water.de\/en\/produkt\/uwo-rtmo-regenspeicher-2\/\"]}]},{\"@type\":\"BreadcrumbList\",\"@id\":\"https:\/\/www.uwo-water.de\/en\/produkt\/uwo-rtmo-regenspeicher-2\/#breadcrumb\",\"itemListElement\":[{\"@type\":\"ListItem\",\"position\":1,\"name\":\"Startseite\",\"item\":\"https:\/\/www.uwo-water.de\/\"},{\"@type\":\"ListItem\",\"position\":2,\"name\":\"Shop\",\"item\":\"https:\/\/www.uwo-water.de\/shop\/\"},{\"@type\":\"ListItem\",\"position\":3,\"name\":\"UWO-RTMO-Regenwasser-Erdspeicher\"}]},{\"@type\":\"WebSite\",\"@id\":\"https:\/\/www.uwo-water.de\/#website\",\"url\":\"https:\/\/www.uwo-water.de\/\",\"name\":\"Uwo Water GmbH\",\"description\":\"Wassersysteme Regenwassernutzung Trennsysteme\",\"potentialAction\":[{\"@type\":\"SearchAction\",\"target\":{\"@type\":\"EntryPoint\",\"urlTemplate\":\"https:\/\/www.uwo-water.de\/?s={search_term_string}\"},\"query-input\":\"required name=search_term_string\"}],\"inLanguage\":\"en-GB\"}]}<\/script>\n<!-- \/ Yoast SEO plugin. -->","yoast_head_json":{"title":"UWO-RTMO-Regenwasser-Erdspeicher - Uwo Water GmbH","robots":{"index":"index","follow":"follow","max-snippet":"max-snippet:-1","max-image-preview":"max-image-preview:large","max-video-preview":"max-video-preview:-1"},"canonical":"https:\/\/www.uwo-water.de\/en\/produkt\/uwo-rtmo-regenspeicher-2\/","og_locale":"en_GB","og_type":"article","og_title":"[:de]UWO-RTMO-Regenwasser-Erdspeicher[:] - Uwo Water GmbH","og_description":"[:de]RTMO Regenwasser-Erdspeicher  Die unverw\u00fcstlichen Erdtanks von Speidel sind aus hochwertigem, lebensmittelechtem PE-Kunststoff hergestellt und somit trinkwassertauglich. Massive Verst\u00e4rkungsrippen und die dicksten W\u00e4nde aller PE-Regentanks machen diese Zisternen \u00e4u\u00dferst robust und formstabil. Den Erdspeicher RTMO gibt es von 2000 Liter bis 10000 Liter Inhalt,[:]","og_url":"https:\/\/www.uwo-water.de\/en\/produkt\/uwo-rtmo-regenspeicher-2\/","og_site_name":"Uwo Water GmbH","article_modified_time":"2023-03-30T21:03:52+00:00","og_image":[{"width":2144,"height":2106,"url":"https:\/\/www.uwo-water.de\/wp-content\/uploads\/2019\/01\/5000l_003_frei_01.jpg","type":"image\/jpeg"}],"twitter_card":"summary_large_image","twitter_misc":{"Estimated reading time":"1 minute"},"schema":{"@context":"https:\/\/schema.org","@graph":[{"@type":"WebPage","@id":"https:\/\/www.uwo-water.de\/en\/produkt\/uwo-rtmo-regenspeicher-2\/","url":"https:\/\/www.uwo-water.de\/en\/produkt\/uwo-rtmo-regenspeicher-2\/","name":"[:de]UWO-RTMO-Regenwasser-Erdspeicher[:] - Uwo Water GmbH","isPartOf":{"@id":"https:\/\/www.uwo-water.de\/#website"},"datePublished":"2020-03-30T14:12:45+00:00","dateModified":"2023-03-30T21:03:52+00:00","breadcrumb":{"@id":"https:\/\/www.uwo-water.de\/en\/produkt\/uwo-rtmo-regenspeicher-2\/#breadcrumb"},"inLanguage":"en-GB","potentialAction":[{"@type":"ReadAction","target":["https:\/\/www.uwo-water.de\/en\/produkt\/uwo-rtmo-regenspeicher-2\/"]}]},{"@type":"BreadcrumbList","@id":"https:\/\/www.uwo-water.de\/en\/produkt\/uwo-rtmo-regenspeicher-2\/#breadcrumb","itemListElement":[{"@type":"ListItem","position":1,"name":"Startseite","item":"https:\/\/www.uwo-water.de\/"},{"@type":"ListItem","position":2,"name":"Shop","item":"https:\/\/www.uwo-water.de\/shop\/"},{"@type":"ListItem","position":3,"name":"UWO-RTMO-Regenwasser-Erdspeicher"}]},{"@type":"WebSite","@id":"https:\/\/www.uwo-water.de\/#website","url":"https:\/\/www.uwo-water.de\/","name":"Uwo Water GmbH","description":"Wassersysteme Regenwassernutzung Trennsysteme","potentialAction":[{"@type":"SearchAction","target":{"@type":"EntryPoint","urlTemplate":"https:\/\/www.uwo-water.de\/?s={search_term_string}"},"query-input":"required name=search_term_string"}],"inLanguage":"en-GB"}]}},"_links":{"self":[{"href":"https:\/\/www.uwo-water.de\/en\/wp-json\/wp\/v2\/product\/4644"}],"collection":[{"href":"https:\/\/www.uwo-water.de\/en\/wp-json\/wp\/v2\/product"}],"about":[{"href":"https:\/\/www.uwo-water.de\/en\/wp-json\/wp\/v2\/types\/product"}],"replies":[{"embeddable":true,"href":"https:\/\/www.uwo-water.de\/en\/wp-json\/wp\/v2\/comments?post=4644"}],"wp:featuredmedia":[{"embeddable":true,"href":"https:\/\/www.uwo-water.de\/en\/wp-json\/wp\/v2\/media\/2641"}],"wp:attachment":[{"href":"https:\/\/www.uwo-water.de\/en\/wp-json\/wp\/v2\/media?parent=4644"}],"wp:term":[{"taxonomy":"product_cat","embeddable":true,"href":"https:\/\/www.uwo-water.de\/en\/wp-json\/wp\/v2\/product_cat?post=4644"},{"taxonomy":"product_tag","embeddable":true,"href":"https:\/\/www.uwo-water.de\/en\/wp-json\/wp\/v2\/product_tag?post=4644"}],"curies":[{"name":"wp","href":"https:\/\/api.w.org\/{rel}","templated":true}]}}