{"id":5326,"date":"2022-09-30T11:14:49","date_gmt":"2022-09-30T09:14:49","guid":{"rendered":"https:\/\/www.uwo-water.de\/?post_type=product&#038;p=5326"},"modified":"2023-03-30T22:51:22","modified_gmt":"2023-03-30T20:51:22","slug":"uwo-variable-saugleitung-vsgl","status":"publish","type":"product","link":"https:\/\/www.uwo-water.de\/en\/produkt\/uwo-variable-saugleitung-vsgl\/","title":{"rendered":"Schwimmk\u00f6rper f\u00fcr UWO-Water Variable Saugleitung (VSGL)"},"content":{"rendered":"<p><strong>Schwimmk\u00f6rper f\u00fcr UWO-VSGL Variable Saugleitung<br \/>\n<\/strong><\/p>\n<p><strong>Anwendung:<\/strong><br \/>\nUWO-Variable Saugleitung (VSGL)<br \/>\nEinbau im Regenwassertank zur Entnahme von<br \/>\nRegenwasser aus dem Regenwasserspeicher. Der Schwimmk\u00f6rper ist mit einem F\u00fchrungsrohr fixiert und bewegt sich<br \/>\nan diesem, mit dem Wasserstand, auf und ab. Des weiteren verhindert die<br \/>\nF\u00fchrung, dass der Schwimmk\u00f6rper den \u00dcberlauf beim \u00dcberlaufen des<br \/>\nSpeichers nicht blockiert und der Schwimm schmutz richtig ausgeschw\u00e4mmt<br \/>\nwerden kann. Durch die Auflaufbegrenzung wird verhindert, dass die Entnahmeleitung<br \/>\nbis in das Bodensediment absinkt und die Pumpe dieses ansaugt.<\/p>\n<p>Anwendungsvorteile<br \/>\nwartungsarm<br \/>\neinfache Montage<br \/>\nWasserentnahme ca. 15 cm unter der Wasseroberfl\u00e4che,<br \/>\nim Bereich mit der besten Wasserqualit\u00e4t. Kein Umherschwimmen<br \/>\ndes Schwimmk\u00f6rpers<br \/>\nkein Absinken des Schwimmers auf den Tankboden<br \/>\nideal in Verbindung mit dem UWO-Rewamat, Combimat, Matrix<br \/>\nMontageplatz des Sensors der UWO-Rewamatik<\/p>\n<p>&nbsp;<\/p>\n","protected":false},"excerpt":{"rendered":"<p>Schwimmk\u00f6rper f\u00fcr UWO-Variable Saugleitung (VSGL) ohne Fu\u00dfverntil, ohne Saugschlauch.<\/p>\n","protected":false},"featured_media":1747,"comment_status":"open","ping_status":"closed","template":"","meta":{"_et_pb_use_builder":"","_et_pb_old_content":"","_et_gb_content_width":""},"product_cat":[83,80],"product_tag":[151,150,107,152,153],"yoast_head":"<!-- This site is optimized with the Yoast SEO plugin v19.14 - https:\/\/yoast.com\/wordpress\/plugins\/seo\/ -->\n<title>Schwimmk\u00f6rper f\u00fcr UWO-Water Variable Saugleitung (VSGL) - Uwo Water GmbH<\/title>\n<meta name=\"robots\" content=\"index, follow, max-snippet:-1, max-image-preview:large, max-video-preview:-1\" \/>\n<link rel=\"canonical\" href=\"https:\/\/www.uwo-water.de\/produkt\/uwo-variable-saugleitung-vsgl\/\" \/>\n<meta property=\"og:locale\" content=\"en_GB\" \/>\n<meta property=\"og:type\" content=\"article\" \/>\n<meta property=\"og:title\" content=\"Schwimmk\u00f6rper f\u00fcr UWO-Water Variable Saugleitung (VSGL)\" \/>\n<meta property=\"og:description\" content=\"Schwimmk\u00f6rper f\u00fcr UWO-Variable Saugleitung (VSGL) ohne Fu\u00dfverntil, ohne Saugschlauch.\" \/>\n<meta property=\"og:url\" content=\"https:\/\/www.uwo-water.de\/produkt\/uwo-variable-saugleitung-vsgl\/\" \/>\n<meta property=\"og:site_name\" content=\"Uwo Water GmbH\" \/>\n<meta property=\"article:modified_time\" content=\"2023-03-30T20:51:22+00:00\" \/>\n<meta property=\"og:image\" content=\"https:\/\/www.uwo-water.de\/wp-content\/uploads\/2018\/11\/image_2006_asp_seite_10_bild_0004_1-e1555448067407.jpg\" \/>\n\t<meta property=\"og:image:width\" content=\"283\" \/>\n\t<meta property=\"og:image:height\" content=\"304\" \/>\n\t<meta property=\"og:image:type\" content=\"image\/jpeg\" \/>\n<meta name=\"twitter:card\" content=\"summary_large_image\" \/>\n<meta name=\"twitter:label1\" content=\"Estimated reading time\" \/>\n\t<meta name=\"twitter:data1\" content=\"1 minute\" \/>\n<script type=\"application\/ld+json\" class=\"yoast-schema-graph\">{\"@context\":\"https:\/\/schema.org\",\"@graph\":[{\"@type\":\"WebPage\",\"@id\":\"https:\/\/www.uwo-water.de\/produkt\/uwo-variable-saugleitung-vsgl\/\",\"url\":\"https:\/\/www.uwo-water.de\/produkt\/uwo-variable-saugleitung-vsgl\/\",\"name\":\"[:de]Schwimmk\u00f6rper f\u00fcr UWO-Water Variable Saugleitung (VSGL)[:] - Uwo Water GmbH\",\"isPartOf\":{\"@id\":\"https:\/\/www.uwo-water.de\/#website\"},\"datePublished\":\"2022-09-30T09:14:49+00:00\",\"dateModified\":\"2023-03-30T20:51:22+00:00\",\"breadcrumb\":{\"@id\":\"https:\/\/www.uwo-water.de\/produkt\/uwo-variable-saugleitung-vsgl\/#breadcrumb\"},\"inLanguage\":\"en-GB\",\"potentialAction\":[{\"@type\":\"ReadAction\",\"target\":[\"https:\/\/www.uwo-water.de\/produkt\/uwo-variable-saugleitung-vsgl\/\"]}]},{\"@type\":\"BreadcrumbList\",\"@id\":\"https:\/\/www.uwo-water.de\/produkt\/uwo-variable-saugleitung-vsgl\/#breadcrumb\",\"itemListElement\":[{\"@type\":\"ListItem\",\"position\":1,\"name\":\"Startseite\",\"item\":\"https:\/\/www.uwo-water.de\/\"},{\"@type\":\"ListItem\",\"position\":2,\"name\":\"Shop\",\"item\":\"https:\/\/www.uwo-water.de\/shop\/\"},{\"@type\":\"ListItem\",\"position\":3,\"name\":\"Schwimmk\u00f6rper f\u00fcr UWO-Water Variable Saugleitung (VSGL)\"}]},{\"@type\":\"WebSite\",\"@id\":\"https:\/\/www.uwo-water.de\/#website\",\"url\":\"https:\/\/www.uwo-water.de\/\",\"name\":\"Uwo Water GmbH\",\"description\":\"Wassersysteme Regenwassernutzung Trennsysteme\",\"potentialAction\":[{\"@type\":\"SearchAction\",\"target\":{\"@type\":\"EntryPoint\",\"urlTemplate\":\"https:\/\/www.uwo-water.de\/?s={search_term_string}\"},\"query-input\":\"required name=search_term_string\"}],\"inLanguage\":\"en-GB\"}]}<\/script>\n<!-- \/ Yoast SEO plugin. -->","yoast_head_json":{"title":"Schwimmk\u00f6rper f\u00fcr UWO-Water Variable Saugleitung (VSGL) - Uwo Water GmbH","robots":{"index":"index","follow":"follow","max-snippet":"max-snippet:-1","max-image-preview":"max-image-preview:large","max-video-preview":"max-video-preview:-1"},"canonical":"https:\/\/www.uwo-water.de\/produkt\/uwo-variable-saugleitung-vsgl\/","og_locale":"en_GB","og_type":"article","og_title":"[:de]Schwimmk\u00f6rper f\u00fcr UWO-Water Variable Saugleitung (VSGL)[:] - Uwo Water GmbH","og_description":"[:de]Schwimmk\u00f6rper f\u00fcr UWO-Variable Saugleitung (VSGL) ohne Fu\u00dfverntil, ohne Saugschlauch.[:]","og_url":"https:\/\/www.uwo-water.de\/produkt\/uwo-variable-saugleitung-vsgl\/","og_site_name":"Uwo Water GmbH","article_modified_time":"2023-03-30T20:51:22+00:00","og_image":[{"width":283,"height":304,"url":"https:\/\/www.uwo-water.de\/wp-content\/uploads\/2018\/11\/image_2006_asp_seite_10_bild_0004_1-e1555448067407.jpg","type":"image\/jpeg"}],"twitter_card":"summary_large_image","twitter_misc":{"Estimated reading time":"1 minute"},"schema":{"@context":"https:\/\/schema.org","@graph":[{"@type":"WebPage","@id":"https:\/\/www.uwo-water.de\/produkt\/uwo-variable-saugleitung-vsgl\/","url":"https:\/\/www.uwo-water.de\/produkt\/uwo-variable-saugleitung-vsgl\/","name":"[:de]Schwimmk\u00f6rper f\u00fcr UWO-Water Variable Saugleitung (VSGL)[:] - Uwo Water GmbH","isPartOf":{"@id":"https:\/\/www.uwo-water.de\/#website"},"datePublished":"2022-09-30T09:14:49+00:00","dateModified":"2023-03-30T20:51:22+00:00","breadcrumb":{"@id":"https:\/\/www.uwo-water.de\/produkt\/uwo-variable-saugleitung-vsgl\/#breadcrumb"},"inLanguage":"en-GB","potentialAction":[{"@type":"ReadAction","target":["https:\/\/www.uwo-water.de\/produkt\/uwo-variable-saugleitung-vsgl\/"]}]},{"@type":"BreadcrumbList","@id":"https:\/\/www.uwo-water.de\/produkt\/uwo-variable-saugleitung-vsgl\/#breadcrumb","itemListElement":[{"@type":"ListItem","position":1,"name":"Startseite","item":"https:\/\/www.uwo-water.de\/"},{"@type":"ListItem","position":2,"name":"Shop","item":"https:\/\/www.uwo-water.de\/shop\/"},{"@type":"ListItem","position":3,"name":"Schwimmk\u00f6rper f\u00fcr UWO-Water Variable Saugleitung (VSGL)"}]},{"@type":"WebSite","@id":"https:\/\/www.uwo-water.de\/#website","url":"https:\/\/www.uwo-water.de\/","name":"Uwo Water GmbH","description":"Wassersysteme Regenwassernutzung Trennsysteme","potentialAction":[{"@type":"SearchAction","target":{"@type":"EntryPoint","urlTemplate":"https:\/\/www.uwo-water.de\/?s={search_term_string}"},"query-input":"required name=search_term_string"}],"inLanguage":"en-GB"}]}},"_links":{"self":[{"href":"https:\/\/www.uwo-water.de\/en\/wp-json\/wp\/v2\/product\/5326"}],"collection":[{"href":"https:\/\/www.uwo-water.de\/en\/wp-json\/wp\/v2\/product"}],"about":[{"href":"https:\/\/www.uwo-water.de\/en\/wp-json\/wp\/v2\/types\/product"}],"replies":[{"embeddable":true,"href":"https:\/\/www.uwo-water.de\/en\/wp-json\/wp\/v2\/comments?post=5326"}],"wp:featuredmedia":[{"embeddable":true,"href":"https:\/\/www.uwo-water.de\/en\/wp-json\/wp\/v2\/media\/1747"}],"wp:attachment":[{"href":"https:\/\/www.uwo-water.de\/en\/wp-json\/wp\/v2\/media?parent=5326"}],"wp:term":[{"taxonomy":"product_cat","embeddable":true,"href":"https:\/\/www.uwo-water.de\/en\/wp-json\/wp\/v2\/product_cat?post=5326"},{"taxonomy":"product_tag","embeddable":true,"href":"https:\/\/www.uwo-water.de\/en\/wp-json\/wp\/v2\/product_tag?post=5326"}],"curies":[{"name":"wp","href":"https:\/\/api.w.org\/{rel}","templated":true}]}}