{"id":5718,"date":"2023-11-24T09:24:07","date_gmt":"2023-11-24T08:24:07","guid":{"rendered":"https:\/\/www.uwo-water.de\/?post_type=product&#038;p=5718"},"modified":"2024-02-02T08:59:06","modified_gmt":"2024-02-02T07:59:06","slug":"uwo-rewamatic-steuerung-fuer-uwo-regenwassermanager","status":"publish","type":"product","link":"https:\/\/www.uwo-water.de\/en\/produkt\/uwo-rewamatic-steuerung-fuer-uwo-regenwassermanager\/","title":{"rendered":"UWO-Rewamatic-Steuerung-f\u00fcr-UWO-Regenwassermanager"},"content":{"rendered":"<p>UWO-Rewamatic, Digitale Steuerung f\u00fcr UWO-Regenwasserversorgungsmanager wie UWO-Matrix, Rewamat, ASP-RI, Combimat<\/p>\n<p><a href=\"https:\/\/www.uwo-water.de\/wp-content\/uploads\/2023\/11\/RewamatikV-funktion.pdf\">RewamatikV funktion<\/a><\/p>\n","protected":false},"excerpt":{"rendered":"<p>Die Rewamatic \u00fcberwacht  mittels einem<br \/>\nSensor die Zisterne. Registriert der Sensor der<br \/>\nelektronischen Steuerung Wassermangel in dem Regenwasserspeicher, wird der<br \/>\nTrinkwasserzulauf ge\u00f6ffnet und Trinkwasser flie\u00dft \u00fcber den Nachspeisebeh\u00e4lter<br \/>\ndirekt im Geb\u00e4ude in die Saugleitung der Pumpe. Zur Vermeidung von Stagnation in<br \/>\nder Trinkwasserzuleitung und in dem Nachspeisebeh\u00e4lter wird die<br \/>\nTrinkwassernachspeisung alle vier Wochen f\u00fcr ca. 3-4 Minuten Pumpenlaufzeit<br \/>\naktiviert. Sensoren  20\/40m nicht im Umfang enthalten.<\/p>\n","protected":false},"featured_media":5778,"comment_status":"closed","ping_status":"closed","template":"","meta":{"_et_pb_use_builder":"","_et_pb_old_content":"","_et_gb_content_width":""},"product_cat":[83,81],"product_tag":[127,126,123,125,124,128,103],"yoast_head":"<!-- This site is optimized with the Yoast SEO plugin v19.14 - https:\/\/yoast.com\/wordpress\/plugins\/seo\/ -->\n<title>UWO-Rewamatic-Steuerung-f\u00fcr-UWO-Regenwassermanager - Uwo Water GmbH<\/title>\n<meta name=\"robots\" content=\"index, follow, max-snippet:-1, max-image-preview:large, max-video-preview:-1\" \/>\n<link rel=\"canonical\" href=\"https:\/\/www.uwo-water.de\/produkt\/uwo-rewamatic-steuerung-fuer-uwo-regenwassermanager\/\" \/>\n<meta property=\"og:locale\" content=\"en_GB\" \/>\n<meta property=\"og:type\" content=\"article\" \/>\n<meta property=\"og:title\" content=\"UWO-Rewamatic-Steuerung-f\u00fcr-UWO-Regenwassermanager\" \/>\n<meta property=\"og:description\" content=\"Die Rewamatic \u00fcberwacht mittels einem Sensor die Zisterne. Registriert der Sensor der elektronischen Steuerung Wassermangel in dem Regenwasserspeicher, wird der Trinkwasserzulauf ge\u00f6ffnet und Trinkwasser flie\u00dft \u00fcber den Nachspeisebeh\u00e4lter direkt im Geb\u00e4ude in die Saugleitung der Pumpe. Zur Vermeidung von Stagnation in der Trinkwasserzuleitung und in dem Nachspeisebeh\u00e4lter wird die Trinkwassernachspeisung alle vier Wochen f\u00fcr ca. 3-4 Minuten Pumpenlaufzeit aktiviert. Sensoren 20\/40m nicht im Umfang enthalten.\" \/>\n<meta property=\"og:url\" content=\"https:\/\/www.uwo-water.de\/produkt\/uwo-rewamatic-steuerung-fuer-uwo-regenwassermanager\/\" \/>\n<meta property=\"og:site_name\" content=\"Uwo Water GmbH\" \/>\n<meta property=\"article:modified_time\" content=\"2024-02-02T07:59:06+00:00\" \/>\n<meta property=\"og:image\" content=\"https:\/\/www.uwo-water.de\/wp-content\/uploads\/2023\/11\/Rewamatik-V.jpg\" \/>\n\t<meta property=\"og:image:width\" content=\"1400\" \/>\n\t<meta property=\"og:image:height\" content=\"846\" \/>\n\t<meta property=\"og:image:type\" content=\"image\/jpeg\" \/>\n<meta name=\"twitter:card\" content=\"summary_large_image\" \/>\n<meta name=\"twitter:label1\" content=\"Estimated reading time\" \/>\n\t<meta name=\"twitter:data1\" content=\"1 minute\" \/>\n<script type=\"application\/ld+json\" class=\"yoast-schema-graph\">{\"@context\":\"https:\/\/schema.org\",\"@graph\":[{\"@type\":\"WebPage\",\"@id\":\"https:\/\/www.uwo-water.de\/produkt\/uwo-rewamatic-steuerung-fuer-uwo-regenwassermanager\/\",\"url\":\"https:\/\/www.uwo-water.de\/produkt\/uwo-rewamatic-steuerung-fuer-uwo-regenwassermanager\/\",\"name\":\"[:de]UWO-Rewamatic-Steuerung-f\u00fcr-UWO-Regenwassermanager[:] - Uwo Water GmbH\",\"isPartOf\":{\"@id\":\"https:\/\/www.uwo-water.de\/#website\"},\"datePublished\":\"2023-11-24T08:24:07+00:00\",\"dateModified\":\"2024-02-02T07:59:06+00:00\",\"breadcrumb\":{\"@id\":\"https:\/\/www.uwo-water.de\/produkt\/uwo-rewamatic-steuerung-fuer-uwo-regenwassermanager\/#breadcrumb\"},\"inLanguage\":\"en-GB\",\"potentialAction\":[{\"@type\":\"ReadAction\",\"target\":[\"https:\/\/www.uwo-water.de\/produkt\/uwo-rewamatic-steuerung-fuer-uwo-regenwassermanager\/\"]}]},{\"@type\":\"BreadcrumbList\",\"@id\":\"https:\/\/www.uwo-water.de\/produkt\/uwo-rewamatic-steuerung-fuer-uwo-regenwassermanager\/#breadcrumb\",\"itemListElement\":[{\"@type\":\"ListItem\",\"position\":1,\"name\":\"Startseite\",\"item\":\"https:\/\/www.uwo-water.de\/\"},{\"@type\":\"ListItem\",\"position\":2,\"name\":\"Shop\",\"item\":\"https:\/\/www.uwo-water.de\/shop\/\"},{\"@type\":\"ListItem\",\"position\":3,\"name\":\"UWO-Rewamatic-Steuerung-f\u00fcr-UWO-Regenwassermanager\"}]},{\"@type\":\"WebSite\",\"@id\":\"https:\/\/www.uwo-water.de\/#website\",\"url\":\"https:\/\/www.uwo-water.de\/\",\"name\":\"Uwo Water GmbH\",\"description\":\"Wassersysteme Regenwassernutzung Trennsysteme\",\"potentialAction\":[{\"@type\":\"SearchAction\",\"target\":{\"@type\":\"EntryPoint\",\"urlTemplate\":\"https:\/\/www.uwo-water.de\/?s={search_term_string}\"},\"query-input\":\"required name=search_term_string\"}],\"inLanguage\":\"en-GB\"}]}<\/script>\n<!-- \/ Yoast SEO plugin. -->","yoast_head_json":{"title":"UWO-Rewamatic-Steuerung-f\u00fcr-UWO-Regenwassermanager - Uwo Water GmbH","robots":{"index":"index","follow":"follow","max-snippet":"max-snippet:-1","max-image-preview":"max-image-preview:large","max-video-preview":"max-video-preview:-1"},"canonical":"https:\/\/www.uwo-water.de\/produkt\/uwo-rewamatic-steuerung-fuer-uwo-regenwassermanager\/","og_locale":"en_GB","og_type":"article","og_title":"[:de]UWO-Rewamatic-Steuerung-f\u00fcr-UWO-Regenwassermanager[:] - Uwo Water GmbH","og_description":"[:de]Die Rewamatic \u00fcberwacht mittels einem Sensor die Zisterne. Registriert der Sensor der elektronischen Steuerung Wassermangel in dem Regenwasserspeicher, wird der Trinkwasserzulauf ge\u00f6ffnet und Trinkwasser flie\u00dft \u00fcber den Nachspeisebeh\u00e4lter direkt im Geb\u00e4ude in die Saugleitung der Pumpe. Zur Vermeidung von Stagnation in der Trinkwasserzuleitung und in dem Nachspeisebeh\u00e4lter wird die Trinkwassernachspeisung alle vier Wochen f\u00fcr ca. 3-4 Minuten Pumpenlaufzeit aktiviert. Sensoren 20\/40m nicht im Umfang enthalten.[:]","og_url":"https:\/\/www.uwo-water.de\/produkt\/uwo-rewamatic-steuerung-fuer-uwo-regenwassermanager\/","og_site_name":"Uwo Water GmbH","article_modified_time":"2024-02-02T07:59:06+00:00","og_image":[{"width":1400,"height":846,"url":"https:\/\/www.uwo-water.de\/wp-content\/uploads\/2023\/11\/Rewamatik-V.jpg","type":"image\/jpeg"}],"twitter_card":"summary_large_image","twitter_misc":{"Estimated reading time":"1 minute"},"schema":{"@context":"https:\/\/schema.org","@graph":[{"@type":"WebPage","@id":"https:\/\/www.uwo-water.de\/produkt\/uwo-rewamatic-steuerung-fuer-uwo-regenwassermanager\/","url":"https:\/\/www.uwo-water.de\/produkt\/uwo-rewamatic-steuerung-fuer-uwo-regenwassermanager\/","name":"[:de]UWO-Rewamatic-Steuerung-f\u00fcr-UWO-Regenwassermanager[:] - Uwo Water GmbH","isPartOf":{"@id":"https:\/\/www.uwo-water.de\/#website"},"datePublished":"2023-11-24T08:24:07+00:00","dateModified":"2024-02-02T07:59:06+00:00","breadcrumb":{"@id":"https:\/\/www.uwo-water.de\/produkt\/uwo-rewamatic-steuerung-fuer-uwo-regenwassermanager\/#breadcrumb"},"inLanguage":"en-GB","potentialAction":[{"@type":"ReadAction","target":["https:\/\/www.uwo-water.de\/produkt\/uwo-rewamatic-steuerung-fuer-uwo-regenwassermanager\/"]}]},{"@type":"BreadcrumbList","@id":"https:\/\/www.uwo-water.de\/produkt\/uwo-rewamatic-steuerung-fuer-uwo-regenwassermanager\/#breadcrumb","itemListElement":[{"@type":"ListItem","position":1,"name":"Startseite","item":"https:\/\/www.uwo-water.de\/"},{"@type":"ListItem","position":2,"name":"Shop","item":"https:\/\/www.uwo-water.de\/shop\/"},{"@type":"ListItem","position":3,"name":"UWO-Rewamatic-Steuerung-f\u00fcr-UWO-Regenwassermanager"}]},{"@type":"WebSite","@id":"https:\/\/www.uwo-water.de\/#website","url":"https:\/\/www.uwo-water.de\/","name":"Uwo Water GmbH","description":"Wassersysteme Regenwassernutzung Trennsysteme","potentialAction":[{"@type":"SearchAction","target":{"@type":"EntryPoint","urlTemplate":"https:\/\/www.uwo-water.de\/?s={search_term_string}"},"query-input":"required name=search_term_string"}],"inLanguage":"en-GB"}]}},"_links":{"self":[{"href":"https:\/\/www.uwo-water.de\/en\/wp-json\/wp\/v2\/product\/5718"}],"collection":[{"href":"https:\/\/www.uwo-water.de\/en\/wp-json\/wp\/v2\/product"}],"about":[{"href":"https:\/\/www.uwo-water.de\/en\/wp-json\/wp\/v2\/types\/product"}],"replies":[{"embeddable":true,"href":"https:\/\/www.uwo-water.de\/en\/wp-json\/wp\/v2\/comments?post=5718"}],"wp:featuredmedia":[{"embeddable":true,"href":"https:\/\/www.uwo-water.de\/en\/wp-json\/wp\/v2\/media\/5778"}],"wp:attachment":[{"href":"https:\/\/www.uwo-water.de\/en\/wp-json\/wp\/v2\/media?parent=5718"}],"wp:term":[{"taxonomy":"product_cat","embeddable":true,"href":"https:\/\/www.uwo-water.de\/en\/wp-json\/wp\/v2\/product_cat?post=5718"},{"taxonomy":"product_tag","embeddable":true,"href":"https:\/\/www.uwo-water.de\/en\/wp-json\/wp\/v2\/product_tag?post=5718"}],"curies":[{"name":"wp","href":"https:\/\/api.w.org\/{rel}","templated":true}]}}