{"id":5759,"date":"2024-01-29T11:21:35","date_gmt":"2024-01-29T10:21:35","guid":{"rendered":"https:\/\/www.uwo-water.de\/?post_type=product&#038;p=5759"},"modified":"2026-03-24T13:42:09","modified_gmt":"2026-03-24T12:42:09","slug":"ersatzpumpe-uwo-evo-3-50-verkabelt-fuer-uwo-matrix-evo-3-50-regenwasserversorgungsmanager","status":"publish","type":"product","link":"https:\/\/www.uwo-water.de\/en\/produkt\/ersatzpumpe-uwo-evo-3-50-verkabelt-fuer-uwo-matrix-evo-3-50-regenwasserversorgungsmanager\/","title":{"rendered":"Ersatzpumpe UWO-EVO 3\/50 verkabelt, f\u00fcr UWO-Matrix  EVO 3\/50 &#8220;Regenwasserversorgungsmanager&#8221;"},"content":{"rendered":"<p>UWO-EVO 3\/50 verkabelt f\u00fcr UWO-Matrix EVO 3\/50 &#8220;Regenwasserversorgungsmanager&#8221;<\/p>\n<p>Ersatzpumpe f\u00fcr UWO-Matrix 80\/60 und 3\/50<\/p>\n<p>Selbstansaugende, korrosionsfreie,<br \/>\nmehrstufige Kreiselpumpe, sehr ruhiger und<br \/>\nleiser Lauf. Verkabelt mit Anschlussverschraubung und Anschlusswinkel 1&#8243; AG. F\u00f6rderh\u00f6he max.: 57 m F\u00f6rdermenge max.: 6,6 m\u00b3\/h<\/p>\n","protected":false},"excerpt":{"rendered":"<p>Selbstansaugende, korrosionsfreie,<br \/>\nmehrstufige Kreiselpumpe, sehr ruhiger und<br \/>\nleiser Lauf. Verkabelt Anschl\u00fcsse: 2 x 1&#8243; IG<br \/>\nF\u00f6rderh\u00f6he max.:\u00a0\u00a0\u00a0 57 m<\/p>\n<p>F\u00f6rdermenge max.: 6,6 m\u00b3\/h<\/p>\n<p>&nbsp;<\/p>\n<p>&nbsp;<\/p>\n<p>&nbsp;<\/p>\n","protected":false},"featured_media":5761,"comment_status":"closed","ping_status":"closed","template":"","meta":{"_et_pb_use_builder":"","_et_pb_old_content":"","_et_gb_content_width":""},"product_cat":[83,81],"product_tag":[127,126,123,125,124,128,103],"yoast_head":"<!-- This site is optimized with the Yoast SEO plugin v19.14 - https:\/\/yoast.com\/wordpress\/plugins\/seo\/ -->\n<title>Ersatzpumpe UWO-EVO 3\/50 verkabelt, f\u00fcr UWO-Matrix EVO 3\/50 &quot;Regenwasserversorgungsmanager&quot; - Uwo Water GmbH<\/title>\n<meta name=\"robots\" content=\"index, follow, max-snippet:-1, max-image-preview:large, max-video-preview:-1\" \/>\n<link rel=\"canonical\" href=\"https:\/\/www.uwo-water.de\/produkt\/ersatzpumpe-uwo-evo-3-50-verkabelt-fuer-uwo-matrix-evo-3-50-regenwasserversorgungsmanager\/\" \/>\n<meta property=\"og:locale\" content=\"en_GB\" \/>\n<meta property=\"og:type\" content=\"article\" \/>\n<meta property=\"og:title\" content=\"Ersatzpumpe UWO-EVO 3\/50 verkabelt, f\u00fcr UWO-Matrix EVO 3\/50 &quot;Regenwasserversorgungsmanager&quot;\" \/>\n<meta property=\"og:description\" content=\"Selbstansaugende, korrosionsfreie, mehrstufige Kreiselpumpe, sehr ruhiger und leiser Lauf. Verkabelt Anschl\u00fcsse: 2 x 1&quot; IG F\u00f6rderh\u00f6he max.:\u00a0\u00a0\u00a0 57 m  F\u00f6rdermenge max.: 6,6 m\u00b3\/h  &nbsp;  &nbsp;  &nbsp;\" \/>\n<meta property=\"og:url\" content=\"https:\/\/www.uwo-water.de\/produkt\/ersatzpumpe-uwo-evo-3-50-verkabelt-fuer-uwo-matrix-evo-3-50-regenwasserversorgungsmanager\/\" \/>\n<meta property=\"og:site_name\" content=\"Uwo Water GmbH\" \/>\n<meta property=\"article:modified_time\" content=\"2026-03-24T12:42:09+00:00\" \/>\n<meta property=\"og:image\" content=\"https:\/\/www.uwo-water.de\/wp-content\/uploads\/2024\/01\/MULTIEVO-scaled.jpg\" \/>\n\t<meta property=\"og:image:width\" content=\"2560\" \/>\n\t<meta property=\"og:image:height\" content=\"2560\" \/>\n\t<meta property=\"og:image:type\" content=\"image\/jpeg\" \/>\n<meta name=\"twitter:card\" content=\"summary_large_image\" \/>\n<meta name=\"twitter:label1\" content=\"Estimated reading time\" \/>\n\t<meta name=\"twitter:data1\" content=\"1 minute\" \/>\n<script type=\"application\/ld+json\" class=\"yoast-schema-graph\">{\"@context\":\"https:\/\/schema.org\",\"@graph\":[{\"@type\":\"WebPage\",\"@id\":\"https:\/\/www.uwo-water.de\/produkt\/ersatzpumpe-uwo-evo-3-50-verkabelt-fuer-uwo-matrix-evo-3-50-regenwasserversorgungsmanager\/\",\"url\":\"https:\/\/www.uwo-water.de\/produkt\/ersatzpumpe-uwo-evo-3-50-verkabelt-fuer-uwo-matrix-evo-3-50-regenwasserversorgungsmanager\/\",\"name\":\"[:de]Ersatzpumpe UWO-EVO 3\/50 verkabelt, f\u00fcr UWO-Matrix EVO 3\/50 \\\"Regenwasserversorgungsmanager\\\"[:] - Uwo Water GmbH\",\"isPartOf\":{\"@id\":\"https:\/\/www.uwo-water.de\/#website\"},\"datePublished\":\"2024-01-29T10:21:35+00:00\",\"dateModified\":\"2026-03-24T12:42:09+00:00\",\"breadcrumb\":{\"@id\":\"https:\/\/www.uwo-water.de\/produkt\/ersatzpumpe-uwo-evo-3-50-verkabelt-fuer-uwo-matrix-evo-3-50-regenwasserversorgungsmanager\/#breadcrumb\"},\"inLanguage\":\"en-GB\",\"potentialAction\":[{\"@type\":\"ReadAction\",\"target\":[\"https:\/\/www.uwo-water.de\/produkt\/ersatzpumpe-uwo-evo-3-50-verkabelt-fuer-uwo-matrix-evo-3-50-regenwasserversorgungsmanager\/\"]}]},{\"@type\":\"BreadcrumbList\",\"@id\":\"https:\/\/www.uwo-water.de\/produkt\/ersatzpumpe-uwo-evo-3-50-verkabelt-fuer-uwo-matrix-evo-3-50-regenwasserversorgungsmanager\/#breadcrumb\",\"itemListElement\":[{\"@type\":\"ListItem\",\"position\":1,\"name\":\"Startseite\",\"item\":\"https:\/\/www.uwo-water.de\/\"},{\"@type\":\"ListItem\",\"position\":2,\"name\":\"Shop\",\"item\":\"https:\/\/www.uwo-water.de\/shop\/\"},{\"@type\":\"ListItem\",\"position\":3,\"name\":\"Ersatzpumpe UWO-EVO 3\/50 verkabelt, f\u00fcr UWO-Matrix EVO 3\/50 &#8220;Regenwasserversorgungsmanager&#8221;\"}]},{\"@type\":\"WebSite\",\"@id\":\"https:\/\/www.uwo-water.de\/#website\",\"url\":\"https:\/\/www.uwo-water.de\/\",\"name\":\"Uwo Water GmbH\",\"description\":\"Wassersysteme Regenwassernutzung Trennsysteme\",\"potentialAction\":[{\"@type\":\"SearchAction\",\"target\":{\"@type\":\"EntryPoint\",\"urlTemplate\":\"https:\/\/www.uwo-water.de\/?s={search_term_string}\"},\"query-input\":\"required name=search_term_string\"}],\"inLanguage\":\"en-GB\"}]}<\/script>\n<!-- \/ Yoast SEO plugin. -->","yoast_head_json":{"title":"Ersatzpumpe UWO-EVO 3\/50 verkabelt, f\u00fcr UWO-Matrix EVO 3\/50 \"Regenwasserversorgungsmanager\" - Uwo Water GmbH","robots":{"index":"index","follow":"follow","max-snippet":"max-snippet:-1","max-image-preview":"max-image-preview:large","max-video-preview":"max-video-preview:-1"},"canonical":"https:\/\/www.uwo-water.de\/produkt\/ersatzpumpe-uwo-evo-3-50-verkabelt-fuer-uwo-matrix-evo-3-50-regenwasserversorgungsmanager\/","og_locale":"en_GB","og_type":"article","og_title":"[:de]Ersatzpumpe UWO-EVO 3\/50 verkabelt, f\u00fcr UWO-Matrix EVO 3\/50 \"Regenwasserversorgungsmanager\"[:] - Uwo Water GmbH","og_description":"[:de]Selbstansaugende, korrosionsfreie, mehrstufige Kreiselpumpe, sehr ruhiger und leiser Lauf. Verkabelt Anschl\u00fcsse: 2 x 1\" IG F\u00f6rderh\u00f6he max.:\u00a0\u00a0\u00a0 57 m  F\u00f6rdermenge max.: 6,6 m\u00b3\/h  &nbsp;  &nbsp;  &nbsp;[:]","og_url":"https:\/\/www.uwo-water.de\/produkt\/ersatzpumpe-uwo-evo-3-50-verkabelt-fuer-uwo-matrix-evo-3-50-regenwasserversorgungsmanager\/","og_site_name":"Uwo Water GmbH","article_modified_time":"2026-03-24T12:42:09+00:00","og_image":[{"width":2560,"height":2560,"url":"https:\/\/www.uwo-water.de\/wp-content\/uploads\/2024\/01\/MULTIEVO-scaled.jpg","type":"image\/jpeg"}],"twitter_card":"summary_large_image","twitter_misc":{"Estimated reading time":"1 minute"},"schema":{"@context":"https:\/\/schema.org","@graph":[{"@type":"WebPage","@id":"https:\/\/www.uwo-water.de\/produkt\/ersatzpumpe-uwo-evo-3-50-verkabelt-fuer-uwo-matrix-evo-3-50-regenwasserversorgungsmanager\/","url":"https:\/\/www.uwo-water.de\/produkt\/ersatzpumpe-uwo-evo-3-50-verkabelt-fuer-uwo-matrix-evo-3-50-regenwasserversorgungsmanager\/","name":"[:de]Ersatzpumpe UWO-EVO 3\/50 verkabelt, f\u00fcr UWO-Matrix EVO 3\/50 \"Regenwasserversorgungsmanager\"[:] - Uwo Water GmbH","isPartOf":{"@id":"https:\/\/www.uwo-water.de\/#website"},"datePublished":"2024-01-29T10:21:35+00:00","dateModified":"2026-03-24T12:42:09+00:00","breadcrumb":{"@id":"https:\/\/www.uwo-water.de\/produkt\/ersatzpumpe-uwo-evo-3-50-verkabelt-fuer-uwo-matrix-evo-3-50-regenwasserversorgungsmanager\/#breadcrumb"},"inLanguage":"en-GB","potentialAction":[{"@type":"ReadAction","target":["https:\/\/www.uwo-water.de\/produkt\/ersatzpumpe-uwo-evo-3-50-verkabelt-fuer-uwo-matrix-evo-3-50-regenwasserversorgungsmanager\/"]}]},{"@type":"BreadcrumbList","@id":"https:\/\/www.uwo-water.de\/produkt\/ersatzpumpe-uwo-evo-3-50-verkabelt-fuer-uwo-matrix-evo-3-50-regenwasserversorgungsmanager\/#breadcrumb","itemListElement":[{"@type":"ListItem","position":1,"name":"Startseite","item":"https:\/\/www.uwo-water.de\/"},{"@type":"ListItem","position":2,"name":"Shop","item":"https:\/\/www.uwo-water.de\/shop\/"},{"@type":"ListItem","position":3,"name":"Ersatzpumpe UWO-EVO 3\/50 verkabelt, f\u00fcr UWO-Matrix EVO 3\/50 &#8220;Regenwasserversorgungsmanager&#8221;"}]},{"@type":"WebSite","@id":"https:\/\/www.uwo-water.de\/#website","url":"https:\/\/www.uwo-water.de\/","name":"Uwo Water GmbH","description":"Wassersysteme Regenwassernutzung Trennsysteme","potentialAction":[{"@type":"SearchAction","target":{"@type":"EntryPoint","urlTemplate":"https:\/\/www.uwo-water.de\/?s={search_term_string}"},"query-input":"required name=search_term_string"}],"inLanguage":"en-GB"}]}},"_links":{"self":[{"href":"https:\/\/www.uwo-water.de\/en\/wp-json\/wp\/v2\/product\/5759"}],"collection":[{"href":"https:\/\/www.uwo-water.de\/en\/wp-json\/wp\/v2\/product"}],"about":[{"href":"https:\/\/www.uwo-water.de\/en\/wp-json\/wp\/v2\/types\/product"}],"replies":[{"embeddable":true,"href":"https:\/\/www.uwo-water.de\/en\/wp-json\/wp\/v2\/comments?post=5759"}],"wp:featuredmedia":[{"embeddable":true,"href":"https:\/\/www.uwo-water.de\/en\/wp-json\/wp\/v2\/media\/5761"}],"wp:attachment":[{"href":"https:\/\/www.uwo-water.de\/en\/wp-json\/wp\/v2\/media?parent=5759"}],"wp:term":[{"taxonomy":"product_cat","embeddable":true,"href":"https:\/\/www.uwo-water.de\/en\/wp-json\/wp\/v2\/product_cat?post=5759"},{"taxonomy":"product_tag","embeddable":true,"href":"https:\/\/www.uwo-water.de\/en\/wp-json\/wp\/v2\/product_tag?post=5759"}],"curies":[{"name":"wp","href":"https:\/\/api.w.org\/{rel}","templated":true}]}}