{"id":5920,"date":"2024-05-11T19:34:06","date_gmt":"2024-05-11T17:34:06","guid":{"rendered":"https:\/\/www.uwo-water.de\/?post_type=product&#038;p=5920"},"modified":"2024-09-05T11:19:07","modified_gmt":"2024-09-05T09:19:07","slug":"wilo-hicontrol-druckwaechter-fuer-asp-uwo-regenwasseranlagen-combimat-230v-1-ag","status":"publish","type":"product","link":"https:\/\/www.uwo-water.de\/en\/produkt\/wilo-hicontrol-druckwaechter-fuer-asp-uwo-regenwasseranlagen-combimat-230v-1-ag\/","title":{"rendered":"HiControl 1, Druckw\u00e4chter f\u00fcr ASP\/UWO-Regenwasseranlagen-Combimat\/Poseidon, 230V, 1&#8243; AG"},"content":{"rendered":"<p>Die Baureihe Wilo-HiControl 1\u00a0 um einen automatischen Betrieb eines UWO-Water Regenwassermanager Combimat und Poseidon bis 2002 zu erm\u00f6glichen. Wilo-HiControl 1 sch\u00fctzt die Pumpe vor einem Betrieb mit niedrigem Volumenstrom. Dank Volumenstromsensor und Drucksensor, automatisiert Wilo-HiControl 1 die Pumpe zwischen zwei Werten, dem Einschaltdruck und dem Ausschaltvolumenstrom. Wenn der Druck im Netzwerk geringer als Einschaltdruck ist, startet Wilo-HiControl 1 die Pumpe. Die Pumpe arbeitet so lange bis der Volumenstrom unter den Wert des Ausschaltvolumenstroms f\u00e4llt.Der innenliegende, kleine Beh\u00e4lter verhindert Wasserschlag und Takten.<\/p>\n<h3><strong>Technische Daten<br \/>\n<\/strong><\/h3>\n<table border=\"1\" cellspacing=\"1\" cellpadding=\"1\">\n<tbody>\n<tr>\n<td>Netzanschluss<\/td>\n<td>1~230 V, 50\/60 Hz<\/td>\n<\/tr>\n<tr>\n<td>Min. Nennstrom I<\/td>\n<td>2 A<\/td>\n<\/tr>\n<tr>\n<td>Max. Nennstrom pro Pumpe I<\/td>\n<td>10 A<\/td>\n<\/tr>\n<tr>\n<td>Schutzart<\/td>\n<td>IP65<\/td>\n<\/tr>\n<tr>\n<td>Anschluss Eingang<\/td>\n<td>G 1<\/td>\n<\/tr>\n<tr>\n<td>Anschluss Ausgang<\/td>\n<td>G 1<\/td>\n<\/tr>\n<tr>\n<td>Nennspannung U<\/td>\n<td>220\/230\/240 V<\/td>\n<\/tr>\n<tr>\n<td>Netzfrequenz f<\/td>\n<td>50 Hz \/ 60 Hz<\/td>\n<\/tr>\n<tr>\n<td>Max. Medientemperatur<\/td>\n<td>50 \u00b0C<\/td>\n<\/tr>\n<tr>\n<td>Max. Umgebungstemperatur<\/td>\n<td>50 \u00b0C<\/td>\n<\/tr>\n<tr>\n<td>F\u00f6rdermenge max. Q<\/td>\n<td>8 m\u00b3\/h<\/td>\n<\/tr>\n<\/tbody>\n<\/table>\n<p>&nbsp;<\/p>\n","protected":false},"excerpt":{"rendered":"<h3><strong>Wilo Fluidcontrol\u00a0 \/ HiControl 1- Pumpensteuerung, G 1&#8243;, 230V<\/strong><\/h3>\n<p>Original Druckw\u00e4chter f\u00fcr UWO-Water Regenwassermanager f\u00fcr automatisches Ein- und Ausschalten der Pumpe.<\/p>\n","protected":false},"featured_media":4318,"comment_status":"open","ping_status":"closed","template":"","meta":{"_et_pb_use_builder":"off","_et_pb_old_content":"Original Druckw\u00e4chter f\u00fcr UWO-Water Regenwassermanager Matrix, ASP-RI, Kpress, Power Twin, Poseidon, Apollon.\r\n\r\nF\u00fcr automatisches Ein- und Ausschalten der Pumpe.\r\nEinschaltdruck: min. 1 bar, max. 3 bar, max. Druck: 10 bar,\r\n12 A, 230 V, max. 55\u00b0C, max. Menge: 80 l\/min, Aussengewinde: 1\u201c","_et_gb_content_width":""},"product_cat":[83,81],"product_tag":[96,133,97,179],"yoast_head":"<!-- This site is optimized with the Yoast SEO plugin v19.14 - https:\/\/yoast.com\/wordpress\/plugins\/seo\/ -->\n<title>HiControl 1, Druckw\u00e4chter f\u00fcr ASP\/UWO-Regenwasseranlagen-Combimat\/Poseidon, 230V, 1&quot; AG - Uwo Water GmbH<\/title>\n<meta name=\"robots\" content=\"index, follow, max-snippet:-1, max-image-preview:large, max-video-preview:-1\" \/>\n<link rel=\"canonical\" href=\"https:\/\/www.uwo-water.de\/produkt\/wilo-hicontrol-druckwaechter-fuer-asp-uwo-regenwasseranlagen-combimat-230v-1-ag\/\" \/>\n<meta property=\"og:locale\" content=\"en_GB\" \/>\n<meta property=\"og:type\" content=\"article\" \/>\n<meta property=\"og:title\" content=\"HiControl 1, Druckw\u00e4chter f\u00fcr ASP\/UWO-Regenwasseranlagen-Combimat\/Poseidon, 230V, 1&quot; AG\" \/>\n<meta property=\"og:description\" content=\"Wilo Fluidcontrol\u00a0 \/ HiControl 1- Pumpensteuerung, G 1&quot;, 230V Original Druckw\u00e4chter f\u00fcr UWO-Water Regenwassermanager f\u00fcr automatisches Ein- und Ausschalten der Pumpe.\" \/>\n<meta property=\"og:url\" content=\"https:\/\/www.uwo-water.de\/produkt\/wilo-hicontrol-druckwaechter-fuer-asp-uwo-regenwasseranlagen-combimat-230v-1-ag\/\" \/>\n<meta property=\"og:site_name\" content=\"Uwo Water GmbH\" \/>\n<meta property=\"article:modified_time\" content=\"2024-09-05T09:19:07+00:00\" \/>\n<meta property=\"og:image\" content=\"https:\/\/www.uwo-water.de\/wp-content\/uploads\/2019\/10\/Hi-Control.jpg\" \/>\n\t<meta property=\"og:image:width\" content=\"242\" \/>\n\t<meta property=\"og:image:height\" content=\"209\" \/>\n\t<meta property=\"og:image:type\" content=\"image\/jpeg\" \/>\n<meta name=\"twitter:card\" content=\"summary_large_image\" \/>\n<meta name=\"twitter:label1\" content=\"Estimated reading time\" \/>\n\t<meta name=\"twitter:data1\" content=\"1 minute\" \/>\n<script type=\"application\/ld+json\" class=\"yoast-schema-graph\">{\"@context\":\"https:\/\/schema.org\",\"@graph\":[{\"@type\":\"WebPage\",\"@id\":\"https:\/\/www.uwo-water.de\/produkt\/wilo-hicontrol-druckwaechter-fuer-asp-uwo-regenwasseranlagen-combimat-230v-1-ag\/\",\"url\":\"https:\/\/www.uwo-water.de\/produkt\/wilo-hicontrol-druckwaechter-fuer-asp-uwo-regenwasseranlagen-combimat-230v-1-ag\/\",\"name\":\"[:de]HiControl 1, Druckw\u00e4chter f\u00fcr ASP\/UWO-Regenwasseranlagen-Combimat\/Poseidon, 230V, 1\\\" AG[:] - Uwo Water GmbH\",\"isPartOf\":{\"@id\":\"https:\/\/www.uwo-water.de\/#website\"},\"datePublished\":\"2024-05-11T17:34:06+00:00\",\"dateModified\":\"2024-09-05T09:19:07+00:00\",\"breadcrumb\":{\"@id\":\"https:\/\/www.uwo-water.de\/produkt\/wilo-hicontrol-druckwaechter-fuer-asp-uwo-regenwasseranlagen-combimat-230v-1-ag\/#breadcrumb\"},\"inLanguage\":\"en-GB\",\"potentialAction\":[{\"@type\":\"ReadAction\",\"target\":[\"https:\/\/www.uwo-water.de\/produkt\/wilo-hicontrol-druckwaechter-fuer-asp-uwo-regenwasseranlagen-combimat-230v-1-ag\/\"]}]},{\"@type\":\"BreadcrumbList\",\"@id\":\"https:\/\/www.uwo-water.de\/produkt\/wilo-hicontrol-druckwaechter-fuer-asp-uwo-regenwasseranlagen-combimat-230v-1-ag\/#breadcrumb\",\"itemListElement\":[{\"@type\":\"ListItem\",\"position\":1,\"name\":\"Startseite\",\"item\":\"https:\/\/www.uwo-water.de\/\"},{\"@type\":\"ListItem\",\"position\":2,\"name\":\"Shop\",\"item\":\"https:\/\/www.uwo-water.de\/shop\/\"},{\"@type\":\"ListItem\",\"position\":3,\"name\":\"HiControl 1, Druckw\u00e4chter f\u00fcr ASP\/UWO-Regenwasseranlagen-Combimat\/Poseidon, 230V, 1&#8243; AG\"}]},{\"@type\":\"WebSite\",\"@id\":\"https:\/\/www.uwo-water.de\/#website\",\"url\":\"https:\/\/www.uwo-water.de\/\",\"name\":\"Uwo Water GmbH\",\"description\":\"Wassersysteme Regenwassernutzung Trennsysteme\",\"potentialAction\":[{\"@type\":\"SearchAction\",\"target\":{\"@type\":\"EntryPoint\",\"urlTemplate\":\"https:\/\/www.uwo-water.de\/?s={search_term_string}\"},\"query-input\":\"required name=search_term_string\"}],\"inLanguage\":\"en-GB\"}]}<\/script>\n<!-- \/ Yoast SEO plugin. -->","yoast_head_json":{"title":"HiControl 1, Druckw\u00e4chter f\u00fcr ASP\/UWO-Regenwasseranlagen-Combimat\/Poseidon, 230V, 1\" AG - Uwo Water GmbH","robots":{"index":"index","follow":"follow","max-snippet":"max-snippet:-1","max-image-preview":"max-image-preview:large","max-video-preview":"max-video-preview:-1"},"canonical":"https:\/\/www.uwo-water.de\/produkt\/wilo-hicontrol-druckwaechter-fuer-asp-uwo-regenwasseranlagen-combimat-230v-1-ag\/","og_locale":"en_GB","og_type":"article","og_title":"[:de]HiControl 1, Druckw\u00e4chter f\u00fcr ASP\/UWO-Regenwasseranlagen-Combimat\/Poseidon, 230V, 1\" AG[:] - Uwo Water GmbH","og_description":"[:de]Wilo Fluidcontrol\u00a0 \/ HiControl 1- Pumpensteuerung, G 1\", 230V Original Druckw\u00e4chter f\u00fcr UWO-Water Regenwassermanager f\u00fcr automatisches Ein- und Ausschalten der Pumpe.[:]","og_url":"https:\/\/www.uwo-water.de\/produkt\/wilo-hicontrol-druckwaechter-fuer-asp-uwo-regenwasseranlagen-combimat-230v-1-ag\/","og_site_name":"Uwo Water GmbH","article_modified_time":"2024-09-05T09:19:07+00:00","og_image":[{"width":242,"height":209,"url":"https:\/\/www.uwo-water.de\/wp-content\/uploads\/2019\/10\/Hi-Control.jpg","type":"image\/jpeg"}],"twitter_card":"summary_large_image","twitter_misc":{"Estimated reading time":"1 minute"},"schema":{"@context":"https:\/\/schema.org","@graph":[{"@type":"WebPage","@id":"https:\/\/www.uwo-water.de\/produkt\/wilo-hicontrol-druckwaechter-fuer-asp-uwo-regenwasseranlagen-combimat-230v-1-ag\/","url":"https:\/\/www.uwo-water.de\/produkt\/wilo-hicontrol-druckwaechter-fuer-asp-uwo-regenwasseranlagen-combimat-230v-1-ag\/","name":"[:de]HiControl 1, Druckw\u00e4chter f\u00fcr ASP\/UWO-Regenwasseranlagen-Combimat\/Poseidon, 230V, 1\" AG[:] - Uwo Water GmbH","isPartOf":{"@id":"https:\/\/www.uwo-water.de\/#website"},"datePublished":"2024-05-11T17:34:06+00:00","dateModified":"2024-09-05T09:19:07+00:00","breadcrumb":{"@id":"https:\/\/www.uwo-water.de\/produkt\/wilo-hicontrol-druckwaechter-fuer-asp-uwo-regenwasseranlagen-combimat-230v-1-ag\/#breadcrumb"},"inLanguage":"en-GB","potentialAction":[{"@type":"ReadAction","target":["https:\/\/www.uwo-water.de\/produkt\/wilo-hicontrol-druckwaechter-fuer-asp-uwo-regenwasseranlagen-combimat-230v-1-ag\/"]}]},{"@type":"BreadcrumbList","@id":"https:\/\/www.uwo-water.de\/produkt\/wilo-hicontrol-druckwaechter-fuer-asp-uwo-regenwasseranlagen-combimat-230v-1-ag\/#breadcrumb","itemListElement":[{"@type":"ListItem","position":1,"name":"Startseite","item":"https:\/\/www.uwo-water.de\/"},{"@type":"ListItem","position":2,"name":"Shop","item":"https:\/\/www.uwo-water.de\/shop\/"},{"@type":"ListItem","position":3,"name":"HiControl 1, Druckw\u00e4chter f\u00fcr ASP\/UWO-Regenwasseranlagen-Combimat\/Poseidon, 230V, 1&#8243; AG"}]},{"@type":"WebSite","@id":"https:\/\/www.uwo-water.de\/#website","url":"https:\/\/www.uwo-water.de\/","name":"Uwo Water GmbH","description":"Wassersysteme Regenwassernutzung Trennsysteme","potentialAction":[{"@type":"SearchAction","target":{"@type":"EntryPoint","urlTemplate":"https:\/\/www.uwo-water.de\/?s={search_term_string}"},"query-input":"required name=search_term_string"}],"inLanguage":"en-GB"}]}},"_links":{"self":[{"href":"https:\/\/www.uwo-water.de\/en\/wp-json\/wp\/v2\/product\/5920"}],"collection":[{"href":"https:\/\/www.uwo-water.de\/en\/wp-json\/wp\/v2\/product"}],"about":[{"href":"https:\/\/www.uwo-water.de\/en\/wp-json\/wp\/v2\/types\/product"}],"replies":[{"embeddable":true,"href":"https:\/\/www.uwo-water.de\/en\/wp-json\/wp\/v2\/comments?post=5920"}],"wp:featuredmedia":[{"embeddable":true,"href":"https:\/\/www.uwo-water.de\/en\/wp-json\/wp\/v2\/media\/4318"}],"wp:attachment":[{"href":"https:\/\/www.uwo-water.de\/en\/wp-json\/wp\/v2\/media?parent=5920"}],"wp:term":[{"taxonomy":"product_cat","embeddable":true,"href":"https:\/\/www.uwo-water.de\/en\/wp-json\/wp\/v2\/product_cat?post=5920"},{"taxonomy":"product_tag","embeddable":true,"href":"https:\/\/www.uwo-water.de\/en\/wp-json\/wp\/v2\/product_tag?post=5920"}],"curies":[{"name":"wp","href":"https:\/\/api.w.org\/{rel}","templated":true}]}}