{"id":5922,"date":"2024-05-11T21:31:07","date_gmt":"2024-05-11T19:31:07","guid":{"rendered":"https:\/\/www.uwo-water.de\/?post_type=product&#038;p=5922"},"modified":"2024-08-02T09:47:13","modified_gmt":"2024-08-02T07:47:13","slug":"nylon-wechselkartusche-simplex-duplex-triplex","status":"publish","type":"product","link":"https:\/\/www.uwo-water.de\/en\/produkt\/nylon-wechselkartusche-simplex-duplex-triplex\/","title":{"rendered":"Nylon Feinfilter, auswaschbar. Ersatzkartusche f\u00fcr UWO-Water Simplex, Duplex und Triplexfilter"},"content":{"rendered":"<h2>Eis\u00e4tze f\u00fcr 10 Zoll (ca. 2 Liter)<\/h2>\n<h2>1-3 Stufen-Wasserfilter\/Vorfilter-System<\/h2>\n<p>1. Filterstufe Nylon Feinfilter:<\/p>\n<ul>\n<li>auswaschbar<\/li>\n<li>robust<\/li>\n<li>\u00a050\u00b5<\/li>\n<\/ul>\n","protected":false},"excerpt":{"rendered":"<p>Anwendungsbereich: Ideal f\u00fcr den Innen- und Au\u00dfenbereich als Vorfilter (Schmutzfilter) f\u00fcr Pumpen, Gartenpumpen, Hauswasserwerke, Tiefbrunnenpumpen, Kreiselpumpen, Teiche und Swimmingpools, f\u00fcr die Wasserversorgung, k\u00fcnstliche Bachl\u00e4ufe, Hauswasserleitung und viele andere Anwendungen. Der hochwertige Vorfilter sch\u00fctzt Ihre Ger\u00e4te vor Besch\u00e4digungen durch Sand- und Schmutzpartikel \u2013 Optische Kontrolle durch das Geh\u00e4use aus schlagfestem Kunststoff.<\/p>\n","protected":false},"featured_media":5969,"comment_status":"open","ping_status":"closed","template":"","meta":{"_et_pb_use_builder":"","_et_pb_old_content":"","_et_gb_content_width":""},"product_cat":[83,142],"product_tag":[173,175,174,176],"yoast_head":"<!-- This site is optimized with the Yoast SEO plugin v19.14 - https:\/\/yoast.com\/wordpress\/plugins\/seo\/ -->\n<title>Nylon Feinfilter, auswaschbar. Ersatzkartusche f\u00fcr UWO-Water Simplex, Duplex und Triplexfilter - Uwo Water GmbH<\/title>\n<meta name=\"robots\" content=\"index, follow, max-snippet:-1, max-image-preview:large, max-video-preview:-1\" \/>\n<link rel=\"canonical\" href=\"https:\/\/www.uwo-water.de\/produkt\/nylon-wechselkartusche-simplex-duplex-triplex\/\" \/>\n<meta property=\"og:locale\" content=\"en_GB\" \/>\n<meta property=\"og:type\" content=\"article\" \/>\n<meta property=\"og:title\" content=\"Nylon Feinfilter, auswaschbar. Ersatzkartusche f\u00fcr UWO-Water Simplex, Duplex und Triplexfilter\" \/>\n<meta property=\"og:description\" content=\"Anwendungsbereich: Ideal f\u00fcr den Innen- und Au\u00dfenbereich als Vorfilter (Schmutzfilter) f\u00fcr Pumpen, Gartenpumpen, Hauswasserwerke, Tiefbrunnenpumpen, Kreiselpumpen, Teiche und Swimmingpools, f\u00fcr die Wasserversorgung, k\u00fcnstliche Bachl\u00e4ufe, Hauswasserleitung und viele andere Anwendungen. Der hochwertige Vorfilter sch\u00fctzt Ihre Ger\u00e4te vor Besch\u00e4digungen durch Sand- und Schmutzpartikel \u2013 Optische Kontrolle durch das Geh\u00e4use aus schlagfestem Kunststoff.\" \/>\n<meta property=\"og:url\" content=\"https:\/\/www.uwo-water.de\/produkt\/nylon-wechselkartusche-simplex-duplex-triplex\/\" \/>\n<meta property=\"og:site_name\" content=\"Uwo Water GmbH\" \/>\n<meta property=\"article:modified_time\" content=\"2024-08-02T07:47:13+00:00\" \/>\n<meta property=\"og:image\" content=\"https:\/\/www.uwo-water.de\/wp-content\/uploads\/2024\/08\/1010114-Nylon-Feinfilter--scaled.jpg\" \/>\n\t<meta property=\"og:image:width\" content=\"2560\" \/>\n\t<meta property=\"og:image:height\" content=\"1513\" \/>\n\t<meta property=\"og:image:type\" content=\"image\/jpeg\" \/>\n<meta name=\"twitter:card\" content=\"summary_large_image\" \/>\n<meta name=\"twitter:label1\" content=\"Estimated reading time\" \/>\n\t<meta name=\"twitter:data1\" content=\"1 minute\" \/>\n<script type=\"application\/ld+json\" class=\"yoast-schema-graph\">{\"@context\":\"https:\/\/schema.org\",\"@graph\":[{\"@type\":\"WebPage\",\"@id\":\"https:\/\/www.uwo-water.de\/produkt\/nylon-wechselkartusche-simplex-duplex-triplex\/\",\"url\":\"https:\/\/www.uwo-water.de\/produkt\/nylon-wechselkartusche-simplex-duplex-triplex\/\",\"name\":\"[:de]Nylon Feinfilter, auswaschbar. Ersatzkartusche f\u00fcr UWO-Water Simplex, Duplex und Triplexfilter[:] - Uwo Water GmbH\",\"isPartOf\":{\"@id\":\"https:\/\/www.uwo-water.de\/#website\"},\"datePublished\":\"2024-05-11T19:31:07+00:00\",\"dateModified\":\"2024-08-02T07:47:13+00:00\",\"breadcrumb\":{\"@id\":\"https:\/\/www.uwo-water.de\/produkt\/nylon-wechselkartusche-simplex-duplex-triplex\/#breadcrumb\"},\"inLanguage\":\"en-GB\",\"potentialAction\":[{\"@type\":\"ReadAction\",\"target\":[\"https:\/\/www.uwo-water.de\/produkt\/nylon-wechselkartusche-simplex-duplex-triplex\/\"]}]},{\"@type\":\"BreadcrumbList\",\"@id\":\"https:\/\/www.uwo-water.de\/produkt\/nylon-wechselkartusche-simplex-duplex-triplex\/#breadcrumb\",\"itemListElement\":[{\"@type\":\"ListItem\",\"position\":1,\"name\":\"Startseite\",\"item\":\"https:\/\/www.uwo-water.de\/\"},{\"@type\":\"ListItem\",\"position\":2,\"name\":\"Shop\",\"item\":\"https:\/\/www.uwo-water.de\/shop\/\"},{\"@type\":\"ListItem\",\"position\":3,\"name\":\"Nylon Feinfilter, auswaschbar. Ersatzkartusche f\u00fcr UWO-Water Simplex, Duplex und Triplexfilter\"}]},{\"@type\":\"WebSite\",\"@id\":\"https:\/\/www.uwo-water.de\/#website\",\"url\":\"https:\/\/www.uwo-water.de\/\",\"name\":\"Uwo Water GmbH\",\"description\":\"Wassersysteme Regenwassernutzung Trennsysteme\",\"potentialAction\":[{\"@type\":\"SearchAction\",\"target\":{\"@type\":\"EntryPoint\",\"urlTemplate\":\"https:\/\/www.uwo-water.de\/?s={search_term_string}\"},\"query-input\":\"required name=search_term_string\"}],\"inLanguage\":\"en-GB\"}]}<\/script>\n<!-- \/ Yoast SEO plugin. -->","yoast_head_json":{"title":"Nylon Feinfilter, auswaschbar. Ersatzkartusche f\u00fcr UWO-Water Simplex, Duplex und Triplexfilter - Uwo Water GmbH","robots":{"index":"index","follow":"follow","max-snippet":"max-snippet:-1","max-image-preview":"max-image-preview:large","max-video-preview":"max-video-preview:-1"},"canonical":"https:\/\/www.uwo-water.de\/produkt\/nylon-wechselkartusche-simplex-duplex-triplex\/","og_locale":"en_GB","og_type":"article","og_title":"[:de]Nylon Feinfilter, auswaschbar. Ersatzkartusche f\u00fcr UWO-Water Simplex, Duplex und Triplexfilter[:] - Uwo Water GmbH","og_description":"[:de]Anwendungsbereich: Ideal f\u00fcr den Innen- und Au\u00dfenbereich als Vorfilter (Schmutzfilter) f\u00fcr Pumpen, Gartenpumpen, Hauswasserwerke, Tiefbrunnenpumpen, Kreiselpumpen, Teiche und Swimmingpools, f\u00fcr die Wasserversorgung, k\u00fcnstliche Bachl\u00e4ufe, Hauswasserleitung und viele andere Anwendungen. Der hochwertige Vorfilter sch\u00fctzt Ihre Ger\u00e4te vor Besch\u00e4digungen durch Sand- und Schmutzpartikel \u2013 Optische Kontrolle durch das Geh\u00e4use aus schlagfestem Kunststoff.[:]","og_url":"https:\/\/www.uwo-water.de\/produkt\/nylon-wechselkartusche-simplex-duplex-triplex\/","og_site_name":"Uwo Water GmbH","article_modified_time":"2024-08-02T07:47:13+00:00","og_image":[{"width":2560,"height":1513,"url":"https:\/\/www.uwo-water.de\/wp-content\/uploads\/2024\/08\/1010114-Nylon-Feinfilter--scaled.jpg","type":"image\/jpeg"}],"twitter_card":"summary_large_image","twitter_misc":{"Estimated reading time":"1 minute"},"schema":{"@context":"https:\/\/schema.org","@graph":[{"@type":"WebPage","@id":"https:\/\/www.uwo-water.de\/produkt\/nylon-wechselkartusche-simplex-duplex-triplex\/","url":"https:\/\/www.uwo-water.de\/produkt\/nylon-wechselkartusche-simplex-duplex-triplex\/","name":"[:de]Nylon Feinfilter, auswaschbar. Ersatzkartusche f\u00fcr UWO-Water Simplex, Duplex und Triplexfilter[:] - Uwo Water GmbH","isPartOf":{"@id":"https:\/\/www.uwo-water.de\/#website"},"datePublished":"2024-05-11T19:31:07+00:00","dateModified":"2024-08-02T07:47:13+00:00","breadcrumb":{"@id":"https:\/\/www.uwo-water.de\/produkt\/nylon-wechselkartusche-simplex-duplex-triplex\/#breadcrumb"},"inLanguage":"en-GB","potentialAction":[{"@type":"ReadAction","target":["https:\/\/www.uwo-water.de\/produkt\/nylon-wechselkartusche-simplex-duplex-triplex\/"]}]},{"@type":"BreadcrumbList","@id":"https:\/\/www.uwo-water.de\/produkt\/nylon-wechselkartusche-simplex-duplex-triplex\/#breadcrumb","itemListElement":[{"@type":"ListItem","position":1,"name":"Startseite","item":"https:\/\/www.uwo-water.de\/"},{"@type":"ListItem","position":2,"name":"Shop","item":"https:\/\/www.uwo-water.de\/shop\/"},{"@type":"ListItem","position":3,"name":"Nylon Feinfilter, auswaschbar. Ersatzkartusche f\u00fcr UWO-Water Simplex, Duplex und Triplexfilter"}]},{"@type":"WebSite","@id":"https:\/\/www.uwo-water.de\/#website","url":"https:\/\/www.uwo-water.de\/","name":"Uwo Water GmbH","description":"Wassersysteme Regenwassernutzung Trennsysteme","potentialAction":[{"@type":"SearchAction","target":{"@type":"EntryPoint","urlTemplate":"https:\/\/www.uwo-water.de\/?s={search_term_string}"},"query-input":"required name=search_term_string"}],"inLanguage":"en-GB"}]}},"_links":{"self":[{"href":"https:\/\/www.uwo-water.de\/en\/wp-json\/wp\/v2\/product\/5922"}],"collection":[{"href":"https:\/\/www.uwo-water.de\/en\/wp-json\/wp\/v2\/product"}],"about":[{"href":"https:\/\/www.uwo-water.de\/en\/wp-json\/wp\/v2\/types\/product"}],"replies":[{"embeddable":true,"href":"https:\/\/www.uwo-water.de\/en\/wp-json\/wp\/v2\/comments?post=5922"}],"wp:featuredmedia":[{"embeddable":true,"href":"https:\/\/www.uwo-water.de\/en\/wp-json\/wp\/v2\/media\/5969"}],"wp:attachment":[{"href":"https:\/\/www.uwo-water.de\/en\/wp-json\/wp\/v2\/media?parent=5922"}],"wp:term":[{"taxonomy":"product_cat","embeddable":true,"href":"https:\/\/www.uwo-water.de\/en\/wp-json\/wp\/v2\/product_cat?post=5922"},{"taxonomy":"product_tag","embeddable":true,"href":"https:\/\/www.uwo-water.de\/en\/wp-json\/wp\/v2\/product_tag?post=5922"}],"curies":[{"name":"wp","href":"https:\/\/api.w.org\/{rel}","templated":true}]}}