{"id":5979,"date":"2024-08-16T13:17:23","date_gmt":"2024-08-16T11:17:23","guid":{"rendered":"https:\/\/www.uwo-water.de\/?post_type=product&#038;p=5979"},"modified":"2026-03-26T09:09:44","modified_gmt":"2026-03-26T08:09:44","slug":"uwo-sensor-rueckstausensor-uwo-regenwassemanager","status":"publish","type":"product","link":"https:\/\/www.uwo-water.de\/en\/produkt\/uwo-sensor-rueckstausensor-uwo-regenwassemanager\/","title":{"rendered":"UWO-RSW Zisternensensor f\u00fcr UWO-Regenwassermanager ohne digitale F\u00fcllstandsanzeige"},"content":{"rendered":"<h2>UWO-RSW 20M.<\/h2>\n<h4>F\u00fcllstandssensor, erkennt Wassermangel in der Zisterne und schaltet auf Trinkwassernachspeisung.<\/h4>\n<h4>R\u00fcckstausensor, erkennt eine \u00dcberflutung der Zisterne und schaltetauf Trinkwassernachspeisung.<\/h4>\n<p>F\u00fcllstandssensor und\/oder R\u00fcckstauw\u00e4chter mit<br \/>\nakustischem Warnton und automatischer<br \/>\nUmschaltung auf Nachspeisung, um eine<br \/>\nVerschmutzung der Leitungen zu verhindern<\/p>\n<p>Optional: 40 Meter Sensor<\/p>\n<p>&nbsp;<\/p>\n","protected":false},"excerpt":{"rendered":"<h4>UWO-RSW<\/h4>\n<p>Sensor und R\u00fcckstauw\u00e4chter mit<br \/>\nakustischem Warnton und automatischer<br \/>\nUmschaltung auf Nachspeisung, um eine<br \/>\nVerschmutzung der Leitungen zu verhindern.<\/p>\n","protected":false},"featured_media":5995,"comment_status":"closed","ping_status":"closed","template":"","meta":{"_et_pb_use_builder":"","_et_pb_old_content":"","_et_gb_content_width":""},"product_cat":[83],"product_tag":[136,178],"yoast_head":"<!-- This site is optimized with the Yoast SEO plugin v19.14 - https:\/\/yoast.com\/wordpress\/plugins\/seo\/ -->\n<title>UWO-RSW Zisternensensor f\u00fcr UWO-Regenwassermanager ohne digitale F\u00fcllstandsanzeige - Uwo Water GmbH<\/title>\n<meta name=\"robots\" content=\"index, follow, max-snippet:-1, max-image-preview:large, max-video-preview:-1\" \/>\n<link rel=\"canonical\" href=\"https:\/\/www.uwo-water.de\/produkt\/uwo-sensor-rueckstausensor-uwo-regenwassemanager\/\" \/>\n<meta property=\"og:locale\" content=\"en_GB\" \/>\n<meta property=\"og:type\" content=\"article\" \/>\n<meta property=\"og:title\" content=\"UWO-RSW Zisternensensor f\u00fcr UWO-Regenwassermanager ohne digitale F\u00fcllstandsanzeige\" \/>\n<meta property=\"og:description\" content=\"UWO-RSW Sensor und R\u00fcckstauw\u00e4chter mit akustischem Warnton und automatischer Umschaltung auf Nachspeisung, um eine Verschmutzung der Leitungen zu verhindern.\" \/>\n<meta property=\"og:url\" content=\"https:\/\/www.uwo-water.de\/produkt\/uwo-sensor-rueckstausensor-uwo-regenwassemanager\/\" \/>\n<meta property=\"og:site_name\" content=\"Uwo Water GmbH\" \/>\n<meta property=\"article:modified_time\" content=\"2026-03-26T08:09:44+00:00\" \/>\n<meta property=\"og:image\" content=\"https:\/\/www.uwo-water.de\/wp-content\/uploads\/2024\/08\/Sensor-II.jpg\" \/>\n\t<meta property=\"og:image:width\" content=\"2263\" \/>\n\t<meta property=\"og:image:height\" content=\"1939\" \/>\n\t<meta property=\"og:image:type\" content=\"image\/jpeg\" \/>\n<meta name=\"twitter:card\" content=\"summary_large_image\" \/>\n<meta name=\"twitter:label1\" content=\"Estimated reading time\" \/>\n\t<meta name=\"twitter:data1\" content=\"1 minute\" \/>\n<script type=\"application\/ld+json\" class=\"yoast-schema-graph\">{\"@context\":\"https:\/\/schema.org\",\"@graph\":[{\"@type\":\"WebPage\",\"@id\":\"https:\/\/www.uwo-water.de\/produkt\/uwo-sensor-rueckstausensor-uwo-regenwassemanager\/\",\"url\":\"https:\/\/www.uwo-water.de\/produkt\/uwo-sensor-rueckstausensor-uwo-regenwassemanager\/\",\"name\":\"[:de]UWO-RSW Zisternensensor f\u00fcr UWO-Regenwassermanager ohne digitale F\u00fcllstandsanzeige[:] - Uwo Water GmbH\",\"isPartOf\":{\"@id\":\"https:\/\/www.uwo-water.de\/#website\"},\"datePublished\":\"2024-08-16T11:17:23+00:00\",\"dateModified\":\"2026-03-26T08:09:44+00:00\",\"breadcrumb\":{\"@id\":\"https:\/\/www.uwo-water.de\/produkt\/uwo-sensor-rueckstausensor-uwo-regenwassemanager\/#breadcrumb\"},\"inLanguage\":\"en-GB\",\"potentialAction\":[{\"@type\":\"ReadAction\",\"target\":[\"https:\/\/www.uwo-water.de\/produkt\/uwo-sensor-rueckstausensor-uwo-regenwassemanager\/\"]}]},{\"@type\":\"BreadcrumbList\",\"@id\":\"https:\/\/www.uwo-water.de\/produkt\/uwo-sensor-rueckstausensor-uwo-regenwassemanager\/#breadcrumb\",\"itemListElement\":[{\"@type\":\"ListItem\",\"position\":1,\"name\":\"Startseite\",\"item\":\"https:\/\/www.uwo-water.de\/\"},{\"@type\":\"ListItem\",\"position\":2,\"name\":\"Shop\",\"item\":\"https:\/\/www.uwo-water.de\/shop\/\"},{\"@type\":\"ListItem\",\"position\":3,\"name\":\"UWO-RSW Zisternensensor f\u00fcr UWO-Regenwassermanager ohne digitale F\u00fcllstandsanzeige\"}]},{\"@type\":\"WebSite\",\"@id\":\"https:\/\/www.uwo-water.de\/#website\",\"url\":\"https:\/\/www.uwo-water.de\/\",\"name\":\"Uwo Water GmbH\",\"description\":\"Wassersysteme Regenwassernutzung Trennsysteme\",\"potentialAction\":[{\"@type\":\"SearchAction\",\"target\":{\"@type\":\"EntryPoint\",\"urlTemplate\":\"https:\/\/www.uwo-water.de\/?s={search_term_string}\"},\"query-input\":\"required name=search_term_string\"}],\"inLanguage\":\"en-GB\"}]}<\/script>\n<!-- \/ Yoast SEO plugin. -->","yoast_head_json":{"title":"UWO-RSW Zisternensensor f\u00fcr UWO-Regenwassermanager ohne digitale F\u00fcllstandsanzeige - Uwo Water GmbH","robots":{"index":"index","follow":"follow","max-snippet":"max-snippet:-1","max-image-preview":"max-image-preview:large","max-video-preview":"max-video-preview:-1"},"canonical":"https:\/\/www.uwo-water.de\/produkt\/uwo-sensor-rueckstausensor-uwo-regenwassemanager\/","og_locale":"en_GB","og_type":"article","og_title":"[:de]UWO-RSW Zisternensensor f\u00fcr UWO-Regenwassermanager ohne digitale F\u00fcllstandsanzeige[:] - Uwo Water GmbH","og_description":"[:de]UWO-RSW Sensor und R\u00fcckstauw\u00e4chter mit akustischem Warnton und automatischer Umschaltung auf Nachspeisung, um eine Verschmutzung der Leitungen zu verhindern.[:]","og_url":"https:\/\/www.uwo-water.de\/produkt\/uwo-sensor-rueckstausensor-uwo-regenwassemanager\/","og_site_name":"Uwo Water GmbH","article_modified_time":"2026-03-26T08:09:44+00:00","og_image":[{"width":2263,"height":1939,"url":"https:\/\/www.uwo-water.de\/wp-content\/uploads\/2024\/08\/Sensor-II.jpg","type":"image\/jpeg"}],"twitter_card":"summary_large_image","twitter_misc":{"Estimated reading time":"1 minute"},"schema":{"@context":"https:\/\/schema.org","@graph":[{"@type":"WebPage","@id":"https:\/\/www.uwo-water.de\/produkt\/uwo-sensor-rueckstausensor-uwo-regenwassemanager\/","url":"https:\/\/www.uwo-water.de\/produkt\/uwo-sensor-rueckstausensor-uwo-regenwassemanager\/","name":"[:de]UWO-RSW Zisternensensor f\u00fcr UWO-Regenwassermanager ohne digitale F\u00fcllstandsanzeige[:] - Uwo Water GmbH","isPartOf":{"@id":"https:\/\/www.uwo-water.de\/#website"},"datePublished":"2024-08-16T11:17:23+00:00","dateModified":"2026-03-26T08:09:44+00:00","breadcrumb":{"@id":"https:\/\/www.uwo-water.de\/produkt\/uwo-sensor-rueckstausensor-uwo-regenwassemanager\/#breadcrumb"},"inLanguage":"en-GB","potentialAction":[{"@type":"ReadAction","target":["https:\/\/www.uwo-water.de\/produkt\/uwo-sensor-rueckstausensor-uwo-regenwassemanager\/"]}]},{"@type":"BreadcrumbList","@id":"https:\/\/www.uwo-water.de\/produkt\/uwo-sensor-rueckstausensor-uwo-regenwassemanager\/#breadcrumb","itemListElement":[{"@type":"ListItem","position":1,"name":"Startseite","item":"https:\/\/www.uwo-water.de\/"},{"@type":"ListItem","position":2,"name":"Shop","item":"https:\/\/www.uwo-water.de\/shop\/"},{"@type":"ListItem","position":3,"name":"UWO-RSW Zisternensensor f\u00fcr UWO-Regenwassermanager ohne digitale F\u00fcllstandsanzeige"}]},{"@type":"WebSite","@id":"https:\/\/www.uwo-water.de\/#website","url":"https:\/\/www.uwo-water.de\/","name":"Uwo Water GmbH","description":"Wassersysteme Regenwassernutzung Trennsysteme","potentialAction":[{"@type":"SearchAction","target":{"@type":"EntryPoint","urlTemplate":"https:\/\/www.uwo-water.de\/?s={search_term_string}"},"query-input":"required name=search_term_string"}],"inLanguage":"en-GB"}]}},"_links":{"self":[{"href":"https:\/\/www.uwo-water.de\/en\/wp-json\/wp\/v2\/product\/5979"}],"collection":[{"href":"https:\/\/www.uwo-water.de\/en\/wp-json\/wp\/v2\/product"}],"about":[{"href":"https:\/\/www.uwo-water.de\/en\/wp-json\/wp\/v2\/types\/product"}],"replies":[{"embeddable":true,"href":"https:\/\/www.uwo-water.de\/en\/wp-json\/wp\/v2\/comments?post=5979"}],"wp:featuredmedia":[{"embeddable":true,"href":"https:\/\/www.uwo-water.de\/en\/wp-json\/wp\/v2\/media\/5995"}],"wp:attachment":[{"href":"https:\/\/www.uwo-water.de\/en\/wp-json\/wp\/v2\/media?parent=5979"}],"wp:term":[{"taxonomy":"product_cat","embeddable":true,"href":"https:\/\/www.uwo-water.de\/en\/wp-json\/wp\/v2\/product_cat?post=5979"},{"taxonomy":"product_tag","embeddable":true,"href":"https:\/\/www.uwo-water.de\/en\/wp-json\/wp\/v2\/product_tag?post=5979"}],"curies":[{"name":"wp","href":"https:\/\/api.w.org\/{rel}","templated":true}]}}