{"id":6366,"date":"2026-01-09T09:35:11","date_gmt":"2026-01-09T08:35:11","guid":{"rendered":"https:\/\/www.uwo-water.de\/en\/?post_type=product&#038;p=6366"},"modified":"2026-01-19T19:58:38","modified_gmt":"2026-01-19T18:58:38","slug":"sos-tauchpumpe-uwo-rp-sos-flachabsaugend","status":"publish","type":"product","link":"https:\/\/www.uwo-water.de\/en\/produkt\/sos-tauchpumpe-uwo-rp-sos-flachabsaugend\/","title":{"rendered":"RP SOS PUMP"},"content":{"rendered":"<p>Mit der RP SOS PUMP kann bis auf 2 mm Restwasserstand wischtrocken abgesaugt werden.<\/p>\n<p><img decoding=\"async\" loading=\"lazy\" class=\"alignnone wp-image-6361\" src=\"https:\/\/www.uwo-water.de\/wp-content\/uploads\/2026\/01\/2024_USP-leaflet_DE-1-995x1024.jpeg\" alt=\"\" width=\"320\" height=\"329\" \/><\/p>\n<p>Aufgrund des Bel\u00fcftungsventils kann der Absaugvorgang bereits bei einer<br \/>\nWasserh\u00f6he von 5 mm beginnen. Wenn der Absaugvorgang beendet wurde, schaltet<br \/>\ndie Pumpe in der Standardausf\u00fchrung ohne Schwimmerschalter nicht automatisch ab.<\/p>\n","protected":false},"excerpt":{"rendered":"<p>Im Lieferumfang ist ein 3-stufiger Multidimensionsanschluss f\u00fcr das 1-Zoll-Innengewindeanschluss<br \/>\nder Pumpe enthalten. Dieser erm\u00f6glicht den Anschluss von 13-19- oder 25-mm-Schl\u00e4uche.<\/p>\n<p>F\u00f6rdermenge 5 m\u00b3\/h, max. 7m\u00b3\/h. 290 Watt, IPX 8,<\/p>\n<p>&nbsp;<\/p>\n","protected":false},"featured_media":6362,"comment_status":"closed","ping_status":"closed","template":"","meta":{"_et_pb_use_builder":"","_et_pb_old_content":"","_et_gb_content_width":""},"product_cat":[83,149,62],"product_tag":[127,126,123,125,124,128,103],"yoast_head":"<!-- This site is optimized with the Yoast SEO plugin v19.14 - https:\/\/yoast.com\/wordpress\/plugins\/seo\/ -->\n<title>RP SOS PUMP - Uwo Water GmbH<\/title>\n<meta name=\"robots\" content=\"index, follow, max-snippet:-1, max-image-preview:large, max-video-preview:-1\" \/>\n<link rel=\"canonical\" href=\"https:\/\/www.uwo-water.de\/en\/produkt\/sos-tauchpumpe-uwo-rp-sos-flachabsaugend\/\" \/>\n<meta property=\"og:locale\" content=\"en_GB\" \/>\n<meta property=\"og:type\" content=\"article\" \/>\n<meta property=\"og:title\" content=\"RP SOS PUMP\" \/>\n<meta property=\"og:description\" content=\"Im Lieferumfang ist ein 3-stufiger Multidimensionsanschluss f\u00fcr das 1-Zoll-Innengewindeanschluss der Pumpe enthalten. Dieser erm\u00f6glicht den Anschluss von 13-19- oder 25-mm-Schl\u00e4uche.  F\u00f6rdermenge 5 m\u00b3\/h, max. 7m\u00b3\/h. 290 Watt, IPX 8,  &nbsp;\" \/>\n<meta property=\"og:url\" content=\"https:\/\/www.uwo-water.de\/en\/produkt\/sos-tauchpumpe-uwo-rp-sos-flachabsaugend\/\" \/>\n<meta property=\"og:site_name\" content=\"Uwo Water GmbH\" \/>\n<meta property=\"article:modified_time\" content=\"2026-01-19T18:58:38+00:00\" \/>\n<meta property=\"og:image\" content=\"https:\/\/www.uwo-water.de\/wp-content\/uploads\/2026\/01\/RP-SOS-PUMP_V1.jpg\" \/>\n\t<meta property=\"og:image:width\" content=\"1200\" \/>\n\t<meta property=\"og:image:height\" content=\"1600\" \/>\n\t<meta property=\"og:image:type\" content=\"image\/jpeg\" \/>\n<meta name=\"twitter:card\" content=\"summary_large_image\" \/>\n<meta name=\"twitter:label1\" content=\"Estimated reading time\" \/>\n\t<meta name=\"twitter:data1\" content=\"1 minute\" \/>\n<script type=\"application\/ld+json\" class=\"yoast-schema-graph\">{\"@context\":\"https:\/\/schema.org\",\"@graph\":[{\"@type\":\"WebPage\",\"@id\":\"https:\/\/www.uwo-water.de\/en\/produkt\/sos-tauchpumpe-uwo-rp-sos-flachabsaugend\/\",\"url\":\"https:\/\/www.uwo-water.de\/en\/produkt\/sos-tauchpumpe-uwo-rp-sos-flachabsaugend\/\",\"name\":\"[:en]RP SOS PUMP[:de]sos-tauchpumpe-uwo-rp-sos-flachabsaugend[:] - Uwo Water GmbH\",\"isPartOf\":{\"@id\":\"https:\/\/www.uwo-water.de\/#website\"},\"datePublished\":\"2026-01-09T08:35:11+00:00\",\"dateModified\":\"2026-01-19T18:58:38+00:00\",\"breadcrumb\":{\"@id\":\"https:\/\/www.uwo-water.de\/en\/produkt\/sos-tauchpumpe-uwo-rp-sos-flachabsaugend\/#breadcrumb\"},\"inLanguage\":\"en-GB\",\"potentialAction\":[{\"@type\":\"ReadAction\",\"target\":[\"https:\/\/www.uwo-water.de\/en\/produkt\/sos-tauchpumpe-uwo-rp-sos-flachabsaugend\/\"]}]},{\"@type\":\"BreadcrumbList\",\"@id\":\"https:\/\/www.uwo-water.de\/en\/produkt\/sos-tauchpumpe-uwo-rp-sos-flachabsaugend\/#breadcrumb\",\"itemListElement\":[{\"@type\":\"ListItem\",\"position\":1,\"name\":\"Startseite\",\"item\":\"https:\/\/www.uwo-water.de\/\"},{\"@type\":\"ListItem\",\"position\":2,\"name\":\"Shop\",\"item\":\"https:\/\/www.uwo-water.de\/shop\/\"},{\"@type\":\"ListItem\",\"position\":3,\"name\":\"RP SOS PUMP\"}]},{\"@type\":\"WebSite\",\"@id\":\"https:\/\/www.uwo-water.de\/#website\",\"url\":\"https:\/\/www.uwo-water.de\/\",\"name\":\"Uwo Water GmbH\",\"description\":\"Wassersysteme Regenwassernutzung Trennsysteme\",\"potentialAction\":[{\"@type\":\"SearchAction\",\"target\":{\"@type\":\"EntryPoint\",\"urlTemplate\":\"https:\/\/www.uwo-water.de\/?s={search_term_string}\"},\"query-input\":\"required name=search_term_string\"}],\"inLanguage\":\"en-GB\"}]}<\/script>\n<!-- \/ Yoast SEO plugin. -->","yoast_head_json":{"title":"RP SOS PUMP - Uwo Water GmbH","robots":{"index":"index","follow":"follow","max-snippet":"max-snippet:-1","max-image-preview":"max-image-preview:large","max-video-preview":"max-video-preview:-1"},"canonical":"https:\/\/www.uwo-water.de\/en\/produkt\/sos-tauchpumpe-uwo-rp-sos-flachabsaugend\/","og_locale":"en_GB","og_type":"article","og_title":"[:en]RP SOS PUMP[:de]sos-tauchpumpe-uwo-rp-sos-flachabsaugend[:] - Uwo Water GmbH","og_description":"[:en]Im Lieferumfang ist ein 3-stufiger Multidimensionsanschluss f\u00fcr das 1-Zoll-Innengewindeanschluss der Pumpe enthalten. Dieser erm\u00f6glicht den Anschluss von 13-19- oder 25-mm-Schl\u00e4uche.  F\u00f6rdermenge 5 m\u00b3\/h, max. 7m\u00b3\/h. 290 Watt, IPX 8,  &nbsp;[:de]Im Lieferumfang ist ein 3-stufiger Multidimensionsanschluss f\u00fcr das 1-Zoll-Innengewindeanschluss der Pumpe enthalten. Dieser erm\u00f6glicht den Anschluss von 13-19- oder 25-mm-Schl\u00e4uche.  F\u00f6rdermenge 5 m\u00b3\/h, max. 7m\u00b3\/h. 290 Watt, IPX 8,  &nbsp;  F\u00f6rdermenge max.: 4,8 m\u00b3\/h  &nbsp;  &nbsp;  &nbsp;[:]","og_url":"https:\/\/www.uwo-water.de\/en\/produkt\/sos-tauchpumpe-uwo-rp-sos-flachabsaugend\/","og_site_name":"Uwo Water GmbH","article_modified_time":"2026-01-19T18:58:38+00:00","og_image":[{"width":1200,"height":1600,"url":"https:\/\/www.uwo-water.de\/wp-content\/uploads\/2026\/01\/RP-SOS-PUMP_V1.jpg","type":"image\/jpeg"}],"twitter_card":"summary_large_image","twitter_misc":{"Estimated reading time":"1 minute"},"schema":{"@context":"https:\/\/schema.org","@graph":[{"@type":"WebPage","@id":"https:\/\/www.uwo-water.de\/en\/produkt\/sos-tauchpumpe-uwo-rp-sos-flachabsaugend\/","url":"https:\/\/www.uwo-water.de\/en\/produkt\/sos-tauchpumpe-uwo-rp-sos-flachabsaugend\/","name":"[:en]RP SOS PUMP[:de]sos-tauchpumpe-uwo-rp-sos-flachabsaugend[:] - Uwo Water GmbH","isPartOf":{"@id":"https:\/\/www.uwo-water.de\/#website"},"datePublished":"2026-01-09T08:35:11+00:00","dateModified":"2026-01-19T18:58:38+00:00","breadcrumb":{"@id":"https:\/\/www.uwo-water.de\/en\/produkt\/sos-tauchpumpe-uwo-rp-sos-flachabsaugend\/#breadcrumb"},"inLanguage":"en-GB","potentialAction":[{"@type":"ReadAction","target":["https:\/\/www.uwo-water.de\/en\/produkt\/sos-tauchpumpe-uwo-rp-sos-flachabsaugend\/"]}]},{"@type":"BreadcrumbList","@id":"https:\/\/www.uwo-water.de\/en\/produkt\/sos-tauchpumpe-uwo-rp-sos-flachabsaugend\/#breadcrumb","itemListElement":[{"@type":"ListItem","position":1,"name":"Startseite","item":"https:\/\/www.uwo-water.de\/"},{"@type":"ListItem","position":2,"name":"Shop","item":"https:\/\/www.uwo-water.de\/shop\/"},{"@type":"ListItem","position":3,"name":"RP SOS PUMP"}]},{"@type":"WebSite","@id":"https:\/\/www.uwo-water.de\/#website","url":"https:\/\/www.uwo-water.de\/","name":"Uwo Water GmbH","description":"Wassersysteme Regenwassernutzung Trennsysteme","potentialAction":[{"@type":"SearchAction","target":{"@type":"EntryPoint","urlTemplate":"https:\/\/www.uwo-water.de\/?s={search_term_string}"},"query-input":"required name=search_term_string"}],"inLanguage":"en-GB"}]}},"_links":{"self":[{"href":"https:\/\/www.uwo-water.de\/en\/wp-json\/wp\/v2\/product\/6366"}],"collection":[{"href":"https:\/\/www.uwo-water.de\/en\/wp-json\/wp\/v2\/product"}],"about":[{"href":"https:\/\/www.uwo-water.de\/en\/wp-json\/wp\/v2\/types\/product"}],"replies":[{"embeddable":true,"href":"https:\/\/www.uwo-water.de\/en\/wp-json\/wp\/v2\/comments?post=6366"}],"wp:featuredmedia":[{"embeddable":true,"href":"https:\/\/www.uwo-water.de\/en\/wp-json\/wp\/v2\/media\/6362"}],"wp:attachment":[{"href":"https:\/\/www.uwo-water.de\/en\/wp-json\/wp\/v2\/media?parent=6366"}],"wp:term":[{"taxonomy":"product_cat","embeddable":true,"href":"https:\/\/www.uwo-water.de\/en\/wp-json\/wp\/v2\/product_cat?post=6366"},{"taxonomy":"product_tag","embeddable":true,"href":"https:\/\/www.uwo-water.de\/en\/wp-json\/wp\/v2\/product_tag?post=6366"}],"curies":[{"name":"wp","href":"https:\/\/api.w.org\/{rel}","templated":true}]}}